{"id":298,"date":"2021-07-02T14:34:01","date_gmt":"2021-07-02T12:34:01","guid":{"rendered":"https:\/\/patrimoine-avesnois.fr\/fontaines\/?page_id=298"},"modified":"2022-01-15T10:16:31","modified_gmt":"2022-01-15T09:16:31","slug":"landrecies-la-fontaine-de-la-clef","status":"publish","type":"page","link":"https:\/\/patrimoine-avesnois.fr\/fontaines\/landrecies-la-fontaine-de-la-clef\/","title":{"rendered":"Landrecies : la fontaine de la clef et les anciens abreuvoirs du Rosembois, des Espagnols, des Etoquies et du Faubourg de France"},"content":{"rendered":"\n<div class=\"wp-block-image\"><figure class=\"aligncenter\"><img decoding=\"async\" src=\"https:\/\/i1.wp.com\/patrimoine-avesnois.fr\/chemin\/wp-content\/uploads\/2021\/06\/image-121.png?w=840\" alt=\"\" class=\"wp-image-13837\"\/><figcaption>pompe rue des deux clefs Cadastre Landrecies 1932 ADN P 31 \/ 727 <a href=\"https:\/\/archivesdepartementales.lenord.fr\/ark:\/33518\/cg1br34lm8tq\/634b354a-dddd-442a-b609-55ceae11bd37\" target=\"_blank\" rel=\"noreferrer noopener\">Vue 17\/43<\/a><\/figcaption><\/figure><\/div>\n\n\n\n<div class=\"wp-block-image\"><figure class=\"aligncenter size-full is-resized\"><img data-recalc-dims=\"1\" loading=\"lazy\" decoding=\"async\" src=\"https:\/\/i0.wp.com\/patrimoine-avesnois.fr\/fontaines\/wp-content\/uploads\/2022\/01\/image-7.png?resize=767%2C488&#038;ssl=1\" alt=\"\" class=\"wp-image-1608\" width=\"767\" height=\"488\" srcset=\"https:\/\/i0.wp.com\/patrimoine-avesnois.fr\/fontaines\/wp-content\/uploads\/2022\/01\/image-7.png?w=896&amp;ssl=1 896w, https:\/\/i0.wp.com\/patrimoine-avesnois.fr\/fontaines\/wp-content\/uploads\/2022\/01\/image-7.png?resize=300%2C191&amp;ssl=1 300w, https:\/\/i0.wp.com\/patrimoine-avesnois.fr\/fontaines\/wp-content\/uploads\/2022\/01\/image-7.png?resize=768%2C489&amp;ssl=1 768w\" sizes=\"auto, (max-width: 767px) 85vw, 767px\" \/><\/figure><\/div>\n\n\n\n<div class=\"wp-block-image\"><figure class=\"aligncenter size-full is-resized\"><img data-recalc-dims=\"1\" loading=\"lazy\" decoding=\"async\" src=\"https:\/\/i0.wp.com\/patrimoine-avesnois.fr\/fontaines\/wp-content\/uploads\/2022\/01\/image-10.png?resize=767%2C516&#038;ssl=1\" alt=\"\" class=\"wp-image-1616\" width=\"767\" height=\"516\" srcset=\"https:\/\/i0.wp.com\/patrimoine-avesnois.fr\/fontaines\/wp-content\/uploads\/2022\/01\/image-10.png?w=961&amp;ssl=1 961w, https:\/\/i0.wp.com\/patrimoine-avesnois.fr\/fontaines\/wp-content\/uploads\/2022\/01\/image-10.png?resize=300%2C202&amp;ssl=1 300w, https:\/\/i0.wp.com\/patrimoine-avesnois.fr\/fontaines\/wp-content\/uploads\/2022\/01\/image-10.png?resize=768%2C518&amp;ssl=1 768w\" sizes=\"auto, (max-width: 767px) 85vw, 767px\" \/><\/figure><\/div>\n\n\n\n<div class=\"wp-block-image\"><figure class=\"aligncenter size-full is-resized\"><img data-recalc-dims=\"1\" loading=\"lazy\" decoding=\"async\" src=\"https:\/\/i0.wp.com\/patrimoine-avesnois.fr\/fontaines\/wp-content\/uploads\/2021\/07\/la-fontaine-de-la-clef-LANDRECIES.webp?resize=767%2C624&#038;ssl=1\" alt=\"\" class=\"wp-image-868\" width=\"767\" height=\"624\"\/><figcaption>Fontaine \u00e0 Landrecies <a rel=\"noreferrer noopener\" href=\"https:\/\/www.google.fr\/maps\/@50.1246217,3.6913494,3a,37.5y,230.42h,78.51t\/data=!3m6!1e1!3m4!1sCN4kIJ7ksf0y5JaExXmitg!2e0!7i13312!8i6656\" target=\"_blank\">Rue de la clef<\/a> Photo 2013<\/figcaption><\/figure><\/div>\n\n\n\n<p>La fontaine \u00e9tait d\u00e9j\u00e0 active au d\u00e9but du XX e si\u00e8cle.<\/p>\n\n\n\n<p class=\"has-text-align-center\">***<\/p>\n\n\n\n<p>L&rsquo;abreuvoir du Rosembois :<\/p>\n\n\n\n<div class=\"wp-block-image\"><figure class=\"aligncenter size-full\"><img data-recalc-dims=\"1\" loading=\"lazy\" decoding=\"async\" width=\"713\" height=\"535\" src=\"https:\/\/i0.wp.com\/patrimoine-avesnois.fr\/fontaines\/wp-content\/uploads\/2022\/01\/Abreuvoir-du-Rosembois.jpg?resize=713%2C535&#038;ssl=1\" alt=\"\" class=\"wp-image-1585\" srcset=\"https:\/\/i0.wp.com\/patrimoine-avesnois.fr\/fontaines\/wp-content\/uploads\/2022\/01\/Abreuvoir-du-Rosembois.jpg?w=713&amp;ssl=1 713w, https:\/\/i0.wp.com\/patrimoine-avesnois.fr\/fontaines\/wp-content\/uploads\/2022\/01\/Abreuvoir-du-Rosembois.jpg?resize=300%2C225&amp;ssl=1 300w\" sizes=\"auto, (max-width: 713px) 85vw, 713px\" \/><figcaption>Abreuvoir Cadastre Landrecies 1932 P 31 \/ 627 <a href=\"https:\/\/archivesdepartementales.lenord.fr\/ark:\/33518\/cg1br34lm8tq\/79a2ecc1-dc99-491a-9e92-f9434191a1da\" data-type=\"URL\" data-id=\"https:\/\/archivesdepartementales.lenord.fr\/ark:\/33518\/cg1br34lm8tq\/79a2ecc1-dc99-491a-9e92-f9434191a1da\" target=\"_blank\" rel=\"noreferrer noopener\">Vue 29\/43<\/a><\/figcaption><\/figure><\/div>\n\n\n\n<div class=\"wp-block-image\"><figure class=\"aligncenter size-full is-resized\"><img data-recalc-dims=\"1\" loading=\"lazy\" decoding=\"async\" src=\"https:\/\/i0.wp.com\/patrimoine-avesnois.fr\/fontaines\/wp-content\/uploads\/2022\/01\/Capture-2.jpg?resize=713%2C536&#038;ssl=1\" alt=\"\" class=\"wp-image-1586\" width=\"713\" height=\"536\" srcset=\"https:\/\/i0.wp.com\/patrimoine-avesnois.fr\/fontaines\/wp-content\/uploads\/2022\/01\/Capture-2.jpg?w=920&amp;ssl=1 920w, https:\/\/i0.wp.com\/patrimoine-avesnois.fr\/fontaines\/wp-content\/uploads\/2022\/01\/Capture-2.jpg?resize=300%2C225&amp;ssl=1 300w, https:\/\/i0.wp.com\/patrimoine-avesnois.fr\/fontaines\/wp-content\/uploads\/2022\/01\/Capture-2.jpg?resize=768%2C576&amp;ssl=1 768w\" sizes=\"auto, (max-width: 713px) 85vw, 713px\" \/><figcaption>Emplacement de l&rsquo;ancien abreuvoir Chemin du Rosembois Photo<a href=\"https:\/\/www.google.fr\/maps\/@50.1342976,3.6796409,3a,37.5y,315.59h,84.22t\/data=!3m6!1e1!3m4!1sCQsnGYh2_yZ23lF1hsZ-Cw!2e0!7i16384!8i8192\" data-type=\"URL\" data-id=\"https:\/\/www.google.fr\/maps\/@50.1342976,3.6796409,3a,37.5y,315.59h,84.22t\/data=!3m6!1e1!3m4!1sCQsnGYh2_yZ23lF1hsZ-Cw!2e0!7i16384!8i8192\" target=\"_blank\" rel=\"noreferrer noopener\"> Google 2021<\/a><\/figcaption><\/figure><\/div>\n\n\n\n<p class=\"has-text-align-center\">***<\/p>\n\n\n\n<p>L&rsquo;abreuvoir des Espagnols<\/p>\n\n\n\n<div class=\"wp-block-image\"><figure class=\"aligncenter size-full\"><img data-recalc-dims=\"1\" loading=\"lazy\" decoding=\"async\" width=\"703\" height=\"527\" src=\"https:\/\/i0.wp.com\/patrimoine-avesnois.fr\/fontaines\/wp-content\/uploads\/2022\/01\/Abreuvoir-des-Espagnols.jpg?resize=703%2C527&#038;ssl=1\" alt=\"\" class=\"wp-image-1587\" srcset=\"https:\/\/i0.wp.com\/patrimoine-avesnois.fr\/fontaines\/wp-content\/uploads\/2022\/01\/Abreuvoir-des-Espagnols.jpg?w=703&amp;ssl=1 703w, https:\/\/i0.wp.com\/patrimoine-avesnois.fr\/fontaines\/wp-content\/uploads\/2022\/01\/Abreuvoir-des-Espagnols.jpg?resize=300%2C225&amp;ssl=1 300w\" sizes=\"auto, (max-width: 703px) 85vw, 703px\" \/><figcaption>Abreuvoir Faubourg Soy\u00e8res  Cadastre Landrecies 1932 P 31 \/ 627  <a href=\"https:\/\/archivesdepartementales.lenord.fr\/ark:\/33518\/cg1br34lm8tq\/ae2590f2-8992-4d8d-928b-7d8747c74d45\" data-type=\"URL\" data-id=\"https:\/\/archivesdepartementales.lenord.fr\/ark:\/33518\/cg1br34lm8tq\/ae2590f2-8992-4d8d-928b-7d8747c74d45\" target=\"_blank\" rel=\"noreferrer noopener\">Vue 30\/43<\/a><\/figcaption><\/figure><\/div>\n\n\n\n<div class=\"wp-block-image\"><figure class=\"aligncenter is-resized\"><img data-recalc-dims=\"1\" loading=\"lazy\" decoding=\"async\" src=\"https:\/\/i0.wp.com\/www.delcampe.net\/static\/img_large\/auction\/001\/138\/862\/173_001.jpg?resize=703%2C452&#038;ssl=1\" alt=\"\" width=\"703\" height=\"452\"\/><figcaption>L&rsquo;abreuvoir des Espagnols Fg du Quesnoy ou Fg Soy\u00e8res<\/figcaption><\/figure><\/div>\n\n\n\n<div class=\"wp-block-image\"><figure class=\"aligncenter size-full is-resized\"><img data-recalc-dims=\"1\" loading=\"lazy\" decoding=\"async\" src=\"https:\/\/i0.wp.com\/patrimoine-avesnois.fr\/fontaines\/wp-content\/uploads\/2022\/01\/image-8.png?resize=703%2C482&#038;ssl=1\" alt=\"\" class=\"wp-image-1611\" width=\"703\" height=\"482\" srcset=\"https:\/\/i0.wp.com\/patrimoine-avesnois.fr\/fontaines\/wp-content\/uploads\/2022\/01\/image-8.png?w=978&amp;ssl=1 978w, https:\/\/i0.wp.com\/patrimoine-avesnois.fr\/fontaines\/wp-content\/uploads\/2022\/01\/image-8.png?resize=300%2C206&amp;ssl=1 300w, https:\/\/i0.wp.com\/patrimoine-avesnois.fr\/fontaines\/wp-content\/uploads\/2022\/01\/image-8.png?resize=768%2C527&amp;ssl=1 768w\" sizes=\"auto, (max-width: 703px) 85vw, 703px\" \/><figcaption>L&rsquo;abreuvoir avait d\u00e9j\u00e0 fait place \u00e0 un Abribus dans les ann\u00e9es 1960<\/figcaption><\/figure><\/div>\n\n\n\n<div class=\"wp-block-image\"><figure class=\"aligncenter size-full is-resized\"><img data-recalc-dims=\"1\" loading=\"lazy\" decoding=\"async\" src=\"https:\/\/i0.wp.com\/patrimoine-avesnois.fr\/fontaines\/wp-content\/uploads\/2022\/01\/Capture-3.jpg?resize=703%2C525&#038;ssl=1\" alt=\"\" class=\"wp-image-1588\" width=\"703\" height=\"525\" srcset=\"https:\/\/i0.wp.com\/patrimoine-avesnois.fr\/fontaines\/wp-content\/uploads\/2022\/01\/Capture-3.jpg?w=775&amp;ssl=1 775w, https:\/\/i0.wp.com\/patrimoine-avesnois.fr\/fontaines\/wp-content\/uploads\/2022\/01\/Capture-3.jpg?resize=300%2C225&amp;ssl=1 300w, https:\/\/i0.wp.com\/patrimoine-avesnois.fr\/fontaines\/wp-content\/uploads\/2022\/01\/Capture-3.jpg?resize=768%2C575&amp;ssl=1 768w\" sizes=\"auto, (max-width: 703px) 85vw, 703px\" \/><figcaption> Emplacement de l&rsquo;ancien abreuvoir des Espagnols Rond-Point Fg de Soy\u00e8res Rte de Fontaine <br>Photo <a rel=\"noreferrer noopener\" href=\"https:\/\/www.google.fr\/maps\/@50.1298281,3.6830371,3a,75y,308.6h,83.4t\/data=!3m6!1e1!3m4!1s9uK-ZLy8gp19QDDaoDOnmQ!2e0!7i16384!8i8192\" data-type=\"URL\" data-id=\"https:\/\/www.google.fr\/maps\/@50.1298281,3.6830371,3a,75y,308.6h,83.4t\/data=!3m6!1e1!3m4!1s9uK-ZLy8gp19QDDaoDOnmQ!2e0!7i16384!8i8192\" target=\"_blank\">Google 2021<\/a><\/figcaption><\/figure><\/div>\n\n\n\n<p>C&rsquo;est au Faubourg Soy\u00e8res, au lieu-dit \u00ab\u00a0L&rsquo;Abreuvoir des Espagnols\u00a0\u00bb, que des tessons de poterie du Moyen-\u00c2ge  furent d\u00e9couverts lorsque la Soci\u00e9t\u00e9 des C\u00e9ramiques de Maubeuge fit b\u00e2tir une maison en 1966. <\/p>\n\n\n\n<p class=\"has-text-align-center\">***<\/p>\n\n\n\n<p>L&rsquo;abreuvoir des Etoquies<\/p>\n\n\n\n<div class=\"wp-block-image\"><figure class=\"aligncenter size-full is-resized\"><img data-recalc-dims=\"1\" loading=\"lazy\" decoding=\"async\" src=\"https:\/\/i0.wp.com\/patrimoine-avesnois.fr\/fontaines\/wp-content\/uploads\/2022\/01\/Abreuvoir-Dame-Mgte.jpg?resize=713%2C533&#038;ssl=1\" alt=\"\" class=\"wp-image-1589\" width=\"713\" height=\"533\" srcset=\"https:\/\/i0.wp.com\/patrimoine-avesnois.fr\/fontaines\/wp-content\/uploads\/2022\/01\/Abreuvoir-Dame-Mgte.jpg?w=611&amp;ssl=1 611w, https:\/\/i0.wp.com\/patrimoine-avesnois.fr\/fontaines\/wp-content\/uploads\/2022\/01\/Abreuvoir-Dame-Mgte.jpg?resize=300%2C225&amp;ssl=1 300w\" sizes=\"auto, (max-width: 713px) 85vw, 713px\" \/><figcaption>L&rsquo;abreuvoir des Etoquies   Cadastre Landrecies 1932 P 31 \/ 627 <a href=\"https:\/\/archivesdepartementales.lenord.fr\/ark:\/33518\/cg1br34lm8tq\/16e83275-3533-4bea-b7c5-e1ef7826f0a3\" data-type=\"URL\" data-id=\"https:\/\/archivesdepartementales.lenord.fr\/ark:\/33518\/cg1br34lm8tq\/16e83275-3533-4bea-b7c5-e1ef7826f0a3\" target=\"_blank\" rel=\"noreferrer noopener\">Vue 20\/43<\/a><\/figcaption><\/figure><\/div>\n\n\n\n<div class=\"wp-block-image\"><figure class=\"aligncenter size-full is-resized\"><img data-recalc-dims=\"1\" loading=\"lazy\" decoding=\"async\" src=\"https:\/\/i0.wp.com\/patrimoine-avesnois.fr\/fontaines\/wp-content\/uploads\/2022\/01\/Capture-4.jpg?resize=713%2C534&#038;ssl=1\" alt=\"\" class=\"wp-image-1590\" width=\"713\" height=\"534\" srcset=\"https:\/\/i0.wp.com\/patrimoine-avesnois.fr\/fontaines\/wp-content\/uploads\/2022\/01\/Capture-4.jpg?w=859&amp;ssl=1 859w, https:\/\/i0.wp.com\/patrimoine-avesnois.fr\/fontaines\/wp-content\/uploads\/2022\/01\/Capture-4.jpg?resize=300%2C225&amp;ssl=1 300w, https:\/\/i0.wp.com\/patrimoine-avesnois.fr\/fontaines\/wp-content\/uploads\/2022\/01\/Capture-4.jpg?resize=768%2C576&amp;ssl=1 768w\" sizes=\"auto, (max-width: 713px) 85vw, 713px\" \/><figcaption>Emplacement de l&rsquo;ancien abreuvoir Chemin Dame Marguerite X Rue des Etoquies Photo <a href=\"https:\/\/www.google.fr\/maps\/@50.1373231,3.7042033,3a,90y,224.03h,67.29t\/data=!3m6!1e1!3m4!1s0Uc0b7utyykIeJAjx7ZBGA!2e0!7i13312!8i6656\" data-type=\"URL\" data-id=\"https:\/\/www.google.fr\/maps\/@50.1373231,3.7042033,3a,90y,224.03h,67.29t\/data=!3m6!1e1!3m4!1s0Uc0b7utyykIeJAjx7ZBGA!2e0!7i13312!8i6656\" target=\"_blank\" rel=\"noreferrer noopener\">Google 2021<\/a><\/figcaption><\/figure><\/div>\n\n\n\n<p class=\"has-text-align-center\">***<\/p>\n\n\n\n<p>L&rsquo;abreuvoir Faubourg de France<\/p>\n\n\n\n<div class=\"wp-block-image\"><figure class=\"aligncenter size-full is-resized\"><img data-recalc-dims=\"1\" loading=\"lazy\" decoding=\"async\" src=\"https:\/\/i0.wp.com\/patrimoine-avesnois.fr\/fontaines\/wp-content\/uploads\/2022\/01\/Abreuvoir-Fg-de-France.jpg?resize=713%2C535&#038;ssl=1\" alt=\"\" class=\"wp-image-1591\" width=\"713\" height=\"535\" srcset=\"https:\/\/i0.wp.com\/patrimoine-avesnois.fr\/fontaines\/wp-content\/uploads\/2022\/01\/Abreuvoir-Fg-de-France.jpg?w=602&amp;ssl=1 602w, https:\/\/i0.wp.com\/patrimoine-avesnois.fr\/fontaines\/wp-content\/uploads\/2022\/01\/Abreuvoir-Fg-de-France.jpg?resize=300%2C225&amp;ssl=1 300w\" sizes=\"auto, (max-width: 713px) 85vw, 713px\" \/><figcaption> L&rsquo;abreuvoir du Faubourg de France Cadastre Landrecies 1932 P 31 \/ 627 <a rel=\"noreferrer noopener\" href=\"https:\/\/archivesdepartementales.lenord.fr\/ark:\/33518\/cg1br34lm8tq\/6653654c-0045-404b-a3e5-5a50913f3901\" data-type=\"URL\" data-id=\"https:\/\/archivesdepartementales.lenord.fr\/ark:\/33518\/cg1br34lm8tq\/6653654c-0045-404b-a3e5-5a50913f3901\" target=\"_blank\">Vue 19\/43<\/a> et <a href=\"https:\/\/archivesdepartementales.lenord.fr\/ark:\/33518\/cg1br34lm8tq\/60b884b2-5d53-4a34-a755-97d1f472cb91\" data-type=\"URL\" data-id=\"https:\/\/archivesdepartementales.lenord.fr\/ark:\/33518\/cg1br34lm8tq\/60b884b2-5d53-4a34-a755-97d1f472cb91\" target=\"_blank\" rel=\"noreferrer noopener\">Vue 24\/43<\/a><\/figcaption><\/figure><\/div>\n\n\n\n<div class=\"wp-block-image\"><figure class=\"aligncenter size-full is-resized\"><img data-recalc-dims=\"1\" loading=\"lazy\" decoding=\"async\" src=\"https:\/\/i0.wp.com\/patrimoine-avesnois.fr\/fontaines\/wp-content\/uploads\/2022\/01\/Capture-5.jpg?resize=713%2C534&#038;ssl=1\" alt=\"\" class=\"wp-image-1592\" width=\"713\" height=\"534\" srcset=\"https:\/\/i0.wp.com\/patrimoine-avesnois.fr\/fontaines\/wp-content\/uploads\/2022\/01\/Capture-5.jpg?w=900&amp;ssl=1 900w, https:\/\/i0.wp.com\/patrimoine-avesnois.fr\/fontaines\/wp-content\/uploads\/2022\/01\/Capture-5.jpg?resize=300%2C225&amp;ssl=1 300w, https:\/\/i0.wp.com\/patrimoine-avesnois.fr\/fontaines\/wp-content\/uploads\/2022\/01\/Capture-5.jpg?resize=768%2C576&amp;ssl=1 768w\" sizes=\"auto, (max-width: 713px) 85vw, 713px\" \/><figcaption>Emplacement de l&rsquo;ancien abreuvoir du Faubourg de France D 959 X Chemin de la Bouflette Photo <a href=\"https:\/\/www.google.fr\/maps\/@50.1185597,3.7057865,3a,75y,49.78h,77.53t\/data=!3m6!1e1!3m4!1sm24mD3A_exww7xSim_1IqQ!2e0!7i16384!8i8192\" data-type=\"URL\" data-id=\"https:\/\/www.google.fr\/maps\/@50.1185597,3.7057865,3a,75y,49.78h,77.53t\/data=!3m6!1e1!3m4!1sm24mD3A_exww7xSim_1IqQ!2e0!7i16384!8i8192\" target=\"_blank\" rel=\"noreferrer noopener\">Google 2019<\/a><\/figcaption><\/figure><\/div>\n\n\n\n<p>Tous ces abreuvoirs \u00e0 l&rsquo;exception de celui des Etoquies figuraient d\u00e9j\u00e0 sur le cadastre de la ville de 1831. Ils ont tous disparu apr\u00e8s la seconde Guerre mondiale, le dernier en date \u00e9tant celui du Faubourg de France.<\/p>\n","protected":false},"excerpt":{"rendered":"<p>La fontaine \u00e9tait d\u00e9j\u00e0 active au d\u00e9but du XX e si\u00e8cle. *** L&rsquo;abreuvoir du Rosembois : *** L&rsquo;abreuvoir des Espagnols C&rsquo;est au Faubourg Soy\u00e8res, au lieu-dit \u00ab\u00a0L&rsquo;Abreuvoir des Espagnols\u00a0\u00bb, que des tessons de poterie du Moyen-\u00c2ge furent d\u00e9couverts lorsque la Soci\u00e9t\u00e9 des C\u00e9ramiques de Maubeuge fit b\u00e2tir une maison en 1966. *** L&rsquo;abreuvoir des Etoquies &hellip; <a href=\"https:\/\/patrimoine-avesnois.fr\/fontaines\/landrecies-la-fontaine-de-la-clef\/\" class=\"more-link\">Continuer la lecture<span class=\"screen-reader-text\"> de &laquo;&nbsp;Landrecies : la fontaine de la clef et les anciens abreuvoirs du Rosembois, des Espagnols, des Etoquies et du Faubourg de France&nbsp;&raquo;<\/span><\/a><\/p>\n","protected":false},"author":2,"featured_media":0,"parent":0,"menu_order":0,"comment_status":"closed","ping_status":"closed","template":"","meta":{"footnotes":""},"class_list":["post-298","page","type-page","status-publish","hentry"],"jetpack_sharing_enabled":true,"_links":{"self":[{"href":"https:\/\/patrimoine-avesnois.fr\/fontaines\/wp-json\/wp\/v2\/pages\/298","targetHints":{"allow":["GET"]}}],"collection":[{"href":"https:\/\/patrimoine-avesnois.fr\/fontaines\/wp-json\/wp\/v2\/pages"}],"about":[{"href":"https:\/\/patrimoine-avesnois.fr\/fontaines\/wp-json\/wp\/v2\/types\/page"}],"author":[{"embeddable":true,"href":"https:\/\/patrimoine-avesnois.fr\/fontaines\/wp-json\/wp\/v2\/users\/2"}],"replies":[{"embeddable":true,"href":"https:\/\/patrimoine-avesnois.fr\/fontaines\/wp-json\/wp\/v2\/comments?post=298"}],"version-history":[{"count":17,"href":"https:\/\/patrimoine-avesnois.fr\/fontaines\/wp-json\/wp\/v2\/pages\/298\/revisions"}],"predecessor-version":[{"id":1619,"href":"https:\/\/patrimoine-avesnois.fr\/fontaines\/wp-json\/wp\/v2\/pages\/298\/revisions\/1619"}],"wp:attachment":[{"href":"https:\/\/patrimoine-avesnois.fr\/fontaines\/wp-json\/wp\/v2\/media?parent=298"}],"curies":[{"name":"wp","href":"https:\/\/api.w.org\/{rel}","templated":true}]}}