{"id":30,"date":"2021-07-01T16:57:09","date_gmt":"2021-07-01T14:57:09","guid":{"rendered":"https:\/\/patrimoine-avesnois.fr\/fontaines\/?page_id=30"},"modified":"2021-07-25T10:59:02","modified_gmt":"2021-07-25T08:59:02","slug":"assevent-et-sa-fontaine-seche","status":"publish","type":"page","link":"https:\/\/patrimoine-avesnois.fr\/fontaines\/assevent-et-sa-fontaine-seche\/","title":{"rendered":"Assevent et sa fontaine s\u00e8che"},"content":{"rendered":"\n<div class=\"wp-block-image\"><figure class=\"aligncenter size-full is-resized\"><img data-recalc-dims=\"1\" loading=\"lazy\" decoding=\"async\" src=\"https:\/\/i0.wp.com\/patrimoine-avesnois.fr\/fontaines\/wp-content\/uploads\/2021\/07\/La-Fontaine-seche-ASSEVENT.jpg?resize=716%2C529&#038;ssl=1\" alt=\"\" class=\"wp-image-634\" width=\"716\" height=\"529\" srcset=\"https:\/\/i0.wp.com\/patrimoine-avesnois.fr\/fontaines\/wp-content\/uploads\/2021\/07\/La-Fontaine-seche-ASSEVENT.jpg?w=556&amp;ssl=1 556w, https:\/\/i0.wp.com\/patrimoine-avesnois.fr\/fontaines\/wp-content\/uploads\/2021\/07\/La-Fontaine-seche-ASSEVENT.jpg?resize=300%2C222&amp;ssl=1 300w\" sizes=\"auto, (max-width: 716px) 85vw, 716px\" \/><figcaption>La Fontaine s\u00e8che agr\u00e9ment\u00e9e de ses jets d\u2019eau \u00e0 Assevent <a rel=\"noreferrer noopener\" href=\"https:\/\/www.google.com\/maps\/@50.2886005,4.0176457,3a,50.3y,141.09h,81.36t\/data=!3m6!1e1!3m4!1sstu5HeIbH9e5WBgj5DEF3g!2e0!7i16384!8i8192?hl=fr\" target=\"_blank\">Route de Boussois<\/a><\/figcaption><\/figure><\/div>\n\n\n\n<p>L\u2019aspect esth\u00e9tique de cette fontaine est obtenu par l\u2019animation des jets d\u2019eau. Le syst\u00e8me fonctionne en circuit ferm\u00e9 : l\u2019eau ne stagnant pas est aussit\u00f4t redistribu\u00e9e dans le syst\u00e8me\u2009.<\/p>\n","protected":false},"excerpt":{"rendered":"<p>L\u2019aspect esth\u00e9tique de cette fontaine est obtenu par l\u2019animation des jets d\u2019eau. Le syst\u00e8me fonctionne en circuit ferm\u00e9 : l\u2019eau ne stagnant pas est aussit\u00f4t redistribu\u00e9e dans le syst\u00e8me\u2009.<\/p>\n","protected":false},"author":2,"featured_media":0,"parent":0,"menu_order":0,"comment_status":"closed","ping_status":"closed","template":"","meta":{"footnotes":""},"class_list":["post-30","page","type-page","status-publish","hentry"],"jetpack_sharing_enabled":true,"_links":{"self":[{"href":"https:\/\/patrimoine-avesnois.fr\/fontaines\/wp-json\/wp\/v2\/pages\/30","targetHints":{"allow":["GET"]}}],"collection":[{"href":"https:\/\/patrimoine-avesnois.fr\/fontaines\/wp-json\/wp\/v2\/pages"}],"about":[{"href":"https:\/\/patrimoine-avesnois.fr\/fontaines\/wp-json\/wp\/v2\/types\/page"}],"author":[{"embeddable":true,"href":"https:\/\/patrimoine-avesnois.fr\/fontaines\/wp-json\/wp\/v2\/users\/2"}],"replies":[{"embeddable":true,"href":"https:\/\/patrimoine-avesnois.fr\/fontaines\/wp-json\/wp\/v2\/comments?post=30"}],"version-history":[{"count":3,"href":"https:\/\/patrimoine-avesnois.fr\/fontaines\/wp-json\/wp\/v2\/pages\/30\/revisions"}],"predecessor-version":[{"id":635,"href":"https:\/\/patrimoine-avesnois.fr\/fontaines\/wp-json\/wp\/v2\/pages\/30\/revisions\/635"}],"wp:attachment":[{"href":"https:\/\/patrimoine-avesnois.fr\/fontaines\/wp-json\/wp\/v2\/media?parent=30"}],"curies":[{"name":"wp","href":"https:\/\/api.w.org\/{rel}","templated":true}]}}