{"id":304,"date":"2021-07-02T14:38:21","date_gmt":"2021-07-02T12:38:21","guid":{"rendered":"https:\/\/patrimoine-avesnois.fr\/fontaines\/?page_id=304"},"modified":"2023-05-15T17:27:46","modified_gmt":"2023-05-15T15:27:46","slug":"le-quesnoy-la-fontaine-des-remparts-et-la-fontaine-de-lorgnies","status":"publish","type":"page","link":"https:\/\/patrimoine-avesnois.fr\/fontaines\/le-quesnoy-la-fontaine-des-remparts-et-la-fontaine-de-lorgnies\/","title":{"rendered":"Le Quesnoy : la fontaine des Remparts, la fontaine de Lorgnies et l&rsquo;abandonn\u00e9e \u00ab\u00a0Belle Fontaine\u00a0\u00bb"},"content":{"rendered":"<div class=\"wp-block-image\">\n<figure class=\"aligncenter size-full is-resized\"><img data-recalc-dims=\"1\" loading=\"lazy\" decoding=\"async\" src=\"https:\/\/i0.wp.com\/patrimoine-avesnois.fr\/fontaines\/wp-content\/uploads\/2021\/11\/Abreuvoir-et-lavoir.jpg?resize=703%2C528&#038;ssl=1\" alt=\"\" class=\"wp-image-1434\" width=\"703\" height=\"528\" srcset=\"https:\/\/i0.wp.com\/patrimoine-avesnois.fr\/fontaines\/wp-content\/uploads\/2021\/11\/Abreuvoir-et-lavoir.jpg?w=469&amp;ssl=1 469w, https:\/\/i0.wp.com\/patrimoine-avesnois.fr\/fontaines\/wp-content\/uploads\/2021\/11\/Abreuvoir-et-lavoir.jpg?resize=300%2C225&amp;ssl=1 300w\" sizes=\"auto, (max-width: 703px) 85vw, 703px\" \/><figcaption class=\"wp-element-caption\">Lavoir et Abreuvoir<\/figcaption><\/figure>\n<\/div>\n\n<div class=\"wp-block-image\">\n<figure class=\"aligncenter size-large is-resized\"><img data-recalc-dims=\"1\" loading=\"lazy\" decoding=\"async\" src=\"https:\/\/i0.wp.com\/patrimoine-avesnois.fr\/fontaines\/wp-content\/uploads\/2021\/07\/image-16.png?resize=840%2C532&#038;ssl=1\" alt=\"\" class=\"wp-image-465\" width=\"840\" height=\"532\" srcset=\"https:\/\/i0.wp.com\/patrimoine-avesnois.fr\/fontaines\/wp-content\/uploads\/2021\/07\/image-16.png?w=652&amp;ssl=1 652w, https:\/\/i0.wp.com\/patrimoine-avesnois.fr\/fontaines\/wp-content\/uploads\/2021\/07\/image-16.png?resize=300%2C190&amp;ssl=1 300w\" sizes=\"auto, (max-width: 709px) 85vw, (max-width: 909px) 67vw, (max-width: 1362px) 62vw, 840px\" \/><figcaption class=\"wp-element-caption\">La Fontaine des Remparts (le grand Abreuvoir) Le Quesnoy<\/figcaption><\/figure>\n<\/div>\n\n<div class=\"wp-block-image\">\n<figure class=\"aligncenter size-full\"><img data-recalc-dims=\"1\" loading=\"lazy\" decoding=\"async\" width=\"840\" height=\"629\" src=\"https:\/\/i0.wp.com\/patrimoine-avesnois.fr\/fontaines\/wp-content\/uploads\/2021\/07\/Fontaine-aux-Remparts-de-Le-Quesnoy.webp?resize=840%2C629&#038;ssl=1\" alt=\"\" class=\"wp-image-875\" srcset=\"https:\/\/i0.wp.com\/patrimoine-avesnois.fr\/fontaines\/wp-content\/uploads\/2021\/07\/Fontaine-aux-Remparts-de-Le-Quesnoy.webp?w=840&amp;ssl=1 840w, https:\/\/i0.wp.com\/patrimoine-avesnois.fr\/fontaines\/wp-content\/uploads\/2021\/07\/Fontaine-aux-Remparts-de-Le-Quesnoy.webp?resize=300%2C225&amp;ssl=1 300w, https:\/\/i0.wp.com\/patrimoine-avesnois.fr\/fontaines\/wp-content\/uploads\/2021\/07\/Fontaine-aux-Remparts-de-Le-Quesnoy.webp?resize=768%2C575&amp;ssl=1 768w\" sizes=\"auto, (max-width: 709px) 85vw, (max-width: 909px) 67vw, (max-width: 1362px) 62vw, 840px\" \/><figcaption class=\"wp-element-caption\">Fontaine aux Remparts de Le Quesnoy<\/figcaption><\/figure>\n<\/div>\n\n\n<p>Aliment\u00e9 par l\u2019eau provenant de l\u2019\u00e9tang du Pont-Rouge, le lavoir et p\u00e9diluve pour chevaux a subi un indispensable nettoyage en 2014. <\/p>\n\n\n\n<p>En 1809 on prolongea l&rsquo;abreuvoir qui portait le nom d&rsquo;abreuvoir des r\u00e9collets et on r\u00e9para l&rsquo;aqueduc. En 1896 l&rsquo;abreuvoir appel\u00e9 l&rsquo;abreuvoir du Pont Rouge fit l&rsquo;objet de travaux de r\u00e9parations des murs de sout\u00e8nement. En 1925 et 1926 il fut restaur\u00e9.<\/p>\n\n\n\n<p class=\"has-text-align-center\">***<\/p>\n\n\n<div class=\"wp-block-image\">\n<figure class=\"aligncenter size-full is-resized\"><img data-recalc-dims=\"1\" loading=\"lazy\" decoding=\"async\" src=\"https:\/\/i0.wp.com\/patrimoine-avesnois.fr\/fontaines\/wp-content\/uploads\/2022\/01\/Capture-7.jpg?resize=715%2C534&#038;ssl=1\" alt=\"\" class=\"wp-image-1625\" width=\"715\" height=\"534\"\/><figcaption class=\"wp-element-caption\">La belle fontaine Cadastre Le Quesnoy 1817 ADN P31\/761 <a href=\"https:\/\/archivesdepartementales.lenord.fr\/ark:\/33518\/1mt9rdgx6f7w\/73ecb866-3487-492c-aca8-ec59ca820be4\" data-type=\"URL\" data-id=\"https:\/\/archivesdepartementales.lenord.fr\/ark:\/33518\/1mt9rdgx6f7w\/73ecb866-3487-492c-aca8-ec59ca820be4\" target=\"_blank\" rel=\"noreferrer noopener\">Vue 6\/29<\/a><\/figcaption><\/figure>\n<\/div>\n\n<div class=\"wp-block-image\">\n<figure class=\"aligncenter size-full is-resized\"><img data-recalc-dims=\"1\" loading=\"lazy\" decoding=\"async\" src=\"https:\/\/i0.wp.com\/patrimoine-avesnois.fr\/fontaines\/wp-content\/uploads\/2022\/01\/Capture-9.jpg?resize=715%2C511&#038;ssl=1\" alt=\"\" class=\"wp-image-1634\" width=\"715\" height=\"511\" srcset=\"https:\/\/i0.wp.com\/patrimoine-avesnois.fr\/fontaines\/wp-content\/uploads\/2022\/01\/Capture-9.jpg?w=609&amp;ssl=1 609w, https:\/\/i0.wp.com\/patrimoine-avesnois.fr\/fontaines\/wp-content\/uploads\/2022\/01\/Capture-9.jpg?resize=300%2C214&amp;ssl=1 300w\" sizes=\"auto, (max-width: 715px) 85vw, 715px\" \/><figcaption class=\"wp-element-caption\"> la Belle Fontaine Cadastre Le Quesnoy 1896 ADN P31\/761 <a rel=\"noreferrer noopener\" href=\"https:\/\/archivesdepartementales.lenord.fr\/ark:\/33518\/1mt9rdgx6f7w\/0b0100c1-38b1-4cf5-b995-138c41ea12ba\" data-type=\"URL\" data-id=\"https:\/\/archivesdepartementales.lenord.fr\/ark:\/33518\/1mt9rdgx6f7w\/0b0100c1-38b1-4cf5-b995-138c41ea12ba\" target=\"_blank\">Vue 18\/29<\/a> <\/figcaption><\/figure>\n<\/div>\n\n\n<p>Elle se trouvait pr\u00e8s d&rsquo;un pont surmontant la Rhonelle au bord du chemin appel\u00e9 la Belle Maison qui menait \u00e0 une ferme du m\u00eame nom. Ce chemin de terre qui relayait \u00e0 travers les champs la route de Le Quesnoy Valenciennes \u00e0 la rue Berlandois ne fut plus emprunt\u00e9 au d\u00e9but du XX e si\u00e8cle et la fontaine fut abandonn\u00e9e \u00e0 son triste sort. Voici une portion restante de ce chemin actuel pr\u00e8s de la ferme encore existante :<\/p>\n\n\n<div class=\"wp-block-image\">\n<figure class=\"aligncenter size-full is-resized\"><img data-recalc-dims=\"1\" loading=\"lazy\" decoding=\"async\" src=\"https:\/\/i0.wp.com\/patrimoine-avesnois.fr\/fontaines\/wp-content\/uploads\/2022\/01\/Capture-10.jpg?resize=715%2C511&#038;ssl=1\" alt=\"\" class=\"wp-image-1635\" width=\"715\" height=\"511\" srcset=\"https:\/\/i0.wp.com\/patrimoine-avesnois.fr\/fontaines\/wp-content\/uploads\/2022\/01\/Capture-10.jpg?w=593&amp;ssl=1 593w, https:\/\/i0.wp.com\/patrimoine-avesnois.fr\/fontaines\/wp-content\/uploads\/2022\/01\/Capture-10.jpg?resize=300%2C215&amp;ssl=1 300w\" sizes=\"auto, (max-width: 715px) 85vw, 715px\" \/><\/figure>\n<\/div>\n\n<div class=\"wp-block-image\">\n<figure class=\"aligncenter size-full is-resized\"><img data-recalc-dims=\"1\" loading=\"lazy\" decoding=\"async\" src=\"https:\/\/i0.wp.com\/patrimoine-avesnois.fr\/fontaines\/wp-content\/uploads\/2022\/01\/image-11.png?resize=715%2C474&#038;ssl=1\" alt=\"\" class=\"wp-image-1628\" width=\"715\" height=\"474\" srcset=\"https:\/\/i0.wp.com\/patrimoine-avesnois.fr\/fontaines\/wp-content\/uploads\/2022\/01\/image-11.png?w=848&amp;ssl=1 848w, https:\/\/i0.wp.com\/patrimoine-avesnois.fr\/fontaines\/wp-content\/uploads\/2022\/01\/image-11.png?resize=300%2C198&amp;ssl=1 300w, https:\/\/i0.wp.com\/patrimoine-avesnois.fr\/fontaines\/wp-content\/uploads\/2022\/01\/image-11.png?resize=768%2C508&amp;ssl=1 768w\" sizes=\"auto, (max-width: 715px) 85vw, 715px\" \/><figcaption class=\"wp-element-caption\"><a rel=\"noreferrer noopener\" href=\"https:\/\/www.google.fr\/maps\/@50.2669184,3.647339,3a,90y,239.88h,78.78t\/data=!3m6!1e1!3m4!1sbMbSpj1slGzo-eySCAbnzw!2e0!7i13312!8i6656\" data-type=\"URL\" data-id=\"https:\/\/www.google.fr\/maps\/@50.2669184,3.647339,3a,90y,239.88h,78.78t\/data=!3m6!1e1!3m4!1sbMbSpj1slGzo-eySCAbnzw!2e0!7i13312!8i6656\" target=\"_blank\">Chemin de la Belle Maison <\/a> Rue Berlandois<\/figcaption><\/figure>\n<\/div>\n\n<div class=\"wp-block-image\">\n<figure class=\"aligncenter size-full is-resized\"><img data-recalc-dims=\"1\" loading=\"lazy\" decoding=\"async\" src=\"https:\/\/i0.wp.com\/patrimoine-avesnois.fr\/fontaines\/wp-content\/uploads\/2022\/01\/Capture-8.jpg?resize=715%2C535&#038;ssl=1\" alt=\"\" class=\"wp-image-1629\" width=\"715\" height=\"535\" srcset=\"https:\/\/i0.wp.com\/patrimoine-avesnois.fr\/fontaines\/wp-content\/uploads\/2022\/01\/Capture-8.jpg?w=884&amp;ssl=1 884w, https:\/\/i0.wp.com\/patrimoine-avesnois.fr\/fontaines\/wp-content\/uploads\/2022\/01\/Capture-8.jpg?resize=300%2C225&amp;ssl=1 300w, https:\/\/i0.wp.com\/patrimoine-avesnois.fr\/fontaines\/wp-content\/uploads\/2022\/01\/Capture-8.jpg?resize=768%2C576&amp;ssl=1 768w\" sizes=\"auto, (max-width: 715px) 85vw, 715px\" \/><figcaption class=\"wp-element-caption\">Vue satellite <a rel=\"noreferrer noopener\" href=\"https:\/\/www.google.fr\/maps\/place\/59530+Le+Quesnoy\/@50.2659881,3.6435683,238m\/data=!3m1!1e3!4m5!3m4!1s0x47c28b7f8be7fcf9:0xdbe346f99ee9088f!8m2!3d50.247321!4d3.636668\" data-type=\"URL\" data-id=\"https:\/\/www.google.fr\/maps\/place\/59530+Le+Quesnoy\/@50.2659881,3.6435683,238m\/data=!3m1!1e3!4m5!3m4!1s0x47c28b7f8be7fcf9:0xdbe346f99ee9088f!8m2!3d50.247321!4d3.636668\" target=\"_blank\">Google 2022<\/a>  <\/figcaption><\/figure>\n<\/div>\n\n<div class=\"wp-block-image\">\n<figure class=\"aligncenter size-full\"><img data-recalc-dims=\"1\" loading=\"lazy\" decoding=\"async\" width=\"690\" height=\"906\" src=\"https:\/\/i0.wp.com\/patrimoine-avesnois.fr\/fontaines\/wp-content\/uploads\/2022\/04\/image.png?resize=690%2C906&#038;ssl=1\" alt=\"\" class=\"wp-image-1827\" srcset=\"https:\/\/i0.wp.com\/patrimoine-avesnois.fr\/fontaines\/wp-content\/uploads\/2022\/04\/image.png?w=690&amp;ssl=1 690w, https:\/\/i0.wp.com\/patrimoine-avesnois.fr\/fontaines\/wp-content\/uploads\/2022\/04\/image.png?resize=228%2C300&amp;ssl=1 228w\" sizes=\"auto, (max-width: 690px) 85vw, 690px\" \/><\/figure>\n<\/div>\n\n\n<p class=\"has-text-align-center\">***<\/p>\n\n\n<div class=\"wp-block-image\">\n<figure class=\"aligncenter size-full\"><img data-recalc-dims=\"1\" loading=\"lazy\" decoding=\"async\" width=\"793\" height=\"595\" src=\"https:\/\/i0.wp.com\/patrimoine-avesnois.fr\/fontaines\/wp-content\/uploads\/2022\/01\/Capture-6.jpg?resize=793%2C595&#038;ssl=1\" alt=\"\" class=\"wp-image-1623\" srcset=\"https:\/\/i0.wp.com\/patrimoine-avesnois.fr\/fontaines\/wp-content\/uploads\/2022\/01\/Capture-6.jpg?w=793&amp;ssl=1 793w, https:\/\/i0.wp.com\/patrimoine-avesnois.fr\/fontaines\/wp-content\/uploads\/2022\/01\/Capture-6.jpg?resize=300%2C225&amp;ssl=1 300w, https:\/\/i0.wp.com\/patrimoine-avesnois.fr\/fontaines\/wp-content\/uploads\/2022\/01\/Capture-6.jpg?resize=768%2C576&amp;ssl=1 768w\" sizes=\"auto, (max-width: 793px) 85vw, 793px\" \/><figcaption class=\"wp-element-caption\">la fontaine de Lorgnies Cadastre Le Quesnoy 1896 ADN P31\/761 <a rel=\"noreferrer noopener\" href=\"https:\/\/archivesdepartementales.lenord.fr\/ark:\/33518\/1mt9rdgx6f7w\/0b0100c1-38b1-4cf5-b995-138c41ea12ba\" data-type=\"URL\" data-id=\"https:\/\/archivesdepartementales.lenord.fr\/ark:\/33518\/1mt9rdgx6f7w\/0b0100c1-38b1-4cf5-b995-138c41ea12ba\" target=\"_blank\">Vue 18\/29<\/a><\/figcaption><\/figure>\n<\/div>\n\n<div class=\"wp-block-image\">\n<figure class=\"aligncenter size-full\"><img data-recalc-dims=\"1\" loading=\"lazy\" decoding=\"async\" width=\"840\" height=\"626\" src=\"https:\/\/i0.wp.com\/patrimoine-avesnois.fr\/fontaines\/wp-content\/uploads\/2021\/07\/La-Fontaine-de-Lorgnies-a-Le-Quesnoy.webp?resize=840%2C626&#038;ssl=1\" alt=\"\" class=\"wp-image-876\" srcset=\"https:\/\/i0.wp.com\/patrimoine-avesnois.fr\/fontaines\/wp-content\/uploads\/2021\/07\/La-Fontaine-de-Lorgnies-a-Le-Quesnoy.webp?w=840&amp;ssl=1 840w, https:\/\/i0.wp.com\/patrimoine-avesnois.fr\/fontaines\/wp-content\/uploads\/2021\/07\/La-Fontaine-de-Lorgnies-a-Le-Quesnoy.webp?resize=300%2C224&amp;ssl=1 300w, https:\/\/i0.wp.com\/patrimoine-avesnois.fr\/fontaines\/wp-content\/uploads\/2021\/07\/La-Fontaine-de-Lorgnies-a-Le-Quesnoy.webp?resize=768%2C572&amp;ssl=1 768w\" sizes=\"auto, (max-width: 709px) 85vw, (max-width: 909px) 67vw, (max-width: 1362px) 62vw, 840px\" \/><figcaption class=\"wp-element-caption\">La Fontaine de Lorgnies \u00e0 Le Quesnoy.<\/figcaption><\/figure>\n<\/div>\n\n<div class=\"wp-block-image\">\n<figure class=\"aligncenter size-full\"><img data-recalc-dims=\"1\" loading=\"lazy\" decoding=\"async\" width=\"840\" height=\"629\" src=\"https:\/\/i0.wp.com\/patrimoine-avesnois.fr\/fontaines\/wp-content\/uploads\/2021\/07\/La-Fontaine-de-Lorgnies-a-Le-Quesnoy-2.webp?resize=840%2C629&#038;ssl=1\" alt=\"\" class=\"wp-image-877\" srcset=\"https:\/\/i0.wp.com\/patrimoine-avesnois.fr\/fontaines\/wp-content\/uploads\/2021\/07\/La-Fontaine-de-Lorgnies-a-Le-Quesnoy-2.webp?w=840&amp;ssl=1 840w, https:\/\/i0.wp.com\/patrimoine-avesnois.fr\/fontaines\/wp-content\/uploads\/2021\/07\/La-Fontaine-de-Lorgnies-a-Le-Quesnoy-2.webp?resize=300%2C225&amp;ssl=1 300w, https:\/\/i0.wp.com\/patrimoine-avesnois.fr\/fontaines\/wp-content\/uploads\/2021\/07\/La-Fontaine-de-Lorgnies-a-Le-Quesnoy-2.webp?resize=768%2C575&amp;ssl=1 768w\" sizes=\"auto, (max-width: 709px) 85vw, (max-width: 909px) 67vw, (max-width: 1362px) 62vw, 840px\" \/><figcaption class=\"wp-element-caption\">La Fontaine de Lorgnies.<\/figcaption><\/figure>\n<\/div>\n\n\n<p>Elle figure sur le cadastre de Le Quesnoy en 1896 en tant que fontaine publique. Son am\u00e9nagement doit remonter aux ann\u00e9es 1850, ses eaux \u00e9tant reli\u00e9es au bief du moulin de Lorgnies situ\u00e9 en contrebas. La Fontaine de Lorgnies a \u00e9t\u00e9 restaur\u00e9e en 2015 par la Ville de Le Quesnoy. La marbrerie Walquemann de Hon-Hergies a r\u00e9alis\u00e9 son fronton en pierre bleue.<\/p>\n","protected":false},"excerpt":{"rendered":"<p>Aliment\u00e9 par l\u2019eau provenant de l\u2019\u00e9tang du Pont-Rouge, le lavoir et p\u00e9diluve pour chevaux a subi un indispensable nettoyage en 2014. En 1809 on prolongea l&rsquo;abreuvoir qui portait le nom d&rsquo;abreuvoir des r\u00e9collets et on r\u00e9para l&rsquo;aqueduc. En 1896 l&rsquo;abreuvoir appel\u00e9 l&rsquo;abreuvoir du Pont Rouge fit l&rsquo;objet de travaux de r\u00e9parations des murs de sout\u00e8nement. &hellip; <a href=\"https:\/\/patrimoine-avesnois.fr\/fontaines\/le-quesnoy-la-fontaine-des-remparts-et-la-fontaine-de-lorgnies\/\" class=\"more-link\">Continuer la lecture<span class=\"screen-reader-text\"> de &laquo;&nbsp;Le Quesnoy : la fontaine des Remparts, la fontaine de Lorgnies et l&rsquo;abandonn\u00e9e \u00ab\u00a0Belle Fontaine\u00a0\u00bb&nbsp;&raquo;<\/span><\/a><\/p>\n","protected":false},"author":2,"featured_media":0,"parent":0,"menu_order":0,"comment_status":"closed","ping_status":"closed","template":"","meta":{"footnotes":""},"class_list":["post-304","page","type-page","status-publish","hentry"],"jetpack_sharing_enabled":true,"_links":{"self":[{"href":"https:\/\/patrimoine-avesnois.fr\/fontaines\/wp-json\/wp\/v2\/pages\/304","targetHints":{"allow":["GET"]}}],"collection":[{"href":"https:\/\/patrimoine-avesnois.fr\/fontaines\/wp-json\/wp\/v2\/pages"}],"about":[{"href":"https:\/\/patrimoine-avesnois.fr\/fontaines\/wp-json\/wp\/v2\/types\/page"}],"author":[{"embeddable":true,"href":"https:\/\/patrimoine-avesnois.fr\/fontaines\/wp-json\/wp\/v2\/users\/2"}],"replies":[{"embeddable":true,"href":"https:\/\/patrimoine-avesnois.fr\/fontaines\/wp-json\/wp\/v2\/comments?post=304"}],"version-history":[{"count":16,"href":"https:\/\/patrimoine-avesnois.fr\/fontaines\/wp-json\/wp\/v2\/pages\/304\/revisions"}],"predecessor-version":[{"id":1910,"href":"https:\/\/patrimoine-avesnois.fr\/fontaines\/wp-json\/wp\/v2\/pages\/304\/revisions\/1910"}],"wp:attachment":[{"href":"https:\/\/patrimoine-avesnois.fr\/fontaines\/wp-json\/wp\/v2\/media?parent=304"}],"curies":[{"name":"wp","href":"https:\/\/api.w.org\/{rel}","templated":true}]}}