{"id":307,"date":"2021-07-02T14:41:12","date_gmt":"2021-07-02T12:41:12","guid":{"rendered":"https:\/\/patrimoine-avesnois.fr\/fontaines\/?page_id=307"},"modified":"2021-11-27T10:45:31","modified_gmt":"2021-11-27T09:45:31","slug":"lez-fontaine-la-fontaine-du-trieux-et-la-fontaine-restauree-la-couillette","status":"publish","type":"page","link":"https:\/\/patrimoine-avesnois.fr\/fontaines\/lez-fontaine-la-fontaine-du-trieux-et-la-fontaine-restauree-la-couillette\/","title":{"rendered":"Lez-Fontaine : la fontaine du Trieux et la fontaine restaur\u00e9e la \u00ab Couillette \u00bb"},"content":{"rendered":"\n<p><strong>Six noms de fontaines sont recens\u00e9s \u00e0 Lez-Fontaine !<\/strong><\/p>\n\n\n\n<p>Fontaine Saint-Martin,Fontaine des Joncs, Fontaine Fournier, Fontaine du Trieux, Fontaine Jeannette, Fontaine Couillette.<\/p>\n\n\n\n<div class=\"wp-block-image\"><figure class=\"aligncenter\"><img decoding=\"async\" src=\"https:\/\/i2.wp.com\/patrimoine-avesnois.fr\/chemin\/wp-content\/uploads\/2021\/06\/image-166.png?resize=677%2C488\" alt=\"\" class=\"wp-image-13896\"\/><figcaption>Fontaine du Trieux Cadastre Lez-Fontaine 1901 ADN P 31 \/ 731 <a href=\"https:\/\/archivesdepartementales.lenord.fr\/ark:\/33518\/b69gd7s1lc8t\/cb2c4af3-768e-45a0-8397-0d1480aed9ea\" target=\"_blank\" rel=\"noreferrer noopener\">Vue 5\/9<\/a><\/figcaption><\/figure><\/div>\n\n\n\n<div class=\"wp-block-image\"><figure class=\"aligncenter size-full is-resized\"><img data-recalc-dims=\"1\" loading=\"lazy\" decoding=\"async\" src=\"https:\/\/i0.wp.com\/patrimoine-avesnois.fr\/fontaines\/wp-content\/uploads\/2021\/07\/Fontaine-du-Trrieux-Rue-Perron-Lez-Fontaine.webp?resize=840%2C630&#038;ssl=1\" alt=\"\" class=\"wp-image-882\" width=\"840\" height=\"630\" srcset=\"https:\/\/i0.wp.com\/patrimoine-avesnois.fr\/fontaines\/wp-content\/uploads\/2021\/07\/Fontaine-du-Trrieux-Rue-Perron-Lez-Fontaine.webp?w=677&amp;ssl=1 677w, https:\/\/i0.wp.com\/patrimoine-avesnois.fr\/fontaines\/wp-content\/uploads\/2021\/07\/Fontaine-du-Trrieux-Rue-Perron-Lez-Fontaine.webp?resize=300%2C225&amp;ssl=1 300w\" sizes=\"auto, (max-width: 709px) 85vw, (max-width: 909px) 67vw, (max-width: 1362px) 62vw, 840px\" \/><figcaption>Fontaine du Trieux <a rel=\"noreferrer noopener\" href=\"https:\/\/www.google.fr\/maps\/@50.1780229,4.0607871,3a,90y,253.96h,72.8t\/data=!3m6!1e1!3m4!1s06FfDnQVp3SX8I2nBb4Dug!2e0!7i13312!8i6656\" target=\"_blank\">Rue L\u00e9on Perron<\/a><\/figcaption><\/figure><\/div>\n\n\n\n<p>Le mot Trieu semble trouver son origine dans le mot francique <em>thresk<\/em> qui d\u00e9signait un terrain inculte. <\/p>\n\n\n\n<p class=\"has-text-align-center\">***<\/p>\n\n\n\n<div class=\"wp-block-image\"><figure class=\"aligncenter size-full\"><img data-recalc-dims=\"1\" loading=\"lazy\" decoding=\"async\" width=\"839\" height=\"628\" src=\"https:\/\/i0.wp.com\/patrimoine-avesnois.fr\/fontaines\/wp-content\/uploads\/2021\/07\/la-Fontaine-Couillette-Lez-Fontaine.webp?resize=839%2C628&#038;ssl=1\" alt=\"\" class=\"wp-image-880\" srcset=\"https:\/\/i0.wp.com\/patrimoine-avesnois.fr\/fontaines\/wp-content\/uploads\/2021\/07\/la-Fontaine-Couillette-Lez-Fontaine.webp?w=839&amp;ssl=1 839w, https:\/\/i0.wp.com\/patrimoine-avesnois.fr\/fontaines\/wp-content\/uploads\/2021\/07\/la-Fontaine-Couillette-Lez-Fontaine.webp?resize=300%2C225&amp;ssl=1 300w, https:\/\/i0.wp.com\/patrimoine-avesnois.fr\/fontaines\/wp-content\/uploads\/2021\/07\/la-Fontaine-Couillette-Lez-Fontaine.webp?resize=768%2C575&amp;ssl=1 768w\" sizes=\"auto, (max-width: 839px) 85vw, 839px\" \/><figcaption>la Fontaine \u00ab Couillette \u00bb avant restauration<\/figcaption><\/figure><\/div>\n\n\n\n<div class=\"wp-block-image\"><figure class=\"aligncenter\"><img decoding=\"async\" src=\"https:\/\/i0.wp.com\/patrimoine-avesnois.fr\/chemin\/wp-content\/uploads\/2021\/06\/image-160.png?fit=840%2C630\" alt=\"\" class=\"wp-image-13889\"\/><figcaption>la Fontaine \u00ab&nbsp;Couillette&nbsp;\u00bb avant restauration<\/figcaption><\/figure><\/div>\n\n\n\n<div class=\"wp-block-image\"><figure class=\"aligncenter\"><img data-recalc-dims=\"1\" decoding=\"async\" src=\"https:\/\/i0.wp.com\/patrimoine-avesnois.fr\/fontaines\/wp-content\/uploads\/2021\/07\/la-Fontaine-Couillette-Lez-Fontaine-1.webp?w=840&#038;ssl=1\" alt=\"L\u2019attribut alt de cette image est vide, son nom de fichier est la-Fontaine-Couillette-Lez-Fontaine-1.webp.\"\/><figcaption><strong> la Fontaine \u00ab Couillette \u00bb apr\u00e8s restauration. <a rel=\"noreferrer noopener\" href=\"https:\/\/www.lez-fontaine.fr\/patrimoine\/fontaines\/fontaine-couillette\/\" target=\"_blank\">Photo Mairie<\/a> <\/strong><\/figcaption><\/figure><\/div>\n\n\n\n<div class=\"wp-block-image\"><figure class=\"aligncenter size-large is-resized\"><img data-recalc-dims=\"1\" loading=\"lazy\" decoding=\"async\" src=\"https:\/\/i0.wp.com\/patrimoine-avesnois.fr\/fontaines\/wp-content\/uploads\/2021\/07\/image-60.png?resize=840%2C404&#038;ssl=1\" alt=\"\" class=\"wp-image-1201\" width=\"840\" height=\"404\" srcset=\"https:\/\/i0.wp.com\/patrimoine-avesnois.fr\/fontaines\/wp-content\/uploads\/2021\/07\/image-60.png?resize=1024%2C492&amp;ssl=1 1024w, https:\/\/i0.wp.com\/patrimoine-avesnois.fr\/fontaines\/wp-content\/uploads\/2021\/07\/image-60.png?resize=300%2C144&amp;ssl=1 300w, https:\/\/i0.wp.com\/patrimoine-avesnois.fr\/fontaines\/wp-content\/uploads\/2021\/07\/image-60.png?resize=768%2C369&amp;ssl=1 768w, https:\/\/i0.wp.com\/patrimoine-avesnois.fr\/fontaines\/wp-content\/uploads\/2021\/07\/image-60.png?resize=1536%2C738&amp;ssl=1 1536w, https:\/\/i0.wp.com\/patrimoine-avesnois.fr\/fontaines\/wp-content\/uploads\/2021\/07\/image-60.png?resize=2048%2C985&amp;ssl=1 2048w, https:\/\/i0.wp.com\/patrimoine-avesnois.fr\/fontaines\/wp-content\/uploads\/2021\/07\/image-60.png?resize=1200%2C577&amp;ssl=1 1200w, https:\/\/i0.wp.com\/patrimoine-avesnois.fr\/fontaines\/wp-content\/uploads\/2021\/07\/image-60.png?w=1680&amp;ssl=1 1680w\" sizes=\"auto, (max-width: 709px) 85vw, (max-width: 909px) 67vw, (max-width: 1362px) 62vw, 840px\" \/><figcaption>La Fontaine Couillette Vue d&rsquo;ensemble Juin 2021<\/figcaption><\/figure><\/div>\n\n\n\n<div class=\"wp-block-image\"><figure class=\"aligncenter is-resized\"><img loading=\"lazy\" decoding=\"async\" src=\"https:\/\/apis.mail.aol.com\/ws\/v3\/mailboxes\/@.id==VjN-lLzYpMnGvvc8VqadG6rnwfnDFsRM0S9HJD24O1weoqZaILuByZd49Uj3Sp1ZF0WwAGt8i-JIvRM460VJp2jA-Q\/messages\/@.id==APD7t2NHrtVEYNBTHwbCeH2CucE\/content\/parts\/@.id==5\/thumbnail?appid=aolwebmail&amp;size=400w\" alt=\"\" width=\"300\" height=\"624\"\/><figcaption>La Fontaine Couillette Juin 2021<\/figcaption><\/figure><\/div>\n\n\n\n<p>La fontaine \u00ab Couillette \u00bb fait partie d\u2019une s\u00e9rie de 3 fontaines, dispos\u00e9es le long du ruisseau du Trieu, et \u00e9tait la derni\u00e8re en attente d\u2019une restauration. La commune a donc r\u00e9pondu \u00e0 l\u2019appel \u00e0 candidature du projet Trans-formation du patrimoine en 2010 pour la restauration d\u2019\u00e9difices du patrimoine rural, et sa candidature a \u00e9t\u00e9 retenue.<br>Enti\u00e8rement r\u00e9alis\u00e9e en pierre bleue \u2013 moellons pour la cuve, pierres de taille pour les margelles \u2013 cette fontaine pr\u00e9sente la particularit\u00e9 d\u2019\u00eatre couverte d\u2019une grande dalle en pierre bleue. Ainsi, les feuilles des arbres, nombreux en bord du ruisseau, n\u2019alt\u00e8rent pas la qualit\u00e9 de cette eau tr\u00e8s claire.<\/p>\n\n\n\n<p>Source : Fiche tecnique : \u00a9Trans-Formation du Patrimoine<\/p>\n\n\n\n<p>Elle a \u00e9t\u00e9 restaur\u00e9e \u00e0 l\u2019identique en 2011 : voir le site <a rel=\"noreferrer noopener\" href=\"https:\/\/www.caue-nord.com\/fr\/portail\/41\/observatoire\/2314\/restauration-de-la-fontaine-couillette-lez-fontaine-59.html\" target=\"_blank\">CAUE du Nord<\/a><\/p>\n","protected":false},"excerpt":{"rendered":"<p>Six noms de fontaines sont recens\u00e9s \u00e0 Lez-Fontaine ! Fontaine Saint-Martin,Fontaine des Joncs, Fontaine Fournier, Fontaine du Trieux, Fontaine Jeannette, Fontaine Couillette. Le mot Trieu semble trouver son origine dans le mot francique thresk qui d\u00e9signait un terrain inculte. *** La fontaine \u00ab Couillette \u00bb fait partie d\u2019une s\u00e9rie de 3 fontaines, dispos\u00e9es le long &hellip; <a href=\"https:\/\/patrimoine-avesnois.fr\/fontaines\/lez-fontaine-la-fontaine-du-trieux-et-la-fontaine-restauree-la-couillette\/\" class=\"more-link\">Continuer la lecture<span class=\"screen-reader-text\"> de &laquo;&nbsp;Lez-Fontaine : la fontaine du Trieux et la fontaine restaur\u00e9e la \u00ab Couillette \u00bb&nbsp;&raquo;<\/span><\/a><\/p>\n","protected":false},"author":2,"featured_media":0,"parent":0,"menu_order":0,"comment_status":"closed","ping_status":"closed","template":"","meta":{"footnotes":""},"class_list":["post-307","page","type-page","status-publish","hentry"],"jetpack_sharing_enabled":true,"_links":{"self":[{"href":"https:\/\/patrimoine-avesnois.fr\/fontaines\/wp-json\/wp\/v2\/pages\/307","targetHints":{"allow":["GET"]}}],"collection":[{"href":"https:\/\/patrimoine-avesnois.fr\/fontaines\/wp-json\/wp\/v2\/pages"}],"about":[{"href":"https:\/\/patrimoine-avesnois.fr\/fontaines\/wp-json\/wp\/v2\/types\/page"}],"author":[{"embeddable":true,"href":"https:\/\/patrimoine-avesnois.fr\/fontaines\/wp-json\/wp\/v2\/users\/2"}],"replies":[{"embeddable":true,"href":"https:\/\/patrimoine-avesnois.fr\/fontaines\/wp-json\/wp\/v2\/comments?post=307"}],"version-history":[{"count":8,"href":"https:\/\/patrimoine-avesnois.fr\/fontaines\/wp-json\/wp\/v2\/pages\/307\/revisions"}],"predecessor-version":[{"id":1449,"href":"https:\/\/patrimoine-avesnois.fr\/fontaines\/wp-json\/wp\/v2\/pages\/307\/revisions\/1449"}],"wp:attachment":[{"href":"https:\/\/patrimoine-avesnois.fr\/fontaines\/wp-json\/wp\/v2\/media?parent=307"}],"curies":[{"name":"wp","href":"https:\/\/api.w.org\/{rel}","templated":true}]}}