{"id":319,"date":"2021-07-02T14:50:29","date_gmt":"2021-07-02T12:50:29","guid":{"rendered":"https:\/\/patrimoine-avesnois.fr\/fontaines\/?page_id=319"},"modified":"2021-07-26T14:45:22","modified_gmt":"2021-07-26T12:45:22","slug":"louvignies-quesnoy-le-lavoir-et-la-pompe","status":"publish","type":"page","link":"https:\/\/patrimoine-avesnois.fr\/fontaines\/louvignies-quesnoy-le-lavoir-et-la-pompe\/","title":{"rendered":"Louvignies-Quesnoy : le lavoir et la pompe"},"content":{"rendered":"\n<div class=\"wp-block-image\"><figure class=\"aligncenter\"><img decoding=\"async\" src=\"https:\/\/i2.wp.com\/patrimoine-avesnois.fr\/chemin\/wp-content\/uploads\/2021\/06\/image-179.png?w=840\" alt=\"\" class=\"wp-image-13937\"\/><figcaption>Fontaine St Eloi et le lavoir Louvignies-Quesnoy Cadastre 1931 P 31 \/ 736 <a href=\"https:\/\/archivesdepartementales.lenord.fr\/ark:\/33518\/10hnf75jqlkb\/12637f16-32a6-4da4-896c-afc51b7a59e6\" target=\"_blank\" rel=\"noreferrer noopener\">Vue 13\/20<\/a><\/figcaption><\/figure><\/div>\n\n\n\n<div class=\"wp-block-image\"><figure class=\"aligncenter size-large is-resized\"><img data-recalc-dims=\"1\" loading=\"lazy\" decoding=\"async\" src=\"https:\/\/i0.wp.com\/patrimoine-avesnois.fr\/fontaines\/wp-content\/uploads\/2021\/07\/image-26.png?resize=840%2C533&#038;ssl=1\" alt=\"\" class=\"wp-image-489\" width=\"840\" height=\"533\" srcset=\"https:\/\/i0.wp.com\/patrimoine-avesnois.fr\/fontaines\/wp-content\/uploads\/2021\/07\/image-26.png?w=654&amp;ssl=1 654w, https:\/\/i0.wp.com\/patrimoine-avesnois.fr\/fontaines\/wp-content\/uploads\/2021\/07\/image-26.png?resize=300%2C191&amp;ssl=1 300w\" sizes=\"auto, (max-width: 709px) 85vw, (max-width: 909px) 67vw, (max-width: 1362px) 62vw, 840px\" \/><figcaption>La Fontaine et les Lavandi\u00e8res 1915 Louvignies-Quesnoy<\/figcaption><\/figure><\/div>\n\n\n\n<div class=\"wp-block-image\"><figure class=\"aligncenter size-full\"><img data-recalc-dims=\"1\" loading=\"lazy\" decoding=\"async\" width=\"840\" height=\"633\" src=\"https:\/\/i0.wp.com\/patrimoine-avesnois.fr\/fontaines\/wp-content\/uploads\/2021\/07\/Lavoir-LOUVIGNIES-QUESNOY.webp?resize=840%2C633&#038;ssl=1\" alt=\"\" class=\"wp-image-892\" srcset=\"https:\/\/i0.wp.com\/patrimoine-avesnois.fr\/fontaines\/wp-content\/uploads\/2021\/07\/Lavoir-LOUVIGNIES-QUESNOY.webp?w=840&amp;ssl=1 840w, https:\/\/i0.wp.com\/patrimoine-avesnois.fr\/fontaines\/wp-content\/uploads\/2021\/07\/Lavoir-LOUVIGNIES-QUESNOY.webp?resize=300%2C226&amp;ssl=1 300w, https:\/\/i0.wp.com\/patrimoine-avesnois.fr\/fontaines\/wp-content\/uploads\/2021\/07\/Lavoir-LOUVIGNIES-QUESNOY.webp?resize=768%2C579&amp;ssl=1 768w\" sizes=\"auto, (max-width: 709px) 85vw, (max-width: 909px) 67vw, (max-width: 1362px) 62vw, 840px\" \/><figcaption>Le lavoir rue de la Fontaine<\/figcaption><\/figure><\/div>\n\n\n\n<div class=\"wp-block-image\"><figure class=\"aligncenter size-full\"><img data-recalc-dims=\"1\" loading=\"lazy\" decoding=\"async\" width=\"840\" height=\"642\" src=\"https:\/\/i0.wp.com\/patrimoine-avesnois.fr\/fontaines\/wp-content\/uploads\/2021\/07\/Lavoir-LOUVIGNIES-QUESNOY-2.webp?resize=840%2C642&#038;ssl=1\" alt=\"\" class=\"wp-image-893\" srcset=\"https:\/\/i0.wp.com\/patrimoine-avesnois.fr\/fontaines\/wp-content\/uploads\/2021\/07\/Lavoir-LOUVIGNIES-QUESNOY-2.webp?w=840&amp;ssl=1 840w, https:\/\/i0.wp.com\/patrimoine-avesnois.fr\/fontaines\/wp-content\/uploads\/2021\/07\/Lavoir-LOUVIGNIES-QUESNOY-2.webp?resize=300%2C229&amp;ssl=1 300w, https:\/\/i0.wp.com\/patrimoine-avesnois.fr\/fontaines\/wp-content\/uploads\/2021\/07\/Lavoir-LOUVIGNIES-QUESNOY-2.webp?resize=768%2C587&amp;ssl=1 768w\" sizes=\"auto, (max-width: 709px) 85vw, (max-width: 909px) 67vw, (max-width: 1362px) 62vw, 840px\" \/><figcaption>Le lavoir<\/figcaption><\/figure><\/div>\n\n\n\n<p class=\"has-text-align-center\">***<\/p>\n\n\n\n<div class=\"wp-block-image\"><figure class=\"aligncenter size-full\"><img data-recalc-dims=\"1\" loading=\"lazy\" decoding=\"async\" width=\"511\" height=\"691\" src=\"https:\/\/i0.wp.com\/patrimoine-avesnois.fr\/fontaines\/wp-content\/uploads\/2021\/07\/Pompe-Louvignies-Quesnoy.webp?resize=511%2C691&#038;ssl=1\" alt=\"\" class=\"wp-image-895\" srcset=\"https:\/\/i0.wp.com\/patrimoine-avesnois.fr\/fontaines\/wp-content\/uploads\/2021\/07\/Pompe-Louvignies-Quesnoy.webp?w=511&amp;ssl=1 511w, https:\/\/i0.wp.com\/patrimoine-avesnois.fr\/fontaines\/wp-content\/uploads\/2021\/07\/Pompe-Louvignies-Quesnoy.webp?resize=222%2C300&amp;ssl=1 222w\" sizes=\"auto, (max-width: 511px) 85vw, 511px\" \/><figcaption>La Pompe<\/figcaption><\/figure><\/div>\n\n\n\n<div class=\"wp-block-image\"><figure class=\"aligncenter size-full\"><img data-recalc-dims=\"1\" loading=\"lazy\" decoding=\"async\" width=\"511\" height=\"686\" src=\"https:\/\/i0.wp.com\/patrimoine-avesnois.fr\/fontaines\/wp-content\/uploads\/2021\/07\/Pompe-Louvignies-Quesnoy-2.webp?resize=511%2C686&#038;ssl=1\" alt=\"\" class=\"wp-image-896\" srcset=\"https:\/\/i0.wp.com\/patrimoine-avesnois.fr\/fontaines\/wp-content\/uploads\/2021\/07\/Pompe-Louvignies-Quesnoy-2.webp?w=511&amp;ssl=1 511w, https:\/\/i0.wp.com\/patrimoine-avesnois.fr\/fontaines\/wp-content\/uploads\/2021\/07\/Pompe-Louvignies-Quesnoy-2.webp?resize=223%2C300&amp;ssl=1 223w\" sizes=\"auto, (max-width: 511px) 85vw, 511px\" \/><figcaption>Bassin derri\u00e8re la pompe aliment\u00e9 par la rivi\u00e8re l\u2019Ecaillon<\/figcaption><\/figure><\/div>\n","protected":false},"excerpt":{"rendered":"<p>***<\/p>\n","protected":false},"author":2,"featured_media":0,"parent":0,"menu_order":0,"comment_status":"closed","ping_status":"closed","template":"","meta":{"footnotes":""},"class_list":["post-319","page","type-page","status-publish","hentry"],"jetpack_sharing_enabled":true,"_links":{"self":[{"href":"https:\/\/patrimoine-avesnois.fr\/fontaines\/wp-json\/wp\/v2\/pages\/319","targetHints":{"allow":["GET"]}}],"collection":[{"href":"https:\/\/patrimoine-avesnois.fr\/fontaines\/wp-json\/wp\/v2\/pages"}],"about":[{"href":"https:\/\/patrimoine-avesnois.fr\/fontaines\/wp-json\/wp\/v2\/types\/page"}],"author":[{"embeddable":true,"href":"https:\/\/patrimoine-avesnois.fr\/fontaines\/wp-json\/wp\/v2\/users\/2"}],"replies":[{"embeddable":true,"href":"https:\/\/patrimoine-avesnois.fr\/fontaines\/wp-json\/wp\/v2\/comments?post=319"}],"version-history":[{"count":4,"href":"https:\/\/patrimoine-avesnois.fr\/fontaines\/wp-json\/wp\/v2\/pages\/319\/revisions"}],"predecessor-version":[{"id":897,"href":"https:\/\/patrimoine-avesnois.fr\/fontaines\/wp-json\/wp\/v2\/pages\/319\/revisions\/897"}],"wp:attachment":[{"href":"https:\/\/patrimoine-avesnois.fr\/fontaines\/wp-json\/wp\/v2\/media?parent=319"}],"curies":[{"name":"wp","href":"https:\/\/api.w.org\/{rel}","templated":true}]}}