{"id":33,"date":"2021-07-01T17:01:51","date_gmt":"2021-07-01T15:01:51","guid":{"rendered":"https:\/\/patrimoine-avesnois.fr\/fontaines\/?page_id=33"},"modified":"2023-01-16T15:07:36","modified_gmt":"2023-01-16T14:07:36","slug":"aulnoye-aymeries-et-ses-2-fontaines-disparues","status":"publish","type":"page","link":"https:\/\/patrimoine-avesnois.fr\/fontaines\/aulnoye-aymeries-et-ses-2-fontaines-disparues\/","title":{"rendered":"Aulnoye-Aymeries et ses 2 fontaines disparues"},"content":{"rendered":"<div class=\"wp-block-image\">\n<figure class=\"aligncenter\"><img decoding=\"async\" src=\"https:\/\/i0.wp.com\/patrimoine-avesnois.fr\/chemin\/wp-content\/uploads\/2021\/06\/Captur-3.jpg?resize=630%2C473\" alt=\"\" class=\"wp-image-13275\"\/><figcaption class=\"wp-element-caption\">P\u00e2ture \u00e0 Fontaine et sa Grande Fontaine. Fontaine \u00e9galement pr\u00e8s de l\u2019\u00e9glise<br>ADN Cadastre Aulnoye 1812 P 31 \/ 651 <a rel=\"noreferrer noopener\" href=\"https:\/\/archivesdepartementales.lenord.fr\/ark:\/33518\/vxpz2k1sc0t9\/52b56d6c-5b1b-43b9-96b3-c520caeff8a1\" target=\"_blank\">Vue 4\/9<\/a><\/figcaption><\/figure>\n<\/div>\n\n<div class=\"wp-block-image\">\n<figure class=\"aligncenter\"><img decoding=\"async\" src=\"https:\/\/i1.wp.com\/patrimoine-avesnois.fr\/chemin\/wp-content\/uploads\/2021\/06\/Captu.jpg?resize=630%2C473\" alt=\"\" class=\"wp-image-13276\"\/><figcaption class=\"wp-element-caption\">La m\u00eame carte de nos jours : la p\u00e2ture et sa fontaine ont laiss\u00e9 place \u00e0 un supermarch\u00e9<\/figcaption><\/figure>\n<\/div>\n\n\n<p>La Grande Fontaine d\u2019Aulnoye se situait pr\u00e8s de la Sambre et une autre fontaine toute proche se dressait en face de l\u2019\u00e9glise qui avait \u00e9t\u00e9 reb\u00e2tie en 1747. Elles disparurent toutes les deux comme l&rsquo;\u00e9glise d&rsquo;ailleurs.<\/p>\n\n\n<div class=\"wp-block-image\">\n<figure class=\"aligncenter\"><img decoding=\"async\" src=\"https:\/\/i2.wp.com\/patrimoine-avesnois.fr\/chemin\/wp-content\/uploads\/2021\/06\/image-7.png?resize=636%2C414\" alt=\"\" class=\"wp-image-13277\"\/><figcaption class=\"wp-element-caption\">L\u2019ancienne \u00e9glise d\u2019Aulnoye et la fontaine (au coin de l&rsquo;intersection)<\/figcaption><\/figure>\n<\/div>\n\n\n<p>Un arr\u00eat\u00e9 municipal du maire D\u00e9sir\u00e9 DEROYER, en date du 17 juin 1909, signifiait \u00e0 l&rsquo;abb\u00e9 PROUST, cur\u00e9 d&rsquo;Aulnoye, de bien vouloir d\u00e9m\u00e9nager les objets du culte, la vieille \u00e9glise paroissiale  mena\u00e7ant de ruine. La c\u00e9l\u00e9bration du culte cessa en 1910. Un d\u00e9cret pr\u00e9sidentiel, dat\u00e9 de 1912, autorisa la d\u00e9molition de l&rsquo;\u00e9difice religieux mais les travaux tard\u00e8rent . Le jeudi 26 f\u00e9vrier 1914, l&rsquo;\u00e9glise d\u00e9labr\u00e9e depuis longtemps, sans r\u00e9paration aucune, s&rsquo;effondra emportant  la toiture de la nef, celle du choeur et le grand mur du c\u00f4t\u00e9 nord. On fit tomber le clocher qui \u00e9tait fortement pench\u00e9 par mesure de s\u00e9curit\u00e9, au moyen de poulies et de cordes. Les travaux de d\u00e9blaiements se poursuivirent et le mur de la fa\u00e7ade et celui c\u00f4t\u00e9 sud furent d\u00e9truits. Le chemin conduisant du Vieil Aulnoye \u00e0 Pont-sur-Sambre fut \u00e9largi en 1920 passant sur l\u2019emplacement de l\u2019\u00e9glise disparue et la fontaine fut ass\u00e9ch\u00e9e.<\/p>\n","protected":false},"excerpt":{"rendered":"<p>La Grande Fontaine d\u2019Aulnoye se situait pr\u00e8s de la Sambre et une autre fontaine toute proche se dressait en face de l\u2019\u00e9glise qui avait \u00e9t\u00e9 reb\u00e2tie en 1747. Elles disparurent toutes les deux comme l&rsquo;\u00e9glise d&rsquo;ailleurs. Un arr\u00eat\u00e9 municipal du maire D\u00e9sir\u00e9 DEROYER, en date du 17 juin 1909, signifiait \u00e0 l&rsquo;abb\u00e9 PROUST, cur\u00e9 d&rsquo;Aulnoye, &hellip; <a href=\"https:\/\/patrimoine-avesnois.fr\/fontaines\/aulnoye-aymeries-et-ses-2-fontaines-disparues\/\" class=\"more-link\">Continuer la lecture<span class=\"screen-reader-text\"> de &laquo;&nbsp;Aulnoye-Aymeries et ses 2 fontaines disparues&nbsp;&raquo;<\/span><\/a><\/p>\n","protected":false},"author":2,"featured_media":0,"parent":0,"menu_order":0,"comment_status":"closed","ping_status":"closed","template":"","meta":{"footnotes":""},"class_list":["post-33","page","type-page","status-publish","hentry"],"jetpack_sharing_enabled":true,"_links":{"self":[{"href":"https:\/\/patrimoine-avesnois.fr\/fontaines\/wp-json\/wp\/v2\/pages\/33","targetHints":{"allow":["GET"]}}],"collection":[{"href":"https:\/\/patrimoine-avesnois.fr\/fontaines\/wp-json\/wp\/v2\/pages"}],"about":[{"href":"https:\/\/patrimoine-avesnois.fr\/fontaines\/wp-json\/wp\/v2\/types\/page"}],"author":[{"embeddable":true,"href":"https:\/\/patrimoine-avesnois.fr\/fontaines\/wp-json\/wp\/v2\/users\/2"}],"replies":[{"embeddable":true,"href":"https:\/\/patrimoine-avesnois.fr\/fontaines\/wp-json\/wp\/v2\/comments?post=33"}],"version-history":[{"count":4,"href":"https:\/\/patrimoine-avesnois.fr\/fontaines\/wp-json\/wp\/v2\/pages\/33\/revisions"}],"predecessor-version":[{"id":1842,"href":"https:\/\/patrimoine-avesnois.fr\/fontaines\/wp-json\/wp\/v2\/pages\/33\/revisions\/1842"}],"wp:attachment":[{"href":"https:\/\/patrimoine-avesnois.fr\/fontaines\/wp-json\/wp\/v2\/media?parent=33"}],"curies":[{"name":"wp","href":"https:\/\/api.w.org\/{rel}","templated":true}]}}