{"id":330,"date":"2021-07-02T15:00:58","date_gmt":"2021-07-02T13:00:58","guid":{"rendered":"https:\/\/patrimoine-avesnois.fr\/fontaines\/?page_id=330"},"modified":"2021-10-06T10:39:28","modified_gmt":"2021-10-06T08:39:28","slug":"maroilles-la-fontaine-st-hubert-la-fontaine-du-gouffre-et-lancienne-fontaine-briatte","status":"publish","type":"page","link":"https:\/\/patrimoine-avesnois.fr\/fontaines\/maroilles-la-fontaine-st-hubert-la-fontaine-du-gouffre-et-lancienne-fontaine-briatte\/","title":{"rendered":"Maroilles : la fontaine St Hubert, la fontaine de la Place de l&rsquo;Eglise, la pompe \u00e0 eau du Gouffre et l&rsquo;ancienne fontaine Briatte"},"content":{"rendered":"\n<div class=\"wp-block-image\"><figure class=\"aligncenter size-full\"><img data-recalc-dims=\"1\" loading=\"lazy\" decoding=\"async\" width=\"839\" height=\"628\" src=\"https:\/\/i0.wp.com\/patrimoine-avesnois.fr\/fontaines\/wp-content\/uploads\/2021\/07\/Fontaine-Saint-Humbert-a-Maroilles.webp?resize=839%2C628&#038;ssl=1\" alt=\"\" class=\"wp-image-906\" srcset=\"https:\/\/i0.wp.com\/patrimoine-avesnois.fr\/fontaines\/wp-content\/uploads\/2021\/07\/Fontaine-Saint-Humbert-a-Maroilles.webp?w=839&amp;ssl=1 839w, https:\/\/i0.wp.com\/patrimoine-avesnois.fr\/fontaines\/wp-content\/uploads\/2021\/07\/Fontaine-Saint-Humbert-a-Maroilles.webp?resize=300%2C225&amp;ssl=1 300w, https:\/\/i0.wp.com\/patrimoine-avesnois.fr\/fontaines\/wp-content\/uploads\/2021\/07\/Fontaine-Saint-Humbert-a-Maroilles.webp?resize=768%2C575&amp;ssl=1 768w\" sizes=\"auto, (max-width: 839px) 85vw, 839px\" \/><figcaption>Fontaine Saint-Humbert \u00e0 Maroilles <a href=\"https:\/\/www.google.fr\/maps\/@50.1377681,3.7634808,3a,62.1y,113.01h,73.5t\/data=!3m6!1e1!3m4!1skUYWs3n2hGiPgPLB-lBA6g!2e0!7i16384!8i8192\" target=\"_blank\" rel=\"noreferrer noopener\">Rue des Juifs<\/a><\/figcaption><\/figure><\/div>\n\n\n\n<div class=\"wp-block-image\"><figure class=\"aligncenter\"><img decoding=\"async\" src=\"https:\/\/i1.wp.com\/patrimoine-avesnois.fr\/chemin\/wp-content\/uploads\/2021\/06\/image-186.png?w=840\" alt=\"\" class=\"wp-image-13960\"\/><\/figure><\/div>\n\n\n\n<p>Notre Pr\u00e9sident M. Duvaux nous lit ensuite une notice sur le P\u00e9lerinage de St-Humbert \u00e0 Maroilles. Ce saint, fondateur de l&rsquo;Abbaye, \u00e9tait invoqu\u00e9 comme St-Hubert d&rsquo;Ardenne pour la gu\u00e9rison de la rage \u2014 un r\u00e9gime tr\u00e8s d\u00e9taill\u00e9 \u00e9tait impos\u00e9 pendant 9 jours aux personnes mordues \u2014 le traitement curatif consistait simplement dans le lavage quotidien de la morsure dans l&rsquo;eau de la fontaine St-Humbert situ\u00e9e au centre de la commune et une application sur la morsure d&rsquo;un linge imbib\u00e9 d&rsquo;eau de cette fontaine. Les pri\u00e8res et l&rsquo;observance de la r\u00e8gle pendant ces 9 jours faisait le reste. Cette fontaine \u00e9tait le point de d\u00e9part de la procession des p\u00e8lerins qui venaient -chaque ann\u00e9e le 6 Septembre invoquer le Saint ou le remercier de les avoir gu\u00e9ris. Les gu\u00e9risons \u00e9taient inscrites sur un registre de l&rsquo;Abbaye dont M. Duvaux montre quelques feuillets, sauv\u00e9s lors de la R\u00e9volution par une famille de Maroilles, ainsi que la bulle du Pape Alexandre VII, du 10 D\u00e9cembre 1666, qui conc\u00e8de des indulgences aux p\u00e8lerins et o\u00f9 on trouve les renseignements ci-dessus.<\/p>\n\n\n\n<p>Source : M\u00e9moires de la Soci\u00e9t\u00e9 Arch\u00e9ologique et Historique de l&rsquo;arrondissement d&rsquo;Avesnes Tome XII 1929 <\/p>\n\n\n\n<p class=\"has-text-align-center\">***<\/p>\n\n\n\n<div class=\"wp-block-image\"><figure class=\"aligncenter size-large is-resized\"><img data-recalc-dims=\"1\" loading=\"lazy\" decoding=\"async\" src=\"https:\/\/i0.wp.com\/patrimoine-avesnois.fr\/fontaines\/wp-content\/uploads\/2021\/07\/Fontaine-de-la-Place-Maroilles.jpg?resize=840%2C630&#038;ssl=1\" alt=\"\" class=\"wp-image-1166\" width=\"840\" height=\"630\" srcset=\"https:\/\/i0.wp.com\/patrimoine-avesnois.fr\/fontaines\/wp-content\/uploads\/2021\/07\/Fontaine-de-la-Place-Maroilles.jpg?resize=1024%2C768&amp;ssl=1 1024w, https:\/\/i0.wp.com\/patrimoine-avesnois.fr\/fontaines\/wp-content\/uploads\/2021\/07\/Fontaine-de-la-Place-Maroilles.jpg?resize=300%2C225&amp;ssl=1 300w, https:\/\/i0.wp.com\/patrimoine-avesnois.fr\/fontaines\/wp-content\/uploads\/2021\/07\/Fontaine-de-la-Place-Maroilles.jpg?resize=768%2C576&amp;ssl=1 768w, https:\/\/i0.wp.com\/patrimoine-avesnois.fr\/fontaines\/wp-content\/uploads\/2021\/07\/Fontaine-de-la-Place-Maroilles.jpg?resize=1200%2C900&amp;ssl=1 1200w, https:\/\/i0.wp.com\/patrimoine-avesnois.fr\/fontaines\/wp-content\/uploads\/2021\/07\/Fontaine-de-la-Place-Maroilles.jpg?w=1314&amp;ssl=1 1314w\" sizes=\"auto, (max-width: 709px) 85vw, (max-width: 909px) 67vw, (max-width: 1362px) 62vw, 840px\" \/><figcaption>La Fontaine de la Place de l&rsquo;Eglise Maroilles<\/figcaption><\/figure><\/div>\n\n\n\n<p class=\"has-text-align-center\">***<\/p>\n\n\n\n<div class=\"wp-block-image\"><figure class=\"aligncenter size-full\"><img data-recalc-dims=\"1\" loading=\"lazy\" decoding=\"async\" width=\"840\" height=\"627\" src=\"https:\/\/i0.wp.com\/patrimoine-avesnois.fr\/fontaines\/wp-content\/uploads\/2021\/07\/Pompe-a-eau-Lieu-dit-Le-Gouffre-MAROILLES.webp?resize=840%2C627&#038;ssl=1\" alt=\"\" class=\"wp-image-908\" srcset=\"https:\/\/i0.wp.com\/patrimoine-avesnois.fr\/fontaines\/wp-content\/uploads\/2021\/07\/Pompe-a-eau-Lieu-dit-Le-Gouffre-MAROILLES.webp?w=840&amp;ssl=1 840w, https:\/\/i0.wp.com\/patrimoine-avesnois.fr\/fontaines\/wp-content\/uploads\/2021\/07\/Pompe-a-eau-Lieu-dit-Le-Gouffre-MAROILLES.webp?resize=300%2C224&amp;ssl=1 300w, https:\/\/i0.wp.com\/patrimoine-avesnois.fr\/fontaines\/wp-content\/uploads\/2021\/07\/Pompe-a-eau-Lieu-dit-Le-Gouffre-MAROILLES.webp?resize=768%2C573&amp;ssl=1 768w\" sizes=\"auto, (max-width: 709px) 85vw, (max-width: 909px) 67vw, (max-width: 1362px) 62vw, 840px\" \/><figcaption>Pompe \u00e0 eau Lieu-dit Le Gouffre <a rel=\"noreferrer noopener\" href=\"https:\/\/www.google.fr\/maps\/@50.1319496,3.7592568,3a,75y,251.63h,73.92t\/data=!3m6!1e1!3m4!1shRQFpfmyu6lSAw6wiLhaUg!2e0!7i16384!8i8192\" target=\"_blank\">Rue de la Basse<\/a><\/figcaption><\/figure><\/div>\n\n\n\n<div class=\"wp-block-image\"><figure class=\"aligncenter\"><img decoding=\"async\" src=\"https:\/\/i0.wp.com\/patrimoine-avesnois.fr\/chemin\/wp-content\/uploads\/2021\/06\/image-190.png?fit=840%2C600\" alt=\"\" class=\"wp-image-13965\"\/><figcaption>Pompe \u00e0 eau en pleine action<\/figcaption><\/figure><\/div>\n\n\n\n<p class=\"has-text-align-center\">***<\/p>\n\n\n\n<div class=\"wp-block-image\"><figure class=\"aligncenter\"><img decoding=\"async\" src=\"https:\/\/i1.wp.com\/patrimoine-avesnois.fr\/chemin\/wp-content\/uploads\/2021\/06\/image-192.png?w=840\" alt=\"\" class=\"wp-image-13971\"\/><figcaption>Maroilles Cadastre 1831 ADN P 31 \/ 741<\/figcaption><\/figure><\/div>\n\n\n\n<div class=\"wp-block-image\"><figure class=\"aligncenter\"><img decoding=\"async\" src=\"https:\/\/i0.wp.com\/patrimoine-avesnois.fr\/chemin\/wp-content\/uploads\/2021\/06\/CapturJPG.jpg?resize=645%2C484\" alt=\"\" class=\"wp-image-13967\"\/><figcaption>Fontaine Briatte Maroilles Cadastre 1933 ADN P 31 \/ 741 <a href=\"https:\/\/archivesdepartementales.lenord.fr\/ark:\/33518\/f2sqpjvt51k6\/ca47832a-f706-492b-b810-22f2876ec87b\" target=\"_blank\" rel=\"noreferrer noopener\">Vue 23\/38<\/a><\/figcaption><\/figure><\/div>\n\n\n\n<div class=\"wp-block-image\"><figure class=\"aligncenter size-full is-resized\"><img data-recalc-dims=\"1\" loading=\"lazy\" decoding=\"async\" src=\"https:\/\/i0.wp.com\/patrimoine-avesnois.fr\/fontaines\/wp-content\/uploads\/2021\/07\/Fontaine-Briatte-MAROILLES.webp?resize=840%2C628&#038;ssl=1\" alt=\"\" class=\"wp-image-909\" width=\"840\" height=\"628\"\/><figcaption>Fontaine Briatte : elle se trouvait au pied de ce pylone \u00e9lectrique.<a href=\"https:\/\/www.google.fr\/maps\/@50.1384597,3.7503878,3a,75y,0.97h,81.3t\/data=!3m6!1e1!3m4!1sJP-aG8wsagC6re36ke_DQQ!2e0!7i16384!8i8192\" target=\"_blank\" rel=\"noreferrer noopener\"> Rue du Lieutenant<\/a><\/figcaption><\/figure><\/div>\n\n\n\n<p>La Fontaine Briatte du nom de son propri\u00e9taire \u00e9tait au bord de la Rue du Lieutenant en direction du Moulin des Pr\u00e8s. Elle \u00e9tait aliment\u00e9e par le ruisseau de la Fontaine Monbersart dont la source se situait 300 m\u00e8tres au nord selon le cadastre de la commune de 1831.<\/p>\n","protected":false},"excerpt":{"rendered":"<p>Notre Pr\u00e9sident M. Duvaux nous lit ensuite une notice sur le P\u00e9lerinage de St-Humbert \u00e0 Maroilles. Ce saint, fondateur de l&rsquo;Abbaye, \u00e9tait invoqu\u00e9 comme St-Hubert d&rsquo;Ardenne pour la gu\u00e9rison de la rage \u2014 un r\u00e9gime tr\u00e8s d\u00e9taill\u00e9 \u00e9tait impos\u00e9 pendant 9 jours aux personnes mordues \u2014 le traitement curatif consistait simplement dans le lavage quotidien &hellip; <a href=\"https:\/\/patrimoine-avesnois.fr\/fontaines\/maroilles-la-fontaine-st-hubert-la-fontaine-du-gouffre-et-lancienne-fontaine-briatte\/\" class=\"more-link\">Continuer la lecture<span class=\"screen-reader-text\"> de &laquo;&nbsp;Maroilles : la fontaine St Hubert, la fontaine de la Place de l&rsquo;Eglise, la pompe \u00e0 eau du Gouffre et l&rsquo;ancienne fontaine Briatte&nbsp;&raquo;<\/span><\/a><\/p>\n","protected":false},"author":2,"featured_media":0,"parent":0,"menu_order":0,"comment_status":"closed","ping_status":"closed","template":"","meta":{"footnotes":""},"class_list":["post-330","page","type-page","status-publish","hentry"],"jetpack_sharing_enabled":true,"_links":{"self":[{"href":"https:\/\/patrimoine-avesnois.fr\/fontaines\/wp-json\/wp\/v2\/pages\/330","targetHints":{"allow":["GET"]}}],"collection":[{"href":"https:\/\/patrimoine-avesnois.fr\/fontaines\/wp-json\/wp\/v2\/pages"}],"about":[{"href":"https:\/\/patrimoine-avesnois.fr\/fontaines\/wp-json\/wp\/v2\/types\/page"}],"author":[{"embeddable":true,"href":"https:\/\/patrimoine-avesnois.fr\/fontaines\/wp-json\/wp\/v2\/users\/2"}],"replies":[{"embeddable":true,"href":"https:\/\/patrimoine-avesnois.fr\/fontaines\/wp-json\/wp\/v2\/comments?post=330"}],"version-history":[{"count":6,"href":"https:\/\/patrimoine-avesnois.fr\/fontaines\/wp-json\/wp\/v2\/pages\/330\/revisions"}],"predecessor-version":[{"id":1417,"href":"https:\/\/patrimoine-avesnois.fr\/fontaines\/wp-json\/wp\/v2\/pages\/330\/revisions\/1417"}],"wp:attachment":[{"href":"https:\/\/patrimoine-avesnois.fr\/fontaines\/wp-json\/wp\/v2\/media?parent=330"}],"curies":[{"name":"wp","href":"https:\/\/api.w.org\/{rel}","templated":true}]}}