{"id":333,"date":"2021-07-06T12:21:48","date_gmt":"2021-07-06T10:21:48","guid":{"rendered":"https:\/\/patrimoine-avesnois.fr\/fontaines\/?page_id=333"},"modified":"2022-01-26T12:28:09","modified_gmt":"2022-01-26T11:28:09","slug":"maubeuge-et-ses-cinq-fontaines","status":"publish","type":"page","link":"https:\/\/patrimoine-avesnois.fr\/fontaines\/maubeuge-et-ses-cinq-fontaines\/","title":{"rendered":"Maubeuge et ses cinq fontaines"},"content":{"rendered":"\n<p>PAGE EN COURS<\/p>\n\n\n\n<p>La ville du Clair de Lune poss\u00e8de \u00e0 elle seule cinq fontaines, mais deux sont actuellement en fonctionnement, au rond-point Mabuse, et place de l\u2019H\u00f4tel-de-Ville.<\/p>\n\n\n\n<div class=\"wp-block-image\"><figure class=\"aligncenter is-resized\"><img loading=\"lazy\" decoding=\"async\" src=\"https:\/\/i1.wp.com\/patrimoine-avesnois.fr\/chemin\/wp-content\/uploads\/2021\/07\/Fontaine-Mabuse-1.jpg?fit=840%2C541\" alt=\"\" class=\"wp-image-13978\" width=\"730\" height=\"470\"\/><figcaption>Fontaine Maubeuge <a href=\"https:\/\/www.google.fr\/maps\/@50.2769488,3.973433,3a,75y,105.59h,86.32t\/data=!3m6!1e1!3m4!1sRkEJilXbFw_Q7MDYQH8_Cg!2e0!7i16384!8i8192\" target=\"_blank\" rel=\"noreferrer noopener\">Place Jean Mabuse<\/a><\/figcaption><\/figure><\/div>\n\n\n\n<div class=\"wp-block-image\"><figure class=\"aligncenter size-full is-resized\"><img data-recalc-dims=\"1\" loading=\"lazy\" decoding=\"async\" src=\"https:\/\/i0.wp.com\/patrimoine-avesnois.fr\/fontaines\/wp-content\/uploads\/2021\/07\/Fontaine-Maubuge-Place-Vauban.png?resize=730%2C482&#038;ssl=1\" alt=\"\" class=\"wp-image-911\" width=\"730\" height=\"482\" srcset=\"https:\/\/i0.wp.com\/patrimoine-avesnois.fr\/fontaines\/wp-content\/uploads\/2021\/07\/Fontaine-Maubuge-Place-Vauban.png?w=1024&amp;ssl=1 1024w, https:\/\/i0.wp.com\/patrimoine-avesnois.fr\/fontaines\/wp-content\/uploads\/2021\/07\/Fontaine-Maubuge-Place-Vauban.png?resize=300%2C198&amp;ssl=1 300w, https:\/\/i0.wp.com\/patrimoine-avesnois.fr\/fontaines\/wp-content\/uploads\/2021\/07\/Fontaine-Maubuge-Place-Vauban.png?resize=768%2C507&amp;ssl=1 768w\" sizes=\"auto, (max-width: 730px) 85vw, 730px\" \/><figcaption>Fontaine Maubeuge : Porte de Mons <a rel=\"noreferrer noopener\" href=\"https:\/\/www.google.fr\/maps\/@50.2798225,3.9745477,3a,75y,332.18h,82.28t\/data=!3m6!1e1!3m4!1s74xpmk6EN9Ys_0sk-GX87A!2e0!7i16384!8i8192\" data-type=\"URL\" data-id=\"https:\/\/www.google.fr\/maps\/@50.2798225,3.9745477,3a,75y,332.18h,82.28t\/data=!3m6!1e1!3m4!1s74xpmk6EN9Ys_0sk-GX87A!2e0!7i16384!8i8192\" target=\"_blank\">Place Vauban<\/a><\/figcaption><\/figure><\/div>\n\n\n\n<p class=\"has-text-align-center\"><strong>Anciennes fontaines<\/strong> <strong>et ancien abreuvoir<\/strong><\/p>\n\n\n\n<div class=\"wp-block-image\"><figure class=\"aligncenter size-large is-resized\"><img data-recalc-dims=\"1\" loading=\"lazy\" decoding=\"async\" src=\"https:\/\/i0.wp.com\/patrimoine-avesnois.fr\/fontaines\/wp-content\/uploads\/2022\/01\/Fontaine-du-Pont.jpg?resize=690%2C434&#038;ssl=1\" alt=\"\" class=\"wp-image-1707\" width=\"690\" height=\"434\" srcset=\"https:\/\/i0.wp.com\/patrimoine-avesnois.fr\/fontaines\/wp-content\/uploads\/2022\/01\/Fontaine-du-Pont.jpg?resize=1024%2C644&amp;ssl=1 1024w, https:\/\/i0.wp.com\/patrimoine-avesnois.fr\/fontaines\/wp-content\/uploads\/2022\/01\/Fontaine-du-Pont.jpg?resize=300%2C189&amp;ssl=1 300w, https:\/\/i0.wp.com\/patrimoine-avesnois.fr\/fontaines\/wp-content\/uploads\/2022\/01\/Fontaine-du-Pont.jpg?resize=768%2C483&amp;ssl=1 768w, https:\/\/i0.wp.com\/patrimoine-avesnois.fr\/fontaines\/wp-content\/uploads\/2022\/01\/Fontaine-du-Pont.jpg?w=1090&amp;ssl=1 1090w\" sizes=\"auto, (max-width: 690px) 85vw, 690px\" \/><figcaption>Fontaine du Jardin du Pont du Moulin<\/figcaption><\/figure><\/div>\n\n\n\n<div class=\"wp-block-image\"><figure class=\"aligncenter is-resized\"><img data-recalc-dims=\"1\" loading=\"lazy\" decoding=\"async\" src=\"https:\/\/i0.wp.com\/patrimoine-avesnois.fr\/fontaines\/wp-content\/uploads\/2021\/07\/image-33.png?resize=690%2C442&#038;ssl=1\" alt=\"L\u2019attribut alt de cette image est vide, son nom de fichier est image-33.png.\" width=\"690\" height=\"442\"\/><figcaption>Maubeuge : la fontaine du Square du Pont Neuf<\/figcaption><\/figure><\/div>\n\n\n\n<p>Une fontaine repr\u00e9sentant une figurine nue tenant le canon d\u2019un jet d\u2019eau \u00e9tait install\u00e9e au sein de ce square situ\u00e9 \u00e0 proximit\u00e9 du Pont du Moulin. Celui ci fut dynamit\u00e9 le 7 novembre 1918. Appel\u00e9 apr\u00e8s sa reconstruction le pont Neuf, il enjambe la Sambre et relie l&rsquo;avenue de France \u00e0 la place Jean Mabuse.<\/p>\n\n\n\n<p class=\"has-text-align-center\">***<\/p>\n\n\n\n<div class=\"wp-block-image\"><figure class=\"aligncenter size-full is-resized\"><img data-recalc-dims=\"1\" loading=\"lazy\" decoding=\"async\" src=\"https:\/\/i0.wp.com\/patrimoine-avesnois.fr\/fontaines\/wp-content\/uploads\/2022\/01\/Fontaine-Violaine-ADN-Maubeuge-vue-50.jpg?resize=690%2C494&#038;ssl=1\" alt=\"\" class=\"wp-image-1708\" width=\"690\" height=\"494\" srcset=\"https:\/\/i0.wp.com\/patrimoine-avesnois.fr\/fontaines\/wp-content\/uploads\/2022\/01\/Fontaine-Violaine-ADN-Maubeuge-vue-50.jpg?w=593&amp;ssl=1 593w, https:\/\/i0.wp.com\/patrimoine-avesnois.fr\/fontaines\/wp-content\/uploads\/2022\/01\/Fontaine-Violaine-ADN-Maubeuge-vue-50.jpg?resize=300%2C215&amp;ssl=1 300w\" sizes=\"auto, (max-width: 690px) 85vw, 690px\" \/><figcaption>Fontaine Violaine Cadastre Maubeuge 1889 ADN P 31 \/ 743 <a href=\"https:\/\/archivesdepartementales.lenord.fr\/ark:\/33518\/60rmjhlpb1x3\/d29e1261-8bb9-4e18-b7d6-0580e94067d6\" data-type=\"URL\" data-id=\"https:\/\/archivesdepartementales.lenord.fr\/ark:\/33518\/60rmjhlpb1x3\/d29e1261-8bb9-4e18-b7d6-0580e94067d6\" target=\"_blank\" rel=\"noreferrer noopener\">Vue 50\/71<\/a><\/figcaption><\/figure><\/div>\n\n\n\n<div class=\"wp-block-image\"><figure class=\"aligncenter size-full is-resized\"><img data-recalc-dims=\"1\" loading=\"lazy\" decoding=\"async\" src=\"https:\/\/i0.wp.com\/patrimoine-avesnois.fr\/fontaines\/wp-content\/uploads\/2022\/01\/Fontaine-Violaine.jpg?resize=690%2C492&#038;ssl=1\" alt=\"\" class=\"wp-image-1709\" width=\"690\" height=\"492\" srcset=\"https:\/\/i0.wp.com\/patrimoine-avesnois.fr\/fontaines\/wp-content\/uploads\/2022\/01\/Fontaine-Violaine.jpg?w=600&amp;ssl=1 600w, https:\/\/i0.wp.com\/patrimoine-avesnois.fr\/fontaines\/wp-content\/uploads\/2022\/01\/Fontaine-Violaine.jpg?resize=300%2C215&amp;ssl=1 300w\" sizes=\"auto, (max-width: 690px) 85vw, 690px\" \/><figcaption>Emplacement de l&rsquo;ancienne fontaine Violaine Photo satellite <a rel=\"noreferrer noopener\" href=\"https:\/\/www.google.fr\/maps\/place\/59600+Maubeuge\/@50.2846212,3.9768414,117m\/data=!3m1!1e3!4m5!3m4!1s0x47c2429dcd7d7533:0x40af13e81646100!8m2!3d50.280228!4d3.9674\" data-type=\"URL\" data-id=\"https:\/\/www.google.fr\/maps\/place\/59600+Maubeuge\/@50.2846212,3.9768414,117m\/data=!3m1!1e3!4m5!3m4!1s0x47c2429dcd7d7533:0x40af13e81646100!8m2!3d50.280228!4d3.9674\" target=\"_blank\">Google Maps 2022<\/a><\/figcaption><\/figure><\/div>\n\n\n\n<p>La fontaine Violaine disparut vers 1965.<\/p>\n\n\n\n<p class=\"has-text-align-center\">***<\/p>\n\n\n\n<div class=\"wp-block-image\"><figure class=\"aligncenter is-resized\"><img data-recalc-dims=\"1\" loading=\"lazy\" decoding=\"async\" src=\"https:\/\/i0.wp.com\/patrimoine-avesnois.fr\/fontaines\/wp-content\/uploads\/2021\/07\/image-30.png?resize=713%2C457&#038;ssl=1\" alt=\"L\u2019attribut alt de cette image est vide, son nom de fichier est image-30.png.\" width=\"713\" height=\"457\"\/><figcaption>Pont Allant La Fontaine<\/figcaption><\/figure><\/div>\n\n\n\n<p>La fontaine ni la ruelle du m\u00eame nom au Pont Allant n&rsquo;existe plus. Elle d\u00e9bouchait pr\u00e8s de l&rsquo;abreuvoir sur le chemin de grande communication N\u00b0 28 de Binche \u00e0 Maubeuge devenu la route d&rsquo;Elesmes.<\/p>\n\n\n\n<p class=\"has-text-align-center\">***<\/p>\n\n\n\n<div class=\"wp-block-image\"><figure class=\"aligncenter size-full is-resized\"><img data-recalc-dims=\"1\" loading=\"lazy\" decoding=\"async\" src=\"https:\/\/i0.wp.com\/patrimoine-avesnois.fr\/fontaines\/wp-content\/uploads\/2022\/01\/image-16.png?resize=700%2C500&#038;ssl=1\" alt=\"\" class=\"wp-image-1716\" width=\"700\" height=\"500\" srcset=\"https:\/\/i0.wp.com\/patrimoine-avesnois.fr\/fontaines\/wp-content\/uploads\/2022\/01\/image-16.png?w=623&amp;ssl=1 623w, https:\/\/i0.wp.com\/patrimoine-avesnois.fr\/fontaines\/wp-content\/uploads\/2022\/01\/image-16.png?resize=300%2C215&amp;ssl=1 300w\" sizes=\"auto, (max-width: 700px) 85vw, 700px\" \/><figcaption>Abreuvoir   Cadastre Maubeuge 1889 ADN P 31 \/ 743 <a rel=\"noreferrer noopener\" href=\"https:\/\/archivesdepartementales.lenord.fr\/ark:\/33518\/60rmjhlpb1x3\/d29e1261-8bb9-4e18-b7d6-0580e94067d6\" data-type=\"URL\" data-id=\"https:\/\/archivesdepartementales.lenord.fr\/ark:\/33518\/60rmjhlpb1x3\/d29e1261-8bb9-4e18-b7d6-0580e94067d6\" target=\"_blank\">Vue 50\/71<\/a> <\/figcaption><\/figure><\/div>\n\n\n\n<div class=\"wp-block-image\"><figure class=\"aligncenter size-full is-resized\"><img data-recalc-dims=\"1\" loading=\"lazy\" decoding=\"async\" src=\"https:\/\/i0.wp.com\/patrimoine-avesnois.fr\/fontaines\/wp-content\/uploads\/2022\/01\/image-17.png?resize=700%2C476&#038;ssl=1\" alt=\"\" class=\"wp-image-1717\" width=\"700\" height=\"476\" srcset=\"https:\/\/i0.wp.com\/patrimoine-avesnois.fr\/fontaines\/wp-content\/uploads\/2022\/01\/image-17.png?w=825&amp;ssl=1 825w, https:\/\/i0.wp.com\/patrimoine-avesnois.fr\/fontaines\/wp-content\/uploads\/2022\/01\/image-17.png?resize=300%2C204&amp;ssl=1 300w, https:\/\/i0.wp.com\/patrimoine-avesnois.fr\/fontaines\/wp-content\/uploads\/2022\/01\/image-17.png?resize=768%2C522&amp;ssl=1 768w\" sizes=\"auto, (max-width: 700px) 85vw, 700px\" \/><figcaption>Emplacement de l&rsquo;ancien abreuvoir <a href=\"https:\/\/www.google.fr\/maps\/@50.2844951,3.9787809,3a,37.5y,279.87h,83.96t\/data=!3m6!1e1!3m4!1sJ_p7gs_a5obixVDK9_XH4w!2e0!7i16384!8i8192\" data-type=\"URL\" data-id=\"https:\/\/www.google.fr\/maps\/@50.2844951,3.9787809,3a,37.5y,279.87h,83.96t\/data=!3m6!1e1!3m4!1sJ_p7gs_a5obixVDK9_XH4w!2e0!7i16384!8i8192\" target=\"_blank\" rel=\"noreferrer noopener\">Route d&rsquo;Elesmes<\/a><\/figcaption><\/figure><\/div>\n\n\n\n<p>L&rsquo;abreuvoir \u00e9tait aliment\u00e9 par les eaux du Ruisseau du Bois Brul\u00e9 qui porte de nos jours le nom de ruisseau de La Pisselotte.<\/p>\n","protected":false},"excerpt":{"rendered":"<p>PAGE EN COURS La ville du Clair de Lune poss\u00e8de \u00e0 elle seule cinq fontaines, mais deux sont actuellement en fonctionnement, au rond-point Mabuse, et place de l\u2019H\u00f4tel-de-Ville. Anciennes fontaines et ancien abreuvoir Une fontaine repr\u00e9sentant une figurine nue tenant le canon d\u2019un jet d\u2019eau \u00e9tait install\u00e9e au sein de ce square situ\u00e9 \u00e0 proximit\u00e9 &hellip; <a href=\"https:\/\/patrimoine-avesnois.fr\/fontaines\/maubeuge-et-ses-cinq-fontaines\/\" class=\"more-link\">Continuer la lecture<span class=\"screen-reader-text\"> de &laquo;&nbsp;Maubeuge et ses cinq fontaines&nbsp;&raquo;<\/span><\/a><\/p>\n","protected":false},"author":2,"featured_media":0,"parent":0,"menu_order":0,"comment_status":"closed","ping_status":"closed","template":"","meta":{"footnotes":""},"class_list":["post-333","page","type-page","status-publish","hentry"],"jetpack_sharing_enabled":true,"_links":{"self":[{"href":"https:\/\/patrimoine-avesnois.fr\/fontaines\/wp-json\/wp\/v2\/pages\/333","targetHints":{"allow":["GET"]}}],"collection":[{"href":"https:\/\/patrimoine-avesnois.fr\/fontaines\/wp-json\/wp\/v2\/pages"}],"about":[{"href":"https:\/\/patrimoine-avesnois.fr\/fontaines\/wp-json\/wp\/v2\/types\/page"}],"author":[{"embeddable":true,"href":"https:\/\/patrimoine-avesnois.fr\/fontaines\/wp-json\/wp\/v2\/users\/2"}],"replies":[{"embeddable":true,"href":"https:\/\/patrimoine-avesnois.fr\/fontaines\/wp-json\/wp\/v2\/comments?post=333"}],"version-history":[{"count":16,"href":"https:\/\/patrimoine-avesnois.fr\/fontaines\/wp-json\/wp\/v2\/pages\/333\/revisions"}],"predecessor-version":[{"id":1725,"href":"https:\/\/patrimoine-avesnois.fr\/fontaines\/wp-json\/wp\/v2\/pages\/333\/revisions\/1725"}],"wp:attachment":[{"href":"https:\/\/patrimoine-avesnois.fr\/fontaines\/wp-json\/wp\/v2\/media?parent=333"}],"curies":[{"name":"wp","href":"https:\/\/api.w.org\/{rel}","templated":true}]}}