{"id":350,"date":"2021-07-06T12:44:09","date_gmt":"2021-07-06T10:44:09","guid":{"rendered":"https:\/\/patrimoine-avesnois.fr\/fontaines\/?page_id=350"},"modified":"2021-07-27T08:43:21","modified_gmt":"2021-07-27T06:43:21","slug":"ohain-un-abreuvoir-retrouve-a-deplacer","status":"publish","type":"page","link":"https:\/\/patrimoine-avesnois.fr\/fontaines\/ohain-un-abreuvoir-retrouve-a-deplacer\/","title":{"rendered":"Ohain : un abreuvoir retrouv\u00e9 \u00e0 d\u00e9placer"},"content":{"rendered":"\n<div class=\"wp-block-image\"><figure class=\"aligncenter\"><img decoding=\"async\" src=\"https:\/\/i0.wp.com\/patrimoine-avesnois.fr\/chemin\/wp-content\/uploads\/2021\/07\/Abreuvoir-15.jpg?resize=603%2C452\" alt=\"\" class=\"wp-image-14016\"\/><figcaption>Abreuvoir Place Publique Cadastre Ohain 1883 ADN P 31 \/ 752<a href=\"https:\/\/archivesdepartementales.lenord.fr\/ark:\/33518\/kdtgvzpjcq6h\/dc499228-b64e-4748-b379-e908a99ec7a1\" target=\"_blank\" rel=\"noreferrer noopener\"> Vue 15\/25<\/a><\/figcaption><\/figure><\/div>\n\n\n\n<div class=\"wp-block-image\"><figure class=\"aligncenter size-full\"><img data-recalc-dims=\"1\" loading=\"lazy\" decoding=\"async\" width=\"653\" height=\"490\" src=\"https:\/\/i0.wp.com\/patrimoine-avesnois.fr\/fontaines\/wp-content\/uploads\/2021\/07\/abreuvoir-Ohain-2.webp?resize=653%2C490&#038;ssl=1\" alt=\"\" class=\"wp-image-936\" srcset=\"https:\/\/i0.wp.com\/patrimoine-avesnois.fr\/fontaines\/wp-content\/uploads\/2021\/07\/abreuvoir-Ohain-2.webp?w=653&amp;ssl=1 653w, https:\/\/i0.wp.com\/patrimoine-avesnois.fr\/fontaines\/wp-content\/uploads\/2021\/07\/abreuvoir-Ohain-2.webp?resize=300%2C225&amp;ssl=1 300w\" sizes=\"auto, (max-width: 653px) 85vw, 653px\" \/><figcaption>l\u2019\u00e9gayoir en forme de fer \u00e0 cheval de 12 m sur 5<\/figcaption><\/figure><\/div>\n\n\n\n<div class=\"wp-block-image\"><figure class=\"aligncenter size-full\"><img data-recalc-dims=\"1\" loading=\"lazy\" decoding=\"async\" width=\"653\" height=\"367\" src=\"https:\/\/i0.wp.com\/patrimoine-avesnois.fr\/fontaines\/wp-content\/uploads\/2021\/07\/Abreuvoir-Ohain.webp?resize=653%2C367&#038;ssl=1\" alt=\"\" class=\"wp-image-934\" srcset=\"https:\/\/i0.wp.com\/patrimoine-avesnois.fr\/fontaines\/wp-content\/uploads\/2021\/07\/Abreuvoir-Ohain.webp?w=653&amp;ssl=1 653w, https:\/\/i0.wp.com\/patrimoine-avesnois.fr\/fontaines\/wp-content\/uploads\/2021\/07\/Abreuvoir-Ohain.webp?resize=300%2C169&amp;ssl=1 300w\" sizes=\"auto, (max-width: 653px) 85vw, 653px\" \/><figcaption>Avec l\u2019extension de la zone artisanale\u2026 on a retrouv\u00e9 l\u2019existence de l\u2019\u00e9gayoir communal. <a href=\"https:\/\/www.lavoixdunord.fr\/123728\/article\/2017-02-25\/la-commune-veut-demonter-puis-remonter-son-egayoir\" target=\"_blank\" rel=\"noreferrer noopener\">Photo VDN du 25\/02\/2017<\/a><\/figcaption><\/figure><\/div>\n\n\n\n<p>Un abreuvoir \u00e0 chevaux : un projet en cours<\/p>\n\n\n\n<p>L\u2019\u00e9gayoir ou l\u2019abreuvoir destin\u00e9 aux chevaux est aujourd\u2019hui un \u00e9difice rare dans notre r\u00e9gion et m\u00eame au nord de Paris. Il en existe un \u00e0 Bellignies dans le hameau de Br\u00e9augies (restaur\u00e9 en 2011 par le Parc naturel r\u00e9gional de l\u2019Avesnois) ou encore \u00e0 Beugnies, dans la cours d\u2019une ferme priv\u00e9e.<\/p>\n\n\n\n<p>A Ohain, l\u2019\u00e9gayoir a \u00e9t\u00e9 \u00e9difi\u00e9 en 1833 au centre du village avec des pierres provenant de l\u2019ancien cimeti\u00e8re entourant l\u2019\u00e9glise.&nbsp;Il a \u00e9t\u00e9 partiellement restaur\u00e9 en 1864 puis d\u00e9mont\u00e9 en 1905 suite \u00e0 un drame : un enfant s\u2019y \u00e9tant noy\u00e9. Il fut alors vendu pour \u00eatre reconstruit en dehors du village sur la route de Tr\u00e9lon, dans une p\u00e2ture derri\u00e8re l\u2019actuelle d\u00e9chetterie.<\/p>\n\n\n\n<p>Apr\u00e8s une p\u00e9riode d\u2019oubli, le projet d\u2019extension de la zone artisanale l\u2019a fait red\u00e9couvrir.&nbsp;Pour \u00e9chapper \u00e0 sa destruction, il sera d\u00e9mont\u00e9 puis remont\u00e9 suite \u00e0 la construction d\u2019un b\u00e9guinage qui verra le jour rue des Horbes sur une parcelle de l\u2019ancienne filature.<\/p>\n","protected":false},"excerpt":{"rendered":"<p>Un abreuvoir \u00e0 chevaux : un projet en cours L\u2019\u00e9gayoir ou l\u2019abreuvoir destin\u00e9 aux chevaux est aujourd\u2019hui un \u00e9difice rare dans notre r\u00e9gion et m\u00eame au nord de Paris. Il en existe un \u00e0 Bellignies dans le hameau de Br\u00e9augies (restaur\u00e9 en 2011 par le Parc naturel r\u00e9gional de l\u2019Avesnois) ou encore \u00e0 Beugnies, dans &hellip; <a href=\"https:\/\/patrimoine-avesnois.fr\/fontaines\/ohain-un-abreuvoir-retrouve-a-deplacer\/\" class=\"more-link\">Continuer la lecture<span class=\"screen-reader-text\"> de &laquo;&nbsp;Ohain : un abreuvoir retrouv\u00e9 \u00e0 d\u00e9placer&nbsp;&raquo;<\/span><\/a><\/p>\n","protected":false},"author":2,"featured_media":0,"parent":0,"menu_order":0,"comment_status":"closed","ping_status":"closed","template":"","meta":{"footnotes":""},"class_list":["post-350","page","type-page","status-publish","hentry"],"jetpack_sharing_enabled":true,"_links":{"self":[{"href":"https:\/\/patrimoine-avesnois.fr\/fontaines\/wp-json\/wp\/v2\/pages\/350","targetHints":{"allow":["GET"]}}],"collection":[{"href":"https:\/\/patrimoine-avesnois.fr\/fontaines\/wp-json\/wp\/v2\/pages"}],"about":[{"href":"https:\/\/patrimoine-avesnois.fr\/fontaines\/wp-json\/wp\/v2\/types\/page"}],"author":[{"embeddable":true,"href":"https:\/\/patrimoine-avesnois.fr\/fontaines\/wp-json\/wp\/v2\/users\/2"}],"replies":[{"embeddable":true,"href":"https:\/\/patrimoine-avesnois.fr\/fontaines\/wp-json\/wp\/v2\/comments?post=350"}],"version-history":[{"count":3,"href":"https:\/\/patrimoine-avesnois.fr\/fontaines\/wp-json\/wp\/v2\/pages\/350\/revisions"}],"predecessor-version":[{"id":937,"href":"https:\/\/patrimoine-avesnois.fr\/fontaines\/wp-json\/wp\/v2\/pages\/350\/revisions\/937"}],"wp:attachment":[{"href":"https:\/\/patrimoine-avesnois.fr\/fontaines\/wp-json\/wp\/v2\/media?parent=350"}],"curies":[{"name":"wp","href":"https:\/\/api.w.org\/{rel}","templated":true}]}}