{"id":37,"date":"2021-07-01T17:05:09","date_gmt":"2021-07-01T15:05:09","guid":{"rendered":"https:\/\/patrimoine-avesnois.fr\/fontaines\/?page_id=37"},"modified":"2023-07-07T11:52:31","modified_gmt":"2023-07-07T09:52:31","slug":"avesnes-sur-helpe-un-abreuvoir-et-un-puits","status":"publish","type":"page","link":"https:\/\/patrimoine-avesnois.fr\/fontaines\/avesnes-sur-helpe-un-abreuvoir-et-un-puits\/","title":{"rendered":"Avesnes-sur-Helpe : jadis un abreuvoir et un puits, une fontaine de nos jours place du G\u00e9n\u00e9ral Leclerc"},"content":{"rendered":"\n<p>Il faut tout d&rsquo;abord noter qu&rsquo;en 1540 1541 Philippe II de Cro\u00ff collabora avec la municipalit\u00e9 aux premiers travaux d&rsquo;adduction d&rsquo;eau potable \u00e0 Avesnes. Il s&rsquo;agissait d&rsquo;amener dans un vaste r\u00e9servoir situ\u00e9 sur la Grand&rsquo; Place les eaux de la source du Fourmanoir \u00e0 Avesnelles. On utilisa pour ce faire des \u00a0\u00ab buses \u00bb ou tuyaux en bois de ch\u00eane, cercl\u00e9s de fer. Le Prince de Chimay fournit le bois n\u00e9cessaire pris dans ses propri\u00e9t\u00e9s de la Haie d&rsquo;Avesnes. La direction des travaux  fut confi\u00e9e \u00e0 un \u00a0\u00ab maitre des fontaines \u00bb de Namur, Jean le Masson. Les conduits passaient sous les remparts de la porte de France, \u00e0 l&rsquo;endroit que l&rsquo;on appelait le \u00ab boulevard Furieux \u00bb. Ce rempart qui reliait la porte de France \u00e0 la porte Cambr\u00e9sienne suivait approximativement le trac\u00e9 de l&rsquo;actuelle rue des Crapauds. On fit descendre par une \u00ab buse \u00bb souterraine le trop-plein du r\u00e9servoir jusqu&rsquo;\u00e0 la mare du ch\u00e2teau. Cette mare \u00e9tait une sorte d&rsquo;abreuvoir \u00e0 l&rsquo;ouest de la Petite Place. Un charpentier d&rsquo;Avesnelles, Gilles Noiset, \u00e9tait charg\u00e9 de l&rsquo;entretien des \u00ab buses \u00bb moyennant un salaire de 24 livres par an. (Sources : Michaux \u00ab Chronologie des Seigneurs d&rsquo;Avesnes \u00bb  et le Livre Rouge de la Ville d&rsquo;Avesnes).<\/p>\n\n\n\n<p><\/p>\n\n\n<div class=\"wp-block-image\">\n<figure class=\"aligncenter\"><img decoding=\"async\" src=\"https:\/\/i1.wp.com\/patrimoine-avesnois.fr\/chemin\/wp-content\/uploads\/2021\/06\/image-9.png?resize=630%2C473\" alt=\"\" class=\"wp-image-13282\"\/><figcaption class=\"wp-element-caption\">Rue de l\u2019abreuvoir ADN Cadastre Avesnes-sur-Helpe 1870 P 31\/653 <a rel=\"noreferrer noopener\" href=\"https:\/\/archivesdepartementales.lenord.fr\/ark:\/33518\/twx19psjz253\/4840cac6-7177-411d-9869-e3c768b468c8\" target=\"_blank\">Vue 5\/11<\/a><\/figcaption><\/figure>\n<\/div>\n\n<div class=\"wp-block-image\">\n<figure class=\"aligncenter\"><img decoding=\"async\" src=\"https:\/\/i2.wp.com\/patrimoine-avesnois.fr\/chemin\/wp-content\/uploads\/2021\/06\/Rue-du-lavoir.jpg?resize=630%2C473\" alt=\"\" class=\"wp-image-13284\"\/><figcaption class=\"wp-element-caption\">La rue de l\u2019abreuvoir est de nos jours la rue du lavoir. Peu importe il n\u2019y a plus ni fontaine, ni abreuvoir, ni lavoir.<\/figcaption><\/figure>\n<\/div>\n\n\n<p><em>Imaginez que sous le r\u00e8gne de Louis XV, nous arrivons \u00e0 Avesnes avec la diligence, le matin d\u2019un jour de semaine, soit par la Porte de France, soit par la Porte de Mons, apr\u00e8s avoir franchi la rivi\u00e8re ou les foss\u00e9s des fortifications\u2026.<\/em><\/p>\n\n\n\n<p><em>C\u2019est l\u2019heure o\u00f9 sonne l\u2019Angelus du matin, o\u00f9 s\u2019ouvrent les premi\u00e8res portes et les premiers volets. Des m\u00e9nag\u00e8res \u00e0 la robe de futaine, longue et lourde, des hommes portant la culotte courte sur leurs bas de laine sortent des maisons avec des seaux de bois ou de m\u00e9tal accroch\u00e9s \u00e0 un appareil en bois pos\u00e9 sur les \u00e9paules, et descendent vers le bas de ville, au pied des anciens remparts. Ils vont faire leur provision journali\u00e8re d\u2019eau potable <strong>\u00e0 la seule et unique fontaine<\/strong> qui alimente et la population civile et toute la garnison. Il n\u2019existe en effet dans le haut de la ville aucune autre fontaine distributrice d\u2019eau potable. Une seule citerne se trouve vers le milieu de la Grand\u2019 Place (elle existe encore aujourd\u2019hui) pour recevoir l\u2019eau des \u2018pluies tombant sur l\u2019\u00e9glise on n\u2019y touche qu\u2019en cas d\u2019incendie. Diff\u00e9rents projets pour faire venir l\u2019eau potable de sources se trouvant au Fourmanoir n\u2019ont \u00e9t\u00e9 con\u00e7us que plus tard, vers 1780, et n\u2019ont d\u2019ailleurs jamais \u00e9t\u00e9 r\u00e9alis\u00e9s. Vous devinez ce que cette corv\u00e9e d\u2019eau quotidienne peut avoir de p\u00e9nible et de dangereux, l\u2019hiver, par les ruelles et les escaliers glissants : les chutes sont fr\u00e9quentes, et le chef de la garnison se plaint du grand nombre de cruches cass\u00e9es par les militaires. Quant aux bourgeois ais\u00e9s, ils se font apporter leur provision pour quelques liards par des marchands d\u2019eau. La profession de marchand d\u2019eau est un des petits m\u00e9tiers avesnois \u00e0 cette \u00e9poque. <\/em>Bulletin annuel : comptes-rendus des s\u00e9ances, excursions et divers.<\/p>\n\n\n\n<p>Source du texte : Bulletin annuel : comptes-rendus des s\u00e9ances, excursions et divers \/ Soci\u00e9t\u00e9 arch\u00e9ologique et historique de l\u2019arrondissement d\u2019Avesnes&nbsp; 01\/01\/1932<\/p>\n\n\n\n<p class=\"has-text-align-center\">***<\/p>\n\n\n<div class=\"wp-block-image\">\n<figure class=\"aligncenter\"><img decoding=\"async\" src=\"https:\/\/i1.wp.com\/patrimoine-avesnois.fr\/chemin\/wp-content\/uploads\/2021\/06\/image-13.png?w=840\" alt=\"\" class=\"wp-image-13297\"\/><figcaption class=\"wp-element-caption\">Promenade dans Avesnes L\u2019Observateur 1 er mai 1910 A L Gravet<br>ADN 92 J 34 Avesnes Fonds Gravet jennepin<\/figcaption><\/figure>\n<\/div>\n\n\n<p>Un puits sur la Place d\u2019Armes servait en cas d\u2019incendie et fut donc rendu au public en 1827.<\/p>\n\n\n\n<p>Isidore Lebeau dans son ouvrage \u00ab\u00a0Pr\u00e9cis de l&rsquo;Histoire d&rsquo;Avesnes\u00a0\u00bb (Avesnes C Viroux Imprimaire Libraire 1832) nous apporte d&rsquo;autres pr\u00e9cisions. Tout d&rsquo;abord il nous signale la pr\u00e9sence d&rsquo;un puits de la Grande Rue non termin\u00e9 et d\u00e9taille celui de la Place d&rsquo;Armes :<\/p>\n\n\n\n<p><em>\u00ab Le puits du haut de la Grande Rue a \u00e9t\u00e9 bouch\u00e9 avant d&rsquo;\u00eatre achev\u00e9. Parvenu, \u00e0 travers la roche, \u00e0 une profondeur de soixante pieds, sans rencontrer un seul filet d&rsquo;eau, on d\u00e9sesp\u00e9ra du succ\u00e8s. On ne peut effectivement tirer de ce puits que celle qui s&rsquo;y infiltre en s&rsquo;\u00e9coulant dune fontaine voisine, lorsque des pluies abondantes ont occasionn\u00e9 une crue<\/em><\/p>\n\n\n\n<p><em>Celui de la Place est fort profond et peu commode. La bouche en fut d&rsquo;abord couverte d&rsquo;une sorte de chambre carr\u00e9e de belles pierres bleues. En imprimant aux leviers de deux pompes, plac\u00e9es dans l&rsquo;int\u00e9rieur, le mouvement convenable, on amenait l&rsquo;eau, par deux goulots figurant des hures de sanglier, dans les vases destin\u00e9s \u00e0 la recevoir. Cet edifice, qui avait \u00e0 l&rsquo;ext\u00e9rieur l&rsquo;apparence d&rsquo;un \u00e9norme et massif bloc de pierre, parut aux voisins, dont il offusquait les maisons, tout \u00e0 fait d\u00e9plaisant. Ils s&rsquo;en plaignirent et au bout de quelques ann\u00e9es, cette lourde masse fut remplac\u00e9e par une l\u00e9g\u00e8re couronne de fer \u00e0 laquelle on suspendit des poulies et des sceaus. L&rsquo;eau \u00e9tait fr\u00e9quemment sale et infect\u00e9e par les immnondices que l&rsquo;\u00e9tourderie ou la malveillance y entassaient \u00e0 la d\u00e9rob\u00e9e ; une femme s&rsquo;y pr\u00e9cipita : la couronne fut enlev\u00e9e et le puits condamn\u00e9. Il a \u00e9t\u00e9 rendu aux besoins des habitans en 1827. Une fontaine quadrangulaire contient le l\u00e9ger rouage qui fait jouer une noria, et qu&rsquo;on met en mouvement au moyen d&rsquo;une manivelle. A la premiere cha\u00eene et aux premiers pots, qui \u00e9taient en cuivre et sujets \u00e0 s&rsquo;oxider, on a substitu\u00e9 une chaine en fer et des pots en bois. Au dessous du rouage est un r\u00e9servoir ou basin de plomb dans lequel les pots se d\u00e9versent et d&rsquo;o\u00f9 l&rsquo;eau se r\u00e9pand au dehors par un goulot en forme de t\u00eate de lion. Chaque face du nouvel \u00e9difice , termin\u00e9e par un fronton triangulaire, a, jusqu&rsquo;\u00e0 la corniche, mais en comprenant l&rsquo;architrave et la frise, quatre m\u00e8tres de hauteur sur deux m\u00e8tres vingt &#8211; cinq centim\u00e8tres de largeur. Huit pilastres, appuy\u00e9s sur un soubassement et formant les quatre angles de la fontaine, supportent l&rsquo;architrave. Le comble est surmont\u00e9 d&rsquo;un globe dor\u00e9 \u00bb.<\/em><\/p>\n\n\n\n<p class=\"has-text-align-center\">***<\/p>\n\n\n<div class=\"wp-block-image\">\n<figure class=\"aligncenter size-full is-resized\"><img data-recalc-dims=\"1\" loading=\"lazy\" decoding=\"async\" src=\"https:\/\/i0.wp.com\/patrimoine-avesnois.fr\/fontaines\/wp-content\/uploads\/2021\/08\/Fontaine-Avesnes-2.jpg?resize=699%2C524&#038;ssl=1\" alt=\"\" class=\"wp-image-1346\" width=\"699\" height=\"524\" srcset=\"https:\/\/i0.wp.com\/patrimoine-avesnois.fr\/fontaines\/wp-content\/uploads\/2021\/08\/Fontaine-Avesnes-2.jpg?w=776&amp;ssl=1 776w, https:\/\/i0.wp.com\/patrimoine-avesnois.fr\/fontaines\/wp-content\/uploads\/2021\/08\/Fontaine-Avesnes-2.jpg?resize=300%2C225&amp;ssl=1 300w, https:\/\/i0.wp.com\/patrimoine-avesnois.fr\/fontaines\/wp-content\/uploads\/2021\/08\/Fontaine-Avesnes-2.jpg?resize=768%2C575&amp;ssl=1 768w\" sizes=\"auto, (max-width: 699px) 85vw, 699px\" \/><figcaption class=\"wp-element-caption\">Fontaine <a href=\"https:\/\/www.google.fr\/maps\/@50.1218099,3.9323934,3a,37.5y,209.67h,81.02t\/data=!3m7!1e1!3m5!1s2S7RhBxh8JVdifBFGJKu7w!2e0!6shttps:%2F%2Fstreetviewpixels-pa.googleapis.com%2Fv1%2Fthumbnail%3Fpanoid%3D2S7RhBxh8JVdifBFGJKu7w%26cb_client%3Dmaps_sv.tactile.gps%26w%3D203%26h%3D100%26yaw%3D92.246826%26pitch%3D0%26thumbfov%3D100!7i16384!8i8192\" data-type=\"URL\" data-id=\"https:\/\/www.google.fr\/maps\/@50.1218099,3.9323934,3a,37.5y,209.67h,81.02t\/data=!3m7!1e1!3m5!1s2S7RhBxh8JVdifBFGJKu7w!2e0!6shttps:%2F%2Fstreetviewpixels-pa.googleapis.com%2Fv1%2Fthumbnail%3Fpanoid%3D2S7RhBxh8JVdifBFGJKu7w%26cb_client%3Dmaps_sv.tactile.gps%26w%3D203%26h%3D100%26yaw%3D92.246826%26pitch%3D0%26thumbfov%3D100!7i16384!8i8192\" target=\"_blank\" rel=\"noreferrer noopener\">Rue du G\u00e9n\u00e9ral L<\/a>eclerc Avesnes-sur-Helpe<\/figcaption><\/figure>\n<\/div>\n\n\n<p>Cette fontaine a \u00e9t\u00e9 \u00e9rig\u00e9e en 2005 par le Rotary Club d&rsquo;Avesnes-sur-Helpe sous la Pr\u00e9sidence de Jean Pierre Lenoble.<\/p>\n","protected":false},"excerpt":{"rendered":"<p>Il faut tout d&rsquo;abord noter qu&rsquo;en 1540 1541 Philippe II de Cro\u00ff collabora avec la municipalit\u00e9 aux premiers travaux d&rsquo;adduction d&rsquo;eau potable \u00e0 Avesnes. Il s&rsquo;agissait d&rsquo;amener dans un vaste r\u00e9servoir situ\u00e9 sur la Grand&rsquo; Place les eaux de la source du Fourmanoir \u00e0 Avesnelles. On utilisa pour ce faire des \u00a0\u00ab buses \u00bb ou &hellip; <a href=\"https:\/\/patrimoine-avesnois.fr\/fontaines\/avesnes-sur-helpe-un-abreuvoir-et-un-puits\/\" class=\"more-link\">Continuer la lecture<span class=\"screen-reader-text\"> de &laquo;&nbsp;Avesnes-sur-Helpe : jadis un abreuvoir et un puits, une fontaine de nos jours place du G\u00e9n\u00e9ral Leclerc&nbsp;&raquo;<\/span><\/a><\/p>\n","protected":false},"author":2,"featured_media":0,"parent":0,"menu_order":0,"comment_status":"closed","ping_status":"closed","template":"","meta":{"footnotes":""},"class_list":["post-37","page","type-page","status-publish","hentry"],"jetpack_sharing_enabled":true,"_links":{"self":[{"href":"https:\/\/patrimoine-avesnois.fr\/fontaines\/wp-json\/wp\/v2\/pages\/37","targetHints":{"allow":["GET"]}}],"collection":[{"href":"https:\/\/patrimoine-avesnois.fr\/fontaines\/wp-json\/wp\/v2\/pages"}],"about":[{"href":"https:\/\/patrimoine-avesnois.fr\/fontaines\/wp-json\/wp\/v2\/types\/page"}],"author":[{"embeddable":true,"href":"https:\/\/patrimoine-avesnois.fr\/fontaines\/wp-json\/wp\/v2\/users\/2"}],"replies":[{"embeddable":true,"href":"https:\/\/patrimoine-avesnois.fr\/fontaines\/wp-json\/wp\/v2\/comments?post=37"}],"version-history":[{"count":9,"href":"https:\/\/patrimoine-avesnois.fr\/fontaines\/wp-json\/wp\/v2\/pages\/37\/revisions"}],"predecessor-version":[{"id":1966,"href":"https:\/\/patrimoine-avesnois.fr\/fontaines\/wp-json\/wp\/v2\/pages\/37\/revisions\/1966"}],"wp:attachment":[{"href":"https:\/\/patrimoine-avesnois.fr\/fontaines\/wp-json\/wp\/v2\/media?parent=37"}],"curies":[{"name":"wp","href":"https:\/\/api.w.org\/{rel}","templated":true}]}}