{"id":394,"date":"2021-07-07T13:38:16","date_gmt":"2021-07-07T11:38:16","guid":{"rendered":"https:\/\/patrimoine-avesnois.fr\/fontaines\/?page_id=394"},"modified":"2022-01-19T14:05:36","modified_gmt":"2022-01-19T13:05:36","slug":"quievelon-les-deux-fontaines-du-ruisseau","status":"publish","type":"page","link":"https:\/\/patrimoine-avesnois.fr\/fontaines\/quievelon-les-deux-fontaines-du-ruisseau\/","title":{"rendered":"Qui\u00e9velon : les deux fontaines du ruisseau"},"content":{"rendered":"\n<div class=\"wp-block-image\"><figure class=\"aligncenter\"><img decoding=\"async\" src=\"https:\/\/i0.wp.com\/patrimoine-avesnois.fr\/chemin\/wp-content\/uploads\/2021\/07\/Fontaines-6.jpg?resize=750%2C560\" alt=\"\" class=\"wp-image-14087\"\/><figcaption>Deux Fontaines sur le Ruisseau de Qui\u00e9velon Cadastre de Qui\u00e9velon ADN 1847 ADN P 31 \/ 762<a rel=\"noreferrer noopener\" href=\"https:\/\/archivesdepartementales.lenord.fr\/ark:\/33518\/6vtd2lqw7g0c\/7d9584ab-065f-4de6-9611-0e57c2c5d160\" target=\"_blank\"> Vue 6\/8<\/a><\/figcaption><\/figure><\/div>\n\n\n\n<div class=\"wp-block-image\"><figure class=\"aligncenter\"><img decoding=\"async\" src=\"https:\/\/i2.wp.com\/patrimoine-avesnois.fr\/chemin\/wp-content\/uploads\/2021\/07\/Fontaines-6-2.jpg?resize=548%2C732\" alt=\"\" class=\"wp-image-14095\"\/><figcaption>Les deux Fontaines sur le Ruisseau de Qui\u00e9velon Image renvers\u00e9e.<br>Cadastre de Qui\u00e9velon ADN 1847 ADN P 31 \/ 762<a rel=\"noreferrer noopener\" href=\"https:\/\/archivesdepartementales.lenord.fr\/ark:\/33518\/6vtd2lqw7g0c\/7d9584ab-065f-4de6-9611-0e57c2c5d160\" target=\"_blank\"> Vue 6\/8<\/a><\/figcaption><\/figure><\/div>\n\n\n\n<div class=\"wp-block-image\"><figure class=\"aligncenter\"><img decoding=\"async\" src=\"https:\/\/i1.wp.com\/patrimoine-avesnois.fr\/chemin\/wp-content\/uploads\/2021\/07\/Les-Fontaines-du-Ruisseau.jpg?resize=750%2C560\" alt=\"\" class=\"wp-image-14090\"\/><figcaption>Emplacements virtuels des deux fontaines sur un plan actuel de Qui\u00e9velon<\/figcaption><\/figure><\/div>\n\n\n\n<div class=\"wp-block-image\"><figure class=\"aligncenter size-full\"><img data-recalc-dims=\"1\" loading=\"lazy\" decoding=\"async\" width=\"750\" height=\"560\" src=\"https:\/\/i0.wp.com\/patrimoine-avesnois.fr\/fontaines\/wp-content\/uploads\/2021\/07\/Fontaine-Quievelon.webp?resize=750%2C560&#038;ssl=1\" alt=\"\" class=\"wp-image-965\" srcset=\"https:\/\/i0.wp.com\/patrimoine-avesnois.fr\/fontaines\/wp-content\/uploads\/2021\/07\/Fontaine-Quievelon.webp?w=750&amp;ssl=1 750w, https:\/\/i0.wp.com\/patrimoine-avesnois.fr\/fontaines\/wp-content\/uploads\/2021\/07\/Fontaine-Quievelon.webp?resize=300%2C224&amp;ssl=1 300w\" sizes=\"auto, (max-width: 750px) 85vw, 750px\" \/><figcaption>Emplacements virtuels des deux fontaines sur une vue satellite de Qui\u00e9velon<\/figcaption><\/figure><\/div>\n\n\n\n<div class=\"wp-block-image\"><figure class=\"aligncenter size-large\"><img data-recalc-dims=\"1\" loading=\"lazy\" decoding=\"async\" width=\"840\" height=\"473\" src=\"https:\/\/i0.wp.com\/patrimoine-avesnois.fr\/fontaines\/wp-content\/uploads\/2022\/01\/Emplacement-de-lancienne-fontaine-1.jpg?resize=840%2C473&#038;ssl=1\" alt=\"\" class=\"wp-image-1648\" srcset=\"https:\/\/i0.wp.com\/patrimoine-avesnois.fr\/fontaines\/wp-content\/uploads\/2022\/01\/Emplacement-de-lancienne-fontaine-1.jpg?resize=1024%2C576&amp;ssl=1 1024w, https:\/\/i0.wp.com\/patrimoine-avesnois.fr\/fontaines\/wp-content\/uploads\/2022\/01\/Emplacement-de-lancienne-fontaine-1.jpg?resize=300%2C169&amp;ssl=1 300w, https:\/\/i0.wp.com\/patrimoine-avesnois.fr\/fontaines\/wp-content\/uploads\/2022\/01\/Emplacement-de-lancienne-fontaine-1.jpg?resize=768%2C432&amp;ssl=1 768w, https:\/\/i0.wp.com\/patrimoine-avesnois.fr\/fontaines\/wp-content\/uploads\/2022\/01\/Emplacement-de-lancienne-fontaine-1.jpg?resize=1536%2C864&amp;ssl=1 1536w, https:\/\/i0.wp.com\/patrimoine-avesnois.fr\/fontaines\/wp-content\/uploads\/2022\/01\/Emplacement-de-lancienne-fontaine-1.jpg?resize=1200%2C675&amp;ssl=1 1200w, https:\/\/i0.wp.com\/patrimoine-avesnois.fr\/fontaines\/wp-content\/uploads\/2022\/01\/Emplacement-de-lancienne-fontaine-1.jpg?w=1596&amp;ssl=1 1596w\" sizes=\"auto, (max-width: 709px) 85vw, (max-width: 909px) 67vw, (max-width: 1362px) 62vw, 840px\" \/><figcaption>Emplacement d\u2019une des deux fontaines qui se situait au bord de la <a href=\"https:\/\/www.google.fr\/maps\/@50.2382603,4.076684,3a,90y,208.07h,69.64t\/data=!3m6!1e1!3m4!1sSLp-tjQVDXvu92P-ja1MdA!2e0!7i16384!8i8192\" data-type=\"URL\" data-id=\"https:\/\/www.google.fr\/maps\/@50.2382603,4.076684,3a,90y,208.07h,69.64t\/data=!3m6!1e1!3m4!1sSLp-tjQVDXvu92P-ja1MdA!2e0!7i16384!8i8192\" target=\"_blank\" rel=\"noreferrer noopener\">Route d\u2019Aibes<\/a><\/figcaption><\/figure><\/div>\n\n\n\n<p>Cette fontaine \u00e0 Qui\u00e9velon \u00e9tait situ\u00e9e route d&rsquo;Aibes, \u00e0 l&#8217;emplacement pr\u00e9cis de ce petit talus herbeux. \u00c9tant d\u00e9j\u00e0 en \u00e9tat de d\u00e9labrement avanc\u00e9, elle fut ras\u00e9e lors de l&rsquo;installation du tout \u00e0 l&rsquo;\u00e9gout dans la commune. Source : le voisinage.<\/p>\n","protected":false},"excerpt":{"rendered":"<p>Cette fontaine \u00e0 Qui\u00e9velon \u00e9tait situ\u00e9e route d&rsquo;Aibes, \u00e0 l&#8217;emplacement pr\u00e9cis de ce petit talus herbeux. \u00c9tant d\u00e9j\u00e0 en \u00e9tat de d\u00e9labrement avanc\u00e9, elle fut ras\u00e9e lors de l&rsquo;installation du tout \u00e0 l&rsquo;\u00e9gout dans la commune. Source : le voisinage.<\/p>\n","protected":false},"author":2,"featured_media":0,"parent":0,"menu_order":0,"comment_status":"closed","ping_status":"closed","template":"","meta":{"footnotes":""},"class_list":["post-394","page","type-page","status-publish","hentry"],"jetpack_sharing_enabled":true,"_links":{"self":[{"href":"https:\/\/patrimoine-avesnois.fr\/fontaines\/wp-json\/wp\/v2\/pages\/394","targetHints":{"allow":["GET"]}}],"collection":[{"href":"https:\/\/patrimoine-avesnois.fr\/fontaines\/wp-json\/wp\/v2\/pages"}],"about":[{"href":"https:\/\/patrimoine-avesnois.fr\/fontaines\/wp-json\/wp\/v2\/types\/page"}],"author":[{"embeddable":true,"href":"https:\/\/patrimoine-avesnois.fr\/fontaines\/wp-json\/wp\/v2\/users\/2"}],"replies":[{"embeddable":true,"href":"https:\/\/patrimoine-avesnois.fr\/fontaines\/wp-json\/wp\/v2\/comments?post=394"}],"version-history":[{"count":5,"href":"https:\/\/patrimoine-avesnois.fr\/fontaines\/wp-json\/wp\/v2\/pages\/394\/revisions"}],"predecessor-version":[{"id":1650,"href":"https:\/\/patrimoine-avesnois.fr\/fontaines\/wp-json\/wp\/v2\/pages\/394\/revisions\/1650"}],"wp:attachment":[{"href":"https:\/\/patrimoine-avesnois.fr\/fontaines\/wp-json\/wp\/v2\/media?parent=394"}],"curies":[{"name":"wp","href":"https:\/\/api.w.org\/{rel}","templated":true}]}}