{"id":400,"date":"2021-07-07T14:05:01","date_gmt":"2021-07-07T12:05:01","guid":{"rendered":"https:\/\/patrimoine-avesnois.fr\/fontaines\/?page_id=400"},"modified":"2023-05-15T18:50:02","modified_gmt":"2023-05-15T16:50:02","slug":"recquignies-les-fontaines-dhier-st-martin-des-foyaux-de-la-ferme-de-la-chapelle-et-enfin-celle-de-la-chapelle","status":"publish","type":"page","link":"https:\/\/patrimoine-avesnois.fr\/fontaines\/recquignies-les-fontaines-dhier-st-martin-des-foyaux-de-la-ferme-de-la-chapelle-et-enfin-celle-de-la-chapelle\/","title":{"rendered":"Recquignies : quatre fontaines perdues St Martin, des Foyaux, de la Ferme de la Chapelle, de la  Chapelle"},"content":{"rendered":"<div class=\"wp-block-image\">\n<figure class=\"aligncenter\"><img decoding=\"async\" src=\"https:\/\/i1.wp.com\/patrimoine-avesnois.fr\/chemin\/wp-content\/uploads\/2021\/07\/Plan-Recquignies-1.jpg?fit=840%2C600\" alt=\"\" class=\"wp-image-14116\"\/><figcaption class=\"wp-element-caption\">Plan de Recquignies et de ses Fontaines toutes disparues<\/figcaption><\/figure>\n<\/div>\n\n<div class=\"wp-block-image\">\n<figure class=\"aligncenter\"><img decoding=\"async\" src=\"https:\/\/i0.wp.com\/patrimoine-avesnois.fr\/chemin\/wp-content\/uploads\/2021\/07\/Fontaine-St-Martin-1810-vue-3.jpg?resize=730%2C548\" alt=\"\" class=\"wp-image-14106\"\/><figcaption class=\"wp-element-caption\">Fontaine St Martin Recquignies Cadastre 1810 ADN P 31 \/ 766 <a href=\"https:\/\/archivesdepartementales.lenord.fr\/ark:\/33518\/pdb24hrkgzw6\/5bd6f3a7-8102-4425-b9ef-c4069b7f6707\" target=\"_blank\" rel=\"noreferrer noopener\">Vue 3\/11<\/a><\/figcaption><\/figure>\n<\/div>\n\n<div class=\"wp-block-image\">\n<figure class=\"aligncenter size-full\"><img data-recalc-dims=\"1\" loading=\"lazy\" decoding=\"async\" width=\"840\" height=\"631\" src=\"https:\/\/i0.wp.com\/patrimoine-avesnois.fr\/fontaines\/wp-content\/uploads\/2021\/07\/Fontaine-St-Marin-RECQUIGNIES.webp?resize=840%2C631&#038;ssl=1\" alt=\"\" class=\"wp-image-1044\" srcset=\"https:\/\/i0.wp.com\/patrimoine-avesnois.fr\/fontaines\/wp-content\/uploads\/2021\/07\/Fontaine-St-Marin-RECQUIGNIES.webp?w=840&amp;ssl=1 840w, https:\/\/i0.wp.com\/patrimoine-avesnois.fr\/fontaines\/wp-content\/uploads\/2021\/07\/Fontaine-St-Marin-RECQUIGNIES.webp?resize=300%2C225&amp;ssl=1 300w, https:\/\/i0.wp.com\/patrimoine-avesnois.fr\/fontaines\/wp-content\/uploads\/2021\/07\/Fontaine-St-Marin-RECQUIGNIES.webp?resize=768%2C577&amp;ssl=1 768w\" sizes=\"auto, (max-width: 709px) 85vw, (max-width: 909px) 67vw, (max-width: 1362px) 62vw, 840px\" \/><figcaption class=\"wp-element-caption\">Emplacement de l\u2019ancienne Fontaine St Martin<\/figcaption><\/figure>\n<\/div>\n\n\n<p>La Fontaine St Martin est signal\u00e9e sur le cadastre de la commune en 1810 mais n\u2019existe d\u00e9j\u00e0 plus sur celui de 1846. Elle \u00e9tait situ\u00e9e sur le ruisseau de l\u2019Escri\u00e8re.<\/p>\n\n\n\n<p class=\"has-text-align-center\">***<\/p>\n\n\n<div class=\"wp-block-image\">\n<figure class=\"aligncenter\"><img decoding=\"async\" src=\"https:\/\/i0.wp.com\/patrimoine-avesnois.fr\/chemin\/wp-content\/uploads\/2021\/07\/Fontaine-des-Foyaux-9-1.jpg?resize=730%2C548\" alt=\"\" class=\"wp-image-14108\"\/><figcaption class=\"wp-element-caption\">Fontaine des Foyaux Recquignies Cadastre 1846 ADN P 31 \/ 766 <a href=\"https:\/\/archivesdepartementales.lenord.fr\/ark:\/33518\/pdb24hrkgzw6\/b535e0d4-41c1-4e2f-9724-bdd21af8237f\" target=\"_blank\" rel=\"noreferrer noopener\">Vue 9\/11<\/a><\/figcaption><\/figure>\n<\/div>\n\n<div class=\"wp-block-image\">\n<figure class=\"aligncenter size-full\"><img data-recalc-dims=\"1\" loading=\"lazy\" decoding=\"async\" width=\"840\" height=\"630\" src=\"https:\/\/i0.wp.com\/patrimoine-avesnois.fr\/fontaines\/wp-content\/uploads\/2021\/07\/Fontaine-Foyaux-rue-R-Fourchet-RECQUIGNIES.webp?resize=840%2C630&#038;ssl=1\" alt=\"\" class=\"wp-image-1046\" srcset=\"https:\/\/i0.wp.com\/patrimoine-avesnois.fr\/fontaines\/wp-content\/uploads\/2021\/07\/Fontaine-Foyaux-rue-R-Fourchet-RECQUIGNIES.webp?w=840&amp;ssl=1 840w, https:\/\/i0.wp.com\/patrimoine-avesnois.fr\/fontaines\/wp-content\/uploads\/2021\/07\/Fontaine-Foyaux-rue-R-Fourchet-RECQUIGNIES.webp?resize=300%2C225&amp;ssl=1 300w, https:\/\/i0.wp.com\/patrimoine-avesnois.fr\/fontaines\/wp-content\/uploads\/2021\/07\/Fontaine-Foyaux-rue-R-Fourchet-RECQUIGNIES.webp?resize=768%2C576&amp;ssl=1 768w\" sizes=\"auto, (max-width: 709px) 85vw, (max-width: 909px) 67vw, (max-width: 1362px) 62vw, 840px\" \/><figcaption class=\"wp-element-caption\">Fontaine des Foyaux <a href=\"https:\/\/www.google.fr\/maps\/@50.2772865,4.0482747,3a,75y,204.83h,78.5t\/data=!3m6!1e1!3m4!1sO9_z427dpe_ue9TZPfLR8g!2e0!7i13312!8i6656\" target=\"_blank\" rel=\"noreferrer noopener\">Rue Ren\u00e9 Fourchet<\/a><\/figcaption><\/figure>\n<\/div>\n\n\n<p class=\"has-text-align-center\">***<\/p>\n\n\n<div class=\"wp-block-image\">\n<figure class=\"aligncenter\"><img decoding=\"async\" src=\"https:\/\/i2.wp.com\/patrimoine-avesnois.fr\/chemin\/wp-content\/uploads\/2021\/07\/Fontaine-ferme-de-la-chapelle-10.jpg?resize=730%2C548\" alt=\"\" class=\"wp-image-14111\"\/><figcaption class=\"wp-element-caption\">Fontaine de la Ferme de la Chapelle Recquignies Cadastre 1846 ADN P 31 \/ 766 <a rel=\"noreferrer noopener\" href=\"https:\/\/archivesdepartementales.lenord.fr\/ark:\/33518\/pdb24hrkgzw6\/05c56952-0bc4-42ce-86d5-2a7648fe0b73\" target=\"_blank\">Vue 10\/11<\/a><\/figcaption><\/figure>\n<\/div>\n\n<div class=\"wp-block-image\">\n<figure class=\"aligncenter\"><img decoding=\"async\" src=\"https:\/\/i1.wp.com\/patrimoine-avesnois.fr\/chemin\/wp-content\/uploads\/2021\/07\/Fontaine-ferme-chapelle-Chemin-de-Rocq-X-Chemin-des-Meuniers-x-chemin-du-Seru.jpg?resize=840%2C630\" alt=\"\" class=\"wp-image-14112\"\/><figcaption class=\"wp-element-caption\">Fontaine de la Ferme de la Chapelle <a rel=\"noreferrer noopener\" href=\"https:\/\/www.google.fr\/maps\/@50.2792966,4.0696746,3a,75y,31.38h,87.69t\/data=!3m7!1e1!3m5!1s0JUOIDgOD_325O4SqT-Vdw!2e0!6shttps:%2F%2Fstreetviewpixels-pa.googleapis.com%2Fv1%2Fthumbnail%3Fpanoid%3D0JUOIDgOD_325O4SqT-Vdw%26cb_client%3Dsearch.revgeo_and_fetch.gps%26w%3D96%26h%3D64%26yaw%3D341.941%26pitch%3D0%26thumbfov%3D100!7i13312!8i6656\" target=\"_blank\">Chemin de Rocq X Chemin des Meuniers x chemin du Seru.<\/a><br>Elle se situait au milieu de ce croisement.<\/figcaption><\/figure>\n<\/div>\n\n\n<p class=\"has-text-align-center\">***<\/p>\n\n\n\n<figure class=\"wp-block-image\"><img decoding=\"async\" src=\"https:\/\/i1.wp.com\/patrimoine-avesnois.fr\/chemin\/wp-content\/uploads\/2021\/07\/Fontaine-ferme-de-la-chapelle-10-1.jpg?resize=730%2C547\" alt=\"\" class=\"wp-image-14113\"\/><figcaption class=\"wp-element-caption\">Fontaine de la Chapelle Recquignies Cadastre 1846 ADN P 31 \/ 766 <a rel=\"noreferrer noopener\" href=\"https:\/\/archivesdepartementales.lenord.fr\/ark:\/33518\/pdb24hrkgzw6\/05c56952-0bc4-42ce-86d5-2a7648fe0b73\" target=\"_blank\">Vue 10\/11<\/a><\/figcaption><\/figure>\n\n\n\n<figure class=\"wp-block-image size-full\"><img data-recalc-dims=\"1\" loading=\"lazy\" decoding=\"async\" width=\"840\" height=\"630\" src=\"https:\/\/i0.wp.com\/patrimoine-avesnois.fr\/fontaines\/wp-content\/uploads\/2021\/07\/Fontaine-de-la-chapelle-Rue-Georges-Delmotte-RECQUIGNIES.webp?resize=840%2C630&#038;ssl=1\" alt=\"\" class=\"wp-image-1047\" srcset=\"https:\/\/i0.wp.com\/patrimoine-avesnois.fr\/fontaines\/wp-content\/uploads\/2021\/07\/Fontaine-de-la-chapelle-Rue-Georges-Delmotte-RECQUIGNIES.webp?w=840&amp;ssl=1 840w, https:\/\/i0.wp.com\/patrimoine-avesnois.fr\/fontaines\/wp-content\/uploads\/2021\/07\/Fontaine-de-la-chapelle-Rue-Georges-Delmotte-RECQUIGNIES.webp?resize=300%2C225&amp;ssl=1 300w, https:\/\/i0.wp.com\/patrimoine-avesnois.fr\/fontaines\/wp-content\/uploads\/2021\/07\/Fontaine-de-la-chapelle-Rue-Georges-Delmotte-RECQUIGNIES.webp?resize=768%2C576&amp;ssl=1 768w\" sizes=\"auto, (max-width: 709px) 85vw, (max-width: 909px) 67vw, (max-width: 1362px) 62vw, 840px\" \/><figcaption class=\"wp-element-caption\">Fontaine de la Chapelle <a rel=\"noreferrer noopener\" href=\"https:\/\/www.google.fr\/maps\/@50.2841493,4.0687414,3a,75y,325.34h,72.91t\/data=!3m6!1e1!3m4!1sqHHIxEdQKHx62Tyyul2ZrQ!2e0!7i16384!8i8192\" target=\"_blank\">Rue Georges Delmotte D 336<\/a><br>Elle se trouvait au milieu de cette p\u00e2ture dans un des m\u00e9andres du Ruisseau de la Chapelle .<\/figcaption><\/figure>\n\n\n\n<p>En 1870 \u00e0 la fontaine dite de la Chapelle situ\u00e9e sur la hauteur du Hameau de Rocq, la commune posa des tuyaux pour donner satisfaction au besoin d&rsquo;eau dans le village (ADN 2O 495\/51).<\/p>\n","protected":false},"excerpt":{"rendered":"<p>La Fontaine St Martin est signal\u00e9e sur le cadastre de la commune en 1810 mais n\u2019existe d\u00e9j\u00e0 plus sur celui de 1846. Elle \u00e9tait situ\u00e9e sur le ruisseau de l\u2019Escri\u00e8re. *** *** *** En 1870 \u00e0 la fontaine dite de la Chapelle situ\u00e9e sur la hauteur du Hameau de Rocq, la commune posa des tuyaux &hellip; <a href=\"https:\/\/patrimoine-avesnois.fr\/fontaines\/recquignies-les-fontaines-dhier-st-martin-des-foyaux-de-la-ferme-de-la-chapelle-et-enfin-celle-de-la-chapelle\/\" class=\"more-link\">Continuer la lecture<span class=\"screen-reader-text\"> de &laquo;&nbsp;Recquignies : quatre fontaines perdues St Martin, des Foyaux, de la Ferme de la Chapelle, de la  Chapelle&nbsp;&raquo;<\/span><\/a><\/p>\n","protected":false},"author":2,"featured_media":0,"parent":0,"menu_order":0,"comment_status":"closed","ping_status":"closed","template":"","meta":{"footnotes":""},"class_list":["post-400","page","type-page","status-publish","hentry"],"jetpack_sharing_enabled":true,"_links":{"self":[{"href":"https:\/\/patrimoine-avesnois.fr\/fontaines\/wp-json\/wp\/v2\/pages\/400","targetHints":{"allow":["GET"]}}],"collection":[{"href":"https:\/\/patrimoine-avesnois.fr\/fontaines\/wp-json\/wp\/v2\/pages"}],"about":[{"href":"https:\/\/patrimoine-avesnois.fr\/fontaines\/wp-json\/wp\/v2\/types\/page"}],"author":[{"embeddable":true,"href":"https:\/\/patrimoine-avesnois.fr\/fontaines\/wp-json\/wp\/v2\/users\/2"}],"replies":[{"embeddable":true,"href":"https:\/\/patrimoine-avesnois.fr\/fontaines\/wp-json\/wp\/v2\/comments?post=400"}],"version-history":[{"count":8,"href":"https:\/\/patrimoine-avesnois.fr\/fontaines\/wp-json\/wp\/v2\/pages\/400\/revisions"}],"predecessor-version":[{"id":1930,"href":"https:\/\/patrimoine-avesnois.fr\/fontaines\/wp-json\/wp\/v2\/pages\/400\/revisions\/1930"}],"wp:attachment":[{"href":"https:\/\/patrimoine-avesnois.fr\/fontaines\/wp-json\/wp\/v2\/media?parent=400"}],"curies":[{"name":"wp","href":"https:\/\/api.w.org\/{rel}","templated":true}]}}