{"id":408,"date":"2021-07-07T14:27:29","date_gmt":"2021-07-07T12:27:29","guid":{"rendered":"https:\/\/patrimoine-avesnois.fr\/fontaines\/?page_id=408"},"modified":"2023-05-15T18:52:46","modified_gmt":"2023-05-15T16:52:46","slug":"robersart-la-fontaine-rouillette-et-labreuvoir-du-pont-fosse-a-la-buse","status":"publish","type":"page","link":"https:\/\/patrimoine-avesnois.fr\/fontaines\/robersart-la-fontaine-rouillette-et-labreuvoir-du-pont-fosse-a-la-buse\/","title":{"rendered":"Robersart : la fontaine Rouillette et l&rsquo;abreuvoir du pont fosse \u00e0 la buse"},"content":{"rendered":"<div class=\"wp-block-image\">\n<figure class=\"aligncenter\"><img decoding=\"async\" src=\"https:\/\/i2.wp.com\/patrimoine-avesnois.fr\/chemin\/wp-content\/uploads\/2021\/07\/Capture-8.jpg?resize=720%2C540\" alt=\"\" class=\"wp-image-14123\"\/><figcaption class=\"wp-element-caption\">Fontaine Rouillette Robersart Cadastre 1931 ADN P 31 \/ 767 <a href=\"https:\/\/archivesdepartementales.lenord.fr\/ark:\/33518\/r64sfjhgxlcv\/bf0dd3f7-61bb-4e23-935b-c06694ccd8bf\" target=\"_blank\" rel=\"noreferrer noopener\">Vue 8\/8<\/a><\/figcaption><\/figure>\n<\/div>\n\n<div class=\"wp-block-image\">\n<figure class=\"aligncenter size-full\"><img data-recalc-dims=\"1\" loading=\"lazy\" decoding=\"async\" width=\"780\" height=\"585\" src=\"https:\/\/i0.wp.com\/patrimoine-avesnois.fr\/fontaines\/wp-content\/uploads\/2021\/07\/Fontaine-Rouillette-Robersart.webp?resize=780%2C585&#038;ssl=1\" alt=\"\" class=\"wp-image-1049\" srcset=\"https:\/\/i0.wp.com\/patrimoine-avesnois.fr\/fontaines\/wp-content\/uploads\/2021\/07\/Fontaine-Rouillette-Robersart.webp?w=780&amp;ssl=1 780w, https:\/\/i0.wp.com\/patrimoine-avesnois.fr\/fontaines\/wp-content\/uploads\/2021\/07\/Fontaine-Rouillette-Robersart.webp?resize=300%2C225&amp;ssl=1 300w, https:\/\/i0.wp.com\/patrimoine-avesnois.fr\/fontaines\/wp-content\/uploads\/2021\/07\/Fontaine-Rouillette-Robersart.webp?resize=768%2C576&amp;ssl=1 768w\" sizes=\"auto, (max-width: 780px) 85vw, 780px\" \/><figcaption class=\"wp-element-caption\">Emplacement de l\u2019ancienne Fontaine Rouillette Robersart <a href=\"https:\/\/www.google.fr\/maps\/place\/59550+Robersart\/@50.1504495,3.6622194,587m\/data=!3m1!1e3!4m5!3m4!1s0x47c288e7fee5f9d3:0x40af13e81645a30!8m2!3d50.157285!4d3.646242\" target=\"_blank\" rel=\"noreferrer noopener\">Vue satellite Google<\/a><\/figcaption><\/figure>\n<\/div>\n\n\n<p>La Fontaine Rouillette devait son nom \u00e0 la couleur l\u00e9g\u00e8rement rouille de l\u2019eau \u00e0 cet endroit limitrophe de Locquignol. Elle se situait \u00e0 200 m\u00e8tres en aval de la source qui donne naissance au ruisseau de l\u2019Hirondelle (Majeure). De nos jours une mare \u00e0 proximit\u00e9 t\u00e9moigne encore de l\u2019humidit\u00e9 du lieu :<\/p>\n\n\n<div class=\"wp-block-image\">\n<figure class=\"aligncenter\"><img decoding=\"async\" src=\"https:\/\/i1.wp.com\/patrimoine-avesnois.fr\/chemin\/wp-content\/uploads\/2021\/07\/image-18.png?resize=780%2C625\" alt=\"\" class=\"wp-image-14127\"\/><figcaption class=\"wp-element-caption\">Mare travers\u00e9e par l\u2019Hirondelle Majeure <a rel=\"noreferrer noopener\" href=\"https:\/\/www.google.fr\/maps\/place\/59550+Robersart\/@50.1504495,3.6622194,587m\/data=!3m1!1e3!4m5!3m4!1s0x47c288e7fee5f9d3:0x40af13e81645a30!8m2!3d50.157285!4d3.646242\" target=\"_blank\">Vue satellite Google<\/a><\/figcaption><\/figure>\n<\/div>\n\n\n<p class=\"has-text-align-center\">***<\/p>\n\n\n<div class=\"wp-block-image\">\n<figure class=\"aligncenter\"><img decoding=\"async\" src=\"https:\/\/i1.wp.com\/patrimoine-avesnois.fr\/chemin\/wp-content\/uploads\/2021\/07\/Capture7.jpg?resize=720%2C542\" alt=\"\" class=\"wp-image-14122\"\/><figcaption class=\"wp-element-caption\">Abreuvoir Robersart Cadastre 1931 ADN P 31 \/ 767 <a href=\"https:\/\/archivesdepartementales.lenord.fr\/ark:\/33518\/r64sfjhgxlcv\/dd064a65-ed58-437e-9731-aa8dfa69b4a5\" target=\"_blank\" rel=\"noreferrer noopener\">Vue 7\/8<\/a><\/figcaption><\/figure>\n<\/div>\n\n<div class=\"wp-block-image\">\n<figure class=\"aligncenter size-full\"><img data-recalc-dims=\"1\" loading=\"lazy\" decoding=\"async\" width=\"780\" height=\"585\" src=\"https:\/\/i0.wp.com\/patrimoine-avesnois.fr\/fontaines\/wp-content\/uploads\/2021\/07\/abreuvoir-de-Robersart.webp?resize=780%2C585&#038;ssl=1\" alt=\"\" class=\"wp-image-1052\" srcset=\"https:\/\/i0.wp.com\/patrimoine-avesnois.fr\/fontaines\/wp-content\/uploads\/2021\/07\/abreuvoir-de-Robersart.webp?w=780&amp;ssl=1 780w, https:\/\/i0.wp.com\/patrimoine-avesnois.fr\/fontaines\/wp-content\/uploads\/2021\/07\/abreuvoir-de-Robersart.webp?resize=300%2C225&amp;ssl=1 300w, https:\/\/i0.wp.com\/patrimoine-avesnois.fr\/fontaines\/wp-content\/uploads\/2021\/07\/abreuvoir-de-Robersart.webp?resize=768%2C576&amp;ssl=1 768w\" sizes=\"auto, (max-width: 780px) 85vw, 780px\" \/><figcaption class=\"wp-element-caption\">Emplacement de l\u2019ancien abreuvoir de Robersart <a rel=\"noreferrer noopener\" href=\"https:\/\/www.google.fr\/maps\/@50.155616,3.6443808,3a,90y,26.15h,79.38t\/data=!3m6!1e1!3m4!1sipfIRpHBqywbIqXinxv4qA!2e0!7i16384!8i8192\" target=\"_blank\">Route de Landrecies<\/a><\/figcaption><\/figure>\n<\/div>\n\n<div class=\"wp-block-image\">\n<figure class=\"aligncenter size-full\"><img data-recalc-dims=\"1\" loading=\"lazy\" decoding=\"async\" width=\"780\" height=\"587\" src=\"https:\/\/i0.wp.com\/patrimoine-avesnois.fr\/fontaines\/wp-content\/uploads\/2021\/07\/abreuvoir-de-Robersart-2-1.webp?resize=780%2C587&#038;ssl=1\" alt=\"\" class=\"wp-image-1053\" srcset=\"https:\/\/i0.wp.com\/patrimoine-avesnois.fr\/fontaines\/wp-content\/uploads\/2021\/07\/abreuvoir-de-Robersart-2-1.webp?w=780&amp;ssl=1 780w, https:\/\/i0.wp.com\/patrimoine-avesnois.fr\/fontaines\/wp-content\/uploads\/2021\/07\/abreuvoir-de-Robersart-2-1.webp?resize=300%2C226&amp;ssl=1 300w, https:\/\/i0.wp.com\/patrimoine-avesnois.fr\/fontaines\/wp-content\/uploads\/2021\/07\/abreuvoir-de-Robersart-2-1.webp?resize=768%2C578&amp;ssl=1 768w\" sizes=\"auto, (max-width: 780px) 85vw, 780px\" \/><figcaption class=\"wp-element-caption\">Emplacement de l\u2019ancien abreuvoir de Robersart <a href=\"https:\/\/www.google.fr\/maps\/@50.155616,3.6443808,3a,90y,26.15h,79.38t\/data=!3m6!1e1!3m4!1sipfIRpHBqywbIqXinxv4qA!2e0!7i16384!8i8192\" target=\"_blank\" rel=\"noreferrer noopener\">Route de Landrecies<\/a><\/figcaption><\/figure>\n<\/div>\n\n\n<p>L\u2019abreuvoir de Robersart \u00e9tait imposant : il \u00e9tait de la longueur de la rambarde blanche. Nous pouvons remarquer sur les photos les briques, vestiges du r\u00e9servoir. Il avait fait l&rsquo;objet de r\u00e9parations en 1908.<\/p>\n","protected":false},"excerpt":{"rendered":"<p>La Fontaine Rouillette devait son nom \u00e0 la couleur l\u00e9g\u00e8rement rouille de l\u2019eau \u00e0 cet endroit limitrophe de Locquignol. Elle se situait \u00e0 200 m\u00e8tres en aval de la source qui donne naissance au ruisseau de l\u2019Hirondelle (Majeure). De nos jours une mare \u00e0 proximit\u00e9 t\u00e9moigne encore de l\u2019humidit\u00e9 du lieu : *** L\u2019abreuvoir de &hellip; <a href=\"https:\/\/patrimoine-avesnois.fr\/fontaines\/robersart-la-fontaine-rouillette-et-labreuvoir-du-pont-fosse-a-la-buse\/\" class=\"more-link\">Continuer la lecture<span class=\"screen-reader-text\"> de &laquo;&nbsp;Robersart : la fontaine Rouillette et l&rsquo;abreuvoir du pont fosse \u00e0 la buse&nbsp;&raquo;<\/span><\/a><\/p>\n","protected":false},"author":2,"featured_media":0,"parent":0,"menu_order":0,"comment_status":"closed","ping_status":"closed","template":"","meta":{"footnotes":""},"class_list":["post-408","page","type-page","status-publish","hentry"],"jetpack_sharing_enabled":true,"_links":{"self":[{"href":"https:\/\/patrimoine-avesnois.fr\/fontaines\/wp-json\/wp\/v2\/pages\/408","targetHints":{"allow":["GET"]}}],"collection":[{"href":"https:\/\/patrimoine-avesnois.fr\/fontaines\/wp-json\/wp\/v2\/pages"}],"about":[{"href":"https:\/\/patrimoine-avesnois.fr\/fontaines\/wp-json\/wp\/v2\/types\/page"}],"author":[{"embeddable":true,"href":"https:\/\/patrimoine-avesnois.fr\/fontaines\/wp-json\/wp\/v2\/users\/2"}],"replies":[{"embeddable":true,"href":"https:\/\/patrimoine-avesnois.fr\/fontaines\/wp-json\/wp\/v2\/comments?post=408"}],"version-history":[{"count":3,"href":"https:\/\/patrimoine-avesnois.fr\/fontaines\/wp-json\/wp\/v2\/pages\/408\/revisions"}],"predecessor-version":[{"id":1931,"href":"https:\/\/patrimoine-avesnois.fr\/fontaines\/wp-json\/wp\/v2\/pages\/408\/revisions\/1931"}],"wp:attachment":[{"href":"https:\/\/patrimoine-avesnois.fr\/fontaines\/wp-json\/wp\/v2\/media?parent=408"}],"curies":[{"name":"wp","href":"https:\/\/api.w.org\/{rel}","templated":true}]}}