{"id":415,"date":"2021-07-07T14:32:54","date_gmt":"2021-07-07T12:32:54","guid":{"rendered":"https:\/\/patrimoine-avesnois.fr\/fontaines\/?page_id=415"},"modified":"2023-05-15T19:00:07","modified_gmt":"2023-05-15T17:00:07","slug":"ruesnes-la-fontaine-de-lancienne-place-et-labreuvoir-du-pont-du-faubourg","status":"publish","type":"page","link":"https:\/\/patrimoine-avesnois.fr\/fontaines\/ruesnes-la-fontaine-de-lancienne-place-et-labreuvoir-du-pont-du-faubourg\/","title":{"rendered":"Ruesnes : la fontaine de l&rsquo;ancienne place et l&rsquo;abreuvoir du pont du faubourg"},"content":{"rendered":"<div class=\"wp-block-image\">\n<figure class=\"aligncenter\"><img decoding=\"async\" src=\"https:\/\/i0.wp.com\/patrimoine-avesnois.fr\/chemin\/wp-content\/uploads\/2021\/07\/Fontaine-Ruesnes-1.jpg?resize=747%2C483\" alt=\"\" class=\"wp-image-14146\"\/><figcaption class=\"wp-element-caption\">Fontaine Publique sous forme de Pompe sur l\u2019Ancienne Place Ruesnes<\/figcaption><\/figure>\n<\/div>\n\n<div class=\"wp-block-image\">\n<figure class=\"aligncenter size-full\"><img data-recalc-dims=\"1\" loading=\"lazy\" decoding=\"async\" width=\"747\" height=\"560\" src=\"https:\/\/i0.wp.com\/patrimoine-avesnois.fr\/fontaines\/wp-content\/uploads\/2021\/07\/Fontaine-Ruesnes.webp?resize=747%2C560&#038;ssl=1\" alt=\"\" class=\"wp-image-1062\" srcset=\"https:\/\/i0.wp.com\/patrimoine-avesnois.fr\/fontaines\/wp-content\/uploads\/2021\/07\/Fontaine-Ruesnes.webp?w=747&amp;ssl=1 747w, https:\/\/i0.wp.com\/patrimoine-avesnois.fr\/fontaines\/wp-content\/uploads\/2021\/07\/Fontaine-Ruesnes.webp?resize=300%2C225&amp;ssl=1 300w\" sizes=\"auto, (max-width: 747px) 85vw, 747px\" \/><figcaption class=\"wp-element-caption\">Emplacement actuel de l\u2019ancienne Fontaine Publique <a href=\"https:\/\/www.google.fr\/maps\/@50.2585813,3.5851594,3a,75y,199.63h,84.79t\/data=!3m6!1e1!3m4!1sMZFk7Vs3z8wISOD8ZVGrzg!2e0!7i16384!8i8192\" target=\"_blank\" rel=\"noreferrer noopener\">Rue du Quesnoy X Rue de l\u2019Eglise<\/a><\/figcaption><\/figure>\n<\/div>\n\n\n<p class=\"has-text-align-center\">***<\/p>\n\n\n<div class=\"wp-block-image\">\n<figure class=\"aligncenter\"><img decoding=\"async\" src=\"https:\/\/i2.wp.com\/patrimoine-avesnois.fr\/chemin\/wp-content\/uploads\/2021\/07\/Abreuvoir-10.jpg?resize=747%2C560\" alt=\"\" class=\"wp-image-14149\"\/><figcaption class=\"wp-element-caption\">Abreuvoir Ruesnes Cadastre 1928 ADN P 31 \/ 769 <a href=\"https:\/\/archivesdepartementales.lenord.fr\/ark:\/33518\/qdx2mpnz7k1f\/55a193b4-7a49-4d49-a8e2-9fa7bc9e1694\" target=\"_blank\" rel=\"noreferrer noopener\">Vue 10\/12<\/a><\/figcaption><\/figure>\n<\/div>\n\n<div class=\"wp-block-image\">\n<figure class=\"aligncenter size-full\"><img data-recalc-dims=\"1\" loading=\"lazy\" decoding=\"async\" width=\"746\" height=\"560\" src=\"https:\/\/i0.wp.com\/patrimoine-avesnois.fr\/fontaines\/wp-content\/uploads\/2021\/07\/Abreuvoir-Ruesnes.webp?resize=746%2C560&#038;ssl=1\" alt=\"\" class=\"wp-image-1063\" srcset=\"https:\/\/i0.wp.com\/patrimoine-avesnois.fr\/fontaines\/wp-content\/uploads\/2021\/07\/Abreuvoir-Ruesnes.webp?w=746&amp;ssl=1 746w, https:\/\/i0.wp.com\/patrimoine-avesnois.fr\/fontaines\/wp-content\/uploads\/2021\/07\/Abreuvoir-Ruesnes.webp?resize=300%2C225&amp;ssl=1 300w\" sizes=\"auto, (max-width: 746px) 85vw, 746px\" \/><figcaption class=\"wp-element-caption\">L\u2019abreuvoir de Ruesnes se situait apr\u00e8s ce rond-point sur la gauche de la D 100 conduisant \u00e0 Beaudignies.<\/figcaption><\/figure>\n<\/div>\n\n\n<p>L&rsquo;abreuvoir de Ruesnes \u00e9tait tr\u00e8s ancien car il avait d\u00e9j\u00e0 \u00e9t\u00e9 soumis \u00e0 des r\u00e9parations en 1809.<\/p>\n","protected":false},"excerpt":{"rendered":"<p>*** L&rsquo;abreuvoir de Ruesnes \u00e9tait tr\u00e8s ancien car il avait d\u00e9j\u00e0 \u00e9t\u00e9 soumis \u00e0 des r\u00e9parations en 1809.<\/p>\n","protected":false},"author":2,"featured_media":0,"parent":0,"menu_order":0,"comment_status":"closed","ping_status":"closed","template":"","meta":{"footnotes":""},"class_list":["post-415","page","type-page","status-publish","hentry"],"jetpack_sharing_enabled":true,"_links":{"self":[{"href":"https:\/\/patrimoine-avesnois.fr\/fontaines\/wp-json\/wp\/v2\/pages\/415","targetHints":{"allow":["GET"]}}],"collection":[{"href":"https:\/\/patrimoine-avesnois.fr\/fontaines\/wp-json\/wp\/v2\/pages"}],"about":[{"href":"https:\/\/patrimoine-avesnois.fr\/fontaines\/wp-json\/wp\/v2\/types\/page"}],"author":[{"embeddable":true,"href":"https:\/\/patrimoine-avesnois.fr\/fontaines\/wp-json\/wp\/v2\/users\/2"}],"replies":[{"embeddable":true,"href":"https:\/\/patrimoine-avesnois.fr\/fontaines\/wp-json\/wp\/v2\/comments?post=415"}],"version-history":[{"count":4,"href":"https:\/\/patrimoine-avesnois.fr\/fontaines\/wp-json\/wp\/v2\/pages\/415\/revisions"}],"predecessor-version":[{"id":1935,"href":"https:\/\/patrimoine-avesnois.fr\/fontaines\/wp-json\/wp\/v2\/pages\/415\/revisions\/1935"}],"wp:attachment":[{"href":"https:\/\/patrimoine-avesnois.fr\/fontaines\/wp-json\/wp\/v2\/media?parent=415"}],"curies":[{"name":"wp","href":"https:\/\/api.w.org\/{rel}","templated":true}]}}