{"id":434,"date":"2021-07-12T12:57:55","date_gmt":"2021-07-12T10:57:55","guid":{"rendered":"https:\/\/patrimoine-avesnois.fr\/fontaines\/?page_id=434"},"modified":"2022-02-11T09:44:09","modified_gmt":"2022-02-11T08:44:09","slug":"saint-aubin-la-fontaine-et-son-puits-a-margelle","status":"publish","type":"page","link":"https:\/\/patrimoine-avesnois.fr\/fontaines\/saint-aubin-la-fontaine-et-son-puits-a-margelle\/","title":{"rendered":"Saint-Aubin : la fontaine et son puits \u00e0 margelle, l&rsquo;ancien aqueduc de 1867"},"content":{"rendered":"\n<div class=\"wp-block-image\"><figure class=\"aligncenter\"><img decoding=\"async\" src=\"https:\/\/i0.wp.com\/patrimoine-avesnois.fr\/chemin\/wp-content\/uploads\/2021\/07\/Fontaine-6.jpg?resize=750%2C560\" alt=\"\" class=\"wp-image-14157\"\/><figcaption>Fontaine Saint-Aubin Cadastre ADN 1813 P 31 \/ 771 <a href=\"https:\/\/archivesdepartementales.lenord.fr\/ark:\/33518\/f1lr3c2d5h7k\/43dc5744-59f6-4cc1-84bf-49bc8d6b033c\" target=\"_blank\" rel=\"noreferrer noopener\">Vue 6\/18<\/a><\/figcaption><\/figure><\/div>\n\n\n\n<div class=\"wp-block-image\"><figure class=\"aligncenter\"><img decoding=\"async\" src=\"https:\/\/i2.wp.com\/patrimoine-avesnois.fr\/chemin\/wp-content\/uploads\/2021\/07\/Fontaine-12.jpg?resize=750%2C560\" alt=\"\" class=\"wp-image-14152\"\/><figcaption>Fontaine Saint-Aubin Cadastre 1867 ADN P 31 \/ 771 <a rel=\"noreferrer noopener\" href=\"https:\/\/archivesdepartementales.lenord.fr\/ark:\/33518\/f1lr3c2d5h7k\/2835861d-5443-4688-928f-2c9e897fde41\" target=\"_blank\">Vue 12\/18<\/a><\/figcaption><\/figure><\/div>\n\n\n\n<div class=\"wp-block-image\"><figure class=\"aligncenter size-full is-resized\"><img data-recalc-dims=\"1\" loading=\"lazy\" decoding=\"async\" src=\"https:\/\/i0.wp.com\/patrimoine-avesnois.fr\/fontaines\/wp-content\/uploads\/2021\/08\/Fontaine-rue-den-haut.jpg?resize=750%2C561&#038;ssl=1\" alt=\"\" class=\"wp-image-1323\" width=\"750\" height=\"561\" srcset=\"https:\/\/i0.wp.com\/patrimoine-avesnois.fr\/fontaines\/wp-content\/uploads\/2021\/08\/Fontaine-rue-den-haut.jpg?w=844&amp;ssl=1 844w, https:\/\/i0.wp.com\/patrimoine-avesnois.fr\/fontaines\/wp-content\/uploads\/2021\/08\/Fontaine-rue-den-haut.jpg?resize=300%2C225&amp;ssl=1 300w, https:\/\/i0.wp.com\/patrimoine-avesnois.fr\/fontaines\/wp-content\/uploads\/2021\/08\/Fontaine-rue-den-haut.jpg?resize=768%2C575&amp;ssl=1 768w\" sizes=\"auto, (max-width: 750px) 85vw, 750px\" \/><figcaption>Fontaine de Saint-Aubin<a href=\"https:\/\/www.google.fr\/maps\/@50.1725294,3.9220623,3a,75y,200.26h,80.02t\/data=!3m6!1e1!3m4!1sWiYSWHnnn-0fKw_LnGe16g!2e0!7i13312!8i6656\" target=\"_blank\" rel=\"noreferrer noopener\"> Rue d\u2019En Haut<\/a><\/figcaption><\/figure><\/div>\n\n\n\n<p>La Fontaine de Saint-Aubin et son puits \u00e0 margelle sont situ\u00e9s Rue d\u2019En Haut au bord de la Tarsy. Ils ont fait l\u2019objet d\u2019une restauration en 2010 par l\u2019association les \u00ab Vieilles Pierres \u00bb. Les eaux de la Fontaine en 1813 provenaient du Ruisseau du Ponceau d\u00e9nomm\u00e9 \u00e0 la sortie d\u2019une mare Ruisseau Dumoulin avant de prendre le nom de Rivi\u00e8re de Tarsies.<\/p>\n\n\n\n<p class=\"has-text-align-center\">***<\/p>\n\n\n\n<div class=\"wp-block-image\"><figure class=\"aligncenter size-full is-resized\"><img data-recalc-dims=\"1\" loading=\"lazy\" decoding=\"async\" src=\"https:\/\/i0.wp.com\/patrimoine-avesnois.fr\/fontaines\/wp-content\/uploads\/2022\/02\/image-8.png?resize=661%2C498&#038;ssl=1\" alt=\"\" class=\"wp-image-1807\" width=\"661\" height=\"498\" srcset=\"https:\/\/i0.wp.com\/patrimoine-avesnois.fr\/fontaines\/wp-content\/uploads\/2022\/02\/image-8.png?w=839&amp;ssl=1 839w, https:\/\/i0.wp.com\/patrimoine-avesnois.fr\/fontaines\/wp-content\/uploads\/2022\/02\/image-8.png?resize=300%2C226&amp;ssl=1 300w, https:\/\/i0.wp.com\/patrimoine-avesnois.fr\/fontaines\/wp-content\/uploads\/2022\/02\/image-8.png?resize=768%2C579&amp;ssl=1 768w\" sizes=\"auto, (max-width: 661px) 85vw, 661px\" \/><figcaption>Cadastre Saint Aubin 1868 ADN P 31 \/ 771 <a href=\"https:\/\/archivesdepartementales.lenord.fr\/ark:\/33518\/f1lr3c2d5h7k\/2835861d-5443-4688-928f-2c9e897fde41\" data-type=\"URL\" data-id=\"https:\/\/archivesdepartementales.lenord.fr\/ark:\/33518\/f1lr3c2d5h7k\/2835861d-5443-4688-928f-2c9e897fde41\" target=\"_blank\" rel=\"noreferrer noopener\">Vue 12\/18<\/a><\/figcaption><\/figure><\/div>\n\n\n\n<div class=\"wp-block-image\"><figure class=\"aligncenter size-full is-resized\"><img data-recalc-dims=\"1\" loading=\"lazy\" decoding=\"async\" src=\"https:\/\/i0.wp.com\/patrimoine-avesnois.fr\/fontaines\/wp-content\/uploads\/2022\/02\/Capture-4.jpg?resize=672%2C503&#038;ssl=1\" alt=\"\" class=\"wp-image-1786\" width=\"672\" height=\"503\" srcset=\"https:\/\/i0.wp.com\/patrimoine-avesnois.fr\/fontaines\/wp-content\/uploads\/2022\/02\/Capture-4.jpg?w=875&amp;ssl=1 875w, https:\/\/i0.wp.com\/patrimoine-avesnois.fr\/fontaines\/wp-content\/uploads\/2022\/02\/Capture-4.jpg?resize=300%2C225&amp;ssl=1 300w, https:\/\/i0.wp.com\/patrimoine-avesnois.fr\/fontaines\/wp-content\/uploads\/2022\/02\/Capture-4.jpg?resize=768%2C575&amp;ssl=1 768w\" sizes=\"auto, (max-width: 672px) 85vw, 672px\" \/><figcaption>Foss\u00e9 ayant servi d&rsquo;aqueduc Photo <a href=\"https:\/\/www.google.fr\/maps\/@50.1707154,3.9197239,3a,90y,139.56h,86.53t\/data=!3m6!1e1!3m4!1sysOJ2LkarU_fQod516kPCQ!2e0!7i13312!8i6656\" target=\"_blank\" rel=\"noreferrer noopener\">Google 07\/2013<\/a><\/figcaption><\/figure><\/div>\n\n\n\n<div class=\"wp-block-image\"><figure class=\"aligncenter size-full is-resized\"><img data-recalc-dims=\"1\" loading=\"lazy\" decoding=\"async\" src=\"https:\/\/i0.wp.com\/patrimoine-avesnois.fr\/fontaines\/wp-content\/uploads\/2022\/02\/Capture-5.jpg?resize=473%2C592&#038;ssl=1\" alt=\"\" class=\"wp-image-1790\" width=\"473\" height=\"592\" srcset=\"https:\/\/i0.wp.com\/patrimoine-avesnois.fr\/fontaines\/wp-content\/uploads\/2022\/02\/Capture-5.jpg?w=631&amp;ssl=1 631w, https:\/\/i0.wp.com\/patrimoine-avesnois.fr\/fontaines\/wp-content\/uploads\/2022\/02\/Capture-5.jpg?resize=240%2C300&amp;ssl=1 240w\" sizes=\"auto, (max-width: 473px) 85vw, 473px\" \/><figcaption>La Tarsies se trouve \u00e0 l&rsquo;extr\u00e9mit\u00e9 de cette balustrade rouge<\/figcaption><\/figure><\/div>\n\n\n\n<p>En 1867 on abattit les 28 peupliers et les 14 tilleuls qui entouraient la Place et le cimeti\u00e8re et on construisit l&rsquo;aqueduc de la Place (Notices historiques sur Saint-Aubin par l&rsquo;abb\u00e9 Ph Carlier, vice doyen d&rsquo;Avesnelles). Il s&rsquo;agissait tr\u00e8s probablement d&rsquo;un am\u00e9nagement du ruisseau du moulin entre la place de l&rsquo;\u00e9glise et la Tarsies. Il se pr\u00e9sente de nos jours sous la forme d&rsquo;un foss\u00e9 ordinaire.<\/p>\n","protected":false},"excerpt":{"rendered":"<p>La Fontaine de Saint-Aubin et son puits \u00e0 margelle sont situ\u00e9s Rue d\u2019En Haut au bord de la Tarsy. Ils ont fait l\u2019objet d\u2019une restauration en 2010 par l\u2019association les \u00ab Vieilles Pierres \u00bb. Les eaux de la Fontaine en 1813 provenaient du Ruisseau du Ponceau d\u00e9nomm\u00e9 \u00e0 la sortie d\u2019une mare Ruisseau Dumoulin avant &hellip; <a href=\"https:\/\/patrimoine-avesnois.fr\/fontaines\/saint-aubin-la-fontaine-et-son-puits-a-margelle\/\" class=\"more-link\">Continuer la lecture<span class=\"screen-reader-text\"> de &laquo;&nbsp;Saint-Aubin : la fontaine et son puits \u00e0 margelle, l&rsquo;ancien aqueduc de 1867&nbsp;&raquo;<\/span><\/a><\/p>\n","protected":false},"author":2,"featured_media":0,"parent":0,"menu_order":0,"comment_status":"closed","ping_status":"closed","template":"","meta":{"footnotes":""},"class_list":["post-434","page","type-page","status-publish","hentry"],"jetpack_sharing_enabled":true,"_links":{"self":[{"href":"https:\/\/patrimoine-avesnois.fr\/fontaines\/wp-json\/wp\/v2\/pages\/434","targetHints":{"allow":["GET"]}}],"collection":[{"href":"https:\/\/patrimoine-avesnois.fr\/fontaines\/wp-json\/wp\/v2\/pages"}],"about":[{"href":"https:\/\/patrimoine-avesnois.fr\/fontaines\/wp-json\/wp\/v2\/types\/page"}],"author":[{"embeddable":true,"href":"https:\/\/patrimoine-avesnois.fr\/fontaines\/wp-json\/wp\/v2\/users\/2"}],"replies":[{"embeddable":true,"href":"https:\/\/patrimoine-avesnois.fr\/fontaines\/wp-json\/wp\/v2\/comments?post=434"}],"version-history":[{"count":15,"href":"https:\/\/patrimoine-avesnois.fr\/fontaines\/wp-json\/wp\/v2\/pages\/434\/revisions"}],"predecessor-version":[{"id":1809,"href":"https:\/\/patrimoine-avesnois.fr\/fontaines\/wp-json\/wp\/v2\/pages\/434\/revisions\/1809"}],"wp:attachment":[{"href":"https:\/\/patrimoine-avesnois.fr\/fontaines\/wp-json\/wp\/v2\/media?parent=434"}],"curies":[{"name":"wp","href":"https:\/\/api.w.org\/{rel}","templated":true}]}}