{"id":46,"date":"2021-07-01T17:19:07","date_gmt":"2021-07-01T15:19:07","guid":{"rendered":"https:\/\/patrimoine-avesnois.fr\/fontaines\/?page_id=46"},"modified":"2023-05-15T13:29:02","modified_gmt":"2023-05-15T11:29:02","slug":"bas-lieu-les-fontaines-de-guersignies-et-de-la-brasserie","status":"publish","type":"page","link":"https:\/\/patrimoine-avesnois.fr\/fontaines\/bas-lieu-les-fontaines-de-guersignies-et-de-la-brasserie\/","title":{"rendered":"Bas-Lieu : les fontaines de Guersignies et de la Brasserie"},"content":{"rendered":"<div class=\"wp-block-image\">\n<figure class=\"aligncenter\"><img decoding=\"async\" src=\"https:\/\/i2.wp.com\/patrimoine-avesnois.fr\/chemin\/wp-content\/uploads\/2021\/06\/Capture-33.jpg?resize=630%2C472\" alt=\"\" class=\"wp-image-13347\"\/><figcaption class=\"wp-element-caption\">Cadastre de Bas-Lieu 1869 ADN P 31 \/ 657 <a href=\"https:\/\/archivesdepartementales.lenord.fr\/ark:\/33518\/dv6xpbsz572j\/f3e29a88-069a-41a9-a8f4-ad514d124bd4\" target=\"_blank\" rel=\"noreferrer noopener\">Vue 11\/12<\/a><\/figcaption><\/figure>\n<\/div>\n\n\n<p>En 1869 sur le territoire de Bas-Lieu se trouvaient deux fontaines, l\u2019une au hameau de Guersignies et l\u2019autre en bordure d\u2019un chemin qui porte de nos jours le nom de Chemin de la Brasserie.<\/p>\n\n\n\n<div class=\"wp-block-jetpack-slideshow aligncenter\" data-effect=\"slide\"><div class=\"wp-block-jetpack-slideshow_container swiper-container\"><ul class=\"wp-block-jetpack-slideshow_swiper-wrapper swiper-wrapper\"><li class=\"wp-block-jetpack-slideshow_slide swiper-slide\"><figure><img data-recalc-dims=\"1\" loading=\"lazy\" decoding=\"async\" width=\"840\" height=\"630\" alt=\"\" class=\"wp-block-jetpack-slideshow_image wp-image-50\" data-id=\"50\" src=\"https:\/\/i0.wp.com\/patrimoine-avesnois.fr\/fontaines\/wp-content\/uploads\/2021\/07\/Capture.jpg?resize=840%2C630&#038;ssl=1\" srcset=\"https:\/\/i0.wp.com\/patrimoine-avesnois.fr\/fontaines\/wp-content\/uploads\/2021\/07\/Capture.jpg?resize=1024%2C768&amp;ssl=1 1024w, https:\/\/i0.wp.com\/patrimoine-avesnois.fr\/fontaines\/wp-content\/uploads\/2021\/07\/Capture.jpg?resize=300%2C225&amp;ssl=1 300w, https:\/\/i0.wp.com\/patrimoine-avesnois.fr\/fontaines\/wp-content\/uploads\/2021\/07\/Capture.jpg?resize=768%2C576&amp;ssl=1 768w, https:\/\/i0.wp.com\/patrimoine-avesnois.fr\/fontaines\/wp-content\/uploads\/2021\/07\/Capture.jpg?w=1051&amp;ssl=1 1051w\" sizes=\"(max-width: 709px) 85vw, (max-width: 909px) 67vw, (max-width: 1362px) 62vw, 840px\" \/><\/figure><\/li><li class=\"wp-block-jetpack-slideshow_slide swiper-slide\"><figure><img data-recalc-dims=\"1\" loading=\"lazy\" decoding=\"async\" width=\"840\" height=\"630\" alt=\"\" class=\"wp-block-jetpack-slideshow_image wp-image-51\" data-id=\"51\" src=\"https:\/\/i0.wp.com\/patrimoine-avesnois.fr\/fontaines\/wp-content\/uploads\/2021\/07\/Captur.jpg?resize=840%2C630&#038;ssl=1\" srcset=\"https:\/\/i0.wp.com\/patrimoine-avesnois.fr\/fontaines\/wp-content\/uploads\/2021\/07\/Captur.jpg?w=894&amp;ssl=1 894w, https:\/\/i0.wp.com\/patrimoine-avesnois.fr\/fontaines\/wp-content\/uploads\/2021\/07\/Captur.jpg?resize=300%2C225&amp;ssl=1 300w, https:\/\/i0.wp.com\/patrimoine-avesnois.fr\/fontaines\/wp-content\/uploads\/2021\/07\/Captur.jpg?resize=768%2C576&amp;ssl=1 768w\" sizes=\"(max-width: 709px) 85vw, (max-width: 909px) 67vw, (max-width: 1362px) 62vw, 840px\" \/><\/figure><\/li><\/ul><a class=\"wp-block-jetpack-slideshow_button-prev swiper-button-prev swiper-button-white\" role=\"button\"><\/a><a class=\"wp-block-jetpack-slideshow_button-next swiper-button-next swiper-button-white\" role=\"button\"><\/a><a aria-label=\"Pause Slideshow\" class=\"wp-block-jetpack-slideshow_button-pause\" role=\"button\"><\/a><div class=\"wp-block-jetpack-slideshow_pagination swiper-pagination swiper-pagination-white\"><\/div><\/div><\/div>\n\n\n\n<p>La fontaine \u00e9tait localis\u00e9e dans la p\u00e2ture derri\u00e8re cette ferme.<a rel=\"noreferrer noopener\" href=\"https:\/\/www.google.com\/maps\/@50.1301823,3.9451777,3a,46.7y,163.61h,80.89t\/data=!3m6!1e1!3m4!1sBGLpdTuCVb1qKG-yB4n3Xw!2e0!7i16384!8i8192?hl=fr\" target=\"_blank\">Route de Guersignies<\/a>. La vue satellite n\u2019en laisse voir aucune trace.<\/p>\n\n\n\n<p class=\"has-text-align-center\">***<\/p>\n\n\n<div class=\"wp-block-image\">\n<figure class=\"aligncenter size-full\"><img data-recalc-dims=\"1\" loading=\"lazy\" decoding=\"async\" width=\"630\" height=\"472\" src=\"https:\/\/i0.wp.com\/patrimoine-avesnois.fr\/fontaines\/wp-content\/uploads\/2021\/07\/Fontaine-de-la-Brasserie-BAS-LIEU.webp?resize=630%2C472&#038;ssl=1\" alt=\"\" class=\"wp-image-651\" srcset=\"https:\/\/i0.wp.com\/patrimoine-avesnois.fr\/fontaines\/wp-content\/uploads\/2021\/07\/Fontaine-de-la-Brasserie-BAS-LIEU.webp?w=630&amp;ssl=1 630w, https:\/\/i0.wp.com\/patrimoine-avesnois.fr\/fontaines\/wp-content\/uploads\/2021\/07\/Fontaine-de-la-Brasserie-BAS-LIEU.webp?resize=300%2C225&amp;ssl=1 300w\" sizes=\"auto, (max-width: 630px) 85vw, 630px\" \/><figcaption class=\"wp-element-caption\">Fontaine <a rel=\"noreferrer noopener\" href=\"https:\/\/www.google.com\/maps\/@50.1357295,3.9423106,3a,75y,90.09h,56.23t\/data=!3m6!1e1!3m4!1sdvaxK57_675D8lWPMPZejw!2e0!7i16384!8i8192?hl=fr\" target=\"_blank\">Chemin de la Brasserie<\/a><\/figcaption><\/figure>\n<\/div>\n\n\n<p>La Fontaine le long du chemin de la Brasserie n\u2019a pas disparu m\u00eame si le bras de la pompe a \u00e9t\u00e9 enlev\u00e9. L&rsquo;eau de la fontaine Sainte P\u00e9tronille \u00e9tait pr\u00e9lev\u00e9e selon un rituel bien particulier. Le 31 mai, t\u00f4t le matin, on prenait de l&rsquo;eau avec une carafe dont le col \u00e9tait tourn\u00e9 vers l&rsquo;aval et ceci, sans oublier le signe de croix. On la conservait alors pr\u00e9cieusement toute l&rsquo;ann\u00e9e et on l&rsquo;utilisait contre les maux d&rsquo;yeux. (Source : Valentiana N\u00b022 D\u00e9cembre 1988 ISSN 0898-6139)<\/p>\n\n\n\n<p class=\"has-text-align-center\">***<\/p>\n\n\n\n<p>En 1880 dans la Ruelle du Presbyt\u00e8re, on \u00e9tablit un puits et en 1909 on acheta une fontaine \u00e0 Bosquet (ADN S\u00e9rie 2 O 50\/24-25 ).<\/p>\n\n\n\n<p> <\/p>\n","protected":false},"excerpt":{"rendered":"<p>En 1869 sur le territoire de Bas-Lieu se trouvaient deux fontaines, l\u2019une au hameau de Guersignies et l\u2019autre en bordure d\u2019un chemin qui porte de nos jours le nom de Chemin de la Brasserie. La fontaine \u00e9tait localis\u00e9e dans la p\u00e2ture derri\u00e8re cette ferme.Route de Guersignies. La vue satellite n\u2019en laisse voir aucune trace. *** &hellip; <a href=\"https:\/\/patrimoine-avesnois.fr\/fontaines\/bas-lieu-les-fontaines-de-guersignies-et-de-la-brasserie\/\" class=\"more-link\">Continuer la lecture<span class=\"screen-reader-text\"> de &laquo;&nbsp;Bas-Lieu : les fontaines de Guersignies et de la Brasserie&nbsp;&raquo;<\/span><\/a><\/p>\n","protected":false},"author":2,"featured_media":0,"parent":0,"menu_order":0,"comment_status":"closed","ping_status":"closed","template":"","meta":{"footnotes":""},"class_list":["post-46","page","type-page","status-publish","hentry"],"jetpack_sharing_enabled":true,"_links":{"self":[{"href":"https:\/\/patrimoine-avesnois.fr\/fontaines\/wp-json\/wp\/v2\/pages\/46","targetHints":{"allow":["GET"]}}],"collection":[{"href":"https:\/\/patrimoine-avesnois.fr\/fontaines\/wp-json\/wp\/v2\/pages"}],"about":[{"href":"https:\/\/patrimoine-avesnois.fr\/fontaines\/wp-json\/wp\/v2\/types\/page"}],"author":[{"embeddable":true,"href":"https:\/\/patrimoine-avesnois.fr\/fontaines\/wp-json\/wp\/v2\/users\/2"}],"replies":[{"embeddable":true,"href":"https:\/\/patrimoine-avesnois.fr\/fontaines\/wp-json\/wp\/v2\/comments?post=46"}],"version-history":[{"count":6,"href":"https:\/\/patrimoine-avesnois.fr\/fontaines\/wp-json\/wp\/v2\/pages\/46\/revisions"}],"predecessor-version":[{"id":1859,"href":"https:\/\/patrimoine-avesnois.fr\/fontaines\/wp-json\/wp\/v2\/pages\/46\/revisions\/1859"}],"wp:attachment":[{"href":"https:\/\/patrimoine-avesnois.fr\/fontaines\/wp-json\/wp\/v2\/media?parent=46"}],"curies":[{"name":"wp","href":"https:\/\/api.w.org\/{rel}","templated":true}]}}