{"id":57,"date":"2021-07-01T17:47:39","date_gmt":"2021-07-01T15:47:39","guid":{"rendered":"https:\/\/patrimoine-avesnois.fr\/fontaines\/?page_id=57"},"modified":"2021-07-25T13:07:24","modified_gmt":"2021-07-25T11:07:24","slug":"beaudignies-et-ses-quatre-fontaines","status":"publish","type":"page","link":"https:\/\/patrimoine-avesnois.fr\/fontaines\/beaudignies-et-ses-quatre-fontaines\/","title":{"rendered":"Beaudignies et ses quatre fontaines"},"content":{"rendered":"\n<p>Le village de Beaudignies disposait en 1928 de quatre fontaines : la Fontaine du Pont Gosset, la Fontaine du Bosquet, une fontaine pr\u00e8s du sentier de la Fontaine et une autre longeant le Ruisseau du Marais.<\/p>\n\n\n\n<div class=\"wp-block-image\"><figure class=\"aligncenter\"><img decoding=\"async\" src=\"https:\/\/i2.wp.com\/patrimoine-avesnois.fr\/chemin\/wp-content\/uploads\/2021\/06\/Capture-17.jpg?resize=630%2C474\" alt=\"\" class=\"wp-image-13315\"\/><figcaption>Fontaine du Pont Gosset Cadastre de Beaudignies 1928 ADN P 31 \/ 659 <a href=\"https:\/\/archivesdepartementales.lenord.fr\/ark:\/33518\/hc34jmtx29p0\/cb0a8834-d8e6-4efe-873c-7f56a27abea8\" target=\"_blank\" rel=\"noreferrer noopener\">Vue 11\/17<\/a><\/figcaption><\/figure><\/div>\n\n\n\n<div class=\"wp-block-image\"><figure class=\"aligncenter size-full\"><img data-recalc-dims=\"1\" loading=\"lazy\" decoding=\"async\" width=\"630\" height=\"473\" src=\"https:\/\/i0.wp.com\/patrimoine-avesnois.fr\/fontaines\/wp-content\/uploads\/2021\/07\/Fontaine-du-Pont-Gosset-BEAUDIGNIES-.webp?resize=630%2C473&#038;ssl=1\" alt=\"\" class=\"wp-image-656\" srcset=\"https:\/\/i0.wp.com\/patrimoine-avesnois.fr\/fontaines\/wp-content\/uploads\/2021\/07\/Fontaine-du-Pont-Gosset-BEAUDIGNIES-.webp?w=630&amp;ssl=1 630w, https:\/\/i0.wp.com\/patrimoine-avesnois.fr\/fontaines\/wp-content\/uploads\/2021\/07\/Fontaine-du-Pont-Gosset-BEAUDIGNIES-.webp?resize=300%2C225&amp;ssl=1 300w\" sizes=\"auto, (max-width: 630px) 85vw, 630px\" \/><figcaption>Le Pont Gosset <a rel=\"noreferrer noopener\" href=\"https:\/\/www.google.com\/maps\/@50.2362713,3.594613,3a,90y,8.69h,81.34t\/data=!3m6!1e1!3m4!1sudxODo-wdxlaUnO--ywUfQ!2e0!7i13312!8i6656?hl=fr\" target=\"_blank\">Rue du Quesnoy <\/a>La fontaine n\u2019existe plus.<\/figcaption><\/figure><\/div>\n\n\n\n<p class=\"has-text-align-center\">***<\/p>\n\n\n\n<div class=\"wp-block-image\"><figure class=\"aligncenter\"><img decoding=\"async\" src=\"https:\/\/i2.wp.com\/patrimoine-avesnois.fr\/chemin\/wp-content\/uploads\/2021\/06\/Capture-19.jpg?resize=630%2C473\" alt=\"\" class=\"wp-image-13317\"\/><figcaption><em>Fontaine du Bosquet Cadastre de Beaudignies 1928 ADN P 31 \/ 659<\/em> <a href=\"https:\/\/archivesdepartementales.lenord.fr\/ark:\/33518\/hc34jmtx29p0\/44a3e88d-8b55-44c4-ad95-420ac4bd2516\" target=\"_blank\" rel=\"noreferrer noopener\">Vue 10\/17<\/a><\/figcaption><\/figure><\/div>\n\n\n\n<div class=\"wp-block-image\"><figure class=\"aligncenter size-full\"><img data-recalc-dims=\"1\" loading=\"lazy\" decoding=\"async\" width=\"630\" height=\"473\" src=\"https:\/\/i0.wp.com\/patrimoine-avesnois.fr\/fontaines\/wp-content\/uploads\/2021\/07\/Fontaine-du-Bosquet-BEAUDIGNIES.webp?resize=630%2C473&#038;ssl=1\" alt=\"\" class=\"wp-image-658\" srcset=\"https:\/\/i0.wp.com\/patrimoine-avesnois.fr\/fontaines\/wp-content\/uploads\/2021\/07\/Fontaine-du-Bosquet-BEAUDIGNIES.webp?w=630&amp;ssl=1 630w, https:\/\/i0.wp.com\/patrimoine-avesnois.fr\/fontaines\/wp-content\/uploads\/2021\/07\/Fontaine-du-Bosquet-BEAUDIGNIES.webp?resize=300%2C225&amp;ssl=1 300w\" sizes=\"auto, (max-width: 630px) 85vw, 630px\" \/><figcaption>La fontaine du Bosquet a \u00e9t\u00e9 modifi\u00e9e en pompe afin que notamment les agriculteurs puissent remplir leur cuve \u00e0 eau. <a href=\"https:\/\/www.google.com\/maps\/@50.2403567,3.5921272,3a,75y,66.38h,86.12t\/data=!3m6!1e1!3m4!1sup5bD3hDX3FmsSrAlhqzlA!2e0!7i16384!8i8192?hl=fr\" target=\"_blank\" rel=\"noreferrer noopener\">Rue Basse<\/a><\/figcaption><\/figure><\/div>\n\n\n\n<p class=\"has-text-align-center\">***<\/p>\n\n\n\n<div class=\"wp-block-image\"><figure class=\"aligncenter\"><img decoding=\"async\" src=\"https:\/\/i1.wp.com\/patrimoine-avesnois.fr\/chemin\/wp-content\/uploads\/2021\/06\/Capture-22.jpg?resize=630%2C473\" alt=\"\" class=\"wp-image-13321\"\/><figcaption>Fontaine du sentier <em>Cadastre de Beaudignies 1928 ADN P 31 \/ 659 <\/em><a rel=\"noreferrer noopener\" href=\"https:\/\/archivesdepartementales.lenord.fr\/ark:\/33518\/hc34jmtx29p0\/44a3e88d-8b55-44c4-ad95-420ac4bd2516\" target=\"_blank\">Vue 10\/17<\/a><\/figcaption><\/figure><\/div>\n\n\n\n<div class=\"wp-block-image\"><figure class=\"aligncenter\"><img decoding=\"async\" src=\"https:\/\/i2.wp.com\/patrimoine-avesnois.fr\/chemin\/wp-content\/uploads\/2021\/06\/Capture-24.jpg?resize=630%2C472\" alt=\"\" class=\"wp-image-13323\"\/><figcaption>Le sentier et la fontaine ont disparu. <a href=\"https:\/\/www.google.com\/maps\/place\/Rue+Basse,+59530+Beaudignies\/@50.2420618,3.5888313,357m\/data=!3m1!1e3!4m5!3m4!1s0x47c28c4e5e52336d:0x14cb7250b6caa91b!8m2!3d50.2387533!4d3.5915191?hl=fr\" target=\"_blank\" rel=\"noreferrer noopener\">Vue satellite<\/a><\/figcaption><\/figure><\/div>\n\n\n\n<p class=\"has-text-align-center\">***<\/p>\n\n\n\n<div class=\"wp-block-image\"><figure class=\"aligncenter\"><img decoding=\"async\" src=\"https:\/\/i1.wp.com\/patrimoine-avesnois.fr\/chemin\/wp-content\/uploads\/2021\/06\/Capture-25.jpg?resize=630%2C472\" alt=\"\" class=\"wp-image-13324\"\/><figcaption>La Fontaine du Ruisseau du Marais <em>Cadastre de Beaudignies 1928 ADN P 31 \/ 659 <\/em><a rel=\"noreferrer noopener\" href=\"https:\/\/archivesdepartementales.lenord.fr\/ark:\/33518\/hc34jmtx29p0\/44a3e88d-8b55-44c4-ad95-420ac4bd2516\" target=\"_blank\">Vue 10\/17<\/a><\/figcaption><\/figure><\/div>\n\n\n\n<div class=\"wp-block-jetpack-slideshow aligncenter\" data-effect=\"slide\"><div class=\"wp-block-jetpack-slideshow_container swiper-container\"><ul class=\"wp-block-jetpack-slideshow_swiper-wrapper swiper-wrapper\"><li class=\"wp-block-jetpack-slideshow_slide swiper-slide\"><figure><img data-recalc-dims=\"1\" loading=\"lazy\" decoding=\"async\" width=\"757\" height=\"570\" alt=\"\" class=\"wp-block-jetpack-slideshow_image wp-image-58\" data-id=\"58\" src=\"https:\/\/i0.wp.com\/patrimoine-avesnois.fr\/fontaines\/wp-content\/uploads\/2021\/07\/Capture-1.jpg?resize=757%2C570&#038;ssl=1\" srcset=\"https:\/\/i0.wp.com\/patrimoine-avesnois.fr\/fontaines\/wp-content\/uploads\/2021\/07\/Capture-1.jpg?w=757&amp;ssl=1 757w, https:\/\/i0.wp.com\/patrimoine-avesnois.fr\/fontaines\/wp-content\/uploads\/2021\/07\/Capture-1.jpg?resize=300%2C226&amp;ssl=1 300w\" sizes=\"(max-width: 757px) 85vw, 757px\" \/><\/figure><\/li><li class=\"wp-block-jetpack-slideshow_slide swiper-slide\"><figure><img data-recalc-dims=\"1\" loading=\"lazy\" decoding=\"async\" width=\"762\" height=\"573\" alt=\"\" class=\"wp-block-jetpack-slideshow_image wp-image-59\" data-id=\"59\" src=\"https:\/\/i0.wp.com\/patrimoine-avesnois.fr\/fontaines\/wp-content\/uploads\/2021\/07\/Captur-1.jpg?resize=762%2C573&#038;ssl=1\" srcset=\"https:\/\/i0.wp.com\/patrimoine-avesnois.fr\/fontaines\/wp-content\/uploads\/2021\/07\/Captur-1.jpg?w=762&amp;ssl=1 762w, https:\/\/i0.wp.com\/patrimoine-avesnois.fr\/fontaines\/wp-content\/uploads\/2021\/07\/Captur-1.jpg?resize=300%2C226&amp;ssl=1 300w\" sizes=\"(max-width: 762px) 85vw, 762px\" \/><\/figure><\/li><\/ul><a class=\"wp-block-jetpack-slideshow_button-prev swiper-button-prev swiper-button-white\" role=\"button\"><\/a><a class=\"wp-block-jetpack-slideshow_button-next swiper-button-next swiper-button-white\" role=\"button\"><\/a><a aria-label=\"Pause Slideshow\" class=\"wp-block-jetpack-slideshow_button-pause\" role=\"button\"><\/a><div class=\"wp-block-jetpack-slideshow_pagination swiper-pagination swiper-pagination-white\"><\/div><\/div><\/div>\n\n\n\n<p>La vue a\u00e9rienne semble indiquer que cette fontaine est toujours pr\u00e9sente \u00e0 cet endroit.<\/p>\n","protected":false},"excerpt":{"rendered":"<p>Le village de Beaudignies disposait en 1928 de quatre fontaines : la Fontaine du Pont Gosset, la Fontaine du Bosquet, une fontaine pr\u00e8s du sentier de la Fontaine et une autre longeant le Ruisseau du Marais. *** *** *** La vue a\u00e9rienne semble indiquer que cette fontaine est toujours pr\u00e9sente \u00e0 cet endroit.<\/p>\n","protected":false},"author":2,"featured_media":0,"parent":0,"menu_order":0,"comment_status":"closed","ping_status":"closed","template":"","meta":{"footnotes":""},"class_list":["post-57","page","type-page","status-publish","hentry"],"jetpack_sharing_enabled":true,"_links":{"self":[{"href":"https:\/\/patrimoine-avesnois.fr\/fontaines\/wp-json\/wp\/v2\/pages\/57","targetHints":{"allow":["GET"]}}],"collection":[{"href":"https:\/\/patrimoine-avesnois.fr\/fontaines\/wp-json\/wp\/v2\/pages"}],"about":[{"href":"https:\/\/patrimoine-avesnois.fr\/fontaines\/wp-json\/wp\/v2\/types\/page"}],"author":[{"embeddable":true,"href":"https:\/\/patrimoine-avesnois.fr\/fontaines\/wp-json\/wp\/v2\/users\/2"}],"replies":[{"embeddable":true,"href":"https:\/\/patrimoine-avesnois.fr\/fontaines\/wp-json\/wp\/v2\/comments?post=57"}],"version-history":[{"count":3,"href":"https:\/\/patrimoine-avesnois.fr\/fontaines\/wp-json\/wp\/v2\/pages\/57\/revisions"}],"predecessor-version":[{"id":659,"href":"https:\/\/patrimoine-avesnois.fr\/fontaines\/wp-json\/wp\/v2\/pages\/57\/revisions\/659"}],"wp:attachment":[{"href":"https:\/\/patrimoine-avesnois.fr\/fontaines\/wp-json\/wp\/v2\/media?parent=57"}],"curies":[{"name":"wp","href":"https:\/\/api.w.org\/{rel}","templated":true}]}}