{"id":590,"date":"2021-07-23T13:54:55","date_gmt":"2021-07-23T11:54:55","guid":{"rendered":"https:\/\/patrimoine-avesnois.fr\/fontaines\/?page_id=590"},"modified":"2022-01-21T09:29:06","modified_gmt":"2022-01-21T08:29:06","slug":"vieux-mesnil-la-fontaine-des-ecrolies-la-fontaine-du-ruisseau-du-bois-du-mesnil","status":"publish","type":"page","link":"https:\/\/patrimoine-avesnois.fr\/fontaines\/vieux-mesnil-la-fontaine-des-ecrolies-la-fontaine-du-ruisseau-du-bois-du-mesnil\/","title":{"rendered":"Vieux-Mesnil : la fontaine des Ecrolies, la fontaine du ruisseau du Bois du Mesnil"},"content":{"rendered":"\n<div class=\"wp-block-image\"><figure class=\"aligncenter\"><img decoding=\"async\" src=\"https:\/\/i2.wp.com\/patrimoine-avesnois.fr\/chemin\/wp-content\/uploads\/2021\/07\/CaptureVM9.jpg?resize=640%2C478\" alt=\"\" class=\"wp-image-14353\"\/><figcaption>Fontaine des Ecrolies Vieux-Mesnil Cadastre 1862 ADN P 31 \/ 788 <a href=\"https:\/\/archivesdepartementales.lenord.fr\/ark:\/33518\/jml3fv4tgzd9\/6c4b46b5-20ca-4957-a7a4-29f8b13d943e\" target=\"_blank\" rel=\"noreferrer noopener\">Vue 9\/11<\/a><\/figcaption><\/figure><\/div>\n\n\n\n<div class=\"wp-block-image\"><figure class=\"aligncenter size-full\"><img data-recalc-dims=\"1\" loading=\"lazy\" decoding=\"async\" width=\"710\" height=\"531\" src=\"https:\/\/i0.wp.com\/patrimoine-avesnois.fr\/fontaines\/wp-content\/uploads\/2021\/07\/Fontaine-des-Ecrolies-Vieux-Mesnil-.webp?resize=710%2C531&#038;ssl=1\" alt=\"\" class=\"wp-image-997\" srcset=\"https:\/\/i0.wp.com\/patrimoine-avesnois.fr\/fontaines\/wp-content\/uploads\/2021\/07\/Fontaine-des-Ecrolies-Vieux-Mesnil-.webp?w=710&amp;ssl=1 710w, https:\/\/i0.wp.com\/patrimoine-avesnois.fr\/fontaines\/wp-content\/uploads\/2021\/07\/Fontaine-des-Ecrolies-Vieux-Mesnil-.webp?resize=300%2C224&amp;ssl=1 300w\" sizes=\"auto, (max-width: 710px) 85vw, 710px\" \/><figcaption><a href=\"https:\/\/www.google.fr\/maps\/@50.2569534,3.8628957,3a,75y,179.4h,91.19t\/data=!3m6!1e1!3m4!1senEBiRWBIuDGk2PNo1eClA!2e0!7i16384!8i8192\" target=\"_blank\" rel=\"noreferrer noopener\">Place Manissart <\/a>Vieux-Mesnil<\/figcaption><\/figure><\/div>\n\n\n\n<p>La fontaine au centre du village se situait au bord du ruisseau du Bois du Mesnil, le long de la rue de Ecrolies, rue devant son nom \u00e0 l&rsquo;affaissement (l&rsquo;\u00e9croulement) de la route lors du passages des charrettes.<\/p>\n\n\n\n<p class=\"has-text-align-center\">***<\/p>\n\n\n\n<div class=\"wp-block-image\"><figure class=\"aligncenter\"><img decoding=\"async\" src=\"https:\/\/i2.wp.com\/patrimoine-avesnois.fr\/chemin\/wp-content\/uploads\/2021\/07\/CaptureVM9A.jpg?resize=640%2C480\" alt=\"\" class=\"wp-image-14355\"\/><figcaption>Fontaine du Ruisseau du Bois du Mesnil Vieux-Mesnil Cadastre 1862 ADN P 31 \/ 788 <a rel=\"noreferrer noopener\" href=\"https:\/\/archivesdepartementales.lenord.fr\/ark:\/33518\/jml3fv4tgzd9\/6c4b46b5-20ca-4957-a7a4-29f8b13d943e\" target=\"_blank\">Vue 9\/11<\/a><\/figcaption><\/figure><\/div>\n\n\n\n<div class=\"wp-block-image\"><figure class=\"aligncenter size-full\"><img data-recalc-dims=\"1\" loading=\"lazy\" decoding=\"async\" width=\"710\" height=\"530\" src=\"https:\/\/i0.wp.com\/patrimoine-avesnois.fr\/fontaines\/wp-content\/uploads\/2021\/07\/Fontaine-du-Ruisseau-du-Bois-du-Mesnil-Vieux-Mesnil-.webp?resize=710%2C530&#038;ssl=1\" alt=\"\" class=\"wp-image-999\" srcset=\"https:\/\/i0.wp.com\/patrimoine-avesnois.fr\/fontaines\/wp-content\/uploads\/2021\/07\/Fontaine-du-Ruisseau-du-Bois-du-Mesnil-Vieux-Mesnil-.webp?w=710&amp;ssl=1 710w, https:\/\/i0.wp.com\/patrimoine-avesnois.fr\/fontaines\/wp-content\/uploads\/2021\/07\/Fontaine-du-Ruisseau-du-Bois-du-Mesnil-Vieux-Mesnil-.webp?resize=300%2C224&amp;ssl=1 300w\" sizes=\"auto, (max-width: 710px) 85vw, 710px\" \/><figcaption>Emplacement de la Fontaine <a href=\"https:\/\/www.google.fr\/maps\/@50.2556443,3.8655491,287m\/data=!3m1!1e3\" target=\"_blank\" rel=\"noreferrer noopener\">Vue satellite Google<\/a><\/figcaption><\/figure><\/div>\n\n\n\n<p>Les eaux d&rsquo;une seconde fontaine situ\u00e9e plus en amont venaient se jeter quarante m\u00e8tres plus loin dans le ruisseau du Bois du Mesnil. De nos jours une mare s&rsquo;est substitu\u00e9e \u00e0 la source.<\/p>\n","protected":false},"excerpt":{"rendered":"<p>La fontaine au centre du village se situait au bord du ruisseau du Bois du Mesnil, le long de la rue de Ecrolies, rue devant son nom \u00e0 l&rsquo;affaissement (l&rsquo;\u00e9croulement) de la route lors du passages des charrettes. *** Les eaux d&rsquo;une seconde fontaine situ\u00e9e plus en amont venaient se jeter quarante m\u00e8tres plus loin &hellip; <a href=\"https:\/\/patrimoine-avesnois.fr\/fontaines\/vieux-mesnil-la-fontaine-des-ecrolies-la-fontaine-du-ruisseau-du-bois-du-mesnil\/\" class=\"more-link\">Continuer la lecture<span class=\"screen-reader-text\"> de &laquo;&nbsp;Vieux-Mesnil : la fontaine des Ecrolies, la fontaine du ruisseau du Bois du Mesnil&nbsp;&raquo;<\/span><\/a><\/p>\n","protected":false},"author":2,"featured_media":0,"parent":0,"menu_order":0,"comment_status":"closed","ping_status":"closed","template":"","meta":{"footnotes":""},"class_list":["post-590","page","type-page","status-publish","hentry"],"jetpack_sharing_enabled":true,"_links":{"self":[{"href":"https:\/\/patrimoine-avesnois.fr\/fontaines\/wp-json\/wp\/v2\/pages\/590","targetHints":{"allow":["GET"]}}],"collection":[{"href":"https:\/\/patrimoine-avesnois.fr\/fontaines\/wp-json\/wp\/v2\/pages"}],"about":[{"href":"https:\/\/patrimoine-avesnois.fr\/fontaines\/wp-json\/wp\/v2\/types\/page"}],"author":[{"embeddable":true,"href":"https:\/\/patrimoine-avesnois.fr\/fontaines\/wp-json\/wp\/v2\/users\/2"}],"replies":[{"embeddable":true,"href":"https:\/\/patrimoine-avesnois.fr\/fontaines\/wp-json\/wp\/v2\/comments?post=590"}],"version-history":[{"count":7,"href":"https:\/\/patrimoine-avesnois.fr\/fontaines\/wp-json\/wp\/v2\/pages\/590\/revisions"}],"predecessor-version":[{"id":1666,"href":"https:\/\/patrimoine-avesnois.fr\/fontaines\/wp-json\/wp\/v2\/pages\/590\/revisions\/1666"}],"wp:attachment":[{"href":"https:\/\/patrimoine-avesnois.fr\/fontaines\/wp-json\/wp\/v2\/media?parent=590"}],"curies":[{"name":"wp","href":"https:\/\/api.w.org\/{rel}","templated":true}]}}