{"id":599,"date":"2021-07-23T14:06:13","date_gmt":"2021-07-23T12:06:13","guid":{"rendered":"https:\/\/patrimoine-avesnois.fr\/fontaines\/?page_id=599"},"modified":"2023-05-14T19:31:23","modified_gmt":"2023-05-14T17:31:23","slug":"villers-pol-les-fontaines-de-wult-ste-genevieve-jerome-tasbille-angelina-belle-fontaine","status":"publish","type":"page","link":"https:\/\/patrimoine-avesnois.fr\/fontaines\/villers-pol-les-fontaines-de-wult-ste-genevieve-jerome-tasbille-angelina-belle-fontaine\/","title":{"rendered":"Villers-Pol : les fontaines de Wult, Ste Genevi\u00e8ve, J\u00e9r\u00f4me, Tasbille,  Ang\u00e9lina, Belle Fontaine"},"content":{"rendered":"<div class=\"wp-block-image\">\n<figure class=\"aligncenter\"><img decoding=\"async\" src=\"https:\/\/i0.wp.com\/patrimoine-avesnois.fr\/chemin\/wp-content\/uploads\/2021\/07\/CaptureVP2.jpg?resize=640%2C480\" alt=\"\" class=\"wp-image-14388\"\/><figcaption class=\"wp-element-caption\">Fontaine de la ferme de Wult Villers-Pol Cadastre 1826 ADN P 31 \/ 791 <a href=\"https:\/\/archivesdepartementales.lenord.fr\/ark:\/33518\/g6twn89m3s07\/85ba6336-abc7-4696-813e-8ea96b780f0a\" target=\"_blank\" rel=\"noreferrer noopener\">Vue 2\/19<\/a><\/figcaption><\/figure>\n<\/div>\n\n<div class=\"wp-block-image\">\n<figure class=\"aligncenter\"><img decoding=\"async\" src=\"https:\/\/i2.wp.com\/patrimoine-avesnois.fr\/chemin\/wp-content\/uploads\/2021\/07\/CaptureVP8-1.jpg?resize=640%2C480\" alt=\"\" class=\"wp-image-14393\"\/><figcaption class=\"wp-element-caption\">Fontaine de la ferme de Wult Villers-Pol Cadastre 1897 ADN P 31 \/ 791 <a href=\"https:\/\/archivesdepartementales.lenord.fr\/ark:\/33518\/g6twn89m3s07\/e7044173-7386-498f-a2ab-113c936133a8\" target=\"_blank\" rel=\"noreferrer noopener\">Vue 8\/19<\/a><\/figcaption><\/figure>\n<\/div>\n\n<div class=\"wp-block-image\">\n<figure class=\"aligncenter\"><img decoding=\"async\" src=\"https:\/\/i2.wp.com\/patrimoine-avesnois.fr\/censes\/wp-content\/uploads\/2019\/02\/Capture-68.png?w=840\" alt=\"\" class=\"wp-image-154\"\/><figcaption class=\"wp-element-caption\">La Ferme de Wult<\/figcaption><\/figure>\n<\/div>\n\n\n<p class=\"has-text-align-center\">***<\/p>\n\n\n<div class=\"wp-block-image\">\n<figure class=\"aligncenter\"><img decoding=\"async\" src=\"https:\/\/i2.wp.com\/patrimoine-avesnois.fr\/chemin\/wp-content\/uploads\/2021\/07\/CaptureVP6.jpg?resize=640%2C483\" alt=\"\" class=\"wp-image-14389\"\/><figcaption class=\"wp-element-caption\">Fontaine de la chapelle Ste Genevi\u00e8ve Villers-Pol Cadastre 1826 ADN P 31 \/ 791 <a href=\"https:\/\/archivesdepartementales.lenord.fr\/ark:\/33518\/g6twn89m3s07\/b65a5ec6-409d-4a07-ab6a-adba531a0aa4\" target=\"_blank\" rel=\"noreferrer noopener\">Vue 6\/19<\/a><\/figcaption><\/figure>\n<\/div>\n\n<div class=\"wp-block-image\">\n<figure class=\"aligncenter size-full\"><img data-recalc-dims=\"1\" loading=\"lazy\" decoding=\"async\" width=\"487\" height=\"640\" src=\"https:\/\/i0.wp.com\/patrimoine-avesnois.fr\/fontaines\/wp-content\/uploads\/2021\/07\/Fontaine-de-la-chapelle-Ste-Genevieve-Villers-Pol-.webp?resize=487%2C640&#038;ssl=1\" alt=\"\" class=\"wp-image-1010\" srcset=\"https:\/\/i0.wp.com\/patrimoine-avesnois.fr\/fontaines\/wp-content\/uploads\/2021\/07\/Fontaine-de-la-chapelle-Ste-Genevieve-Villers-Pol-.webp?w=487&amp;ssl=1 487w, https:\/\/i0.wp.com\/patrimoine-avesnois.fr\/fontaines\/wp-content\/uploads\/2021\/07\/Fontaine-de-la-chapelle-Ste-Genevieve-Villers-Pol-.webp?resize=228%2C300&amp;ssl=1 228w\" sizes=\"auto, (max-width: 487px) 85vw, 487px\" \/><figcaption class=\"wp-element-caption\">Source Ste Genevi\u00e8ve<\/figcaption><\/figure>\n<\/div>\n\n\n<p>Construction d&rsquo;un lavoir et de la fontaine Sainte Genevi\u00e8ve en 1809 (ADN S\u00e9rie  2 O\/624\/34). On peut remarquer l\u2019escalier de briques qui jadis devait servir \u00e0 acc\u00e9der au goulot. Elle se trouve pr\u00e8s du pont qui enjambe la rivi\u00e8re pr\u00e8s de la chapelle Sainte Genevi\u00e8ve.<\/p>\n\n\n\n<p class=\"has-text-align-center\">***<\/p>\n\n\n<div class=\"wp-block-image\">\n<figure class=\"aligncenter\"><img decoding=\"async\" src=\"https:\/\/i2.wp.com\/patrimoine-avesnois.fr\/chemin\/wp-content\/uploads\/2021\/07\/CaptureVP6B.jpg?resize=640%2C480\" alt=\"\" class=\"wp-image-14390\"\/><figcaption class=\"wp-element-caption\">Fontaine Jerome Villers-Pol Cadastre 1826 ADN P 31 \/ 791 <a rel=\"noreferrer noopener\" href=\"https:\/\/archivesdepartementales.lenord.fr\/ark:\/33518\/g6twn89m3s07\/b65a5ec6-409d-4a07-ab6a-adba531a0aa4\" target=\"_blank\">Vue 6\/19<\/a><\/figcaption><\/figure>\n<\/div>\n\n<div class=\"wp-block-image\">\n<figure class=\"aligncenter is-resized\"><img loading=\"lazy\" decoding=\"async\" src=\"https:\/\/i2.wp.com\/patrimoine-avesnois.fr\/chemin\/wp-content\/uploads\/2022\/01\/Fontaine.jpg?resize=660%2C494\" alt=\"\" class=\"wp-image-17321\" width=\"615\" height=\"460\"\/><figcaption class=\"wp-element-caption\">Fontaine&nbsp;<a rel=\"noreferrer noopener\" href=\"https:\/\/www.google.fr\/maps\/@50.2820978,3.6168867,3a,90y,236.8h,72.26t\/data=!3m6!1e1!3m4!1sqRUO_TmTVd6CV0pGuZnHYw!2e0!7i13312!8i6656\" target=\"_blank\">Rue de la Fontaine<\/a><\/figcaption><\/figure>\n<\/div>\n\n\n<p><br>Autre photo sur&nbsp;<a rel=\"noreferrer noopener\" href=\"https:\/\/villers-pol.skyrock.com\/2013150197-La-Fontaine-de-la-rue-de-la-Fontaine.html\" target=\"_blank\">https:\/\/villers-pol.skyrock.com\/2013150197-La-Fontaine-de-la-rue-de-la-Fontaine.html<\/a><\/p>\n\n\n\n<p>Cette fontaine en 1826 portait le nom de fontaine J\u00e9rome. Elle \u00e9tait accessible par le sentier de la fontaine situ\u00e9 entre le chemin dit la Mont\u00e9e Wibaille et la ruelle du Charon.<\/p>\n\n\n\n<p class=\"has-text-align-center\">***<\/p>\n\n\n<div class=\"wp-block-image\">\n<figure class=\"aligncenter\"><img decoding=\"async\" src=\"https:\/\/i2.wp.com\/patrimoine-avesnois.fr\/chemin\/wp-content\/uploads\/2021\/07\/CaptureVP6C.jpg?resize=640%2C480\" alt=\"\" class=\"wp-image-14391\"\/><figcaption class=\"wp-element-caption\">Belle Fontaine Villers-Pol Cadastre 1826 ADN P 31 \/ 791 <a rel=\"noreferrer noopener\" href=\"https:\/\/archivesdepartementales.lenord.fr\/ark:\/33518\/g6twn89m3s07\/b65a5ec6-409d-4a07-ab6a-adba531a0aa4\" target=\"_blank\">Vue 6\/19<\/a><\/figcaption><\/figure>\n<\/div>\n\n<div class=\"wp-block-image\">\n<figure class=\"aligncenter size-full is-resized\"><img data-recalc-dims=\"1\" loading=\"lazy\" decoding=\"async\" src=\"https:\/\/i0.wp.com\/patrimoine-avesnois.fr\/fontaines\/wp-content\/uploads\/2021\/07\/Abreuvoir-Villers-Pol.jpg?resize=703%2C444&#038;ssl=1\" alt=\"\" class=\"wp-image-1013\" width=\"703\" height=\"444\" srcset=\"https:\/\/i0.wp.com\/patrimoine-avesnois.fr\/fontaines\/wp-content\/uploads\/2021\/07\/Abreuvoir-Villers-Pol.jpg?w=937&amp;ssl=1 937w, https:\/\/i0.wp.com\/patrimoine-avesnois.fr\/fontaines\/wp-content\/uploads\/2021\/07\/Abreuvoir-Villers-Pol.jpg?resize=300%2C190&amp;ssl=1 300w, https:\/\/i0.wp.com\/patrimoine-avesnois.fr\/fontaines\/wp-content\/uploads\/2021\/07\/Abreuvoir-Villers-Pol.jpg?resize=768%2C485&amp;ssl=1 768w\" sizes=\"auto, (max-width: 703px) 85vw, 703px\" \/><\/figure>\n<\/div>\n\n\n<p>L&rsquo;abreuvoir fut construit en 1905 (ADN S\u00e9rie  2 O\/624\/35).<\/p>\n\n\n<div class=\"wp-block-image\">\n<figure class=\"aligncenter size-full\"><img data-recalc-dims=\"1\" loading=\"lazy\" decoding=\"async\" width=\"745\" height=\"560\" src=\"https:\/\/i0.wp.com\/patrimoine-avesnois.fr\/fontaines\/wp-content\/uploads\/2021\/07\/Abreuvoir-Villers-Pol.webp?resize=745%2C560&#038;ssl=1\" alt=\"\" class=\"wp-image-1014\" srcset=\"https:\/\/i0.wp.com\/patrimoine-avesnois.fr\/fontaines\/wp-content\/uploads\/2021\/07\/Abreuvoir-Villers-Pol.webp?w=745&amp;ssl=1 745w, https:\/\/i0.wp.com\/patrimoine-avesnois.fr\/fontaines\/wp-content\/uploads\/2021\/07\/Abreuvoir-Villers-Pol.webp?resize=300%2C226&amp;ssl=1 300w\" sizes=\"auto, (max-width: 745px) 85vw, 745px\" \/><figcaption class=\"wp-element-caption\">Emplacement de l\u2019ancienne Belle Fontaine <a href=\"https:\/\/www.google.fr\/maps\/@50.2847727,3.6126018,3a,75y,180.09h,92.4t\/data=!3m6!1e1!3m4!1swc553XLrV_xYdx9AQRmU7A!2e0!7i13312!8i6656\" target=\"_blank\" rel=\"noreferrer noopener\">Rue de la Fontaine X Rue du Marais Baudry<\/a><\/figcaption><\/figure>\n<\/div>\n\n\n<p class=\"has-text-align-center\">***<\/p>\n\n\n<div class=\"wp-block-image\">\n<figure class=\"aligncenter\"><img decoding=\"async\" src=\"https:\/\/i1.wp.com\/patrimoine-avesnois.fr\/chemin\/wp-content\/uploads\/2021\/07\/CaptureVP15B.jpg?resize=640%2C480\" alt=\"\" class=\"wp-image-14395\"\/><figcaption class=\"wp-element-caption\">Fontaine du Ruisseau de d\u00e9charge Villers-Pol Cadastre 1897 ADN P 31 \/ 791 <a rel=\"noreferrer noopener\" href=\"https:\/\/archivesdepartementales.lenord.fr\/ark:\/33518\/g6twn89m3s07\/3b35a45e-f324-4456-bbd7-cc86a69d5ba2\" target=\"_blank\">Vue 15\/19<\/a><\/figcaption><\/figure>\n<\/div>\n\n<div class=\"wp-block-image\">\n<figure class=\"aligncenter\"><img decoding=\"async\" src=\"https:\/\/i2.wp.com\/patrimoine-avesnois.fr\/chemin\/wp-content\/uploads\/2021\/07\/Capture-71.jpg?resize=734%2C550\" alt=\"\" class=\"wp-image-14435\"\/><figcaption class=\"wp-element-caption\">Emplacement de la Fontaine du Ruisseau de d\u00e9charge <a href=\"https:\/\/www.google.fr\/maps\/@50.2842799,3.609129,3a,69.5y,234.63h,78.35t\/data=!3m6!1e1!3m4!1s03n2sUUgy3IvtnDYwg66IA!2e0!7i13312!8i6656\" target=\"_blank\" rel=\"noreferrer noopener\">Rue des Fonds de Paris<\/a><\/figcaption><\/figure>\n<\/div>\n\n\n<p class=\"has-text-align-center\">***<\/p>\n\n\n\n<ul class=\"wp-block-list\">\n<li><img decoding=\"async\" src=\"https:\/\/i2.wp.com\/patrimoine-avesnois.fr\/chemin\/wp-content\/uploads\/2019\/05\/923_001.jpg?fit=840%2C523\" alt=\"\" srcset=\"https:\/\/i1.wp.com\/patrimoine-avesnois.fr\/chemin\/wp-content\/uploads\/2019\/05\/923_001.jpg?w=1298 1298w, https:\/\/i1.wp.com\/patrimoine-avesnois.fr\/chemin\/wp-content\/uploads\/2019\/05\/923_001.jpg?resize=300%2C187 300w, https:\/\/i1.wp.com\/patrimoine-avesnois.fr\/chemin\/wp-content\/uploads\/2019\/05\/923_001.jpg?resize=768%2C477 768w, https:\/\/i1.wp.com\/patrimoine-avesnois.fr\/chemin\/wp-content\/uploads\/2019\/05\/923_001.jpg?resize=1024%2C637 1024w, https:\/\/i1.wp.com\/patrimoine-avesnois.fr\/chemin\/wp-content\/uploads\/2019\/05\/923_001.jpg?resize=1200%2C746 1200w\">Fontaine Tasbille<\/li>\n\n\n\n<li><img decoding=\"async\" src=\"https:\/\/i1.wp.com\/patrimoine-avesnois.fr\/chemin\/wp-content\/uploads\/2019\/05\/fontaine_tasbille-1.jpg?fit=840%2C541\" alt=\"\" srcset=\"https:\/\/i2.wp.com\/patrimoine-avesnois.fr\/chemin\/wp-content\/uploads\/2019\/05\/fontaine_tasbille-1.jpg?w=1741 1741w, https:\/\/i2.wp.com\/patrimoine-avesnois.fr\/chemin\/wp-content\/uploads\/2019\/05\/fontaine_tasbille-1.jpg?resize=300%2C193 300w, https:\/\/i2.wp.com\/patrimoine-avesnois.fr\/chemin\/wp-content\/uploads\/2019\/05\/fontaine_tasbille-1.jpg?resize=768%2C494 768w, https:\/\/i2.wp.com\/patrimoine-avesnois.fr\/chemin\/wp-content\/uploads\/2019\/05\/fontaine_tasbille-1.jpg?resize=1024%2C659 1024w, https:\/\/i2.wp.com\/patrimoine-avesnois.fr\/chemin\/wp-content\/uploads\/2019\/05\/fontaine_tasbille-1.jpg?resize=1200%2C772 1200w, https:\/\/i2.wp.com\/patrimoine-avesnois.fr\/chemin\/wp-content\/uploads\/2019\/05\/fontaine_tasbille-1.jpg?w=1680 1680w\">Fontaine Tasbille<\/li>\n<\/ul>\n\n\n\n<p>Cette fontaine du nom de son pr\u00e9sum\u00e9 propri\u00e9taire (il y avait un d\u00e9nomm\u00e9 Pierre R\u00e9mi Tasbille mari\u00e9 \u00e0 Fran\u00e7oise Gambier) se nomme de nos jours la fontaine des &nbsp;\u00bb Trois Goulots&nbsp;\u00bb.<\/p>\n\n\n<div class=\"wp-block-image\">\n<figure class=\"aligncenter size-full\"><img data-recalc-dims=\"1\" loading=\"lazy\" decoding=\"async\" width=\"840\" height=\"619\" src=\"https:\/\/i0.wp.com\/patrimoine-avesnois.fr\/fontaines\/wp-content\/uploads\/2021\/07\/Fontaine-des-trois-goulots-Villers-Pol-.webp?resize=840%2C619&#038;ssl=1\" alt=\"\" class=\"wp-image-1015\" srcset=\"https:\/\/i0.wp.com\/patrimoine-avesnois.fr\/fontaines\/wp-content\/uploads\/2021\/07\/Fontaine-des-trois-goulots-Villers-Pol-.webp?w=840&amp;ssl=1 840w, https:\/\/i0.wp.com\/patrimoine-avesnois.fr\/fontaines\/wp-content\/uploads\/2021\/07\/Fontaine-des-trois-goulots-Villers-Pol-.webp?resize=300%2C221&amp;ssl=1 300w, https:\/\/i0.wp.com\/patrimoine-avesnois.fr\/fontaines\/wp-content\/uploads\/2021\/07\/Fontaine-des-trois-goulots-Villers-Pol-.webp?resize=768%2C566&amp;ssl=1 768w\" sizes=\"auto, (max-width: 709px) 85vw, (max-width: 909px) 67vw, (max-width: 1362px) 62vw, 840px\" \/><figcaption class=\"wp-element-caption\">La Fontaine des trois goulots Villers-Pol <a href=\"https:\/\/www.google.fr\/maps\/@50.2801085,3.6200072,3a,75y,167.64h,81.92t\/data=!3m6!1e1!3m4!1sYy0ruwAewMdkC4-JCWJFHA!2e0!7i13312!8i6656\" target=\"_blank\" rel=\"noreferrer noopener\">Rue Chauss\u00e9e Brunehaut<\/a><\/figcaption><\/figure>\n<\/div>\n\n<div class=\"wp-block-image\">\n<figure class=\"aligncenter size-full\"><img data-recalc-dims=\"1\" loading=\"lazy\" decoding=\"async\" width=\"586\" height=\"442\" src=\"https:\/\/i0.wp.com\/patrimoine-avesnois.fr\/fontaines\/wp-content\/uploads\/2021\/07\/Fontaine-des-trois-goulots-Villers-Pol-2.webp?resize=586%2C442&#038;ssl=1\" alt=\"\" class=\"wp-image-1016\" srcset=\"https:\/\/i0.wp.com\/patrimoine-avesnois.fr\/fontaines\/wp-content\/uploads\/2021\/07\/Fontaine-des-trois-goulots-Villers-Pol-2.webp?w=586&amp;ssl=1 586w, https:\/\/i0.wp.com\/patrimoine-avesnois.fr\/fontaines\/wp-content\/uploads\/2021\/07\/Fontaine-des-trois-goulots-Villers-Pol-2.webp?resize=300%2C226&amp;ssl=1 300w\" sizes=\"auto, (max-width: 586px) 85vw, 586px\" \/><figcaption class=\"wp-element-caption\">La Fontaine des trois goulots<\/figcaption><\/figure>\n<\/div>\n\n\n<p>La fontaine des \u00ab&nbsp;Trois goulots&nbsp;\u00bb se situe en bas de la mont\u00e9e Wibaille et de la chauss\u00e9e Brunehaut, pr\u00e8s de la rivi\u00e8re. Tout comme la Fontaine Ang\u00e9lina, il s\u2019agit d\u2019un ancien lavoir. Restaur\u00e9e il y a peu, son toit de t\u00f4les a \u00e9t\u00e9 remplac\u00e9 par des tuiles. Habill\u00e9e de fleurs, elle est d\u2019autant plus belle quand le printemps arrive.<\/p>\n\n\n\n<p class=\"has-text-align-center\">***<\/p>\n\n\n<div class=\"wp-block-image\">\n<figure class=\"aligncenter\"><img decoding=\"async\" src=\"https:\/\/i2.wp.com\/patrimoine-avesnois.fr\/chemin\/wp-content\/uploads\/2021\/07\/CaptureVP15.jpg?resize=640%2C480\" alt=\"L\u2019attribut alt de cette image est vide, son nom de fichier est CaptureVP15.jpg.\"\/><figcaption class=\"wp-element-caption\">Fontaine Villers-Pol Cadastre 1897 ADN P 31 \/ 791 <a rel=\"noreferrer noopener\" href=\"https:\/\/archivesdepartementales.lenord.fr\/ark:\/33518\/g6twn89m3s07\/3b35a45e-f324-4456-bbd7-cc86a69d5ba2\" target=\"_blank\">Vue 15\/19<\/a><\/figcaption><\/figure>\n<\/div>\n\n<div class=\"wp-block-image\">\n<figure class=\"aligncenter size-full is-resized\"><img data-recalc-dims=\"1\" loading=\"lazy\" decoding=\"async\" src=\"https:\/\/i0.wp.com\/patrimoine-avesnois.fr\/fontaines\/wp-content\/uploads\/2021\/07\/Lavoir-Angelina-Villers-Pol-1.webp?resize=725%2C455&#038;ssl=1\" alt=\"\" class=\"wp-image-1019\" width=\"725\" height=\"455\"\/><figcaption class=\"wp-element-caption\">La Fontaine Ang\u00e9lina<\/figcaption><\/figure>\n<\/div>\n\n<div class=\"wp-block-image\">\n<figure class=\"aligncenter size-full is-resized\"><img data-recalc-dims=\"1\" loading=\"lazy\" decoding=\"async\" src=\"https:\/\/i0.wp.com\/patrimoine-avesnois.fr\/fontaines\/wp-content\/uploads\/2021\/07\/Fontaine-Angelina-Villers-Pol.jpg?resize=725%2C465&#038;ssl=1\" alt=\"\" class=\"wp-image-1021\" width=\"725\" height=\"465\" srcset=\"https:\/\/i0.wp.com\/patrimoine-avesnois.fr\/fontaines\/wp-content\/uploads\/2021\/07\/Fontaine-Angelina-Villers-Pol.jpg?w=773&amp;ssl=1 773w, https:\/\/i0.wp.com\/patrimoine-avesnois.fr\/fontaines\/wp-content\/uploads\/2021\/07\/Fontaine-Angelina-Villers-Pol.jpg?resize=300%2C192&amp;ssl=1 300w, https:\/\/i0.wp.com\/patrimoine-avesnois.fr\/fontaines\/wp-content\/uploads\/2021\/07\/Fontaine-Angelina-Villers-Pol.jpg?resize=768%2C493&amp;ssl=1 768w\" sizes=\"auto, (max-width: 725px) 85vw, 725px\" \/><figcaption class=\"wp-element-caption\">La Fontaine Ang\u00e9lina<\/figcaption><\/figure>\n<\/div>\n\n<div class=\"wp-block-image\">\n<figure class=\"aligncenter size-full is-resized\"><img data-recalc-dims=\"1\" loading=\"lazy\" decoding=\"async\" src=\"https:\/\/i0.wp.com\/patrimoine-avesnois.fr\/fontaines\/wp-content\/uploads\/2021\/07\/lavoir-Angelina-Villers-Pol.webp?resize=725%2C546&#038;ssl=1\" alt=\"\" class=\"wp-image-1017\" width=\"725\" height=\"546\" srcset=\"https:\/\/i0.wp.com\/patrimoine-avesnois.fr\/fontaines\/wp-content\/uploads\/2021\/07\/lavoir-Angelina-Villers-Pol.webp?w=717&amp;ssl=1 717w, https:\/\/i0.wp.com\/patrimoine-avesnois.fr\/fontaines\/wp-content\/uploads\/2021\/07\/lavoir-Angelina-Villers-Pol.webp?resize=300%2C226&amp;ssl=1 300w\" sizes=\"auto, (max-width: 725px) 85vw, 725px\" \/><figcaption class=\"wp-element-caption\">L\u2019ancien lavoir Ang\u00e9lina<\/figcaption><\/figure>\n<\/div>\n\n\n<p>Ancien lavoir (d\u2019o\u00f9 ses rebords en pierre bleue) la fontaine Ang\u00e9lina est \u00e0 voir \u00e0 l\u2019intersection de la rue de la fontaine et de la rue du moulin.Il fut un temps o\u00f9 la fontaine \u00e9tait remplie par son \u00ab&nbsp;goulot&nbsp;\u00bb, aujourd\u2019hui peut \u00eatre que la source, et sans doute les nappes, ont descendu. Le fait est que l\u2019eau arrive par le sol.<\/p>\n\n\n\n<p>Pourquoi Ang\u00e9lina? : La maison face \u00e0 la Fontaine \u00e9tait jadis un caf\u00e9. Caf\u00e9 tenu par Ang\u00e9lina. Ainsi les fermiers venant du village et allant vers leurs patures de la \u00ab&nbsp;croisette&nbsp;\u00bb pouvaient y faire une halte, laissant leurs chevaux devant le caf\u00e9. Source villers-pol.skyrock.com<\/p>\n","protected":false},"excerpt":{"rendered":"<p>*** Construction d&rsquo;un lavoir et de la fontaine Sainte Genevi\u00e8ve en 1809 (ADN S\u00e9rie 2 O\/624\/34). On peut remarquer l\u2019escalier de briques qui jadis devait servir \u00e0 acc\u00e9der au goulot. Elle se trouve pr\u00e8s du pont qui enjambe la rivi\u00e8re pr\u00e8s de la chapelle Sainte Genevi\u00e8ve. *** Autre photo sur&nbsp;https:\/\/villers-pol.skyrock.com\/2013150197-La-Fontaine-de-la-rue-de-la-Fontaine.html Cette fontaine en 1826 portait &hellip; <a href=\"https:\/\/patrimoine-avesnois.fr\/fontaines\/villers-pol-les-fontaines-de-wult-ste-genevieve-jerome-tasbille-angelina-belle-fontaine\/\" class=\"more-link\">Continuer la lecture<span class=\"screen-reader-text\"> de &laquo;&nbsp;Villers-Pol : les fontaines de Wult, Ste Genevi\u00e8ve, J\u00e9r\u00f4me, Tasbille,  Ang\u00e9lina, Belle Fontaine&nbsp;&raquo;<\/span><\/a><\/p>\n","protected":false},"author":2,"featured_media":0,"parent":0,"menu_order":0,"comment_status":"closed","ping_status":"closed","template":"","meta":{"footnotes":""},"class_list":["post-599","page","type-page","status-publish","hentry"],"jetpack_sharing_enabled":true,"_links":{"self":[{"href":"https:\/\/patrimoine-avesnois.fr\/fontaines\/wp-json\/wp\/v2\/pages\/599","targetHints":{"allow":["GET"]}}],"collection":[{"href":"https:\/\/patrimoine-avesnois.fr\/fontaines\/wp-json\/wp\/v2\/pages"}],"about":[{"href":"https:\/\/patrimoine-avesnois.fr\/fontaines\/wp-json\/wp\/v2\/types\/page"}],"author":[{"embeddable":true,"href":"https:\/\/patrimoine-avesnois.fr\/fontaines\/wp-json\/wp\/v2\/users\/2"}],"replies":[{"embeddable":true,"href":"https:\/\/patrimoine-avesnois.fr\/fontaines\/wp-json\/wp\/v2\/comments?post=599"}],"version-history":[{"count":7,"href":"https:\/\/patrimoine-avesnois.fr\/fontaines\/wp-json\/wp\/v2\/pages\/599\/revisions"}],"predecessor-version":[{"id":1851,"href":"https:\/\/patrimoine-avesnois.fr\/fontaines\/wp-json\/wp\/v2\/pages\/599\/revisions\/1851"}],"wp:attachment":[{"href":"https:\/\/patrimoine-avesnois.fr\/fontaines\/wp-json\/wp\/v2\/media?parent=599"}],"curies":[{"name":"wp","href":"https:\/\/api.w.org\/{rel}","templated":true}]}}