{"id":602,"date":"2021-07-23T14:09:13","date_gmt":"2021-07-23T12:09:13","guid":{"rendered":"https:\/\/patrimoine-avesnois.fr\/fontaines\/?page_id=602"},"modified":"2023-05-15T20:22:01","modified_gmt":"2023-05-15T18:22:01","slug":"villers-sire-nicole-labreuvoir-du-ruisseau-des-gouffres","status":"publish","type":"page","link":"https:\/\/patrimoine-avesnois.fr\/fontaines\/villers-sire-nicole-labreuvoir-du-ruisseau-des-gouffres\/","title":{"rendered":"Villers-Sire-Nicole : l&rsquo;abreuvoir du ruisseau des Gouffres"},"content":{"rendered":"<div class=\"wp-block-image\">\n<figure class=\"aligncenter\"><img decoding=\"async\" src=\"https:\/\/i1.wp.com\/patrimoine-avesnois.fr\/chemin\/wp-content\/uploads\/2021\/07\/CaptureVSN16.jpg?resize=647%2C484\" alt=\"\" class=\"wp-image-14398\"\/><figcaption class=\"wp-element-caption\">La Place de Villers-Sire-Nicole et son abreuvoir du Ruisseau des Gouffres<br>Cadastre 1845 ADN P 31 \/ 792 <a rel=\"noreferrer noopener\" href=\"https:\/\/archivesdepartementales.lenord.fr\/ark:\/33518\/zp63nb895fmh\/4e7bc647-dca3-442f-8bbd-0a096f39f2a8\" target=\"_blank\">Vue 16\/17<\/a><\/figcaption><\/figure>\n<\/div>\n\n<div class=\"wp-block-image\">\n<figure class=\"aligncenter size-full is-resized\"><img data-recalc-dims=\"1\" loading=\"lazy\" decoding=\"async\" src=\"https:\/\/i0.wp.com\/patrimoine-avesnois.fr\/fontaines\/wp-content\/uploads\/2021\/07\/Abreuvoir-Villers-Sire-Nicole.webp?resize=760%2C486&#038;ssl=1\" alt=\"\" class=\"wp-image-1006\" width=\"760\" height=\"486\" srcset=\"https:\/\/i0.wp.com\/patrimoine-avesnois.fr\/fontaines\/wp-content\/uploads\/2021\/07\/Abreuvoir-Villers-Sire-Nicole.webp?w=840&amp;ssl=1 840w, https:\/\/i0.wp.com\/patrimoine-avesnois.fr\/fontaines\/wp-content\/uploads\/2021\/07\/Abreuvoir-Villers-Sire-Nicole.webp?resize=300%2C192&amp;ssl=1 300w, https:\/\/i0.wp.com\/patrimoine-avesnois.fr\/fontaines\/wp-content\/uploads\/2021\/07\/Abreuvoir-Villers-Sire-Nicole.webp?resize=768%2C492&amp;ssl=1 768w\" sizes=\"auto, (max-width: 760px) 85vw, 760px\" \/><figcaption class=\"wp-element-caption\">La Place de Villers-Sire-Nicole avec son abreuvoir sur la gauhe<\/figcaption><\/figure>\n<\/div>\n\n<div class=\"wp-block-image\">\n<figure class=\"aligncenter size-full\"><img data-recalc-dims=\"1\" loading=\"lazy\" decoding=\"async\" width=\"760\" height=\"483\" src=\"https:\/\/i0.wp.com\/patrimoine-avesnois.fr\/fontaines\/wp-content\/uploads\/2021\/07\/Abreuvoir-Villers-Sire-Nicole-1.webp?resize=760%2C483&#038;ssl=1\" alt=\"\" class=\"wp-image-1008\" srcset=\"https:\/\/i0.wp.com\/patrimoine-avesnois.fr\/fontaines\/wp-content\/uploads\/2021\/07\/Abreuvoir-Villers-Sire-Nicole-1.webp?w=760&amp;ssl=1 760w, https:\/\/i0.wp.com\/patrimoine-avesnois.fr\/fontaines\/wp-content\/uploads\/2021\/07\/Abreuvoir-Villers-Sire-Nicole-1.webp?resize=300%2C191&amp;ssl=1 300w\" sizes=\"auto, (max-width: 760px) 85vw, 760px\" \/><figcaption class=\"wp-element-caption\">Autre vue de la Place de Villers-Sire-Nicole<\/figcaption><\/figure>\n<\/div>\n\n<div class=\"wp-block-image\">\n<figure class=\"aligncenter size-full is-resized\"><img data-recalc-dims=\"1\" loading=\"lazy\" decoding=\"async\" src=\"https:\/\/i0.wp.com\/patrimoine-avesnois.fr\/fontaines\/wp-content\/uploads\/2022\/01\/image-12.png?resize=760%2C505&#038;ssl=1\" alt=\"\" class=\"wp-image-1646\" width=\"760\" height=\"505\" srcset=\"https:\/\/i0.wp.com\/patrimoine-avesnois.fr\/fontaines\/wp-content\/uploads\/2022\/01\/image-12.png?w=872&amp;ssl=1 872w, https:\/\/i0.wp.com\/patrimoine-avesnois.fr\/fontaines\/wp-content\/uploads\/2022\/01\/image-12.png?resize=300%2C200&amp;ssl=1 300w, https:\/\/i0.wp.com\/patrimoine-avesnois.fr\/fontaines\/wp-content\/uploads\/2022\/01\/image-12.png?resize=768%2C511&amp;ssl=1 768w\" sizes=\"auto, (max-width: 760px) 85vw, 760px\" \/><figcaption class=\"wp-element-caption\">Emplacement de l&rsquo;ancien abreuvoir <a href=\"https:\/\/www.google.fr\/maps\/@50.339008,4.0126904,3a,90y,61.06h,92.24t\/data=!3m9!1e1!3m7!1sj0XkDn0mbgXGYxDxsOCZeQ!2e0!7i16384!8i8192!9m2!1b1!2i47\" data-type=\"URL\" data-id=\"https:\/\/www.google.fr\/maps\/@50.339008,4.0126904,3a,90y,61.06h,92.24t\/data=!3m9!1e1!3m7!1sj0XkDn0mbgXGYxDxsOCZeQ!2e0!7i16384!8i8192!9m2!1b1!2i47\" target=\"_blank\" rel=\"noreferrer noopener\">Grand&rsquo;Place<\/a><\/figcaption><\/figure>\n<\/div>\n\n\n<p>L&rsquo;abreuvoir a \u00e9t\u00e9 combl\u00e9 en 1908 (ADN 2 O 625\/42) laissant place peut-\u00eatre \u00e0 des b\u00e2timents de la la Soci\u00e9t\u00e9 d\u2019Int\u00e9r\u00eats Collectifs Agricole d\u2019\u00c9lectricit\u00e9 de Villers Sire Nicole en vue de l\u2019\u00e9lectrification de la commune. De nos jours il est am\u00e9nag\u00e9 en un rond-point bien fleuri.<\/p>\n","protected":false},"excerpt":{"rendered":"<p>L&rsquo;abreuvoir a \u00e9t\u00e9 combl\u00e9 en 1908 (ADN 2 O 625\/42) laissant place peut-\u00eatre \u00e0 des b\u00e2timents de la la Soci\u00e9t\u00e9 d\u2019Int\u00e9r\u00eats Collectifs Agricole d\u2019\u00c9lectricit\u00e9 de Villers Sire Nicole en vue de l\u2019\u00e9lectrification de la commune. De nos jours il est am\u00e9nag\u00e9 en un rond-point bien fleuri.<\/p>\n","protected":false},"author":2,"featured_media":0,"parent":0,"menu_order":0,"comment_status":"closed","ping_status":"closed","template":"","meta":{"footnotes":""},"class_list":["post-602","page","type-page","status-publish","hentry"],"jetpack_sharing_enabled":true,"_links":{"self":[{"href":"https:\/\/patrimoine-avesnois.fr\/fontaines\/wp-json\/wp\/v2\/pages\/602","targetHints":{"allow":["GET"]}}],"collection":[{"href":"https:\/\/patrimoine-avesnois.fr\/fontaines\/wp-json\/wp\/v2\/pages"}],"about":[{"href":"https:\/\/patrimoine-avesnois.fr\/fontaines\/wp-json\/wp\/v2\/types\/page"}],"author":[{"embeddable":true,"href":"https:\/\/patrimoine-avesnois.fr\/fontaines\/wp-json\/wp\/v2\/users\/2"}],"replies":[{"embeddable":true,"href":"https:\/\/patrimoine-avesnois.fr\/fontaines\/wp-json\/wp\/v2\/comments?post=602"}],"version-history":[{"count":5,"href":"https:\/\/patrimoine-avesnois.fr\/fontaines\/wp-json\/wp\/v2\/pages\/602\/revisions"}],"predecessor-version":[{"id":1950,"href":"https:\/\/patrimoine-avesnois.fr\/fontaines\/wp-json\/wp\/v2\/pages\/602\/revisions\/1950"}],"wp:attachment":[{"href":"https:\/\/patrimoine-avesnois.fr\/fontaines\/wp-json\/wp\/v2\/media?parent=602"}],"curies":[{"name":"wp","href":"https:\/\/api.w.org\/{rel}","templated":true}]}}