{"id":616,"date":"2021-07-24T21:25:54","date_gmt":"2021-07-24T19:25:54","guid":{"rendered":"https:\/\/patrimoine-avesnois.fr\/fontaines\/?page_id=616"},"modified":"2023-05-15T21:14:05","modified_gmt":"2023-05-15T19:14:05","slug":"wattignies-la-victoire-la-fontaine-st-jean","status":"publish","type":"page","link":"https:\/\/patrimoine-avesnois.fr\/fontaines\/wattignies-la-victoire-la-fontaine-st-jean\/","title":{"rendered":"Wattignies-la-Victoire : l&rsquo;abreuvoir, la fontaine de l&rsquo;Orson, la fontaine Grand Jean."},"content":{"rendered":"<div class=\"wp-block-image\">\n<figure class=\"aligncenter size-full is-resized\"><img data-recalc-dims=\"1\" loading=\"lazy\" decoding=\"async\" src=\"https:\/\/i0.wp.com\/patrimoine-avesnois.fr\/fontaines\/wp-content\/uploads\/2022\/01\/image-4.png?resize=635%2C485&#038;ssl=1\" alt=\"\" class=\"wp-image-1555\" width=\"635\" height=\"485\" srcset=\"https:\/\/i0.wp.com\/patrimoine-avesnois.fr\/fontaines\/wp-content\/uploads\/2022\/01\/image-4.png?w=736&amp;ssl=1 736w, https:\/\/i0.wp.com\/patrimoine-avesnois.fr\/fontaines\/wp-content\/uploads\/2022\/01\/image-4.png?resize=300%2C229&amp;ssl=1 300w\" sizes=\"auto, (max-width: 635px) 85vw, 635px\" \/><figcaption class=\"wp-element-caption\">Abreuvoir ruelle de la Fontaine \u00e0 Wattignies-la-Victoire. Cadastre 1847 ADN P 31 \/ 796 <a rel=\"noreferrer noopener\" href=\"https:\/\/archivesdepartementales.lenord.fr\/ark:\/33518\/1n8jrs47592t\/ba14bbea-65bb-4532-a61a-c01f458cf47e\" data-type=\"URL\" data-id=\"https:\/\/archivesdepartementales.lenord.fr\/ark:\/33518\/1n8jrs47592t\/ba14bbea-65bb-4532-a61a-c01f458cf47e\" target=\"_blank\">Vue 7\/10<\/a><\/figcaption><\/figure>\n<\/div>\n\n<div class=\"wp-block-image\">\n<figure class=\"aligncenter size-full is-resized\"><img data-recalc-dims=\"1\" loading=\"lazy\" decoding=\"async\" src=\"https:\/\/i0.wp.com\/patrimoine-avesnois.fr\/fontaines\/wp-content\/uploads\/2022\/01\/Wattignies-la-Victoire-Rue-de-la-Fontaine-1.jpg?resize=635%2C476&#038;ssl=1\" alt=\"\" class=\"wp-image-1546\" width=\"635\" height=\"476\" srcset=\"https:\/\/i0.wp.com\/patrimoine-avesnois.fr\/fontaines\/wp-content\/uploads\/2022\/01\/Wattignies-la-Victoire-Rue-de-la-Fontaine-1.jpg?w=1003&amp;ssl=1 1003w, https:\/\/i0.wp.com\/patrimoine-avesnois.fr\/fontaines\/wp-content\/uploads\/2022\/01\/Wattignies-la-Victoire-Rue-de-la-Fontaine-1.jpg?resize=300%2C225&amp;ssl=1 300w, https:\/\/i0.wp.com\/patrimoine-avesnois.fr\/fontaines\/wp-content\/uploads\/2022\/01\/Wattignies-la-Victoire-Rue-de-la-Fontaine-1.jpg?resize=768%2C576&amp;ssl=1 768w\" sizes=\"auto, (max-width: 635px) 85vw, 635px\" \/><figcaption class=\"wp-element-caption\">Fontaine lavoir <a href=\"https:\/\/www.google.fr\/maps\/@50.1996097,4.0096544,3a,75y,126.99h,84t\/data=!3m6!1e1!3m4!1sihxUtyQGitDE8-AHcdqaJw!2e0!7i16384!8i8192\" data-type=\"URL\" data-id=\"https:\/\/www.google.fr\/maps\/@50.1996097,4.0096544,3a,75y,126.99h,84t\/data=!3m6!1e1!3m4!1sihxUtyQGitDE8-AHcdqaJw!2e0!7i16384!8i8192\" target=\"_blank\" rel=\"noreferrer noopener\">Rue de la Fontaine <\/a><\/figcaption><\/figure>\n<\/div>\n\n<div class=\"wp-block-image\">\n<figure class=\"aligncenter size-large is-resized\"><img data-recalc-dims=\"1\" loading=\"lazy\" decoding=\"async\" src=\"https:\/\/i0.wp.com\/patrimoine-avesnois.fr\/fontaines\/wp-content\/uploads\/2022\/01\/Wattignies-la-Victoire-Rue-de-la-fontaine2.jpg?resize=645%2C485&#038;ssl=1\" alt=\"\" class=\"wp-image-1542\" width=\"645\" height=\"485\" srcset=\"https:\/\/i0.wp.com\/patrimoine-avesnois.fr\/fontaines\/wp-content\/uploads\/2022\/01\/Wattignies-la-Victoire-Rue-de-la-fontaine2.jpg?resize=1024%2C768&amp;ssl=1 1024w, https:\/\/i0.wp.com\/patrimoine-avesnois.fr\/fontaines\/wp-content\/uploads\/2022\/01\/Wattignies-la-Victoire-Rue-de-la-fontaine2.jpg?resize=300%2C225&amp;ssl=1 300w, https:\/\/i0.wp.com\/patrimoine-avesnois.fr\/fontaines\/wp-content\/uploads\/2022\/01\/Wattignies-la-Victoire-Rue-de-la-fontaine2.jpg?resize=768%2C576&amp;ssl=1 768w, https:\/\/i0.wp.com\/patrimoine-avesnois.fr\/fontaines\/wp-content\/uploads\/2022\/01\/Wattignies-la-Victoire-Rue-de-la-fontaine2.jpg?w=1149&amp;ssl=1 1149w\" sizes=\"auto, (max-width: 645px) 85vw, 645px\" \/><\/figure>\n<\/div>\n\n\n<p>Cet abreuvoir qui sert encore de nos jours \u00e0 abreuver le b\u00e9tail a \u00e9t\u00e9 r\u00e9nov\u00e9 en 2004 dans le cadre de la conservation du patrimoine. Source <a rel=\"noreferrer noopener\" href=\"https:\/\/www.wattignieslavictoire.fr\/patrimoine\/les-fontaines\" data-type=\"URL\" data-id=\"https:\/\/www.wattignieslavictoire.fr\/patrimoine\/les-fontaines\" target=\"_blank\">Mairie<\/a>                            Sur le cadastre de 1847 il apparait comme une mare bien d\u00e9limit\u00e9e devant servir notamment \u00e0 irriguer le champ de houblon voisin. Il fut construit entre 1885 et 1895 (ADN 2 O \/647\/28).<\/p>\n\n\n\n<p class=\"has-text-align-center\">***<\/p>\n\n\n<div class=\"wp-block-image\">\n<figure class=\"aligncenter size-full is-resized\"><img data-recalc-dims=\"1\" loading=\"lazy\" decoding=\"async\" src=\"https:\/\/i0.wp.com\/patrimoine-avesnois.fr\/fontaines\/wp-content\/uploads\/2022\/01\/image-3.png?resize=519%2C382&#038;ssl=1\" alt=\"\" class=\"wp-image-1544\" width=\"519\" height=\"382\" srcset=\"https:\/\/i0.wp.com\/patrimoine-avesnois.fr\/fontaines\/wp-content\/uploads\/2022\/01\/image-3.png?w=588&amp;ssl=1 588w, https:\/\/i0.wp.com\/patrimoine-avesnois.fr\/fontaines\/wp-content\/uploads\/2022\/01\/image-3.png?resize=300%2C221&amp;ssl=1 300w\" sizes=\"auto, (max-width: 519px) 85vw, 519px\" \/><\/figure>\n<\/div>\n\n<div class=\"wp-block-image\">\n<figure class=\"aligncenter size-full is-resized\"><img data-recalc-dims=\"1\" loading=\"lazy\" decoding=\"async\" src=\"https:\/\/i0.wp.com\/patrimoine-avesnois.fr\/fontaines\/wp-content\/uploads\/2022\/01\/csm_Fontaine_Orson1_a26be48fad.jpg?resize=365%2C485&#038;ssl=1\" alt=\"\" class=\"wp-image-1543\" width=\"365\" height=\"485\"\/><figcaption class=\"wp-element-caption\">Fontaine Chemin de l&rsquo;Orson Photo Mairie<\/figcaption><\/figure>\n<\/div>\n\n\n<p>Une fontaine-lavoir se trouve dans un renfoncement du Chemin de l&rsquo;Orson, chemin reliant la rue Grangette \u00e0 la rue Ballant. Elle fut d\u00e9gag\u00e9e et r\u00e9nov\u00e9e en 2003. Source <a rel=\"noreferrer noopener\" href=\"https:\/\/www.wattignieslavictoire.fr\/patrimoine\/les-fontaines\" data-type=\"URL\" data-id=\"https:\/\/www.wattignieslavictoire.fr\/patrimoine\/les-fontaines\" target=\"_blank\">Mairie <\/a><\/p>\n\n\n\n<p class=\"has-text-align-center\">***<\/p>\n\n\n<div class=\"wp-block-image\">\n<figure class=\"aligncenter size-full is-resized\"><img data-recalc-dims=\"1\" loading=\"lazy\" decoding=\"async\" src=\"https:\/\/i0.wp.com\/patrimoine-avesnois.fr\/fontaines\/wp-content\/uploads\/2022\/01\/ADN-P-31-796.jpg?resize=630%2C474&#038;ssl=1\" alt=\"\" class=\"wp-image-1552\" width=\"630\" height=\"474\" srcset=\"https:\/\/i0.wp.com\/patrimoine-avesnois.fr\/fontaines\/wp-content\/uploads\/2022\/01\/ADN-P-31-796.jpg?w=849&amp;ssl=1 849w, https:\/\/i0.wp.com\/patrimoine-avesnois.fr\/fontaines\/wp-content\/uploads\/2022\/01\/ADN-P-31-796.jpg?resize=300%2C225&amp;ssl=1 300w, https:\/\/i0.wp.com\/patrimoine-avesnois.fr\/fontaines\/wp-content\/uploads\/2022\/01\/ADN-P-31-796.jpg?resize=768%2C577&amp;ssl=1 768w\" sizes=\"auto, (max-width: 630px) 85vw, 630px\" \/><figcaption class=\"wp-element-caption\">La Fontaine Grand Jean Wattignies-la-Victoire Cadastre 1847 ADN P 31 \/ 796 <a rel=\"noreferrer noopener\" href=\"https:\/\/archivesdepartementales.lenord.fr\/ark:\/33518\/1n8jrs47592t\/c32ce827-0955-484f-92de-7ea249a10949\" data-type=\"URL\" data-id=\"https:\/\/archivesdepartementales.lenord.fr\/ark:\/33518\/1n8jrs47592t\/c32ce827-0955-484f-92de-7ea249a10949\" target=\"_blank\">Vue 4\/10<\/a><\/figcaption><\/figure>\n<\/div>\n\n<div class=\"wp-block-image\">\n<figure class=\"aligncenter size-full is-resized\"><img data-recalc-dims=\"1\" loading=\"lazy\" decoding=\"async\" src=\"https:\/\/i0.wp.com\/patrimoine-avesnois.fr\/fontaines\/wp-content\/uploads\/2022\/01\/Fontaine-Grand-Jean-1847.jpg?resize=630%2C473&#038;ssl=1\" alt=\"\" class=\"wp-image-1553\" width=\"630\" height=\"473\" srcset=\"https:\/\/i0.wp.com\/patrimoine-avesnois.fr\/fontaines\/wp-content\/uploads\/2022\/01\/Fontaine-Grand-Jean-1847.jpg?w=773&amp;ssl=1 773w, https:\/\/i0.wp.com\/patrimoine-avesnois.fr\/fontaines\/wp-content\/uploads\/2022\/01\/Fontaine-Grand-Jean-1847.jpg?resize=300%2C225&amp;ssl=1 300w, https:\/\/i0.wp.com\/patrimoine-avesnois.fr\/fontaines\/wp-content\/uploads\/2022\/01\/Fontaine-Grand-Jean-1847.jpg?resize=768%2C577&amp;ssl=1 768w\" sizes=\"auto, (max-width: 630px) 85vw, 630px\" \/><figcaption class=\"wp-element-caption\"> La Fontaine Grand Jean Wattignies-la-Victoire Cadastre 1847 ADN P 31 \/ 796 <a rel=\"noreferrer noopener\" href=\"https:\/\/archivesdepartementales.lenord.fr\/ark:\/33518\/1n8jrs47592t\/8abd72b1-3a6e-40c1-911e-4a4892f96b7d\" data-type=\"URL\" data-id=\"https:\/\/archivesdepartementales.lenord.fr\/ark:\/33518\/1n8jrs47592t\/8abd72b1-3a6e-40c1-911e-4a4892f96b7d\" target=\"_blank\">Vue 6\/10<\/a><\/figcaption><\/figure>\n<\/div>\n\n<div class=\"wp-block-image\">\n<figure class=\"aligncenter size-full is-resized\"><img data-recalc-dims=\"1\" loading=\"lazy\" decoding=\"async\" src=\"https:\/\/i0.wp.com\/patrimoine-avesnois.fr\/fontaines\/wp-content\/uploads\/2022\/01\/image-13.png?resize=725%2C458&#038;ssl=1\" alt=\"\" class=\"wp-image-1669\" width=\"725\" height=\"458\" srcset=\"https:\/\/i0.wp.com\/patrimoine-avesnois.fr\/fontaines\/wp-content\/uploads\/2022\/01\/image-13.png?w=719&amp;ssl=1 719w, https:\/\/i0.wp.com\/patrimoine-avesnois.fr\/fontaines\/wp-content\/uploads\/2022\/01\/image-13.png?resize=300%2C190&amp;ssl=1 300w\" sizes=\"auto, (max-width: 725px) 85vw, 725px\" \/><figcaption class=\"wp-element-caption\"> Emplacement de la Fontaine Grand Jean <a rel=\"noreferrer noopener\" href=\"https:\/\/www.google.fr\/maps\/@50.2050263,3.9909858,17z\" target=\"_blank\">Plan Google<\/a> <\/figcaption><\/figure>\n<\/div>\n\n<div class=\"wp-block-image\">\n<figure class=\"aligncenter size-full is-resized\"><img data-recalc-dims=\"1\" loading=\"lazy\" decoding=\"async\" src=\"https:\/\/i0.wp.com\/patrimoine-avesnois.fr\/fontaines\/wp-content\/uploads\/2022\/01\/Capture-11.jpg?resize=725%2C521&#038;ssl=1\" alt=\"\" class=\"wp-image-1671\" width=\"725\" height=\"521\"\/><figcaption class=\"wp-element-caption\">Emplacement de la Fontaine Grand Jean <a rel=\"noreferrer noopener\" href=\"https:\/\/www.google.fr\/maps\/@50.2053518,3.9911981,15z\" target=\"_blank\">Autre Plan Google<\/a><\/figcaption><\/figure>\n<\/div>\n\n<div class=\"wp-block-image\">\n<figure class=\"aligncenter size-full is-resized\"><img data-recalc-dims=\"1\" loading=\"lazy\" decoding=\"async\" src=\"https:\/\/i0.wp.com\/patrimoine-avesnois.fr\/fontaines\/wp-content\/uploads\/2022\/01\/Fontaine-Grand-Jean.jpg?resize=725%2C497&#038;ssl=1\" alt=\"\" class=\"wp-image-1550\" width=\"725\" height=\"497\" srcset=\"https:\/\/i0.wp.com\/patrimoine-avesnois.fr\/fontaines\/wp-content\/uploads\/2022\/01\/Fontaine-Grand-Jean.jpg?w=931&amp;ssl=1 931w, https:\/\/i0.wp.com\/patrimoine-avesnois.fr\/fontaines\/wp-content\/uploads\/2022\/01\/Fontaine-Grand-Jean.jpg?resize=300%2C206&amp;ssl=1 300w, https:\/\/i0.wp.com\/patrimoine-avesnois.fr\/fontaines\/wp-content\/uploads\/2022\/01\/Fontaine-Grand-Jean.jpg?resize=768%2C527&amp;ssl=1 768w\" sizes=\"auto, (max-width: 725px) 85vw, 725px\" \/><figcaption class=\"wp-element-caption\">Emplacement de la Fontaine Grand Jean <a rel=\"noreferrer noopener\" href=\"https:\/\/www.google.fr\/maps\/@50.2036374,3.9902108,939m\/data=!3m1!1e3\" target=\"_blank\">Vue satellite Google<\/a><\/figcaption><\/figure>\n<\/div>\n\n\n<p>La fontaine Grand Jean alimentait le ruisseau de Glarge, lequel approvisionnait en 1847 un \u00e9tang situ\u00e9 \u00e0 proximit\u00e9 de la ferme de Glarge. De nos jours, cette source continue de faire couler le ruisseau en direction de Damousies tout en longeant le bois de Fr\u00e9chaut. <\/p>\n","protected":false},"excerpt":{"rendered":"<p>Cet abreuvoir qui sert encore de nos jours \u00e0 abreuver le b\u00e9tail a \u00e9t\u00e9 r\u00e9nov\u00e9 en 2004 dans le cadre de la conservation du patrimoine. Source Mairie Sur le cadastre de 1847 il apparait comme une mare bien d\u00e9limit\u00e9e devant servir notamment \u00e0 irriguer le champ de houblon voisin. Il fut construit entre 1885 et &hellip; <a href=\"https:\/\/patrimoine-avesnois.fr\/fontaines\/wattignies-la-victoire-la-fontaine-st-jean\/\" class=\"more-link\">Continuer la lecture<span class=\"screen-reader-text\"> de &laquo;&nbsp;Wattignies-la-Victoire : l&rsquo;abreuvoir, la fontaine de l&rsquo;Orson, la fontaine Grand Jean.&nbsp;&raquo;<\/span><\/a><\/p>\n","protected":false},"author":2,"featured_media":0,"parent":0,"menu_order":0,"comment_status":"closed","ping_status":"closed","template":"","meta":{"footnotes":""},"class_list":["post-616","page","type-page","status-publish","hentry"],"jetpack_sharing_enabled":true,"_links":{"self":[{"href":"https:\/\/patrimoine-avesnois.fr\/fontaines\/wp-json\/wp\/v2\/pages\/616","targetHints":{"allow":["GET"]}}],"collection":[{"href":"https:\/\/patrimoine-avesnois.fr\/fontaines\/wp-json\/wp\/v2\/pages"}],"about":[{"href":"https:\/\/patrimoine-avesnois.fr\/fontaines\/wp-json\/wp\/v2\/types\/page"}],"author":[{"embeddable":true,"href":"https:\/\/patrimoine-avesnois.fr\/fontaines\/wp-json\/wp\/v2\/users\/2"}],"replies":[{"embeddable":true,"href":"https:\/\/patrimoine-avesnois.fr\/fontaines\/wp-json\/wp\/v2\/comments?post=616"}],"version-history":[{"count":11,"href":"https:\/\/patrimoine-avesnois.fr\/fontaines\/wp-json\/wp\/v2\/pages\/616\/revisions"}],"predecessor-version":[{"id":1958,"href":"https:\/\/patrimoine-avesnois.fr\/fontaines\/wp-json\/wp\/v2\/pages\/616\/revisions\/1958"}],"wp:attachment":[{"href":"https:\/\/patrimoine-avesnois.fr\/fontaines\/wp-json\/wp\/v2\/media?parent=616"}],"curies":[{"name":"wp","href":"https:\/\/api.w.org\/{rel}","templated":true}]}}