{"id":68,"date":"2021-07-01T18:03:19","date_gmt":"2021-07-01T16:03:19","guid":{"rendered":"https:\/\/patrimoine-avesnois.fr\/fontaines\/?page_id=68"},"modified":"2023-05-15T13:36:18","modified_gmt":"2023-05-15T11:36:18","slug":"beaurieux-et-la-fontaine-du-chateau","status":"publish","type":"page","link":"https:\/\/patrimoine-avesnois.fr\/fontaines\/beaurieux-et-la-fontaine-du-chateau\/","title":{"rendered":"Beaurieux et la fontaine du ch\u00e2teau"},"content":{"rendered":"<div class=\"wp-block-image\">\n<figure class=\"aligncenter\"><img decoding=\"async\" src=\"https:\/\/i0.wp.com\/patrimoine-avesnois.fr\/chemin\/wp-content\/uploads\/2021\/06\/Capture-46.jpg?resize=630%2C474\" alt=\"\" class=\"wp-image-13380\"\/><figcaption class=\"wp-element-caption\">Ruelle de la Fontaine Cadastre de Beaurieux 1828 ADN P 31 \/ 662 <a href=\"https:\/\/archivesdepartementales.lenord.fr\/ark:\/33518\/jdg923s65m7k\/a876a47e-d90f-4a52-9a12-61f86b233b8b\" target=\"_blank\" rel=\"noreferrer noopener\">Vue 5\/13<\/a><\/figcaption><\/figure>\n<\/div>\n\n<div class=\"wp-block-image\">\n<figure class=\"aligncenter\"><img decoding=\"async\" src=\"https:\/\/i2.wp.com\/patrimoine-avesnois.fr\/chemin\/wp-content\/uploads\/2021\/06\/Capture-47.jpg?resize=630%2C472\" alt=\"\" class=\"wp-image-13381\"\/><figcaption class=\"wp-element-caption\"><em>Cadastre de Beaurieux 1901 ADN P 31 \/ 662<\/em> <a href=\"https:\/\/archivesdepartementales.lenord.fr\/ark:\/33518\/jdg923s65m7k\/cfd5be65-cbd1-453d-a1ae-dbac11a124c0\" target=\"_blank\" rel=\"noreferrer noopener\">Vue 11\/13<\/a><\/figcaption><\/figure>\n<\/div>\n\n\n<p>En 1901 la ruelle de la Fontaine a disparu. La fontaine se trouve d\u00e8s lors dans la propri\u00e9t\u00e9 du ch\u00e2teau de Beaurieux. Elle alimente le bassin du parc. Cependant l\u2019acc\u00e8s \u00e0 la Fontaine semble encore possible par une porte ins\u00e9r\u00e9e dans l\u2019enceinte du ch\u00e2teau longeant le chemin vicinal N\u00b0 dit de Sivry.<\/p>\n\n\n\n<p class=\"has-text-align-center\">***<\/p>\n\n\n\n<p>Un abreuvoir existait \u00e0 Beaurieux puisqu&rsquo;en 1889 on y fit des travaux de r\u00e9parations (ADN s\u00e9rie 2 O 61\/29).<\/p>\n","protected":false},"excerpt":{"rendered":"<p>En 1901 la ruelle de la Fontaine a disparu. La fontaine se trouve d\u00e8s lors dans la propri\u00e9t\u00e9 du ch\u00e2teau de Beaurieux. Elle alimente le bassin du parc. Cependant l\u2019acc\u00e8s \u00e0 la Fontaine semble encore possible par une porte ins\u00e9r\u00e9e dans l\u2019enceinte du ch\u00e2teau longeant le chemin vicinal N\u00b0 dit de Sivry. *** Un abreuvoir &hellip; <a href=\"https:\/\/patrimoine-avesnois.fr\/fontaines\/beaurieux-et-la-fontaine-du-chateau\/\" class=\"more-link\">Continuer la lecture<span class=\"screen-reader-text\"> de &laquo;&nbsp;Beaurieux et la fontaine du ch\u00e2teau&nbsp;&raquo;<\/span><\/a><\/p>\n","protected":false},"author":2,"featured_media":0,"parent":0,"menu_order":0,"comment_status":"closed","ping_status":"closed","template":"","meta":{"footnotes":""},"class_list":["post-68","page","type-page","status-publish","hentry"],"jetpack_sharing_enabled":true,"_links":{"self":[{"href":"https:\/\/patrimoine-avesnois.fr\/fontaines\/wp-json\/wp\/v2\/pages\/68","targetHints":{"allow":["GET"]}}],"collection":[{"href":"https:\/\/patrimoine-avesnois.fr\/fontaines\/wp-json\/wp\/v2\/pages"}],"about":[{"href":"https:\/\/patrimoine-avesnois.fr\/fontaines\/wp-json\/wp\/v2\/types\/page"}],"author":[{"embeddable":true,"href":"https:\/\/patrimoine-avesnois.fr\/fontaines\/wp-json\/wp\/v2\/users\/2"}],"replies":[{"embeddable":true,"href":"https:\/\/patrimoine-avesnois.fr\/fontaines\/wp-json\/wp\/v2\/comments?post=68"}],"version-history":[{"count":4,"href":"https:\/\/patrimoine-avesnois.fr\/fontaines\/wp-json\/wp\/v2\/pages\/68\/revisions"}],"predecessor-version":[{"id":1861,"href":"https:\/\/patrimoine-avesnois.fr\/fontaines\/wp-json\/wp\/v2\/pages\/68\/revisions\/1861"}],"wp:attachment":[{"href":"https:\/\/patrimoine-avesnois.fr\/fontaines\/wp-json\/wp\/v2\/media?parent=68"}],"curies":[{"name":"wp","href":"https:\/\/api.w.org\/{rel}","templated":true}]}}