{"id":78,"date":"2021-07-01T18:30:08","date_gmt":"2021-07-01T16:30:08","guid":{"rendered":"https:\/\/patrimoine-avesnois.fr\/fontaines\/?page_id=78"},"modified":"2022-01-08T14:50:20","modified_gmt":"2022-01-08T13:50:20","slug":"berlaimont-les-fontaines-sable-et-de-resolu-labreuvoir-mandron","status":"publish","type":"page","link":"https:\/\/patrimoine-avesnois.fr\/fontaines\/berlaimont-les-fontaines-sable-et-de-resolu-labreuvoir-mandron\/","title":{"rendered":"Berlaimont : la fontaine des S\u0153urs Grises, les fontaines Sabl\u00e9 et de R\u00e9solu; l&rsquo;abreuvoir Mandron"},"content":{"rendered":"\n<p>Vers 1507, Gillette de Berlaimont et son mari Louis de Rollin seigneur d&rsquo;Aymeries fond\u00e8rent un couvent de religieuses du tiers ordre de Saint Fran\u00e7ois dans le bourg de Berlaimont. Ce couvent des s\u0153urs grises se situait pr\u00e8s du Grand Pont.<\/p>\n\n\n\n<div class=\"wp-block-image\"><figure class=\"aligncenter size-full is-resized\"><img data-recalc-dims=\"1\" loading=\"lazy\" decoding=\"async\" src=\"https:\/\/i0.wp.com\/patrimoine-avesnois.fr\/fontaines\/wp-content\/uploads\/2022\/01\/Couvent-des-Soeurs-Grises-berlaimont.jpg?resize=635%2C476&#038;ssl=1\" alt=\"\" class=\"wp-image-1523\" width=\"635\" height=\"476\" srcset=\"https:\/\/i0.wp.com\/patrimoine-avesnois.fr\/fontaines\/wp-content\/uploads\/2022\/01\/Couvent-des-Soeurs-Grises-berlaimont.jpg?w=1024&amp;ssl=1 1024w, https:\/\/i0.wp.com\/patrimoine-avesnois.fr\/fontaines\/wp-content\/uploads\/2022\/01\/Couvent-des-Soeurs-Grises-berlaimont.jpg?resize=300%2C225&amp;ssl=1 300w, https:\/\/i0.wp.com\/patrimoine-avesnois.fr\/fontaines\/wp-content\/uploads\/2022\/01\/Couvent-des-Soeurs-Grises-berlaimont.jpg?resize=768%2C576&amp;ssl=1 768w\" sizes=\"auto, (max-width: 635px) 85vw, 635px\" \/><figcaption>Album de Cro\u00ff 1599<\/figcaption><\/figure><\/div>\n\n\n\n<p>Une miniature des albums de Cro\u00ff de 1599 fait connaitre l&#8217;emplacement de l&rsquo;\u00e9difice. Sit\u00f4t pass\u00e9 la Sambre, sur la droite, la maison conventuelle borde la rue avec son choeur tourn\u00e9 vers l&rsquo;orient, ici la rivi\u00e8re,  et son clocheton \u00e9difi\u00e9 \u00e0 l&rsquo;angle du b\u00e2timent jouxtant la nef.<\/p>\n\n\n\n<div class=\"wp-block-image\"><figure class=\"aligncenter size-full is-resized\"><img data-recalc-dims=\"1\" loading=\"lazy\" decoding=\"async\" src=\"https:\/\/i0.wp.com\/patrimoine-avesnois.fr\/fontaines\/wp-content\/uploads\/2022\/01\/ADN-P-30-040.jpg?resize=635%2C475&#038;ssl=1\" alt=\"\" class=\"wp-image-1528\" width=\"635\" height=\"475\" srcset=\"https:\/\/i0.wp.com\/patrimoine-avesnois.fr\/fontaines\/wp-content\/uploads\/2022\/01\/ADN-P-30-040.jpg?w=763&amp;ssl=1 763w, https:\/\/i0.wp.com\/patrimoine-avesnois.fr\/fontaines\/wp-content\/uploads\/2022\/01\/ADN-P-30-040.jpg?resize=300%2C225&amp;ssl=1 300w\" sizes=\"auto, (max-width: 635px) 85vw, 635px\" \/><figcaption>Cadastre Consulaire Berlaimont ADN P 30 \/ 040 <a href=\"https:\/\/archivesdepartementales.lenord.fr\/ark:\/33518\/6kd1bzfn0rmj\/acb1b598-5737-41fb-b702-85ecc8619c74\" data-type=\"URL\" data-id=\"https:\/\/archivesdepartementales.lenord.fr\/ark:\/33518\/6kd1bzfn0rmj\/acb1b598-5737-41fb-b702-85ecc8619c74\" target=\"_blank\" rel=\"noreferrer noopener\">Vue 3\/3<\/a><\/figcaption><\/figure><\/div>\n\n\n\n<p>La cl\u00f4ture renfermait une fontaine o\u00f9 l&rsquo;on allait puiser une eau qui, disait on, gu\u00e9rissait des maladies oculaires (Archives de Berlaimont, Compte de l&rsquo;\u00e9glise 1658-1659 \u00ab\u00a0Des s\u0153urs grises pour rente quelles doivent sur un petit jardin dans leur cl\u00f4ture tenant \u00e0 la petite fonte VJ d\u00a0\u00bb).<\/p>\n\n\n\n<div class=\"wp-block-image\"><figure class=\"aligncenter size-full is-resized\"><img data-recalc-dims=\"1\" loading=\"lazy\" decoding=\"async\" src=\"https:\/\/i0.wp.com\/patrimoine-avesnois.fr\/fontaines\/wp-content\/uploads\/2022\/01\/Emplacement-couvent.jpg?resize=635%2C476&#038;ssl=1\" alt=\"\" class=\"wp-image-1526\" width=\"635\" height=\"476\"\/><figcaption>Emplacement actuel de l&rsquo;ancien couvent et de sa fontaine <a href=\"https:\/\/www.google.fr\/maps\/@50.203956,3.8192601,3a,75y,345.34h,85.4t\/data=!3m6!1e1!3m4!1ssHYy2UJ1fYLlcUHHYleO0A!2e0!7i16384!8i8192\" data-type=\"URL\" data-id=\"https:\/\/www.google.fr\/maps\/@50.203956,3.8192601,3a,75y,345.34h,85.4t\/data=!3m6!1e1!3m4!1ssHYy2UJ1fYLlcUHHYleO0A!2e0!7i16384!8i8192\" target=\"_blank\" rel=\"noreferrer noopener\">Google 2019<\/a><\/figcaption><\/figure><\/div>\n\n\n\n<p class=\"has-text-align-center\">***<\/p>\n\n\n\n<div class=\"wp-block-image\"><figure class=\"aligncenter\"><img decoding=\"async\" src=\"https:\/\/i0.wp.com\/patrimoine-avesnois.fr\/chemin\/wp-content\/uploads\/2021\/06\/image-30.png?resize=630%2C340\" alt=\"\" class=\"wp-image-13402\"\/><figcaption>Histoire de Berlaimont par Raymond Berard<\/figcaption><\/figure><\/div>\n\n\n\n<div class=\"wp-block-image\"><figure class=\"aligncenter\"><img decoding=\"async\" src=\"https:\/\/i0.wp.com\/patrimoine-avesnois.fr\/chemin\/wp-content\/uploads\/2021\/06\/Captur-12.jpg?resize=630%2C452\" alt=\"\" class=\"wp-image-13406\"\/><figcaption>La Fontaine Jabl\u00e9e Cadastre Berlaimont 1861 ADN P 31 \/ 665 <a rel=\"noreferrer noopener\" href=\"https:\/\/archivesdepartementales.lenord.fr\/ark:\/33518\/r65j3b4fm91x\/14eb847c-6299-455b-9814-65b600ebca2a\" target=\"_blank\">Vue 17\/22<\/a><\/figcaption><\/figure><\/div>\n\n\n\n<p class=\"has-text-align-center\">***<\/p>\n\n\n\n<div class=\"wp-block-image\"><figure class=\"aligncenter\"><img decoding=\"async\" src=\"https:\/\/i2.wp.com\/patrimoine-avesnois.fr\/chemin\/wp-content\/uploads\/2021\/06\/Captur-13.jpg?resize=630%2C472\" alt=\"\" class=\"wp-image-13407\"\/><figcaption>Fontaine de R\u00e9solu <em>Cadastre Berlaimont 1861 ADN P 31 \/ 665 <\/em><a rel=\"noreferrer noopener\" href=\"https:\/\/archivesdepartementales.lenord.fr\/ark:\/33518\/r65j3b4fm91x\/14eb847c-6299-455b-9814-65b600ebca2a\" target=\"_blank\">Vue 17\/22<\/a><\/figcaption><\/figure><\/div>\n\n\n\n<p class=\"has-text-align-center\">***<\/p>\n\n\n\n<div class=\"wp-block-image\"><figure class=\"aligncenter size-large is-resized\"><img data-recalc-dims=\"1\" loading=\"lazy\" decoding=\"async\" src=\"https:\/\/i0.wp.com\/patrimoine-avesnois.fr\/fontaines\/wp-content\/uploads\/2021\/07\/We-Mandron.jpg?resize=630%2C472&#038;ssl=1\" alt=\"\" class=\"wp-image-79\" width=\"630\" height=\"472\" srcset=\"https:\/\/i0.wp.com\/patrimoine-avesnois.fr\/fontaines\/wp-content\/uploads\/2021\/07\/We-Mandron.jpg?w=620&amp;ssl=1 620w, https:\/\/i0.wp.com\/patrimoine-avesnois.fr\/fontaines\/wp-content\/uploads\/2021\/07\/We-Mandron.jpg?resize=300%2C225&amp;ssl=1 300w\" sizes=\"auto, (max-width: 630px) 85vw, 630px\" \/><figcaption>Le Huet (le W\u00e9) Mandron Cadastre de Berlaimont 1861 ADN P 31 \/ 665 <a href=\"https:\/\/archivesdepartementales.lenord.fr\/ark:\/33518\/r65j3b4fm91x\/82d6014d-c162-4879-8575-1322852e0608\" data-type=\"URL\" data-id=\"https:\/\/archivesdepartementales.lenord.fr\/ark:\/33518\/r65j3b4fm91x\/82d6014d-c162-4879-8575-1322852e0608\" target=\"_blank\" rel=\"noreferrer noopener\">Vue 15\/22<\/a><\/figcaption><\/figure><\/div>\n\n\n\n<p>le W\u00e9 (wez) en patois signifie mare. L&rsquo;abreuvoir portait le nom de son propri\u00e9taire. Il s&rsquo;agissait de Jean Joseph MANDRON n\u00e9 le 21 janvier 1753 \u00e0 St Aubin, mari\u00e9 \u00e0 Berlaimont, le 17 mai 1787 avec Marie Joseph BOUTTEAU. MANDRON est d\u00e9c\u00e9d\u00e9 le 8 mars 1806 \u00e0 Berlaimont dans sa demeure sise rue Lotat -Lambert (actuelle rue de Turenne).L&rsquo;abreuvoir est devenu une place apr\u00e8s \u00eatre entr\u00e9 dans le domaine public et son comblement en 1863.<\/p>\n","protected":false},"excerpt":{"rendered":"<p>Vers 1507, Gillette de Berlaimont et son mari Louis de Rollin seigneur d&rsquo;Aymeries fond\u00e8rent un couvent de religieuses du tiers ordre de Saint Fran\u00e7ois dans le bourg de Berlaimont. Ce couvent des s\u0153urs grises se situait pr\u00e8s du Grand Pont. Une miniature des albums de Cro\u00ff de 1599 fait connaitre l&#8217;emplacement de l&rsquo;\u00e9difice. Sit\u00f4t pass\u00e9 &hellip; <a href=\"https:\/\/patrimoine-avesnois.fr\/fontaines\/berlaimont-les-fontaines-sable-et-de-resolu-labreuvoir-mandron\/\" class=\"more-link\">Continuer la lecture<span class=\"screen-reader-text\"> de &laquo;&nbsp;Berlaimont : la fontaine des S\u0153urs Grises, les fontaines Sabl\u00e9 et de R\u00e9solu; l&rsquo;abreuvoir Mandron&nbsp;&raquo;<\/span><\/a><\/p>\n","protected":false},"author":2,"featured_media":0,"parent":0,"menu_order":0,"comment_status":"closed","ping_status":"closed","template":"","meta":{"footnotes":""},"class_list":["post-78","page","type-page","status-publish","hentry"],"jetpack_sharing_enabled":true,"_links":{"self":[{"href":"https:\/\/patrimoine-avesnois.fr\/fontaines\/wp-json\/wp\/v2\/pages\/78","targetHints":{"allow":["GET"]}}],"collection":[{"href":"https:\/\/patrimoine-avesnois.fr\/fontaines\/wp-json\/wp\/v2\/pages"}],"about":[{"href":"https:\/\/patrimoine-avesnois.fr\/fontaines\/wp-json\/wp\/v2\/types\/page"}],"author":[{"embeddable":true,"href":"https:\/\/patrimoine-avesnois.fr\/fontaines\/wp-json\/wp\/v2\/users\/2"}],"replies":[{"embeddable":true,"href":"https:\/\/patrimoine-avesnois.fr\/fontaines\/wp-json\/wp\/v2\/comments?post=78"}],"version-history":[{"count":8,"href":"https:\/\/patrimoine-avesnois.fr\/fontaines\/wp-json\/wp\/v2\/pages\/78\/revisions"}],"predecessor-version":[{"id":1533,"href":"https:\/\/patrimoine-avesnois.fr\/fontaines\/wp-json\/wp\/v2\/pages\/78\/revisions\/1533"}],"wp:attachment":[{"href":"https:\/\/patrimoine-avesnois.fr\/fontaines\/wp-json\/wp\/v2\/media?parent=78"}],"curies":[{"name":"wp","href":"https:\/\/api.w.org\/{rel}","templated":true}]}}