{"id":83,"date":"2021-07-01T18:34:25","date_gmt":"2021-07-01T16:34:25","guid":{"rendered":"https:\/\/patrimoine-avesnois.fr\/fontaines\/?page_id=83"},"modified":"2023-05-15T13:40:37","modified_gmt":"2023-05-15T11:40:37","slug":"bermeries-son-etang-source-du-cambron","status":"publish","type":"page","link":"https:\/\/patrimoine-avesnois.fr\/fontaines\/bermeries-son-etang-source-du-cambron\/","title":{"rendered":"Bermeries : son \u00e9tang source du Cambron"},"content":{"rendered":"<div class=\"wp-block-image\">\n<figure class=\"aligncenter\"><img decoding=\"async\" src=\"https:\/\/i2.wp.com\/patrimoine-avesnois.fr\/chemin\/wp-content\/uploads\/2021\/06\/Capture-56.jpg?resize=630%2C473\" alt=\"\" class=\"wp-image-13415\"\/><figcaption class=\"wp-element-caption\">Cadastre Bermeries 1921 P 31 \/ 666 <a href=\"https:\/\/archivesdepartementales.lenord.fr\/ark:\/33518\/8pwjqtxnm6sb\/0d4b04c4-0ac9-4b9d-8f0f-e3263f468042\" target=\"_blank\" rel=\"noreferrer noopener\">Vue 7\/10<\/a><\/figcaption><\/figure>\n<\/div>\n\n<div class=\"wp-block-image\">\n<figure class=\"aligncenter size-full\"><img data-recalc-dims=\"1\" loading=\"lazy\" decoding=\"async\" width=\"630\" height=\"473\" src=\"https:\/\/i0.wp.com\/patrimoine-avesnois.fr\/fontaines\/wp-content\/uploads\/2021\/07\/Etang-BERMERIES.webp?resize=630%2C473&#038;ssl=1\" alt=\"\" class=\"wp-image-667\" srcset=\"https:\/\/i0.wp.com\/patrimoine-avesnois.fr\/fontaines\/wp-content\/uploads\/2021\/07\/Etang-BERMERIES.webp?w=630&amp;ssl=1 630w, https:\/\/i0.wp.com\/patrimoine-avesnois.fr\/fontaines\/wp-content\/uploads\/2021\/07\/Etang-BERMERIES.webp?resize=300%2C225&amp;ssl=1 300w\" sizes=\"auto, (max-width: 630px) 85vw, 630px\" \/><figcaption class=\"wp-element-caption\">Etang \u00e0 Bermeries <a href=\"https:\/\/www.google.com\/maps\/@50.2859569,3.7527583,3a,75y,138.3h,86.3t\/data=!3m6!1e1!3m4!1sdMMVClu5CjxkTBxj_lXwwg!2e0!7i16384!8i8192\" target=\"_blank\" rel=\"noreferrer noopener\">Rue de la Ruelle<\/a><\/figcaption><\/figure>\n<\/div>\n\n\n<p>L\u2019\u00e9tang de Bermeries am\u00e9nag\u00e9 en 1928 servait de point d\u2019eau aux villageois et \u00e0 leurs animaux. La source de l\u2019\u00e9tang donne naissance au ruisseau de Cambron.<\/p>\n","protected":false},"excerpt":{"rendered":"<p>L\u2019\u00e9tang de Bermeries am\u00e9nag\u00e9 en 1928 servait de point d\u2019eau aux villageois et \u00e0 leurs animaux. La source de l\u2019\u00e9tang donne naissance au ruisseau de Cambron.<\/p>\n","protected":false},"author":2,"featured_media":0,"parent":0,"menu_order":0,"comment_status":"closed","ping_status":"closed","template":"","meta":{"footnotes":""},"class_list":["post-83","page","type-page","status-publish","hentry"],"jetpack_sharing_enabled":true,"_links":{"self":[{"href":"https:\/\/patrimoine-avesnois.fr\/fontaines\/wp-json\/wp\/v2\/pages\/83","targetHints":{"allow":["GET"]}}],"collection":[{"href":"https:\/\/patrimoine-avesnois.fr\/fontaines\/wp-json\/wp\/v2\/pages"}],"about":[{"href":"https:\/\/patrimoine-avesnois.fr\/fontaines\/wp-json\/wp\/v2\/types\/page"}],"author":[{"embeddable":true,"href":"https:\/\/patrimoine-avesnois.fr\/fontaines\/wp-json\/wp\/v2\/users\/2"}],"replies":[{"embeddable":true,"href":"https:\/\/patrimoine-avesnois.fr\/fontaines\/wp-json\/wp\/v2\/comments?post=83"}],"version-history":[{"count":3,"href":"https:\/\/patrimoine-avesnois.fr\/fontaines\/wp-json\/wp\/v2\/pages\/83\/revisions"}],"predecessor-version":[{"id":1862,"href":"https:\/\/patrimoine-avesnois.fr\/fontaines\/wp-json\/wp\/v2\/pages\/83\/revisions\/1862"}],"wp:attachment":[{"href":"https:\/\/patrimoine-avesnois.fr\/fontaines\/wp-json\/wp\/v2\/media?parent=83"}],"curies":[{"name":"wp","href":"https:\/\/api.w.org\/{rel}","templated":true}]}}