{"id":842,"date":"2021-07-26T11:07:26","date_gmt":"2021-07-26T09:07:26","guid":{"rendered":"https:\/\/patrimoine-avesnois.fr\/fontaines\/?page_id=842"},"modified":"2023-05-15T19:12:26","modified_gmt":"2023-05-15T17:12:26","slug":"sassegnies-labreuvoir-de-la-place-et-la-fontaine-de-la-fache","status":"publish","type":"page","link":"https:\/\/patrimoine-avesnois.fr\/fontaines\/sassegnies-labreuvoir-de-la-place-et-la-fontaine-de-la-fache\/","title":{"rendered":"Sassegnies : l&rsquo;abreuvoir de la Place et la fontaine de la Fache"},"content":{"rendered":"<div class=\"wp-block-image\">\n<figure class=\"aligncenter\"><img decoding=\"async\" src=\"https:\/\/i1.wp.com\/patrimoine-avesnois.fr\/chemin\/wp-content\/uploads\/2021\/07\/Abreuvoir-Sassegnies-1.jpg?resize=640%2C480\" alt=\"\" class=\"wp-image-14483\"\/><figcaption class=\"wp-element-caption\">Abreuvoir de Sassegnies Cadastre Sassegnies ADN 1860 P 31 \/ 778 parcelle 240 <a rel=\"noreferrer noopener\" href=\"https:\/\/archivesdepartementales.lenord.fr\/ark:\/33518\/05pnz3frjxtb\/9c76b093-b69a-4f42-8549-1341dc35ab26\" target=\"_blank\">Vue 7\/9<\/a><\/figcaption><\/figure>\n<\/div>\n\n\n<p>L&rsquo;abreuvoir de Sassegnies s&rsquo;est vu entourer d&rsquo;un mur en 1853 (ADN 2O\/555\/31).<\/p>\n\n\n<div class=\"wp-block-image\">\n<figure class=\"aligncenter size-full\"><img data-recalc-dims=\"1\" loading=\"lazy\" decoding=\"async\" width=\"784\" height=\"490\" src=\"https:\/\/i0.wp.com\/patrimoine-avesnois.fr\/fontaines\/wp-content\/uploads\/2021\/07\/Place-Sassegnies.jpg?resize=784%2C490&#038;ssl=1\" alt=\"\" class=\"wp-image-845\" srcset=\"https:\/\/i0.wp.com\/patrimoine-avesnois.fr\/fontaines\/wp-content\/uploads\/2021\/07\/Place-Sassegnies.jpg?w=784&amp;ssl=1 784w, https:\/\/i0.wp.com\/patrimoine-avesnois.fr\/fontaines\/wp-content\/uploads\/2021\/07\/Place-Sassegnies.jpg?resize=300%2C188&amp;ssl=1 300w, https:\/\/i0.wp.com\/patrimoine-avesnois.fr\/fontaines\/wp-content\/uploads\/2021\/07\/Place-Sassegnies.jpg?resize=768%2C480&amp;ssl=1 768w\" sizes=\"auto, (max-width: 784px) 85vw, 784px\" \/><figcaption class=\"wp-element-caption\">La Place de Sassegnies<\/figcaption><\/figure>\n<\/div>\n\n<div class=\"wp-block-image\">\n<figure class=\"aligncenter size-full is-resized\"><img data-recalc-dims=\"1\" loading=\"lazy\" decoding=\"async\" src=\"https:\/\/i0.wp.com\/patrimoine-avesnois.fr\/fontaines\/wp-content\/uploads\/2021\/07\/Place-du-Village-Sassegnies.jpg?resize=784%2C588&#038;ssl=1\" alt=\"\" class=\"wp-image-848\" width=\"784\" height=\"588\" srcset=\"https:\/\/i0.wp.com\/patrimoine-avesnois.fr\/fontaines\/wp-content\/uploads\/2021\/07\/Place-du-Village-Sassegnies.jpg?w=744&amp;ssl=1 744w, https:\/\/i0.wp.com\/patrimoine-avesnois.fr\/fontaines\/wp-content\/uploads\/2021\/07\/Place-du-Village-Sassegnies.jpg?resize=300%2C225&amp;ssl=1 300w\" sizes=\"auto, (max-width: 784px) 85vw, 784px\" \/><figcaption class=\"wp-element-caption\">Place du Village Sassegnies<\/figcaption><\/figure>\n<\/div>\n\n\n<p>L\u2019abreuvoir se trouvait sur la place du village o\u00f9 se trouve actuellement l\u2019\u00e9cole d\u00e9saffect\u00e9e. C\u2019est pour cette raison que la cave du logement de l\u2019instituteur (ancienne mairie) qui se trouve en face est toujours inond\u00e9e en cas de fortes pluies. Source : Habitants de Sassegnies.<\/p>\n\n\n\n<p class=\"has-text-align-center\">***<\/p>\n\n\n<div class=\"wp-block-image\">\n<figure class=\"aligncenter\"><img decoding=\"async\" src=\"https:\/\/i2.wp.com\/patrimoine-avesnois.fr\/chemin\/wp-content\/uploads\/2021\/07\/Fontaine-Sassegnies.jpg?resize=640%2C479\" alt=\"\" class=\"wp-image-14484\"\/><figcaption class=\"wp-element-caption\">Fache de la Fontaine Sassegnies Cadastre Sassegnies ADN 1860 P 31 \/ 778  <a rel=\"noreferrer noopener\" href=\"https:\/\/archivesdepartementales.lenord.fr\/ark:\/33518\/05pnz3frjxtb\/9c76b093-b69a-4f42-8549-1341dc35ab26\" target=\"_blank\">Vue 7\/9<\/a><\/figcaption><\/figure>\n<\/div>\n\n\n<p>Une fontaine devait se trouver dans une des p\u00e2tures en allant vers le Sars-Baras,puisque le lieu s\u2019appelait \u00ab&nbsp;Fache de la Fontaine&nbsp;\u00bb.<\/p>\n","protected":false},"excerpt":{"rendered":"<p>L&rsquo;abreuvoir de Sassegnies s&rsquo;est vu entourer d&rsquo;un mur en 1853 (ADN 2O\/555\/31). L\u2019abreuvoir se trouvait sur la place du village o\u00f9 se trouve actuellement l\u2019\u00e9cole d\u00e9saffect\u00e9e. C\u2019est pour cette raison que la cave du logement de l\u2019instituteur (ancienne mairie) qui se trouve en face est toujours inond\u00e9e en cas de fortes pluies. Source : Habitants &hellip; <a href=\"https:\/\/patrimoine-avesnois.fr\/fontaines\/sassegnies-labreuvoir-de-la-place-et-la-fontaine-de-la-fache\/\" class=\"more-link\">Continuer la lecture<span class=\"screen-reader-text\"> de &laquo;&nbsp;Sassegnies : l&rsquo;abreuvoir de la Place et la fontaine de la Fache&nbsp;&raquo;<\/span><\/a><\/p>\n","protected":false},"author":2,"featured_media":0,"parent":0,"menu_order":0,"comment_status":"closed","ping_status":"closed","template":"","meta":{"footnotes":""},"class_list":["post-842","page","type-page","status-publish","hentry"],"jetpack_sharing_enabled":true,"_links":{"self":[{"href":"https:\/\/patrimoine-avesnois.fr\/fontaines\/wp-json\/wp\/v2\/pages\/842","targetHints":{"allow":["GET"]}}],"collection":[{"href":"https:\/\/patrimoine-avesnois.fr\/fontaines\/wp-json\/wp\/v2\/pages"}],"about":[{"href":"https:\/\/patrimoine-avesnois.fr\/fontaines\/wp-json\/wp\/v2\/types\/page"}],"author":[{"embeddable":true,"href":"https:\/\/patrimoine-avesnois.fr\/fontaines\/wp-json\/wp\/v2\/users\/2"}],"replies":[{"embeddable":true,"href":"https:\/\/patrimoine-avesnois.fr\/fontaines\/wp-json\/wp\/v2\/comments?post=842"}],"version-history":[{"count":7,"href":"https:\/\/patrimoine-avesnois.fr\/fontaines\/wp-json\/wp\/v2\/pages\/842\/revisions"}],"predecessor-version":[{"id":1942,"href":"https:\/\/patrimoine-avesnois.fr\/fontaines\/wp-json\/wp\/v2\/pages\/842\/revisions\/1942"}],"wp:attachment":[{"href":"https:\/\/patrimoine-avesnois.fr\/fontaines\/wp-json\/wp\/v2\/media?parent=842"}],"curies":[{"name":"wp","href":"https:\/\/api.w.org\/{rel}","templated":true}]}}