{"id":96,"date":"2021-07-01T18:44:37","date_gmt":"2021-07-01T16:44:37","guid":{"rendered":"https:\/\/patrimoine-avesnois.fr\/fontaines\/?page_id=96"},"modified":"2022-01-14T12:12:01","modified_gmt":"2022-01-14T11:12:01","slug":"boulogne-sur-helpe","status":"publish","type":"page","link":"https:\/\/patrimoine-avesnois.fr\/fontaines\/boulogne-sur-helpe\/","title":{"rendered":"Boulogne-sur-Helpe et sa pompe \u00e0 eau"},"content":{"rendered":"\n<div class=\"wp-block-image\"><figure class=\"aligncenter size-full\"><img data-recalc-dims=\"1\" loading=\"lazy\" decoding=\"async\" width=\"630\" height=\"472\" src=\"https:\/\/i0.wp.com\/patrimoine-avesnois.fr\/fontaines\/wp-content\/uploads\/2021\/07\/Pompe-a-eau-BOULOGNE-SUR-HELPE.webp?resize=630%2C472&#038;ssl=1\" alt=\"\" class=\"wp-image-681\" srcset=\"https:\/\/i0.wp.com\/patrimoine-avesnois.fr\/fontaines\/wp-content\/uploads\/2021\/07\/Pompe-a-eau-BOULOGNE-SUR-HELPE.webp?w=630&amp;ssl=1 630w, https:\/\/i0.wp.com\/patrimoine-avesnois.fr\/fontaines\/wp-content\/uploads\/2021\/07\/Pompe-a-eau-BOULOGNE-SUR-HELPE.webp?resize=300%2C225&amp;ssl=1 300w\" sizes=\"auto, (max-width: 630px) 85vw, 630px\" \/><figcaption>Pompe \u00e0 eau Route de Cartignies <a href=\"https:\/\/www.google.com\/maps\/@50.0805849,3.8887565,3a,37.5y,339.63h,86.23t\/data=!3m6!1e1!3m4!1sUkVf-CKQLUAysquyGw2YTA!2e0!7i16384!8i8192?hl=fr\" target=\"_blank\" rel=\"noreferrer noopener\">D 964<\/a><\/figcaption><\/figure><\/div>\n\n\n\n<p>Boulogne-sur-Helpe a gard\u00e9 son syst\u00e8me de pompe tr\u00e8s utile pour les agriculteurs qui viennent avec une tonne \u00e0 eau chercher l\u2019eau capt\u00e9e de l\u2019Helpe Mineure et destin\u00e9e \u00e0 abreuver leurs vaches. La plupart des villages de l\u2019avesnois disposait avec l\u2019arriv\u00e9e g\u00e9n\u00e9ralis\u00e9e de l\u2019\u00e9lectricit\u00e9 de ce syst\u00e8me de prise d\u2019eau.<\/p>\n","protected":false},"excerpt":{"rendered":"<p>Boulogne-sur-Helpe a gard\u00e9 son syst\u00e8me de pompe tr\u00e8s utile pour les agriculteurs qui viennent avec une tonne \u00e0 eau chercher l\u2019eau capt\u00e9e de l\u2019Helpe Mineure et destin\u00e9e \u00e0 abreuver leurs vaches. La plupart des villages de l\u2019avesnois disposait avec l\u2019arriv\u00e9e g\u00e9n\u00e9ralis\u00e9e de l\u2019\u00e9lectricit\u00e9 de ce syst\u00e8me de prise d\u2019eau.<\/p>\n","protected":false},"author":2,"featured_media":0,"parent":0,"menu_order":0,"comment_status":"closed","ping_status":"closed","template":"","meta":{"footnotes":""},"class_list":["post-96","page","type-page","status-publish","hentry"],"jetpack_sharing_enabled":true,"_links":{"self":[{"href":"https:\/\/patrimoine-avesnois.fr\/fontaines\/wp-json\/wp\/v2\/pages\/96","targetHints":{"allow":["GET"]}}],"collection":[{"href":"https:\/\/patrimoine-avesnois.fr\/fontaines\/wp-json\/wp\/v2\/pages"}],"about":[{"href":"https:\/\/patrimoine-avesnois.fr\/fontaines\/wp-json\/wp\/v2\/types\/page"}],"author":[{"embeddable":true,"href":"https:\/\/patrimoine-avesnois.fr\/fontaines\/wp-json\/wp\/v2\/users\/2"}],"replies":[{"embeddable":true,"href":"https:\/\/patrimoine-avesnois.fr\/fontaines\/wp-json\/wp\/v2\/comments?post=96"}],"version-history":[{"count":4,"href":"https:\/\/patrimoine-avesnois.fr\/fontaines\/wp-json\/wp\/v2\/pages\/96\/revisions"}],"predecessor-version":[{"id":1568,"href":"https:\/\/patrimoine-avesnois.fr\/fontaines\/wp-json\/wp\/v2\/pages\/96\/revisions\/1568"}],"wp:attachment":[{"href":"https:\/\/patrimoine-avesnois.fr\/fontaines\/wp-json\/wp\/v2\/media?parent=96"}],"curies":[{"name":"wp","href":"https:\/\/api.w.org\/{rel}","templated":true}]}}