{"id":30,"date":"2021-12-08T14:44:38","date_gmt":"2021-12-08T13:44:38","guid":{"rendered":"https:\/\/patrimoine-avesnois.fr\/guide-culturel-avesnois\/?page_id=30"},"modified":"2021-12-12T13:47:29","modified_gmt":"2021-12-12T12:47:29","slug":"accueil","status":"publish","type":"page","link":"https:\/\/patrimoine-avesnois.fr\/guide-culturel-avesnois\/","title":{"rendered":""},"content":{"rendered":"\n<p><meta charset=\"utf-8\"><\/p>\n\n\n\n<div class=\"wp-block-image is-style-default\"><figure class=\"aligncenter size-full\"><img loading=\"lazy\" decoding=\"async\" width=\"617\" height=\"604\" src=\"https:\/\/patrimoine-avesnois.fr\/guide-culturel-avesnois\/wp-content\/uploads\/2021\/12\/Cvl2-Copie.jpg\" alt=\"\" class=\"wp-image-32\" srcset=\"https:\/\/patrimoine-avesnois.fr\/guide-culturel-avesnois\/wp-content\/uploads\/2021\/12\/Cvl2-Copie.jpg 617w, https:\/\/patrimoine-avesnois.fr\/guide-culturel-avesnois\/wp-content\/uploads\/2021\/12\/Cvl2-Copie-300x294.jpg 300w\" sizes=\"auto, (max-width: 617px) 100vw, 617px\" \/><\/figure><\/div>\n\n\n\n<p>Ce petit guide culturel de l\u2019Avesnois vous emm\u00e8ne\u00a0\u00e0 la d\u00e9couverte\u00a0des \u00e9quipements culturels de notre territoire\u00a0c\u2019est \u00e0 dire des structures accueillant des manifestations\u00a0artistiques et o\u00f9 la culture y est diffus\u00e9e.<\/p>\n\n\n\n<p>A travers ces infrastructures, notre territoire peut se targuer de proposer un large choix d\u2019activit\u00e9s artistiques et culturelles, d&rsquo;  \u00e9v\u00e8nements et spectacles qui rythment une ann\u00e9e culturelle.<\/p>\n\n\n\n<p><\/p>\n\n\n\n<p>Bonne visite !<\/p>\n","protected":false},"excerpt":{"rendered":"<p>Ce petit guide culturel de l\u2019Avesnois vous emm\u00e8ne\u00a0\u00e0 la d\u00e9couverte\u00a0des \u00e9quipements culturels de notre territoire\u00a0c\u2019est \u00e0 dire des structures accueillant des manifestations\u00a0artistiques et o\u00f9 la culture y est diffus\u00e9e. A travers ces infrastructures, notre territoire peut se targuer de proposer un large choix d\u2019activit\u00e9s artistiques et culturelles, d&rsquo; \u00e9v\u00e8nements et spectacles qui rythment une ann\u00e9e &hellip; <a href=\"https:\/\/patrimoine-avesnois.fr\/guide-culturel-avesnois\/\" class=\"more-link\">Continuer la lecture de <span class=\"screen-reader-text\"><\/span>  <span class=\"meta-nav\">&rarr;<\/span><\/a><\/p>\n","protected":false},"author":1,"featured_media":0,"parent":0,"menu_order":0,"comment_status":"closed","ping_status":"closed","template":"","meta":{"footnotes":""},"class_list":["post-30","page","type-page","status-publish","hentry"],"jetpack_sharing_enabled":true,"_links":{"self":[{"href":"https:\/\/patrimoine-avesnois.fr\/guide-culturel-avesnois\/wp-json\/wp\/v2\/pages\/30","targetHints":{"allow":["GET"]}}],"collection":[{"href":"https:\/\/patrimoine-avesnois.fr\/guide-culturel-avesnois\/wp-json\/wp\/v2\/pages"}],"about":[{"href":"https:\/\/patrimoine-avesnois.fr\/guide-culturel-avesnois\/wp-json\/wp\/v2\/types\/page"}],"author":[{"embeddable":true,"href":"https:\/\/patrimoine-avesnois.fr\/guide-culturel-avesnois\/wp-json\/wp\/v2\/users\/1"}],"replies":[{"embeddable":true,"href":"https:\/\/patrimoine-avesnois.fr\/guide-culturel-avesnois\/wp-json\/wp\/v2\/comments?post=30"}],"version-history":[{"count":5,"href":"https:\/\/patrimoine-avesnois.fr\/guide-culturel-avesnois\/wp-json\/wp\/v2\/pages\/30\/revisions"}],"predecessor-version":[{"id":107,"href":"https:\/\/patrimoine-avesnois.fr\/guide-culturel-avesnois\/wp-json\/wp\/v2\/pages\/30\/revisions\/107"}],"wp:attachment":[{"href":"https:\/\/patrimoine-avesnois.fr\/guide-culturel-avesnois\/wp-json\/wp\/v2\/media?parent=30"}],"curies":[{"name":"wp","href":"https:\/\/api.w.org\/{rel}","templated":true}]}}