{"id":50,"date":"2021-12-08T15:49:55","date_gmt":"2021-12-08T14:49:55","guid":{"rendered":"https:\/\/patrimoine-avesnois.fr\/guide-culturel-avesnois\/?page_id=50"},"modified":"2021-12-18T10:54:04","modified_gmt":"2021-12-18T09:54:04","slug":"spectacles","status":"publish","type":"page","link":"https:\/\/patrimoine-avesnois.fr\/guide-culturel-avesnois\/spectacles\/","title":{"rendered":"Spectacles"},"content":{"rendered":"\n<p class=\"has-green-color has-text-color\"><strong>Les Salles de cin\u00e9ma et de spectacles<\/strong><\/p>\n\n\n\n<p class=\"has-green-color has-text-color\">1 Le cin\u00e9ma<\/p>\n\n\n\n<p>5 \u00e9tablissements sont exclusivement d\u00e9di\u00e9s au 7 \u00e8 art :<\/p>\n\n\n\n<ul class=\"wp-block-list\"><li>Le multiplexe&nbsp;<a rel=\"noreferrer noopener\" href=\"https:\/\/www.ocine.fr\/maubeuge\/\" target=\"_blank\">Ocin\u00e9 Maubeuge<\/a>, avec 9 salles de projection dont une salle est class\u00e9e \u00ab&nbsp;Art et Essai&nbsp;\u00bb<\/li><li>Le<a rel=\"noreferrer noopener\" href=\"https:\/\/www.lecameo.fr\/\" target=\"_blank\">&nbsp;Cam\u00e9o<\/a>, \u00e0 Avesnes-sur-Helpe, cin\u00e9ma disposant du label \u00ab&nbsp;Art et Essai&nbsp;\u00bb, comptant 2 salles<\/li><li>Le&nbsp;<a rel=\"noreferrer noopener\" href=\"https:\/\/www.cineode.fr\/sunset\/\" target=\"_blank\">Sunset<\/a>&nbsp;\u00e0 Fourmies (1 salle)<\/li><li>Le&nbsp;<a rel=\"noreferrer noopener\" href=\"https:\/\/www.mairie-jeumont.fr\/articles\/cinema\" target=\"_blank\">R\u00e9gent<\/a>&nbsp;\u00e0 Jeumont (1 salle)<\/li><li>Le&nbsp;<a rel=\"noreferrer noopener\" href=\"http:\/\/cine-rex.fr\/\" target=\"_blank\">Rex<\/a>&nbsp;\u00e0 Solre-le-Ch\u00e2teau (1 salle)<\/li><\/ul>\n\n\n\n<p>Quant au centre culturel Maurice-Schumann d\u2019Hautmont il accueille dans ses murs le cin\u00e9ma Le&nbsp;<a href=\"https:\/\/www.mairie-hautmont.fr\/categorie-agenda\/cinema-le-paradiso\/\" target=\"_blank\" rel=\"noreferrer noopener\">Paradisio<\/a><\/p>\n\n\n\n<p>Gr\u00e2ce au travail d\u2019associations ou de r\u00e9seaux de cin\u00e9ma itin\u00e9rant, comme par exemple Cin\u00e9 Ligue Nord-Pas de Calais, des s\u00e9ances de projection sont \u00e9galement organis\u00e9es dans des salles de spectacle, des th\u00e9\u00e2tres, des salles des F\u00eates ou bien encore dans des salles en mairie.<\/p>\n\n\n\n<p class=\"has-green-color has-text-color\">2 Les spectacles<\/p>\n\n\n\n<div class=\"wp-block-image\"><figure class=\"aligncenter\"><img decoding=\"async\" src=\"https:\/\/patrimoine-avesnois.fr\/guide-culturel-avesnois\/wp-content\/uploads\/2021\/12\/image-1.png\" alt=\"L\u2019attribut alt de cette image est vide, son nom de fichier est image-1.png.\"\/><figcaption>PIAF BLUES TRELON \u2022 ATELIER DU VERRE 2015 : Centenaire de naissance de la M\u00f4me<\/figcaption><\/figure><\/div>\n\n\n\n<div class=\"wp-block-image\"><figure class=\"aligncenter\"><img decoding=\"async\" src=\"https:\/\/i2.wp.com\/ville-maubeuge.fr\/wp-content\/uploads\/2021\/01\/VTC_4314-salle-Sthrau-5-octobre-2018.jpg?resize=445%2C297&amp;ssl=1\" alt=\"VTC_4314 salle Sthrau (5 octobre 2018)\"\/><figcaption>Salle Strau Photo Mairie 2018<\/figcaption><\/figure><\/div>\n\n\n\n<p>Les salles de spectacles, de concert ou de musique sont nombreuses en Sambre-Avesnois. Parmi les principales nous pouvons citer le th\u00e9\u00e2tre du Man\u00e8ge, la&nbsp;<a rel=\"noreferrer noopener\" href=\"https:\/\/ville-maubeuge.fr\/la-salle-sthrau\/\" target=\"_blank\">salle Strau<\/a>&nbsp;et la salle de concert La Luna de Maubeuge, le Centre Culturel Andr\u00e9 Malraux et la Gare Num\u00e9rique de Jeumont, le Centre Culturel Maurice-Schumann d\u2019Hautmont, l\u2019Espace Culturel Casadesus de Louvroil, ou bien encore l&rsquo;espace G\u00e9rard Philippe de Feignies avec ici la programmation de sa<a rel=\"noreferrer noopener\" href=\"http:\/\/www.ville-feignies.fr\/wp-content\/uploads\/2021\/09\/Culture-21_22.pdf\" target=\"_blank\"> saison culturelle<\/a> 2021\/2022 . Ajoutons \u00e0 Aulnoye-Aymeries depuis 2021 l\u2019auditorium Socquet, une salle d\u00e9di\u00e9e \u00e0 la pratique de la musique et qui accueille des concerts, sans oublier l&rsquo;ouverture en 2022 du P\u00f4le des Musiques Actuelles.<\/p>\n\n\n\n<p>Nous pouvons aussi nous r\u00e9jouir de la participation des salles des f\u00eates municipales dans la diffusion occasionnelle de ces divertissements, rendant ainsi l\u2019accessibilit\u00e9 \u00e0 la culture \u00e0 tous dans des communes d\u00e9pourvues d\u2019installations sp\u00e9cifiques.<\/p>\n\n\n\n<p>Diff\u00e9rents spectacles de janvier \u00e0 avril 2022 : cliquer <a rel=\"noreferrer noopener\" href=\"https:\/\/billetterie.lemanege.com\/catalogue_spectacle?lng=1\" data-type=\"URL\" data-id=\"https:\/\/billetterie.lemanege.com\/catalogue_spectacle?lng=1\" target=\"_blank\">ici<\/a><\/p>\n\n\n\n<p>D&rsquo;autres spectacles sur l&rsquo;Agenda du <a href=\"http:\/\/www.tourisme-avesnois.com\/voir-faire\/agenda?page=6\" data-type=\"URL\" data-id=\"http:\/\/www.tourisme-avesnois.com\/voir-faire\/agenda?page=6\" target=\"_blank\" rel=\"noreferrer noopener\">Tourisme en Avesnois<\/a><\/p>\n","protected":false},"excerpt":{"rendered":"<p>Les Salles de cin\u00e9ma et de spectacles 1 Le cin\u00e9ma 5 \u00e9tablissements sont exclusivement d\u00e9di\u00e9s au 7 \u00e8 art : Le multiplexe&nbsp;Ocin\u00e9 Maubeuge, avec 9 salles de projection dont une salle est class\u00e9e \u00ab&nbsp;Art et Essai&nbsp;\u00bb Le&nbsp;Cam\u00e9o, \u00e0 Avesnes-sur-Helpe, cin\u00e9ma disposant du label \u00ab&nbsp;Art et Essai&nbsp;\u00bb, comptant 2 salles Le&nbsp;Sunset&nbsp;\u00e0 Fourmies (1 salle) Le&nbsp;R\u00e9gent&nbsp;\u00e0 Jeumont &hellip; <a href=\"https:\/\/patrimoine-avesnois.fr\/guide-culturel-avesnois\/spectacles\/\" class=\"more-link\">Continuer la lecture de <span class=\"screen-reader-text\">Spectacles<\/span>  <span class=\"meta-nav\">&rarr;<\/span><\/a><\/p>\n","protected":false},"author":1,"featured_media":0,"parent":0,"menu_order":0,"comment_status":"closed","ping_status":"closed","template":"","meta":{"footnotes":""},"class_list":["post-50","page","type-page","status-publish","hentry"],"jetpack_sharing_enabled":true,"_links":{"self":[{"href":"https:\/\/patrimoine-avesnois.fr\/guide-culturel-avesnois\/wp-json\/wp\/v2\/pages\/50","targetHints":{"allow":["GET"]}}],"collection":[{"href":"https:\/\/patrimoine-avesnois.fr\/guide-culturel-avesnois\/wp-json\/wp\/v2\/pages"}],"about":[{"href":"https:\/\/patrimoine-avesnois.fr\/guide-culturel-avesnois\/wp-json\/wp\/v2\/types\/page"}],"author":[{"embeddable":true,"href":"https:\/\/patrimoine-avesnois.fr\/guide-culturel-avesnois\/wp-json\/wp\/v2\/users\/1"}],"replies":[{"embeddable":true,"href":"https:\/\/patrimoine-avesnois.fr\/guide-culturel-avesnois\/wp-json\/wp\/v2\/comments?post=50"}],"version-history":[{"count":10,"href":"https:\/\/patrimoine-avesnois.fr\/guide-culturel-avesnois\/wp-json\/wp\/v2\/pages\/50\/revisions"}],"predecessor-version":[{"id":173,"href":"https:\/\/patrimoine-avesnois.fr\/guide-culturel-avesnois\/wp-json\/wp\/v2\/pages\/50\/revisions\/173"}],"wp:attachment":[{"href":"https:\/\/patrimoine-avesnois.fr\/guide-culturel-avesnois\/wp-json\/wp\/v2\/media?parent=50"}],"curies":[{"name":"wp","href":"https:\/\/api.w.org\/{rel}","templated":true}]}}