{"id":104,"date":"2021-05-04T12:35:20","date_gmt":"2021-05-04T10:35:20","guid":{"rendered":"http:\/\/patrimoine-avesnois.fr\/moulins-vent\/?page_id=104"},"modified":"2021-05-04T12:35:20","modified_gmt":"2021-05-04T10:35:20","slug":"neuville-en-avesnois","status":"publish","type":"page","link":"https:\/\/patrimoine-avesnois.fr\/moulins-vent\/neuville-en-avesnois\/","title":{"rendered":"Neuville-en-Avesnois"},"content":{"rendered":"\n<p class=\"has-bright-red-color has-text-color has-medium-font-size\"><strong>Le Moulin \u00e0 vent de Neuville-en-Avesnois :<\/strong><\/p>\n\n\n\n<div class=\"wp-block-image\"><figure class=\"aligncenter\"><img decoding=\"async\" src=\"https:\/\/i0.wp.com\/patrimoine-avesnois.fr\/chemin\/wp-content\/uploads\/2021\/04\/Capture-9.jpg?resize=840%2C630\" alt=\"\" class=\"wp-image-12286\"\/><figcaption>Cadastre Neuville-en-Avesnois An 13 ADN P 30 \/ 254 Moulin \u00e0 vent S B 69&nbsp;<a rel=\"noreferrer noopener\" href=\"https:\/\/archivesdepartementales.lenord.fr\/ark:\/33518\/bpr5q3hg4mnx\/40946549-06d2-4f02-9b9f-6c1b7b0acf07\" target=\"_blank\">Vue 2\/3<\/a><\/figcaption><\/figure><\/div>\n\n\n\n<div class=\"wp-block-image\"><figure class=\"aligncenter\"><img decoding=\"async\" src=\"https:\/\/i0.wp.com\/patrimoine-avesnois.fr\/chemin\/wp-content\/uploads\/2021\/04\/Capture-10.jpg?resize=840%2C630\" alt=\"\" class=\"wp-image-12287\"\/><figcaption>Position fictive du Moulin \u00e0 vent de Neuville-en-Avesnois sur une carte actuelle<\/figcaption><\/figure><\/div>\n\n\n\n<div class=\"wp-block-image\"><figure class=\"aligncenter\"><img decoding=\"async\" src=\"https:\/\/i1.wp.com\/patrimoine-avesnois.fr\/chemin\/wp-content\/uploads\/2021\/04\/Capture-11.jpg?resize=840%2C630\" alt=\"\" class=\"wp-image-12288\"\/><figcaption>Endroit o\u00f9 se dressait le Moulin \u00e0 vent de Neuville-en-Avesnois&nbsp;<a href=\"https:\/\/www.google.fr\/maps\/@50.1924247,3.5897886,3a,90y,6.76h,91.73t\/data=!3m6!1e1!3m4!1sMNlWkAKT_QnphCOjNgjy9g!2e0!7i16384!8i8192\" target=\"_blank\" rel=\"noreferrer noopener\">Rue de Poix-du-Nord<\/a><\/figcaption><\/figure><\/div>\n\n\n\n<p>Nicolas DELFOSSE de Poix-du-Nord fait construire sur le territoire de Neuville-l\u00e8s-Saleches (Neuville-en-Avesnois de nos jours) \u00e0 la fin de l\u2019ann\u00e9e 1769 un moulin \u00e0 vent sans avoir fourni ses lettres d\u2019octrois au Bureau des Domaines du Quesnoy. Celui-ci dresse alors au meunier un proc\u00e8s-verbal en date du 6 mars 1770 avec assignation au dit Delfosse de comparaitre au Bureau des Finances de Lille afin que le procureur G\u00e9n\u00e9ral du Roi prenne les d\u00e9cisions qu\u2019il jugera utiles. Le proc\u00e8s-verbal est transmis \u00e0 Lille le 21 d\u00e9cembre 1770 (1). Je n\u2019ai rien trouv\u00e9 de plus et j\u2019ignore les suites donn\u00e9es \u00e0 cette affaire. Quoiqu\u2019il en soit le moulin \u00e0 vent est sur le cadastre de l\u2019An 13 (1805). Il a peut-\u00eatre \u00e9t\u00e9 d\u00e9mont\u00e9 quelques temps apr\u00e8s car il ne figure pas sur l\u2019enqu\u00eate de 1809 (2). Ou bien encore il ne figure pas sur cette enqu\u00eate car il n\u2019est pas l\u00e9gal mais il continue peut-\u00eatre de tourner car on trouve en 1824 Benoit Boez valet de meunier \u00e0 Neuville-en-Avesnois (3) !<\/p>\n\n\n\n<p>(1) : ADN C 18810 et C Finances 20 dossier 9<\/p>\n\n\n\n<p>(2) : Energie et Subsistances Enqu\u00eates sur les moulins \u00e0 bl\u00e9 An II 1809 Inventaire Archives Nationales 21110<\/p>\n\n\n\n<p>(3) : NMD Neuville-en-Avesnois 1793-1829 5 Mi 008 R 012&nbsp;<a rel=\"noreferrer noopener\" href=\"https:\/\/archivesdepartementales.lenord.fr\/ark:\/33518\/jlqmfrdxsb5n\/a36ce553-29a9-4cde-8667-e9e6c0011825\" target=\"_blank\">Vue 370\/43<\/a><a href=\"https:\/\/archivesdepartementales.lenord.fr\/ark:\/33518\/jlqmfrdxsb5n\/a36ce553-29a9-4cde-8667-e9e6c0011825\" target=\"_blank\" rel=\"noreferrer noopener\">0<\/a><\/p>\n","protected":false},"excerpt":{"rendered":"<p>Le Moulin \u00e0 vent de Neuville-en-Avesnois : Nicolas DELFOSSE de Poix-du-Nord fait construire sur le territoire de Neuville-l\u00e8s-Saleches (Neuville-en-Avesnois de nos jours) \u00e0 la fin de l\u2019ann\u00e9e 1769 un moulin \u00e0 vent sans avoir fourni ses lettres d\u2019octrois au Bureau des Domaines du Quesnoy. Celui-ci dresse alors au meunier un proc\u00e8s-verbal en date du 6 &hellip; <a href=\"https:\/\/patrimoine-avesnois.fr\/moulins-vent\/neuville-en-avesnois\/\" class=\"more-link\">Continuer la lecture<span class=\"screen-reader-text\"> de &laquo;&nbsp;Neuville-en-Avesnois&nbsp;&raquo;<\/span><\/a><\/p>\n","protected":false},"author":2,"featured_media":0,"parent":0,"menu_order":0,"comment_status":"closed","ping_status":"closed","template":"","meta":{"footnotes":""},"class_list":["post-104","page","type-page","status-publish","hentry"],"jetpack_sharing_enabled":true,"_links":{"self":[{"href":"https:\/\/patrimoine-avesnois.fr\/moulins-vent\/wp-json\/wp\/v2\/pages\/104","targetHints":{"allow":["GET"]}}],"collection":[{"href":"https:\/\/patrimoine-avesnois.fr\/moulins-vent\/wp-json\/wp\/v2\/pages"}],"about":[{"href":"https:\/\/patrimoine-avesnois.fr\/moulins-vent\/wp-json\/wp\/v2\/types\/page"}],"author":[{"embeddable":true,"href":"https:\/\/patrimoine-avesnois.fr\/moulins-vent\/wp-json\/wp\/v2\/users\/2"}],"replies":[{"embeddable":true,"href":"https:\/\/patrimoine-avesnois.fr\/moulins-vent\/wp-json\/wp\/v2\/comments?post=104"}],"version-history":[{"count":1,"href":"https:\/\/patrimoine-avesnois.fr\/moulins-vent\/wp-json\/wp\/v2\/pages\/104\/revisions"}],"predecessor-version":[{"id":105,"href":"https:\/\/patrimoine-avesnois.fr\/moulins-vent\/wp-json\/wp\/v2\/pages\/104\/revisions\/105"}],"wp:attachment":[{"href":"https:\/\/patrimoine-avesnois.fr\/moulins-vent\/wp-json\/wp\/v2\/media?parent=104"}],"curies":[{"name":"wp","href":"https:\/\/api.w.org\/{rel}","templated":true}]}}