{"id":116,"date":"2021-05-04T12:55:47","date_gmt":"2021-05-04T10:55:47","guid":{"rendered":"http:\/\/patrimoine-avesnois.fr\/moulins-vent\/?page_id=116"},"modified":"2021-05-04T12:55:47","modified_gmt":"2021-05-04T10:55:47","slug":"preux-au-bois","status":"publish","type":"page","link":"https:\/\/patrimoine-avesnois.fr\/moulins-vent\/preux-au-bois\/","title":{"rendered":"Preux-au-Bois"},"content":{"rendered":"\n<p class=\"has-bright-red-color has-text-color has-medium-font-size\"><strong>Les Trois Moulins \u00e0 vent de Preux-au-Bois :<\/strong><\/p>\n\n\n\n<div class=\"wp-block-image\"><figure class=\"aligncenter\"><img decoding=\"async\" src=\"https:\/\/i1.wp.com\/patrimoine-avesnois.fr\/chemin\/wp-content\/uploads\/2021\/04\/Capture-62.jpg?resize=840%2C429\" alt=\"\" class=\"wp-image-12404\"\/><figcaption>Cadastre Preux-au-Bois An 12 ADN P 30 \/ 285 Moulins \u00e0 vent S C 176 S A 2 S A 3<\/figcaption><\/figure><\/div>\n\n\n\n<p>Comme on le constate sur le cadastre de l\u2019An 12 de Preux-au-Bois, trois moulins existent \u00e0 cette date.<\/p>\n\n\n\n<p>Le premier moulin : S C 176 (appel\u00e9 le Moulin des Bonnettes sur le cadastre de 1831 S B 821)<\/p>\n\n\n\n<div class=\"wp-block-image\"><figure class=\"aligncenter\"><img decoding=\"async\" src=\"https:\/\/i2.wp.com\/patrimoine-avesnois.fr\/chemin\/wp-content\/uploads\/2021\/04\/Capture-63.jpg?resize=840%2C629\" alt=\"\" class=\"wp-image-12408\"\/><figcaption>Endroit o\u00f9 se dressait le Moulin des Bonnettes&nbsp;<a href=\"https:\/\/www.google.fr\/maps\/@50.1574605,3.651971,3a,75y,51.15h,82.58t\/data=!3m6!1e1!3m4!1sPytZ_yJbImmcs1Zm0udx6A!2e0!7i16384!8i8192?hl=fr\" target=\"_blank\" rel=\"noreferrer noopener\">Route Nationale D 934<\/a><\/figcaption><\/figure><\/div>\n\n\n\n<p>Un acte de 1802 concerne ce moulin : il s\u2019agit d\u2019une vente par Barth\u00e9l\u00e9my BARBIER \u00e0 Gaspar-Joseph BISIAU (1). Gaspard BISEAU (\u00b01761 + 1831) est meunier \u00e0 Preux-au-Bois comme l\u2019a \u00e9t\u00e9 son p\u00e8re Joseph (\u00b01732 + 1793) et son grand-p\u00e8re Guillaume (\u00b01709 + 1764). Barth\u00e9l\u00e9my BARBIER est avocat \u00e0 Le Quesnoy, comme son p\u00e8re Barth\u00e9l\u00e9my-Fran\u00e7ois tandis que son grand-p\u00e8re Barth\u00e9l\u00e9my (\u00b01679 +1738) \u00e9tait tr\u00e9sorier des troupes et receveur des fermes du Roy de la ville du Quesnoy. Selon moi compte tenu que les BISEAU exercent la profession depuis au moins la premi\u00e8re moiti\u00e9 du XVIII e si\u00e8cle \u00e0 Preux-au-Bois, ce moulin aurait d\u00e9j\u00e0 pu appartenir \u00e0 Barth\u00e9l\u00e9my BARBIER, le receveur des fermes du Roy dont le petit-fils vend en toute logique en 1802 le moulin \u00e0 vent \u00e0 la famille BISEAU qui en est depuis longtemps locataire. Gaspard BISEAU (\u00b01761 + 1831) mari\u00e9 en 1781 avec Marie Antoinette LANTOINE loue le moulin en 1824 \u00e0 son fils Gaspar-Joseph (\u00b01793 +1845 Escarmain) mari\u00e9 avec Marie Catherine VINOY (2). En 1848 Z\u00e9phirin BISEAU fils de Gaspar-Joseph et de Marie Catherine VINOT, mari\u00e9 \u00e0 Sophie CATTEAU d\u00e9tient le moulin \u00e0 vent (3). Le moulin \u00e0 vent est vendu en 1852 \u00e0 L\u00e9ony VOLPELIERE propri\u00e9taire et banquier \u00e0 Landrecies veuf de Rose Elis\u00e9e CORDUANT (4). Il est selon le cadastre d\u00e9moli en 1858.<\/p>\n\n\n\n<p>(1) : ADN 3 Q 406-5 Enregistrement Bureau Le Quesnoy Table des vendeurs An 6-An 11 Acte du 28 vent\u00f4se An 10 (19 mars 1802)<\/p>\n\n\n\n<p>(2) : ADN 3 Q 299-4 Enregistrement Bureau Landrecies Table des baux 1816-1830 Acte du 29\/10\/1824<\/p>\n\n\n\n<p>(3) : Matrices Cadastrales Preux-au-Bois 35 P 1089 B NB 1833 1914<\/p>\n\n\n\n<p>(4) : ADN 3 Q 298-15 Enregistrement Bureau Landrecies Table des ACQU2REURS 1850-1852 Acte du 25\/04\/1852<\/p>\n\n\n\n<p class=\"has-text-align-center\">*****<\/p>\n\n\n\n<p>Le second moulin : S A 22 (appel\u00e9 le Moulin de la Joncqui\u00e8re sur le cadastre de 1831 S B 113)<\/p>\n\n\n\n<div class=\"wp-block-image\"><figure class=\"aligncenter\"><img decoding=\"async\" src=\"https:\/\/i1.wp.com\/patrimoine-avesnois.fr\/chemin\/wp-content\/uploads\/2021\/04\/image-12.png?resize=840%2C630\" alt=\"\" class=\"wp-image-12413\"\/><figcaption>Endroit o\u00f9 se dressait le Moulin de la Jonqui\u00e8re (sur une terre \u00e0 la gauche de la<a rel=\"noreferrer noopener\" href=\"https:\/\/www.google.fr\/maps\/@50.1612086,3.6504246,3a,90y,310.25h,70.83t\/data=!3m6!1e1!3m4!1sIuc7nooh4tyci-UIhFsJFw!2e0!7i16384!8i8192?hl=fr\" target=\"_blank\">&nbsp;Route Nationale D 934<\/a>) en retrait de 100 m\u00e8tres)<\/figcaption><\/figure><\/div>\n\n\n\n<p>Le 10 avril 1766 Jean-Charles DUBOIS de Preux-au-Bois et Th\u00e9odore DUCHATEAU de Le Quesnoy demandent l\u2019autorisation d\u2019\u00e9riger un moulin \u00e0 vent \u00e0 farine. Malgr\u00e9 l\u2019opposition d\u2019Emmanuel-Marie de SUCRE, seigneur de Preux-au-Bois en date du 25 avril de la m\u00eame ann\u00e9e, les demandeurs obtiennent gain de cause en 1772 (1). Jean-Charles DUBOIS (\u00b01736 + 1804) est Garde de vente de la for\u00eat de Mormal et Th\u00e9odore DUCHATEAU (\u00b01725 +1799) huissier au Quesnoy en 1761 et huissier au Parlement de Flandres en 1780. En 1795 DUBOIS loue le moulin \u00e0 Joseph Bisiau (2). Selon les matrices cadastrales le moulin \u00e0 vent reste dans la famille DUBOIS : Philippe (1831) et Denis (1853) avant de tomber en ruine en 1882 (3).<\/p>\n\n\n\n<p>(1) : ADN Finances C 12<\/p>\n\n\n\n<p>(2) : ADN 3 Q 409-2 Enregistrement Bureau Le Quesnoy Table des baux 1792-An 9 Acte du 5 septembre 1795<\/p>\n\n\n\n<p>(3) : Philippe (\u00b01777 +1851) fils de Jean Charles et de Marie Anne GUYOT mari\u00e9 en 1805 avec Marie Catherine Ludivine STAQUET est meunier. Son fils Denis (Philippe) (\u00b01814 +1887) est mari\u00e9 avec Christine HUVELLE<\/p>\n\n\n\n<p class=\"has-text-align-center\">*****<\/p>\n\n\n\n<p>Le troisi\u00e8me moulin : S A 3 sur le cadastre de l\u2019An 12 (il n\u2019est plus sur celui de 1831)<\/p>\n\n\n\n<div class=\"wp-block-image\"><figure class=\"aligncenter\"><img decoding=\"async\" src=\"https:\/\/i1.wp.com\/patrimoine-avesnois.fr\/chemin\/wp-content\/uploads\/2021\/04\/image-13.png?resize=840%2C630\" alt=\"\" class=\"wp-image-12414\"\/><figcaption>Endroit o\u00f9 se dressait le Moulin LANTOINE&nbsp;<a href=\"https:\/\/www.google.fr\/maps\/@50.165848,3.6484775,3a,75y,37.7h,85.96t\/data=!3m6!1e1!3m4!1sdki1c5Cdn0DP_ZrQSIwRlg!2e0!7i16384!8i8192?hl=fr\" target=\"_blank\" rel=\"noreferrer noopener\">Route Nationale D 934<\/a><\/figcaption><\/figure><\/div>\n\n\n\n<p>Jean-Baptiste LANTOINE vend le tiers de ce moulin en 1796 \u00e0 Pierre Joseph SAMAIN (1). Celui-ci (\u00b01738 + 1810), cultivateur, revend ce tiers en 1803 \u00e0 Jean-Charles et Fran\u00e7ois-Joseph LANTOINE (2). Jean-Charles LANTOINE (\u00b01749 + 1813) fils d\u2019Antoine-Fran\u00e7ois (\u00b01720 +1768) et de Jeanne-Marie BRIASTRE (\u00b01717 +1789) mari\u00e9 avec Marie Augustine DOUILLET est meunier. Il a un fr\u00e8re Jean-Baptiste, celui qui est vendeur en 1796. Il y a donc de fortes pr\u00e9somptions que le moulin \u00e0 vent ait \u00e9t\u00e9 \u00e9rig\u00e9 par leurs parents qui ont ensuite partag\u00e9 le moulin entre leurs trois enfants : Jean-Baptiste, Jean-Charles et (Jean) Fran\u00e7ois-Joseph (3).<\/p>\n\n\n\n<p>(1) : ADN 3 Q 297-1 bis Enregistrement Bureau Landrecies Table des vendeurs An 3-An 13 Acte du 13 Vent\u00f4se An 4 (3 Mars 1796)<\/p>\n\n\n\n<p>(2) : ADN 3 Q 297-2 Enregistrement Bureau Landrecies Table des vendeurs An 6-An 13 Acte du 3 Germinal An 11 (24 Mars 1803)<\/p>\n\n\n\n<p>(3) : Au d\u00e9c\u00e8s de Jean-Charles LANTOINE le 7 Mars 1813 il est dit d\u00e9c\u00e9d\u00e9 \u00e0 65 ans, \u00e9poux d\u2019Augustine DOUILLET. D\u00e9c\u00e8s d\u00e9clar\u00e9 par Jean Baptiste, 58 ans, cultivateur et Jean Fran\u00e7ois LANTOINE, 55 ans, ses fr\u00e8res. Sources: Acte de D\u00e9c\u00e8s (ADN)<\/p>\n","protected":false},"excerpt":{"rendered":"<p>Les Trois Moulins \u00e0 vent de Preux-au-Bois : Comme on le constate sur le cadastre de l\u2019An 12 de Preux-au-Bois, trois moulins existent \u00e0 cette date. Le premier moulin : S C 176 (appel\u00e9 le Moulin des Bonnettes sur le cadastre de 1831 S B 821) Un acte de 1802 concerne ce moulin : il &hellip; <a href=\"https:\/\/patrimoine-avesnois.fr\/moulins-vent\/preux-au-bois\/\" class=\"more-link\">Continuer la lecture<span class=\"screen-reader-text\"> de &laquo;&nbsp;Preux-au-Bois&nbsp;&raquo;<\/span><\/a><\/p>\n","protected":false},"author":2,"featured_media":0,"parent":0,"menu_order":0,"comment_status":"closed","ping_status":"closed","template":"","meta":{"footnotes":""},"class_list":["post-116","page","type-page","status-publish","hentry"],"jetpack_sharing_enabled":true,"_links":{"self":[{"href":"https:\/\/patrimoine-avesnois.fr\/moulins-vent\/wp-json\/wp\/v2\/pages\/116","targetHints":{"allow":["GET"]}}],"collection":[{"href":"https:\/\/patrimoine-avesnois.fr\/moulins-vent\/wp-json\/wp\/v2\/pages"}],"about":[{"href":"https:\/\/patrimoine-avesnois.fr\/moulins-vent\/wp-json\/wp\/v2\/types\/page"}],"author":[{"embeddable":true,"href":"https:\/\/patrimoine-avesnois.fr\/moulins-vent\/wp-json\/wp\/v2\/users\/2"}],"replies":[{"embeddable":true,"href":"https:\/\/patrimoine-avesnois.fr\/moulins-vent\/wp-json\/wp\/v2\/comments?post=116"}],"version-history":[{"count":1,"href":"https:\/\/patrimoine-avesnois.fr\/moulins-vent\/wp-json\/wp\/v2\/pages\/116\/revisions"}],"predecessor-version":[{"id":117,"href":"https:\/\/patrimoine-avesnois.fr\/moulins-vent\/wp-json\/wp\/v2\/pages\/116\/revisions\/117"}],"wp:attachment":[{"href":"https:\/\/patrimoine-avesnois.fr\/moulins-vent\/wp-json\/wp\/v2\/media?parent=116"}],"curies":[{"name":"wp","href":"https:\/\/api.w.org\/{rel}","templated":true}]}}