{"id":126,"date":"2021-05-04T13:03:01","date_gmt":"2021-05-04T11:03:01","guid":{"rendered":"http:\/\/patrimoine-avesnois.fr\/moulins-vent\/?page_id=126"},"modified":"2021-05-04T13:03:01","modified_gmt":"2021-05-04T11:03:01","slug":"ruesnes","status":"publish","type":"page","link":"https:\/\/patrimoine-avesnois.fr\/moulins-vent\/ruesnes\/","title":{"rendered":"Ruesnes"},"content":{"rendered":"\n<p class=\"has-bright-red-color has-text-color has-medium-font-size\"><strong>Le Moulin \u00e0 vent de Ruesnes :<\/strong><\/p>\n\n\n\n<div class=\"wp-block-image\"><figure class=\"aligncenter\"><img decoding=\"async\" src=\"https:\/\/i2.wp.com\/patrimoine-avesnois.fr\/chemin\/wp-content\/uploads\/2021\/04\/image-5.png?resize=840%2C630\" alt=\"\" class=\"wp-image-12372\"\/><figcaption>Cadastre Ruesnes 1831 ADN P 31 \/ 769 Moulin \u00e0 vent S B 232<a href=\"https:\/\/archivesdepartementales.lenord.fr\/ark:\/33518\/qdx2mpnz7k1f\/f2722f01-9f0b-441b-b259-dffafe36a0d6\" target=\"_blank\" rel=\"noreferrer noopener\">&nbsp;Vue 3\/12<\/a><\/figcaption><\/figure><\/div>\n\n\n\n<div class=\"wp-block-image\"><figure class=\"aligncenter\"><img decoding=\"async\" src=\"https:\/\/i2.wp.com\/patrimoine-avesnois.fr\/chemin\/wp-content\/uploads\/2021\/04\/Capture-53.jpg?resize=840%2C630\" alt=\"\" class=\"wp-image-12373\"\/><figcaption>Position fictive du Moulin \u00e0 vent de Ruesnes sur une carte actuelle<\/figcaption><\/figure><\/div>\n\n\n\n<div class=\"wp-block-image\"><figure class=\"aligncenter\"><img decoding=\"async\" src=\"https:\/\/i0.wp.com\/patrimoine-avesnois.fr\/chemin\/wp-content\/uploads\/2021\/04\/Capture-52.jpg?resize=840%2C630\" alt=\"\" class=\"wp-image-12371\"\/><figcaption>Endroit o\u00f9 se dressait le Moulin \u00e0 vent de Ruesnes (\u00e0 la place de la chapelle)&nbsp;<a href=\"https:\/\/www.google.fr\/maps\/@50.262261,3.5817813,3a,30y,287.1h,87.92t\/data=!3m6!1e1!3m4!1sbL9AgSYyZDVoh_xw5_bwNg!2e0!7i13312!8i6656?hl=fr\" target=\"_blank\" rel=\"noreferrer noopener\">Rue de Sepmeries<\/a><\/figcaption><\/figure><\/div>\n\n\n\n<div class=\"wp-block-image\"><figure class=\"aligncenter\"><img decoding=\"async\" src=\"https:\/\/i2.wp.com\/oratoiresetchapelles-avesnois.fr\/wp-content\/uploads\/2017\/04\/IMG_0475-768x1024.jpg?resize=576%2C768\" alt=\"Chapelle N.D de la Paix (1884)\"\/><figcaption><em>Chapelle N.D de la Paix (1884) Rue de Sepmeries<\/em><\/figcaption><\/figure><\/div>\n\n\n\n<p>Maximilien Augustin CAPY (\u00b01663 Le Quesnoy + 1744 Le Quesnoy) mari\u00e9 avec Marie Catherine de la PLACE succ\u00e8de \u00e0 son p\u00e8re dans la charge de conseiller du Roi, charge confirm\u00e9e par lettres patentes du roi Louis XIV en 1692. Propri\u00e9taire des terres et seigneuries de Louvignies, il ach\u00e8te celles de&nbsp;Ruesnes. Son fils Nicolas Fran\u00e7ois CAPY (\u00b01703 + 1782 Belfort) est Major des ch\u00e2teaux et ville de Belfort. Il \u00e9crit le 7 Novembre 1779 au sieur Debonnaire Deforges en vue d\u2019obtenir la permission de faire construire un moulin \u00e0 vent \u00e0 moudre bl\u00e9 sur une pi\u00e8ce de terre de la seigneurie de Ruesnes. Une r\u00e9ponse positive est adress\u00e9e le 27 Novembre (1). Il est acquis par Pierre Joseph BOURSIER (\u00b01733 Onnaing + 1793 Valenciennes) juge consul de Valenciennes ou par sa veuve Reine Melchior DIDIER (\u00b01753 \u2013 Coudekerque-Branche +1809 Valenciennes) car il appartient sur le cadastre en 1831 \u00e0 leur fils Melchior BOURSIER (\u00b01780 Valenciennes +1850 Valenciennes) maire de Ruesnes. En 1853 toujours selon le cadastre le moulin \u00e0 vent est la propri\u00e9t\u00e9 de son fils Jules BOURSIER, propri\u00e9taire \u00e0 Vali\u00e8res pr\u00e8s de Metz. En 1856 le moulin reste dans la famille et ce \u00e0 double titre : il est en effet d\u00e9tenu par Paul HAMOIR (\u00b01809 Valenciennes+1872 Valenciennes Inhum\u00e9 \u00e0 Ruesnes) fils de Am\u00e9d\u00e9e et de D\u00e9sir\u00e9e BOURSIER (s\u0153ur de Melchior) mari\u00e9 avec Reine BOURSIER (\u00b01810 Valenciennes +1897 Louvroil) fille de Melchior. Au moment o\u00f9 le moulin \u00e0 vent de Ruesnes est renvers\u00e9 par l\u2019ouragan du 12 Mars 1876 Reine BOURSIER est veuve et n\u2019a qu\u2019une fille Elisa n\u00e9e en 1848 qui depuis son mariage en 1867 habite Bruxelles. Le moulin est d\u00e9truit et remplac\u00e9 par une chapelle dat\u00e9e de 1884.<\/p>\n\n\n\n<p>(1) : ADN C 19061<\/p>\n","protected":false},"excerpt":{"rendered":"<p>Le Moulin \u00e0 vent de Ruesnes : Maximilien Augustin CAPY (\u00b01663 Le Quesnoy + 1744 Le Quesnoy) mari\u00e9 avec Marie Catherine de la PLACE succ\u00e8de \u00e0 son p\u00e8re dans la charge de conseiller du Roi, charge confirm\u00e9e par lettres patentes du roi Louis XIV en 1692. Propri\u00e9taire des terres et seigneuries de Louvignies, il ach\u00e8te &hellip; <a href=\"https:\/\/patrimoine-avesnois.fr\/moulins-vent\/ruesnes\/\" class=\"more-link\">Continuer la lecture<span class=\"screen-reader-text\"> de &laquo;&nbsp;Ruesnes&nbsp;&raquo;<\/span><\/a><\/p>\n","protected":false},"author":2,"featured_media":0,"parent":0,"menu_order":0,"comment_status":"closed","ping_status":"closed","template":"","meta":{"footnotes":""},"class_list":["post-126","page","type-page","status-publish","hentry"],"jetpack_sharing_enabled":true,"_links":{"self":[{"href":"https:\/\/patrimoine-avesnois.fr\/moulins-vent\/wp-json\/wp\/v2\/pages\/126","targetHints":{"allow":["GET"]}}],"collection":[{"href":"https:\/\/patrimoine-avesnois.fr\/moulins-vent\/wp-json\/wp\/v2\/pages"}],"about":[{"href":"https:\/\/patrimoine-avesnois.fr\/moulins-vent\/wp-json\/wp\/v2\/types\/page"}],"author":[{"embeddable":true,"href":"https:\/\/patrimoine-avesnois.fr\/moulins-vent\/wp-json\/wp\/v2\/users\/2"}],"replies":[{"embeddable":true,"href":"https:\/\/patrimoine-avesnois.fr\/moulins-vent\/wp-json\/wp\/v2\/comments?post=126"}],"version-history":[{"count":1,"href":"https:\/\/patrimoine-avesnois.fr\/moulins-vent\/wp-json\/wp\/v2\/pages\/126\/revisions"}],"predecessor-version":[{"id":127,"href":"https:\/\/patrimoine-avesnois.fr\/moulins-vent\/wp-json\/wp\/v2\/pages\/126\/revisions\/127"}],"wp:attachment":[{"href":"https:\/\/patrimoine-avesnois.fr\/moulins-vent\/wp-json\/wp\/v2\/media?parent=126"}],"curies":[{"name":"wp","href":"https:\/\/api.w.org\/{rel}","templated":true}]}}