{"id":128,"date":"2021-05-04T13:04:21","date_gmt":"2021-05-04T11:04:21","guid":{"rendered":"http:\/\/patrimoine-avesnois.fr\/moulins-vent\/?page_id=128"},"modified":"2021-05-04T13:04:21","modified_gmt":"2021-05-04T11:04:21","slug":"sains-du-nord","status":"publish","type":"page","link":"https:\/\/patrimoine-avesnois.fr\/moulins-vent\/sains-du-nord\/","title":{"rendered":"Sains-du-Nord"},"content":{"rendered":"\n<p class=\"has-bright-red-color has-text-color has-medium-font-size\"><strong>Le Moulin \u00e0 vent de Sains-du-Nord :<\/strong><\/p>\n\n\n\n<div class=\"wp-block-image\"><figure class=\"aligncenter\"><img decoding=\"async\" src=\"https:\/\/i0.wp.com\/patrimoine-avesnois.fr\/chemin\/wp-content\/uploads\/2021\/04\/Capture-85.jpg?resize=840%2C629\" alt=\"\" class=\"wp-image-12508\"\/><figcaption>Cadastre de Sains-du-Nord 1813 ADN P 31\/770 Moulin \u00e0 vent S A 338&nbsp;<a href=\"https:\/\/archivesdepartementales.lenord.fr\/ark:\/33518\/3rzph1vld76n\/0512af4f-0f6a-4e40-b5ab-c1005f8d59a7\" target=\"_blank\" rel=\"noreferrer noopener\">Vue 2\/26<\/a><\/figcaption><\/figure><\/div>\n\n\n\n<div class=\"wp-block-image\"><figure class=\"aligncenter\"><img decoding=\"async\" src=\"https:\/\/i2.wp.com\/patrimoine-avesnois.fr\/chemin\/wp-content\/uploads\/2021\/04\/Capture-87.jpg?fit=840%2C629\" alt=\"\" class=\"wp-image-12511\"\/><figcaption>Position fictive du Moulin \u00e0 vent de Sains-du-Nord sur une carte actuelle<\/figcaption><\/figure><\/div>\n\n\n\n<div class=\"wp-block-image\"><figure class=\"aligncenter\"><img decoding=\"async\" src=\"https:\/\/i2.wp.com\/patrimoine-avesnois.fr\/chemin\/wp-content\/uploads\/2021\/04\/Capture-88.jpg?fit=840%2C626\" alt=\"\" class=\"wp-image-12512\"\/><figcaption>Endroit o\u00f9 se dressait le Moulin \u00e0 vent de Sains-du-Nord&nbsp;<a href=\"https:\/\/www.google.fr\/maps\/@50.0962596,4.0062587,3a,90y,262.19h,86.42t\/data=!3m6!1e1!3m4!1sEin6xtpVmzDVAFMyoeV1Mw!2e0!7i13312!8i6656?hl=fr\" target=\"_blank\" rel=\"noreferrer noopener\">Rue du Moulin \u00e0 vent<\/a>&nbsp;(entre ces deux maisons)<\/figcaption><\/figure><\/div>\n\n\n\n<p>Le moulin \u00e0 vent de Sains-du-Nord est \u00e9rig\u00e9 vers 1767 par No\u00ebl-Fran\u00e7ois MICHEL (\u00b01699 Halle + 1781 Liberchies) meunier demeurant \u00e0 Braine-le-Comte en Belgique . Il le fait fonctionner d\u00e8s octobre 1769. Il est \u00e9galement le propri\u00e9taire du moulin \u00e0 eau de Sains-du-Nord. Cependant le moulin \u00e0 vent n\u2019a pas re\u00e7u d\u2019autorisation l\u00e9gale car MICHEL n\u2019a pas obtenu en 1766 l\u2019autorisation aupr\u00e8s du Bureau des Finances d\u2019\u00e9riger un moulin \u00e0 vent \u00e0 moudre le bl\u00e9. Un proc\u00e8s-verbal dress\u00e9 en d\u00e9cembre 1769 assigne le dit No\u00ebl-Fran\u00e7ois MICHEL \u00e0 comparaitre en la Chambre des finances de Lille le 13 d\u00e9cembre pour \u00ab&nbsp;se voir et ou\u00efr condamner \u00e0 d\u00e9molir son dit moulin&nbsp;\u00e0 vent et autres peines \u00bb(1). Le moulin n\u2019est pas d\u00e9mont\u00e9 car M Mauroy, fermier des domaines, \u00e9crit le 14 d\u00e9cembre 1770 \u00e0 M Malus, procureur du Roi au Bureau des Finances pour d\u00e9noncer la construction du moulin (2). Il n\u2019est toujours pas d\u00e9moli car il figure sur le cadastre de 1813. Entre-temps son propri\u00e9taire est d\u00e9c\u00e9d\u00e9 en 1781. Le moulin \u00e0 vent appartient probablement alors d\u00e8s 1782 au duc d\u2019Orl\u00e9ans, d\u00e9tenteur aussi du moulin \u00e0 eau puis d\u00e8s 1794 \u00e0 Jacques-Joseph MANDRON (\u00b01735 +1810) qui vient d\u2019acheter le moulin \u00e0 eau. Celui-ci mari\u00e9 avec Marie Philippe JENNEQUIN d\u00e9c\u00e8de le 5 juillet 1810 \u00e0 Sains-du-Nord. En 1813 le cadastre indique que le moulin \u00e0 vent appartient \u00e0 Jacques MANDRON, meunier \u00e0 Sains. Il s\u2019agit du fils n\u00e9 en 1776 et mari\u00e9 en 1794 avec Marie P\u00e9lagie DEGRELLE. Le moulin \u00e0 vent est d\u00e9moli en 1824.<\/p>\n\n\n\n<p>(1) : ADN C 23 Bureau des Finances dossier 3<\/p>\n\n\n\n<p>(2) : ADN C 23 Bureau des Finances dossier 9<\/p>\n","protected":false},"excerpt":{"rendered":"<p>Le Moulin \u00e0 vent de Sains-du-Nord : Le moulin \u00e0 vent de Sains-du-Nord est \u00e9rig\u00e9 vers 1767 par No\u00ebl-Fran\u00e7ois MICHEL (\u00b01699 Halle + 1781 Liberchies) meunier demeurant \u00e0 Braine-le-Comte en Belgique . Il le fait fonctionner d\u00e8s octobre 1769. Il est \u00e9galement le propri\u00e9taire du moulin \u00e0 eau de Sains-du-Nord. Cependant le moulin \u00e0 vent &hellip; <a href=\"https:\/\/patrimoine-avesnois.fr\/moulins-vent\/sains-du-nord\/\" class=\"more-link\">Continuer la lecture<span class=\"screen-reader-text\"> de &laquo;&nbsp;Sains-du-Nord&nbsp;&raquo;<\/span><\/a><\/p>\n","protected":false},"author":2,"featured_media":0,"parent":0,"menu_order":0,"comment_status":"closed","ping_status":"closed","template":"","meta":{"footnotes":""},"class_list":["post-128","page","type-page","status-publish","hentry"],"jetpack_sharing_enabled":true,"_links":{"self":[{"href":"https:\/\/patrimoine-avesnois.fr\/moulins-vent\/wp-json\/wp\/v2\/pages\/128","targetHints":{"allow":["GET"]}}],"collection":[{"href":"https:\/\/patrimoine-avesnois.fr\/moulins-vent\/wp-json\/wp\/v2\/pages"}],"about":[{"href":"https:\/\/patrimoine-avesnois.fr\/moulins-vent\/wp-json\/wp\/v2\/types\/page"}],"author":[{"embeddable":true,"href":"https:\/\/patrimoine-avesnois.fr\/moulins-vent\/wp-json\/wp\/v2\/users\/2"}],"replies":[{"embeddable":true,"href":"https:\/\/patrimoine-avesnois.fr\/moulins-vent\/wp-json\/wp\/v2\/comments?post=128"}],"version-history":[{"count":1,"href":"https:\/\/patrimoine-avesnois.fr\/moulins-vent\/wp-json\/wp\/v2\/pages\/128\/revisions"}],"predecessor-version":[{"id":129,"href":"https:\/\/patrimoine-avesnois.fr\/moulins-vent\/wp-json\/wp\/v2\/pages\/128\/revisions\/129"}],"wp:attachment":[{"href":"https:\/\/patrimoine-avesnois.fr\/moulins-vent\/wp-json\/wp\/v2\/media?parent=128"}],"curies":[{"name":"wp","href":"https:\/\/api.w.org\/{rel}","templated":true}]}}