{"id":130,"date":"2021-05-04T13:15:24","date_gmt":"2021-05-04T11:15:24","guid":{"rendered":"http:\/\/patrimoine-avesnois.fr\/moulins-vent\/?page_id=130"},"modified":"2021-05-04T13:15:24","modified_gmt":"2021-05-04T11:15:24","slug":"saint-remy-du-nord","status":"publish","type":"page","link":"https:\/\/patrimoine-avesnois.fr\/moulins-vent\/saint-remy-du-nord\/","title":{"rendered":"Saint-R\u00e9my-du-Nord"},"content":{"rendered":"\n<p class=\"has-bright-red-color has-text-color has-medium-font-size\"><strong>Le Moulin \u00e0 vent de Saint-R\u00e9my-du Nord :<\/strong><\/p>\n\n\n\n<div class=\"wp-block-image\"><figure class=\"aligncenter\"><img decoding=\"async\" src=\"https:\/\/i1.wp.com\/patrimoine-avesnois.fr\/chemin\/wp-content\/uploads\/2021\/04\/Capture-54.jpg?resize=840%2C630\" alt=\"\" class=\"wp-image-12375\"\/><figcaption>Cadastre Saint-R\u00e9my-Chauss\u00e9e 1831 ADN P 31 \/ 773 Moulin \u00e0 vent S A 457&nbsp;<a href=\"https:\/\/archivesdepartementales.lenord.fr\/ark:\/33518\/6bwdkzlr4p2t\/25a4ba4d-7b39-47cc-9206-6c17cf4ac0e9\" target=\"_blank\" rel=\"noreferrer noopener\">Vue 9\/13<\/a><\/figcaption><\/figure><\/div>\n\n\n\n<div class=\"wp-block-image\"><figure class=\"aligncenter\"><img decoding=\"async\" src=\"https:\/\/i0.wp.com\/patrimoine-avesnois.fr\/chemin\/wp-content\/uploads\/2021\/04\/image-7.png?resize=840%2C630\" alt=\"\" class=\"wp-image-12377\"\/><figcaption>Endroit o\u00f9 se dressait le Moulin \u00e0 vent de Saint-R\u00e9my-Chauss\u00e9e&nbsp;<a rel=\"noreferrer noopener\" href=\"https:\/\/www.google.fr\/maps\/@50.1787527,3.8768259,3a,75y,315.86h,76.78t\/data=!3m6!1e1!3m4!1sv4hqO_z-TGYUezI8xkXpSg!2e0!7i13312!8i6656\" target=\"_blank\">Rue d\u2019Ecu\u00e9lin<\/a><\/figcaption><\/figure><\/div>\n\n\n\n<p>David GUILBERT se marie le 28 D\u00e9cembre 1842 \u00e0 Saint-R\u00e9my-Chauss\u00e9e avec Hortense Ang\u00e9lique MARTIN. Originaire de Saint-R\u00e9my-Chauss\u00e9e, il a 22 ans et est meunier domicili\u00e9 \u00e0 Saint-Hilaire-sur-Helpe (Hameau de Fussiau) lors de son mariage. Il \u00e9rige vers 1855 un moulin \u00e0 vent \u00e0 farine sur la commune de Saint-R\u00e9my-Chauss\u00e9e selon le cadastre de cette commune (Plan de 1861 S A 457). Pour une raison inconnue le moulin est d\u00e9moli en 1869. Le meunier est il devenu cultivateur \u00e0 part enti\u00e8re ou a t-il d\u00e9plac\u00e9 le moulin sur Saint-Hilaire ou bien le moulin provenait-il d\u2019une autre commune lors de son \u00e9rection et \u00e9tait-il d\u00e9j\u00e0 alors en mauvais \u00e9tat ? David GUILBERT d\u00e9c\u00e8de le 9 Janvier 1905 \u00e0 Saint-R\u00e9my-Chauss\u00e9e tandis que sa veuve habite en 1906 rue de Saint-Aubin \u00e0 Saint-R\u00e9my-Chauss\u00e9e avec son fils L\u00e9on, cultivateur et propri\u00e9taire. L\u00e9on meurt le 15 Ao\u00fbt 1912 et sa m\u00e8re le 8 Novembre de la m\u00eame ann\u00e9e.<\/p>\n","protected":false},"excerpt":{"rendered":"<p>Le Moulin \u00e0 vent de Saint-R\u00e9my-du Nord : David GUILBERT se marie le 28 D\u00e9cembre 1842 \u00e0 Saint-R\u00e9my-Chauss\u00e9e avec Hortense Ang\u00e9lique MARTIN. Originaire de Saint-R\u00e9my-Chauss\u00e9e, il a 22 ans et est meunier domicili\u00e9 \u00e0 Saint-Hilaire-sur-Helpe (Hameau de Fussiau) lors de son mariage. Il \u00e9rige vers 1855 un moulin \u00e0 vent \u00e0 farine sur la commune &hellip; <a href=\"https:\/\/patrimoine-avesnois.fr\/moulins-vent\/saint-remy-du-nord\/\" class=\"more-link\">Continuer la lecture<span class=\"screen-reader-text\"> de &laquo;&nbsp;Saint-R\u00e9my-du-Nord&nbsp;&raquo;<\/span><\/a><\/p>\n","protected":false},"author":2,"featured_media":0,"parent":0,"menu_order":0,"comment_status":"closed","ping_status":"closed","template":"","meta":{"footnotes":""},"class_list":["post-130","page","type-page","status-publish","hentry"],"jetpack_sharing_enabled":true,"_links":{"self":[{"href":"https:\/\/patrimoine-avesnois.fr\/moulins-vent\/wp-json\/wp\/v2\/pages\/130","targetHints":{"allow":["GET"]}}],"collection":[{"href":"https:\/\/patrimoine-avesnois.fr\/moulins-vent\/wp-json\/wp\/v2\/pages"}],"about":[{"href":"https:\/\/patrimoine-avesnois.fr\/moulins-vent\/wp-json\/wp\/v2\/types\/page"}],"author":[{"embeddable":true,"href":"https:\/\/patrimoine-avesnois.fr\/moulins-vent\/wp-json\/wp\/v2\/users\/2"}],"replies":[{"embeddable":true,"href":"https:\/\/patrimoine-avesnois.fr\/moulins-vent\/wp-json\/wp\/v2\/comments?post=130"}],"version-history":[{"count":1,"href":"https:\/\/patrimoine-avesnois.fr\/moulins-vent\/wp-json\/wp\/v2\/pages\/130\/revisions"}],"predecessor-version":[{"id":131,"href":"https:\/\/patrimoine-avesnois.fr\/moulins-vent\/wp-json\/wp\/v2\/pages\/130\/revisions\/131"}],"wp:attachment":[{"href":"https:\/\/patrimoine-avesnois.fr\/moulins-vent\/wp-json\/wp\/v2\/media?parent=130"}],"curies":[{"name":"wp","href":"https:\/\/api.w.org\/{rel}","templated":true}]}}