{"id":132,"date":"2021-05-04T13:16:53","date_gmt":"2021-05-04T11:16:53","guid":{"rendered":"http:\/\/patrimoine-avesnois.fr\/moulins-vent\/?page_id=132"},"modified":"2021-05-04T13:16:53","modified_gmt":"2021-05-04T11:16:53","slug":"saint-waast-la-vallee","status":"publish","type":"page","link":"https:\/\/patrimoine-avesnois.fr\/moulins-vent\/saint-waast-la-vallee\/","title":{"rendered":"Saint-Waast-la-Vall\u00e9e"},"content":{"rendered":"\n<p class=\"has-bright-red-color has-text-color has-medium-font-size\"><strong>Le Moulin \u00e0 vent de Saint-Waast-la Vall\u00e9e :<\/strong><\/p>\n\n\n\n<div class=\"wp-block-image\"><figure class=\"aligncenter\"><img decoding=\"async\" src=\"https:\/\/i0.wp.com\/patrimoine-avesnois.fr\/chemin\/wp-content\/uploads\/2021\/04\/Capture-57.jpg?resize=840%2C630\" alt=\"\" class=\"wp-image-12389\"\/><figcaption>Cadastre Saint-Waast-la-Vall\u00e9e 1831 ADN P 31 \/ 775&nbsp;<a href=\"https:\/\/archivesdepartementales.lenord.fr\/ark:\/33518\/90r81qjlg2fp\/aae624eb-2c43-4577-8598-6b19b21dd3c8\" target=\"_blank\" rel=\"noreferrer noopener\">Vue 1\/12<\/a><\/figcaption><\/figure><\/div>\n\n\n\n<div class=\"wp-block-image\"><figure class=\"aligncenter\"><img decoding=\"async\" src=\"https:\/\/i1.wp.com\/patrimoine-avesnois.fr\/chemin\/wp-content\/uploads\/2021\/04\/Capture-58.jpg?resize=840%2C631\" alt=\"\" class=\"wp-image-12391\"\/><figcaption>Cadastre Saint-Waast-la-Vall\u00e9e 1831 ADN P 31 \/ 775 Le Moulin \u00e0 vent sera sur la parcelle B 186&nbsp;<a href=\"https:\/\/archivesdepartementales.lenord.fr\/ark:\/33518\/90r81qjlg2fp\/d200c0ea-96f9-4833-88be-2bc5bcff9ba4\" target=\"_blank\" rel=\"noreferrer noopener\">Vue 4\/12<\/a><\/figcaption><\/figure><\/div>\n\n\n\n<div class=\"wp-block-image\"><figure class=\"aligncenter\"><img decoding=\"async\" src=\"https:\/\/i2.wp.com\/patrimoine-avesnois.fr\/chemin\/wp-content\/uploads\/2021\/04\/Capture-59.jpg?resize=840%2C630\" alt=\"\" class=\"wp-image-12392\"\/><figcaption>Position fictive du Moulin \u00e0 vent de Saint-Waast-la-Vall\u00e9e sur une carte actuelle<\/figcaption><\/figure><\/div>\n\n\n\n<div class=\"wp-block-image\"><figure class=\"aligncenter\"><img decoding=\"async\" src=\"https:\/\/i2.wp.com\/patrimoine-avesnois.fr\/chemin\/wp-content\/uploads\/2021\/04\/Capture-60.jpg?resize=840%2C630\" alt=\"\" class=\"wp-image-12393\"\/><figcaption>Endroit o\u00f9 se dressait le Moulin \u00e0 vent de Saint-Waast-la-Vall\u00e9e (derri\u00e8re ces maisons)&nbsp;<a rel=\"noreferrer noopener\" href=\"https:\/\/www.google.fr\/maps\/@50.3022403,3.7321561,3a,90y,125.52h,88.53t\/data=!3m6!1e1!3m4!1sge-APlI5AFPQVtqTJCGyeg!2e0!7i13312!8i6656\" target=\"_blank\">Route Nationale D 2649<\/a><\/figcaption><\/figure><\/div>\n\n\n\n<p>Vulgis LEROY meunier \u00e0 Saint-Waast-la-Vall\u00e9e demande le 23 avril 1858 le transfert sur cette commune d\u2019un moulin qu\u2019il a achet\u00e9 sur le territoire de Mecquignies. Il pr\u00e9cise que le moulin sera \u00e9tabli sur la parcelle B n\u00b0 186, \u00e0 100 m\u00e8tres de la route imp\u00e9riale. Le pr\u00e9f\u00eat donne son accord par arr\u00eat\u00e9 du 2 ao\u00fbt 1858 (1). Vulgis LEROY (\u00b01810 +1881) mari\u00e9 en 1835 avec Oportune Suzanne TIMAILLE est mar\u00e9chal-ferrant. Il \u00e9tablit ce moulin pour son fils Jean-Baptiste n\u00e9 en 1833 qui devient meunier. Le moulin \u00e0 vent est mis en vente sur le Journal L\u2019Observateur du 3 juillet 1864, \u00ab garni de deux paires de meules mont\u00e9es \u00e0 l\u2019anglaise sur 24 ares de terrain \u00bb. Il est selon le cadastre d\u00e9moli en 1866.<\/p>\n\n\n\n<p>(1) : ADN S 5987 et K 437P<\/p>\n\n\n\n<p>Pour information le moulin \u00e0 vent LEROY se situe \u00e0 proximit\u00e9 de l\u2019intersection de la route D\u00e9partementale et du chemin des Meuniers, chemin d\u00e9j\u00e0 d\u00e9nomm\u00e9 ainsi sur le cadastre de 1831. Une succession du 1er f\u00e9vrier 1846 au nom de C\u00e9lestin Joseph NOEL au profit de C\u00e9cile Marie Jos\u00e9phine NOEL nous en apporte la preuve : il est indiqu\u00e9 que la succession porte sur \u00ab une maison avec un moulin \u00e0 eau \u00e0 Valenciennes et sur 22 ares 98 centiares de terre \u00e0 Saint-Waast-la-Haut sur lequel est \u00e9rig\u00e9 un moulin \u00e0 vent propre au d\u00e9funt \u00bb (1). Selon moi il pourrait s\u2019agir de la parcelle n\u00b0 185 m\u00eame si le moulin ne semble pas tr\u00e8s bien repr\u00e9sent\u00e9.<\/p>\n\n\n\n<p>(1) : ADN 3 Q 551-30 Enregistrement Bureau de Valenciennes Table des acqu\u00e9reurs 1846-1847. Acte trouv\u00e9 par M Jean Brugemann \u00ab&nbsp;Les Moulins de l\u2019Arrondissement d\u2019Avesnes&nbsp;\u00bb<\/p>\n","protected":false},"excerpt":{"rendered":"<p>Le Moulin \u00e0 vent de Saint-Waast-la Vall\u00e9e : Vulgis LEROY meunier \u00e0 Saint-Waast-la-Vall\u00e9e demande le 23 avril 1858 le transfert sur cette commune d\u2019un moulin qu\u2019il a achet\u00e9 sur le territoire de Mecquignies. Il pr\u00e9cise que le moulin sera \u00e9tabli sur la parcelle B n\u00b0 186, \u00e0 100 m\u00e8tres de la route imp\u00e9riale. Le pr\u00e9f\u00eat &hellip; <a href=\"https:\/\/patrimoine-avesnois.fr\/moulins-vent\/saint-waast-la-vallee\/\" class=\"more-link\">Continuer la lecture<span class=\"screen-reader-text\"> de &laquo;&nbsp;Saint-Waast-la-Vall\u00e9e&nbsp;&raquo;<\/span><\/a><\/p>\n","protected":false},"author":2,"featured_media":0,"parent":0,"menu_order":0,"comment_status":"closed","ping_status":"closed","template":"","meta":{"footnotes":""},"class_list":["post-132","page","type-page","status-publish","hentry"],"jetpack_sharing_enabled":true,"_links":{"self":[{"href":"https:\/\/patrimoine-avesnois.fr\/moulins-vent\/wp-json\/wp\/v2\/pages\/132","targetHints":{"allow":["GET"]}}],"collection":[{"href":"https:\/\/patrimoine-avesnois.fr\/moulins-vent\/wp-json\/wp\/v2\/pages"}],"about":[{"href":"https:\/\/patrimoine-avesnois.fr\/moulins-vent\/wp-json\/wp\/v2\/types\/page"}],"author":[{"embeddable":true,"href":"https:\/\/patrimoine-avesnois.fr\/moulins-vent\/wp-json\/wp\/v2\/users\/2"}],"replies":[{"embeddable":true,"href":"https:\/\/patrimoine-avesnois.fr\/moulins-vent\/wp-json\/wp\/v2\/comments?post=132"}],"version-history":[{"count":1,"href":"https:\/\/patrimoine-avesnois.fr\/moulins-vent\/wp-json\/wp\/v2\/pages\/132\/revisions"}],"predecessor-version":[{"id":133,"href":"https:\/\/patrimoine-avesnois.fr\/moulins-vent\/wp-json\/wp\/v2\/pages\/132\/revisions\/133"}],"wp:attachment":[{"href":"https:\/\/patrimoine-avesnois.fr\/moulins-vent\/wp-json\/wp\/v2\/media?parent=132"}],"curies":[{"name":"wp","href":"https:\/\/api.w.org\/{rel}","templated":true}]}}