{"id":136,"date":"2021-05-04T13:19:51","date_gmt":"2021-05-04T11:19:51","guid":{"rendered":"http:\/\/patrimoine-avesnois.fr\/moulins-vent\/?page_id=136"},"modified":"2023-01-16T13:47:53","modified_gmt":"2023-01-16T12:47:53","slug":"sassegnies","status":"publish","type":"page","link":"https:\/\/patrimoine-avesnois.fr\/moulins-vent\/sassegnies\/","title":{"rendered":"Sassegnies"},"content":{"rendered":"\n<p class=\"has-bright-red-color has-text-color has-medium-font-size\"><strong>Le Moulin \u00e0 vent de Sassegnies :<\/strong><\/p>\n\n\n<div class=\"wp-block-image\">\n<figure class=\"aligncenter\"><img decoding=\"async\" src=\"https:\/\/i1.wp.com\/patrimoine-avesnois.fr\/chemin\/wp-content\/uploads\/2021\/04\/Capture-28.jpg?resize=840%2C630\" alt=\"\" class=\"wp-image-12325\"\/><figcaption class=\"wp-element-caption\">Cadastre de Sassegnies An 12 ADN P 30 \/ 332 Moulin \u00e0 vent S A 9&nbsp;<a href=\"https:\/\/archivesdepartementales.lenord.fr\/ark:\/33518\/9hcv58lkbmw2\/5aa575fe-73ef-4a18-acb2-d3e36405a010\" target=\"_blank\" rel=\"noreferrer noopener\">Vue 2\/2<\/a><\/figcaption><\/figure>\n<\/div>\n\n<div class=\"wp-block-image\">\n<figure class=\"aligncenter\"><img decoding=\"async\" src=\"https:\/\/i1.wp.com\/patrimoine-avesnois.fr\/chemin\/wp-content\/uploads\/2021\/04\/Capture-29.jpg?resize=840%2C630\" alt=\"\" class=\"wp-image-12326\"\/><figcaption class=\"wp-element-caption\">Cadastre de Sassegnies 1812 ADN P 31 \/ 778 Moulin \u00e0 vent S A 117&nbsp;<a rel=\"noreferrer noopener\" href=\"https:\/\/archivesdepartementales.lenord.fr\/ark:\/33518\/05pnz3frjxtb\/64d0d766-6285-4b83-934d-d99fc91022d0\" target=\"_blank\">Vue 1\/9<\/a><\/figcaption><\/figure>\n<\/div>\n\n<div class=\"wp-block-image\">\n<figure class=\"aligncenter\"><img decoding=\"async\" src=\"https:\/\/i2.wp.com\/patrimoine-avesnois.fr\/chemin\/wp-content\/uploads\/2021\/04\/Capture-30.jpg?resize=840%2C733\" alt=\"\" class=\"wp-image-12327\"\/><figcaption class=\"wp-element-caption\">Position fictive du Moulin \u00e0 vent de Sassegnies sur une carte actuelle<\/figcaption><\/figure>\n<\/div>\n\n<div class=\"wp-block-image\">\n<figure class=\"aligncenter\"><img decoding=\"async\" src=\"https:\/\/i0.wp.com\/patrimoine-avesnois.fr\/chemin\/wp-content\/uploads\/2021\/04\/Capture-31.jpg?resize=840%2C630\" alt=\"\" class=\"wp-image-12328\"\/><figcaption class=\"wp-element-caption\">Endroit o\u00f9 se dressait le Moulin \u00e0 vent de Sassegnies&nbsp;<a href=\"https:\/\/www.google.fr\/maps\/@50.1843228,3.7959617,3a,90y,255.62h,79.7t\/data=!3m6!1e1!3m4!1sjKQghxf6yFTYtwhjKjx44g!2e0!7i16384!8i8192\" target=\"_blank\" rel=\"noreferrer noopener\">Fach\u00e9 du Bois<\/a><\/figcaption><\/figure>\n<\/div>\n\n\n<p>Augustin BRASSART est n\u00e9 \u00e0 Sassegnies le 18 Octobre 1764 fils de Jean (\u00b01733 + 1775) et de Marie Jeanne BUISSIN (\u00b01733 + 1771). Sur le cadastre de 1812 il est le propri\u00e9taire d\u2019un moulin \u00e0 vent situ\u00e9 sur la parcelle N\u00b0 117 de la section A. Il est d\u00e9j\u00e0 mentionn\u00e9 meunier en 1784 lors de la naissance d\u2019un enfant de Jean Baptiste Cras qui est \u00e9galement meunier (1). Le moulin de Sassegnies est donc ant\u00e9rieur \u00e0 la R\u00e9volution. Augustin fait tr\u00e8s certainement monter ce moulin en d\u00e9but d\u2019ann\u00e9e 1784 aid\u00e9 par Jean Baptiste Cras qu\u2019il doit employer. Il se marie le 10 Juillet 1792 avec Marie Catherine BOET. Il a un fr\u00e8re Jean n\u00e9 en 1763 mari\u00e9 en 1784 avec Marie Joseph DUMOULIN \u00e9galement meunier \u00e0 Sassegnies en 1804 et qui d\u00e9c\u00e8de en 1809 \u00e0 Aulnoye. <\/p>\n\n\n\n<p>Augustin BRASSART d\u00e9c\u00e8de le 22 Mai 1837 laissant le moulin \u00e0 vent b\u00e2ti sur 7 ares \u00e0 sept enfants dont deux fils sont meuniers : (Charles) Fran\u00e7ois et D\u00e9sir\u00e9 Joseph (2). Il est mis en vente le 8 avril 1858 sur le Journal L\u2019Observateur et acquis par (Charles) Fran\u00e7ois BRASSART cit\u00e9 ci-dessus et mari\u00e9 \u00e0 Honorine HONORE.  <\/p>\n\n\n\n<p>Le moulin est mis en vente le 29 juillet 1873 sur L\u2019Observateur pour cause de cessation. Le meunier a en effet 71 ans et vient de perdre son fr\u00e8re D\u00e9sir\u00e9 d\u00e9c\u00e9d\u00e9 le 27 avril de cette m\u00eame ann\u00e9e alors qu&rsquo;ils travaillaient ensemble. <\/p>\n\n\n\n<p>Il propose la vente du moulin et d\u2019un terrain attenant afin de construire une habitation et un jardin. Il r\u00e9it\u00e8re plusieurs fois son annonce sans succ\u00e8s. La parution du m\u00eame journal local en date du 2 Juin 1878 annonce cette fois la vente d\u2019un mat\u00e9riel de moulin. Le moulin est donc d\u00e9mont\u00e9 vraisemblablement renvers\u00e9 par la tornade du 12 Mars 1876. A son d\u00e9c\u00e8s le 17 mars 1886 Fran\u00e7ois est dit cultivateur.<\/p>\n\n\n\n<p>(1) : Il est le parrain de Jean Baptiste Joseph Cras n\u00e9 le&nbsp;<a rel=\"noreferrer noopener\" href=\"https:\/\/archivesdepartementales.lenord.fr\/ark:\/33518\/5xrw9tvsb462\/f00b2344-1f19-4d6e-bcf3-55f9d2ac5feb\" target=\"_blank\">17\/09\/1784<\/a>&nbsp;fils de Jean Baptiste meunier et de Marie Emilie Wu\u00e9rit. Cras originaire d\u2019Ors louera en 1820 le moulin \u00e0 vent de Noyelles-sur-Sambre. La marraine de l\u2019enfant Ambroisine G\u00e9rin est fille de charpentier lequel a peut-\u00eatre contribu\u00e9 \u00e0 l\u2019\u00e9rection du moulin \u00e0 vent.<\/p>\n\n\n\n<p>(2) : ADN 3 Q 94-8 Enregistrement Bureau de Berlaimont Successions 07\/11\/1836-27\/11\/1838<\/p>\n","protected":false},"excerpt":{"rendered":"<p>Le Moulin \u00e0 vent de Sassegnies : Augustin BRASSART est n\u00e9 \u00e0 Sassegnies le 18 Octobre 1764 fils de Jean (\u00b01733 + 1775) et de Marie Jeanne BUISSIN (\u00b01733 + 1771). Sur le cadastre de 1812 il est le propri\u00e9taire d\u2019un moulin \u00e0 vent situ\u00e9 sur la parcelle N\u00b0 117 de la section A. Il &hellip; <a href=\"https:\/\/patrimoine-avesnois.fr\/moulins-vent\/sassegnies\/\" class=\"more-link\">Continuer la lecture<span class=\"screen-reader-text\"> de &laquo;&nbsp;Sassegnies&nbsp;&raquo;<\/span><\/a><\/p>\n","protected":false},"author":2,"featured_media":0,"parent":0,"menu_order":0,"comment_status":"closed","ping_status":"closed","template":"","meta":{"footnotes":""},"class_list":["post-136","page","type-page","status-publish","hentry"],"jetpack_sharing_enabled":true,"_links":{"self":[{"href":"https:\/\/patrimoine-avesnois.fr\/moulins-vent\/wp-json\/wp\/v2\/pages\/136","targetHints":{"allow":["GET"]}}],"collection":[{"href":"https:\/\/patrimoine-avesnois.fr\/moulins-vent\/wp-json\/wp\/v2\/pages"}],"about":[{"href":"https:\/\/patrimoine-avesnois.fr\/moulins-vent\/wp-json\/wp\/v2\/types\/page"}],"author":[{"embeddable":true,"href":"https:\/\/patrimoine-avesnois.fr\/moulins-vent\/wp-json\/wp\/v2\/users\/2"}],"replies":[{"embeddable":true,"href":"https:\/\/patrimoine-avesnois.fr\/moulins-vent\/wp-json\/wp\/v2\/comments?post=136"}],"version-history":[{"count":5,"href":"https:\/\/patrimoine-avesnois.fr\/moulins-vent\/wp-json\/wp\/v2\/pages\/136\/revisions"}],"predecessor-version":[{"id":261,"href":"https:\/\/patrimoine-avesnois.fr\/moulins-vent\/wp-json\/wp\/v2\/pages\/136\/revisions\/261"}],"wp:attachment":[{"href":"https:\/\/patrimoine-avesnois.fr\/moulins-vent\/wp-json\/wp\/v2\/media?parent=136"}],"curies":[{"name":"wp","href":"https:\/\/api.w.org\/{rel}","templated":true}]}}