{"id":146,"date":"2021-05-04T13:26:44","date_gmt":"2021-05-04T11:26:44","guid":{"rendered":"http:\/\/patrimoine-avesnois.fr\/moulins-vent\/?page_id=146"},"modified":"2021-05-04T13:26:44","modified_gmt":"2021-05-04T11:26:44","slug":"wargnies-le-grand","status":"publish","type":"page","link":"https:\/\/patrimoine-avesnois.fr\/moulins-vent\/wargnies-le-grand\/","title":{"rendered":"Wargnies-le-Grand"},"content":{"rendered":"\n<p class=\"has-bright-red-color has-text-color has-medium-font-size\"><strong>Les Moulins \u00e0 vent de Wargnies-le -Grand :<\/strong><\/p>\n\n\n\n<div class=\"wp-block-image\"><figure class=\"aligncenter\"><img decoding=\"async\" src=\"https:\/\/i1.wp.com\/patrimoine-avesnois.fr\/chemin\/wp-content\/uploads\/2021\/04\/Capture-45.jpg?resize=840%2C630\" alt=\"\" class=\"wp-image-12358\"\/><figcaption>Moulin de Gd Wargnies sur la&nbsp;<a href=\"https:\/\/gallica.bnf.fr\/ark:\/12148\/btv1b53095239r\/f1.item.zoom\" target=\"_blank\" rel=\"noreferrer noopener\">Carte de Cassini<\/a><\/figcaption><\/figure><\/div>\n\n\n\n<div class=\"wp-block-image\"><figure class=\"aligncenter\"><img decoding=\"async\" src=\"https:\/\/i0.wp.com\/patrimoine-avesnois.fr\/chemin\/wp-content\/uploads\/2021\/04\/Capture-46.jpg?resize=840%2C630\" alt=\"\" class=\"wp-image-12359\"\/><figcaption>Moulin \u00e0 vent de Wargnies-le-Grand&nbsp;<a href=\"https:\/\/gallica.bnf.fr\/ark:\/12148\/btv1b53052999m\/f4.item.zoom\" target=\"_blank\" rel=\"noreferrer noopener\">Carte du dioc\u00e8se de Cambrai<\/a><\/figcaption><\/figure><\/div>\n\n\n\n<div class=\"wp-block-image\"><figure class=\"aligncenter\"><img decoding=\"async\" src=\"https:\/\/i2.wp.com\/patrimoine-avesnois.fr\/chemin\/wp-content\/uploads\/2021\/04\/Capture-41.jpg?resize=840%2C629\" alt=\"\" class=\"wp-image-12354\"\/><figcaption>Cadastre Wargnies-le-Grand An 13 ADN P 30 \/ 378 Moulin \u00e0 vent S B 11&nbsp;<a rel=\"noreferrer noopener\" href=\"https:\/\/archivesdepartementales.lenord.fr\/ark:\/33518\/19csn2kzvpdg\/2ace2def-72d4-4254-bd1f-8ad794996ac7\" target=\"_blank\">Vue 2\/3<\/a><\/figcaption><\/figure><\/div>\n\n\n\n<div class=\"wp-block-image\"><figure class=\"aligncenter\"><img decoding=\"async\" src=\"https:\/\/i0.wp.com\/patrimoine-avesnois.fr\/chemin\/wp-content\/uploads\/2021\/04\/Capture-43.jpg?resize=840%2C629\" alt=\"\" class=\"wp-image-12356\"\/><figcaption>Position fictive du Moulin banal de Wargnues-le-Grand sur une carte actuelle<\/figcaption><\/figure><\/div>\n\n\n\n<div class=\"wp-block-image\"><figure class=\"aligncenter\"><img decoding=\"async\" src=\"https:\/\/i2.wp.com\/patrimoine-avesnois.fr\/chemin\/wp-content\/uploads\/2021\/04\/Capture-44.jpg?resize=840%2C629\" alt=\"\" class=\"wp-image-12357\"\/><figcaption>Emplacement du Moulin banal Vue a\u00e9rienne&nbsp;<a href=\"https:\/\/www.google.fr\/maps\/place\/59144+Wargnies-le-Grand\/@50.3136834,3.6632545,1001m\/data=!3m1!1e3!4m5!3m4!1s0x47c2f4be8d8114c9:0x9ca333805b6d8162!8m2!3d50.312137!4d3.660402\" target=\"_blank\" rel=\"noreferrer noopener\">Chemin du Moulin<\/a><\/figcaption><\/figure><\/div>\n\n\n\n<p>Le Moulin \u00e0 vent du seigneur de Wargnies-le-Grand est repr\u00e9sent\u00e9 sur la carte de Cassini (1758), sur la carte du dioc\u00e8se de Cambrai (1769), sur le cadastre de l\u2019An 14 mais non sur celui de 1827. Aucun document trouv\u00e9 le concernant. Avis aux amateurs\u2026<\/p>\n\n\n\n<p class=\"has-text-align-center\">*****<\/p>\n\n\n\n<div class=\"wp-block-image\"><figure class=\"aligncenter\"><img decoding=\"async\" src=\"https:\/\/i0.wp.com\/patrimoine-avesnois.fr\/chemin\/wp-content\/uploads\/2021\/04\/Capture-48.jpg?resize=840%2C630\" alt=\"\" class=\"wp-image-12361\"\/><figcaption>Cadastre Wargnies-le-Grand An 13 ADN P 30 \/ 378 Moulin \u00e0 huile S C 26&nbsp;<a href=\"https:\/\/archivesdepartementales.lenord.fr\/ark:\/33518\/19csn2kzvpdg\/2ace2def-72d4-4254-bd1f-8ad794996ac7\" target=\"_blank\" rel=\"noreferrer noopener\">Vue 2\/3<\/a><\/figcaption><\/figure><\/div>\n\n\n\n<div class=\"wp-block-image\"><figure class=\"aligncenter\"><img decoding=\"async\" src=\"https:\/\/i2.wp.com\/patrimoine-avesnois.fr\/chemin\/wp-content\/uploads\/2021\/04\/Capture-49.jpg?resize=840%2C630\" alt=\"\" class=\"wp-image-12362\"\/><figcaption>Cadastre Wargnies-le-Grand 1827 ADN P 31 \/ 794 Moulin \u00e0 huile S C 248&nbsp;<a href=\"https:\/\/archivesdepartementales.lenord.fr\/ark:\/33518\/gzxqpws83d24\/7e16b357-7494-4499-83ef-91f2e531aab0\" target=\"_blank\" rel=\"noreferrer noopener\">Vue 1\/12<\/a><\/figcaption><\/figure><\/div>\n\n\n\n<div class=\"wp-block-image\"><figure class=\"aligncenter\"><img decoding=\"async\" src=\"https:\/\/i1.wp.com\/patrimoine-avesnois.fr\/chemin\/wp-content\/uploads\/2021\/04\/Capture-50.jpg?resize=840%2C631\" alt=\"\" class=\"wp-image-12366\"\/><figcaption>Position fictive du Tordoir de Wargnies-le-Grand sur une carte actuelle<\/figcaption><\/figure><\/div>\n\n\n\n<div class=\"wp-block-image\"><figure class=\"aligncenter\"><img decoding=\"async\" src=\"https:\/\/i0.wp.com\/patrimoine-avesnois.fr\/chemin\/wp-content\/uploads\/2021\/04\/Capture-51.jpg?resize=840%2C630\" alt=\"\" class=\"wp-image-12367\"\/><figcaption>Endroit o\u00f9 se dressait le tordoir puis le moulin \u00e0 vent de Wargnies-le-Grand&nbsp;<a href=\"https:\/\/www.google.fr\/maps\/@50.3038121,3.6512252,3a,90y,157.99h,92.93t\/data=!3m6!1e1!3m4!1s2ktNQd1hPtker-hgw05fSg!2e0!7i16384!8i8192\" target=\"_blank\" rel=\"noreferrer noopener\">Route Nationale<\/a><\/figcaption><\/figure><\/div>\n\n\n\n<p>Le second moulin \u00e0 vent est repr\u00e9sent\u00e9 sur le cadastre de l\u2019An 14 \u00e0 la section C N\u00b026 et sur le cadastre de 1827 \u00e0 la section C N\u00b0248. C\u2019est un moulin \u00e0 huile, l\u2019un des tr\u00e8s rares tordoirs \u00e0 vent de l\u2019Avesnois. En 1827 il appartient \u00e0 Pierre Omer DERVAUX (\u00b01782 +1858), cultivateur et maire du village, mari\u00e9 en 1828 avec Jeanne CRAPET de Vendegies-au-Bois. Son p\u00e8re Philippe DERVAUX (\u00b01737 +1795) tenait la Cense de Saint \u00e0 Wargnies-le-Grand. En 1850 le moulin est d\u00e9tenu par Auguste LUSTREMANT, fabricant d\u2019huile, puis cultivateur \u00e0 Wargnies-le-Grand et en 1861 par Cyrille MONEUSE, meunier (1). Le tordoir est devenu un moulin \u00e0 moudre bl\u00e9. Le 9 Juillet 1862, Cyrille MONEUSE vend le moulin et une maison le tout \u00e9rig\u00e9 sur 20 ares \u00e0 Jean-Baptiste LECASSE, meunier demeurant \u00e0 Saint-Waast et \u00e0 sa femme Ang\u00e9lique ALLART (HALARD) (2).<\/p>\n\n\n\n<div class=\"wp-block-image\"><figure class=\"aligncenter\"><img decoding=\"async\" src=\"https:\/\/i2.wp.com\/patrimoine-avesnois.fr\/chemin\/wp-content\/uploads\/2021\/04\/image-3.png?w=840\" alt=\"\" class=\"wp-image-12363\"\/><figcaption>Cadastre 1827<\/figcaption><\/figure><\/div>\n\n\n\n<p>Le moulin \u00e0 vent \u00e0 farine est reconstruit en 1868 sur la parcelle N\u00b0246 et non plus sur la 248 par Jean-Baptiste LECASSE (3). En 1891 le moulin \u00e0 vent avec une paire de meules anglaise et tous ses accessoires est mis en vente en bloc ou en d\u00e9tail (4). Il est en ruine et n\u2019apparait plus sur le cadastre de 1897.<\/p>\n\n\n\n<p>(1) : Matrices Cadastrales de Wargnies-le-Grand 35 P 1409 B NB 1828 1899<\/p>\n\n\n\n<p>(2) : ADN 3 Q 71-24 Enregistrement Bureau de Bavay Table des acqu\u00e9reurs 1859-1863<\/p>\n\n\n\n<p>(3) : Matrices Cadastrales de Wargnies-le-Grand 35 P 1409 B NB 1828 1899<\/p>\n\n\n\n<p>(4) : Le Journal L\u2019Observateur du 13 f\u00e9vrier 1891<\/p>\n","protected":false},"excerpt":{"rendered":"<p>Les Moulins \u00e0 vent de Wargnies-le -Grand : Le Moulin \u00e0 vent du seigneur de Wargnies-le-Grand est repr\u00e9sent\u00e9 sur la carte de Cassini (1758), sur la carte du dioc\u00e8se de Cambrai (1769), sur le cadastre de l\u2019An 14 mais non sur celui de 1827. Aucun document trouv\u00e9 le concernant. Avis aux amateurs\u2026 ***** Le second &hellip; <a href=\"https:\/\/patrimoine-avesnois.fr\/moulins-vent\/wargnies-le-grand\/\" class=\"more-link\">Continuer la lecture<span class=\"screen-reader-text\"> de &laquo;&nbsp;Wargnies-le-Grand&nbsp;&raquo;<\/span><\/a><\/p>\n","protected":false},"author":2,"featured_media":0,"parent":0,"menu_order":0,"comment_status":"closed","ping_status":"closed","template":"","meta":{"footnotes":""},"class_list":["post-146","page","type-page","status-publish","hentry"],"jetpack_sharing_enabled":true,"_links":{"self":[{"href":"https:\/\/patrimoine-avesnois.fr\/moulins-vent\/wp-json\/wp\/v2\/pages\/146","targetHints":{"allow":["GET"]}}],"collection":[{"href":"https:\/\/patrimoine-avesnois.fr\/moulins-vent\/wp-json\/wp\/v2\/pages"}],"about":[{"href":"https:\/\/patrimoine-avesnois.fr\/moulins-vent\/wp-json\/wp\/v2\/types\/page"}],"author":[{"embeddable":true,"href":"https:\/\/patrimoine-avesnois.fr\/moulins-vent\/wp-json\/wp\/v2\/users\/2"}],"replies":[{"embeddable":true,"href":"https:\/\/patrimoine-avesnois.fr\/moulins-vent\/wp-json\/wp\/v2\/comments?post=146"}],"version-history":[{"count":1,"href":"https:\/\/patrimoine-avesnois.fr\/moulins-vent\/wp-json\/wp\/v2\/pages\/146\/revisions"}],"predecessor-version":[{"id":147,"href":"https:\/\/patrimoine-avesnois.fr\/moulins-vent\/wp-json\/wp\/v2\/pages\/146\/revisions\/147"}],"wp:attachment":[{"href":"https:\/\/patrimoine-avesnois.fr\/moulins-vent\/wp-json\/wp\/v2\/media?parent=146"}],"curies":[{"name":"wp","href":"https:\/\/api.w.org\/{rel}","templated":true}]}}