{"id":17,"date":"2021-05-04T10:43:01","date_gmt":"2021-05-04T08:43:01","guid":{"rendered":"http:\/\/patrimoine-avesnois.fr\/moulins-vent\/?page_id=17"},"modified":"2023-01-15T11:24:49","modified_gmt":"2023-01-15T10:24:49","slug":"aulnoye","status":"publish","type":"page","link":"https:\/\/patrimoine-avesnois.fr\/moulins-vent\/aulnoye\/","title":{"rendered":"Aulnoye"},"content":{"rendered":"\n<p class=\"has-bright-red-color has-text-color has-medium-font-size\"><strong>Le moulin \u00e0 vent d\u2019Aulnoye&nbsp;:<\/strong><\/p>\n\n\n<div class=\"wp-block-image\">\n<figure class=\"aligncenter\"><img decoding=\"async\" src=\"https:\/\/i1.wp.com\/patrimoine-avesnois.fr\/chemin\/wp-content\/uploads\/2021\/03\/Aulnoye-1802.jpg?fit=840%2C630\" alt=\"\" class=\"wp-image-11899\"\/><figcaption class=\"wp-element-caption\">Cadastre 1806 ADN P 30\/018&nbsp;<a href=\"https:\/\/archivesdepartementales.lenord.fr\/ark:\/33518\/fcxj1nrv6t8l\/24066d16-828e-4b52-aa8e-b764d02b049a\" target=\"_blank\" rel=\"noreferrer noopener\">Vue 1\/3<\/a><\/figcaption><\/figure>\n<\/div>\n\n<div class=\"wp-block-image\">\n<figure class=\"aligncenter\"><img decoding=\"async\" src=\"https:\/\/i1.wp.com\/patrimoine-avesnois.fr\/chemin\/wp-content\/uploads\/2021\/03\/Aulnoye-1861.jpg?resize=840%2C630\" alt=\"\" class=\"wp-image-11900\"\/><figcaption class=\"wp-element-caption\">Cadastre Aulnoye-Aymeries 1861 ADN P 31\/651&nbsp;<a rel=\"noreferrer noopener\" href=\"https:\/\/archivesdepartementales.lenord.fr\/ark:\/33518\/vxpz2k1sc0t9\/03e27df3-6e19-4b2f-a847-2c14b4406791\" target=\"_blank\">Vue 6\/9<\/a><\/figcaption><\/figure>\n<\/div>\n\n<div class=\"wp-block-image\">\n<figure class=\"aligncenter\"><img decoding=\"async\" src=\"https:\/\/i2.wp.com\/patrimoine-avesnois.fr\/chemin\/wp-content\/uploads\/2021\/03\/Aulnoye.jpg?resize=840%2C630\" alt=\"\" class=\"wp-image-11901\"\/><figcaption class=\"wp-element-caption\">Position fictive du moulin sur une carte actuelle<\/figcaption><\/figure>\n<\/div>\n\n<div class=\"wp-block-image\">\n<figure class=\"aligncenter\"><img decoding=\"async\" src=\"https:\/\/i0.wp.com\/patrimoine-avesnois.fr\/chemin\/wp-content\/uploads\/2021\/03\/Aulnoye1.jpg?resize=840%2C630\" alt=\"\" class=\"wp-image-11902\"\/><figcaption class=\"wp-element-caption\">Endroit actuel o\u00f9 se dressait le moulin \u00e0 vent d\u2019Aulnoye :&nbsp;<a rel=\"noreferrer noopener\" href=\"https:\/\/www.google.fr\/maps\/@50.2056122,3.8376453,3a,75y,227.97h,82.09t\/data=!3m6!1e1!3m4!1snfQEcYz274qw5TLXQsBBvQ!2e0!7i16384!8i8192\" target=\"_blank\">rue Mirabeau<\/a><\/figcaption><\/figure>\n<\/div>\n\n\n<p>La pr\u00e9sence du moulin d\u2019Aulnoye est d\u00e9j\u00e0 attest\u00e9e en 1794 car il \u00ab&nbsp;a moiti\u00e9 de l\u2019ann\u00e9e sans vent et au service sur l\u2019emplacement de trois communes, Aulnoy, Aymeries et Bachant (1). Il figure ensuite sur le plan cadastral de 1806 S.B 28, de 1812 S.A 67 et de 1861 SA 106.<\/p>\n\n\n\n<p>En 1812 il appartient \u00e0 Albert PREVOST, en 1824 \u00e0 Joseph RIVIERE d\u2019Aulnoye (2), et en 1840 \u00e0 Auguste WILLOT (3). Ce dernier n\u00e9 en 1806 \u00e0 Aymeries, meunier mari\u00e9 en 1827 \u00e0 Berlaimont avec Augustine AULIT le loue en 1841 \u00e0 F\u00e9lix DURIEUX mari\u00e9 \u00e0 Jos\u00e9phine BANDINELLI avant de le mettre en vente en 1870 (4). Pour information le couple DURIEUX BANDINELLI aura un fils F\u00e9lix n\u00e9 en 1843 \u00e0 Aulnoye qui se mariera \u00e0 Leval avec  Martine FLAMENT et qui sera meunier \u00e0 Berlaimont (Voir Berlaimont).<\/p>\n\n\n\n<p>En 1876 le moulin situ\u00e9 \u00e0 500 m\u00e8tres de la gare d\u2019Aulnoye, sur la route d\u2019Aymeries, est mis en vente par lots par son nouveau propri\u00e9taire Elut\u00e8re DELHAYE, sabotier \u00e0 Aulnoye : arbre tournant, trente poutres de 4 \u00e0 8 m\u00e8tres de longueur, gites, une paire de meules anglaises de 1 m\u00e8tre 52 de diam\u00e8tre, etc (5). Il est donc d\u00e9mont\u00e9 en 1876.<\/p>\n\n\n\n<p>(1)&nbsp;: ADN S\u00e9rie L&nbsp;: District d\u2019Avesnes Travaux Publics&nbsp; 5735 Moulins et usines (179:-an 3).<\/p>\n\n\n\n<p>(2) : ADN NMD [1826-1865] 5 Mi 004 R 003 Vue&nbsp;<a rel=\"noreferrer noopener\" href=\"https:\/\/archivesdepartementales.lenord.fr\/ark:\/33518\/8dsvqmc39g5h\/62966158-ecb6-4673-8fbc-b735b297dd06\" target=\"_blank\">47\/221<\/a>&nbsp;Il s\u2019agit de Jacques Joseph RIVIERE mari\u00e9 \u00e0 Bachant avec Marie Florentine TITRE le 12 messidor an&nbsp;XIII (1er juillet 1805) meunier domicili\u00e9 \u00e0 Aulnoye, couple pr\u00e9sent au mariage de leur fille Am\u00e9lie avec Pierre Benoni Lefebvre en date du 15 juillet 1835<\/p>\n\n\n\n<p>(3)&nbsp;: ADN Matrices cadastrales 35 P 46<\/p>\n\n\n\n<p>(4)&nbsp;: Le journal L\u2019Observateur du 01\/01\/1870<\/p>\n\n\n\n<p>(5)&nbsp;: Le journal L\u2019Observateur du 15\/06\/1876.<\/p>\n\n\n\n<p><\/p>\n","protected":false},"excerpt":{"rendered":"<p>Le moulin \u00e0 vent d\u2019Aulnoye&nbsp;: La pr\u00e9sence du moulin d\u2019Aulnoye est d\u00e9j\u00e0 attest\u00e9e en 1794 car il \u00ab&nbsp;a moiti\u00e9 de l\u2019ann\u00e9e sans vent et au service sur l\u2019emplacement de trois communes, Aulnoy, Aymeries et Bachant (1). Il figure ensuite sur le plan cadastral de 1806 S.B 28, de 1812 S.A 67 et de 1861 SA &hellip; <a href=\"https:\/\/patrimoine-avesnois.fr\/moulins-vent\/aulnoye\/\" class=\"more-link\">Continuer la lecture<span class=\"screen-reader-text\"> de &laquo;&nbsp;Aulnoye&nbsp;&raquo;<\/span><\/a><\/p>\n","protected":false},"author":2,"featured_media":0,"parent":0,"menu_order":0,"comment_status":"closed","ping_status":"closed","template":"","meta":{"footnotes":""},"class_list":["post-17","page","type-page","status-publish","hentry"],"jetpack_sharing_enabled":true,"_links":{"self":[{"href":"https:\/\/patrimoine-avesnois.fr\/moulins-vent\/wp-json\/wp\/v2\/pages\/17","targetHints":{"allow":["GET"]}}],"collection":[{"href":"https:\/\/patrimoine-avesnois.fr\/moulins-vent\/wp-json\/wp\/v2\/pages"}],"about":[{"href":"https:\/\/patrimoine-avesnois.fr\/moulins-vent\/wp-json\/wp\/v2\/types\/page"}],"author":[{"embeddable":true,"href":"https:\/\/patrimoine-avesnois.fr\/moulins-vent\/wp-json\/wp\/v2\/users\/2"}],"replies":[{"embeddable":true,"href":"https:\/\/patrimoine-avesnois.fr\/moulins-vent\/wp-json\/wp\/v2\/comments?post=17"}],"version-history":[{"count":3,"href":"https:\/\/patrimoine-avesnois.fr\/moulins-vent\/wp-json\/wp\/v2\/pages\/17\/revisions"}],"predecessor-version":[{"id":252,"href":"https:\/\/patrimoine-avesnois.fr\/moulins-vent\/wp-json\/wp\/v2\/pages\/17\/revisions\/252"}],"wp:attachment":[{"href":"https:\/\/patrimoine-avesnois.fr\/moulins-vent\/wp-json\/wp\/v2\/media?parent=17"}],"curies":[{"name":"wp","href":"https:\/\/api.w.org\/{rel}","templated":true}]}}