{"id":23,"date":"2021-05-04T11:06:00","date_gmt":"2021-05-04T09:06:00","guid":{"rendered":"http:\/\/patrimoine-avesnois.fr\/moulins-vent\/?page_id=23"},"modified":"2021-05-04T11:06:00","modified_gmt":"2021-05-04T09:06:00","slug":"bachant","status":"publish","type":"page","link":"https:\/\/patrimoine-avesnois.fr\/moulins-vent\/bachant\/","title":{"rendered":"Bachant"},"content":{"rendered":"\n<p class=\"has-bright-red-color has-text-color has-medium-font-size\"><strong>Le moulin \u00e0 vent de Bachant&nbsp;:<\/strong><\/p>\n\n\n\n<div class=\"wp-block-image\"><figure class=\"aligncenter\"><img decoding=\"async\" src=\"https:\/\/i1.wp.com\/patrimoine-avesnois.fr\/chemin\/wp-content\/uploads\/2021\/03\/Bachant.jpg?resize=840%2C628\" alt=\"\" class=\"wp-image-11915\"\/><figcaption><em>Position fictive du moulin sur une carte actuelle<\/em><\/figcaption><\/figure><\/div>\n\n\n\n<div class=\"wp-block-image\"><figure class=\"aligncenter\"><img decoding=\"async\" src=\"https:\/\/i2.wp.com\/patrimoine-avesnois.fr\/chemin\/wp-content\/uploads\/2021\/03\/Bachant1.jpg?fit=840%2C527\" alt=\"\" class=\"wp-image-11916\"\/><figcaption><em>Endroit actuel o\u00f9 se dressait le moulin<\/em>&nbsp;\u00e0 vent de Bachant : derri\u00e8re les maisons<br>Monrival&nbsp;<a rel=\"noreferrer noopener\" href=\"https:\/\/www.google.fr\/maps\/@50.210385,3.8611297,3a,75y,80.37h,90.02t\/data=!3m6!1e1!3m4!1s6ckg95FAaxRkSUHvGQZhqA!2e0!7i16384!8i8192\" target=\"_blank\">Rue de Maubeuge<\/a>&nbsp;D 959<\/figcaption><\/figure><\/div>\n\n\n\n<p>Il est \u00e9rig\u00e9 en 1865 par Eug\u00e8ne COLLART (1). Celui-ci exerce \u00e0 Bachant en 1858 lors de son mariage avec Aur\u00e9lie BARBENSON le m\u00e9tier de charron. Il est ensuite meunier avant de devenir aubergiste \u00e0 Bachant puis \u00e0 Tourcoing.<\/p>\n\n\n\n<p>Le moulin est b\u00e2ti sur la section C 18 Mont Rival. Il disparait suite au grand ouragan du 12 mars 1876.<\/p>\n\n\n\n<p><strong>(<\/strong>1)&nbsp;: ADN Matrices cadastrales 35 P 93 B NB 1862 1913<\/p>\n","protected":false},"excerpt":{"rendered":"<p>Le moulin \u00e0 vent de Bachant&nbsp;: Il est \u00e9rig\u00e9 en 1865 par Eug\u00e8ne COLLART (1). Celui-ci exerce \u00e0 Bachant en 1858 lors de son mariage avec Aur\u00e9lie BARBENSON le m\u00e9tier de charron. Il est ensuite meunier avant de devenir aubergiste \u00e0 Bachant puis \u00e0 Tourcoing. Le moulin est b\u00e2ti sur la section C 18 Mont &hellip; <a href=\"https:\/\/patrimoine-avesnois.fr\/moulins-vent\/bachant\/\" class=\"more-link\">Continuer la lecture<span class=\"screen-reader-text\"> de &laquo;&nbsp;Bachant&nbsp;&raquo;<\/span><\/a><\/p>\n","protected":false},"author":2,"featured_media":0,"parent":0,"menu_order":0,"comment_status":"closed","ping_status":"closed","template":"","meta":{"footnotes":""},"class_list":["post-23","page","type-page","status-publish","hentry"],"jetpack_sharing_enabled":true,"_links":{"self":[{"href":"https:\/\/patrimoine-avesnois.fr\/moulins-vent\/wp-json\/wp\/v2\/pages\/23","targetHints":{"allow":["GET"]}}],"collection":[{"href":"https:\/\/patrimoine-avesnois.fr\/moulins-vent\/wp-json\/wp\/v2\/pages"}],"about":[{"href":"https:\/\/patrimoine-avesnois.fr\/moulins-vent\/wp-json\/wp\/v2\/types\/page"}],"author":[{"embeddable":true,"href":"https:\/\/patrimoine-avesnois.fr\/moulins-vent\/wp-json\/wp\/v2\/users\/2"}],"replies":[{"embeddable":true,"href":"https:\/\/patrimoine-avesnois.fr\/moulins-vent\/wp-json\/wp\/v2\/comments?post=23"}],"version-history":[{"count":1,"href":"https:\/\/patrimoine-avesnois.fr\/moulins-vent\/wp-json\/wp\/v2\/pages\/23\/revisions"}],"predecessor-version":[{"id":24,"href":"https:\/\/patrimoine-avesnois.fr\/moulins-vent\/wp-json\/wp\/v2\/pages\/23\/revisions\/24"}],"wp:attachment":[{"href":"https:\/\/patrimoine-avesnois.fr\/moulins-vent\/wp-json\/wp\/v2\/media?parent=23"}],"curies":[{"name":"wp","href":"https:\/\/api.w.org\/{rel}","templated":true}]}}