{"id":43,"date":"2021-05-04T11:20:51","date_gmt":"2021-05-04T09:20:51","guid":{"rendered":"http:\/\/patrimoine-avesnois.fr\/moulins-vent\/?page_id=43"},"modified":"2021-05-04T11:20:51","modified_gmt":"2021-05-04T09:20:51","slug":"colleret","status":"publish","type":"page","link":"https:\/\/patrimoine-avesnois.fr\/moulins-vent\/colleret\/","title":{"rendered":"Colleret"},"content":{"rendered":"\n<p class=\"has-bright-red-color has-text-color has-medium-font-size\"><strong>Le Moulin \u00e0 vent de Colleret :<\/strong><\/p>\n\n\n\n<div class=\"wp-block-image\"><figure class=\"aligncenter\"><img decoding=\"async\" src=\"https:\/\/i1.wp.com\/patrimoine-avesnois.fr\/chemin\/wp-content\/uploads\/2021\/03\/Capture-20.jpg?resize=840%2C630\" alt=\"\" class=\"wp-image-11972\"\/><figcaption>Cadastre Colleret 1845 ADN P 31 \/ 681 (le moulin \u00e0 vent sur la Section C 755)&nbsp;<a rel=\"noreferrer noopener\" href=\"https:\/\/archivesdepartementales.lenord.fr\/ark:\/33518\/j8dfh35smn7w\/2c106d3b-cfd5-415f-ba8b-6694bf0a27a8\" target=\"_blank\">Vue 26\/33<\/a><\/figcaption><\/figure><\/div>\n\n\n\n<div class=\"wp-block-image\"><figure class=\"aligncenter\"><img decoding=\"async\" src=\"https:\/\/i1.wp.com\/patrimoine-avesnois.fr\/chemin\/wp-content\/uploads\/2021\/03\/Capture-22.jpg?fit=840%2C630\" alt=\"\" class=\"wp-image-11974\"\/><figcaption><em>Position fictive du moulin \u00e0 vent de Colleret sur une carte actuelle<\/em><\/figcaption><\/figure><\/div>\n\n\n\n<div class=\"wp-block-image\"><figure class=\"aligncenter\"><img decoding=\"async\" src=\"https:\/\/i2.wp.com\/patrimoine-avesnois.fr\/chemin\/wp-content\/uploads\/2021\/03\/Capture-23.jpg?resize=840%2C582\" alt=\"\" class=\"wp-image-11975\"\/><figcaption>Endroit o\u00f9 se dressait le moulin \u00e0 vent de Colleret (au fond de la p\u00e2ture derri\u00e8re la haie)&nbsp;<a href=\"https:\/\/www.google.com\/maps\/@50.2574056,4.0708264,3a,75y,285.08h,82.32t\/data=!3m6!1e1!3m4!1s4LRvoZKG2T7SzqIpOaL92A!2e0!7i16384!8i8192?hl=fr\" target=\"_blank\" rel=\"noreferrer noopener\">40 Rue de la R\u00e9publique<\/a><\/figcaption><\/figure><\/div>\n\n\n\n<p>Le moulin de Colleret est construit vers 1830 par Pierre-Charles DARSONVILLE qui est aussi propri\u00e9taire du moulin \u00e0 eau. Son \u00e9pouse Emilie LEJEUNE d\u00e9c\u00e8de le 10 avril 1836 laissant le moulin \u00e0 vent \u00e0 son mari (1). En 1838 \u00e0 la naissance de sa fille Jos\u00e9phine avec sa seconde \u00e9pouse Victoire Nicolas il est dit rentier. Le moulin \u00e0 vent appartient d\u00e9j\u00e0 \u00e0 Isidore MONTAY que nous retrouvons sur le cadastre de 1845. Les matrices cadastrales de Colleret nous permettent de connaitre les propri\u00e9taires successifs : en 1851 le couple Louis MARIAGE-Justine Elisa BONTE. Louis MARIAGE d\u00e9c\u00e8de le&nbsp;27&nbsp;janvier&nbsp;1853 et le moulin est alors achet\u00e9 la m\u00eame ann\u00e9e par Fid\u00e8le RICHE, boulanger \u00e9picier et d\u00e9bitant \u00e0 Colleret. Il le revend en 1856 \u00e0 MEUNIER PAVOT, meunier (2). Ce couple Amand MEUNIER (\u00b01825 +1895) et C\u00e9cile PAVOT(\u00b0 1830 +1897) ont d\u00e9tenu le moulin jusqu\u2019\u00e0 sa disparition dans les ann\u00e9es 1880 1890.<\/p>\n\n\n\n<p>(1) : ADN 3 Q \u2013 374bis \/ 7 [1830 \u2013 1836] Table des Successions N\u00b0 ordre 146 \u2013 ADN 3 Q 373-16 Enregistrements Bureau de Maubeuge Successions 24\/12\/1834 -09\/10\/1837<\/p>\n\n\n\n<p>(2) : ADN 35 P 332 Table d\u2019indexation 1846 et ADN 35 P 333\/334 B NB 1847 1912<\/p>\n","protected":false},"excerpt":{"rendered":"<p>Le Moulin \u00e0 vent de Colleret : Le moulin de Colleret est construit vers 1830 par Pierre-Charles DARSONVILLE qui est aussi propri\u00e9taire du moulin \u00e0 eau. Son \u00e9pouse Emilie LEJEUNE d\u00e9c\u00e8de le 10 avril 1836 laissant le moulin \u00e0 vent \u00e0 son mari (1). En 1838 \u00e0 la naissance de sa fille Jos\u00e9phine avec sa &hellip; <a href=\"https:\/\/patrimoine-avesnois.fr\/moulins-vent\/colleret\/\" class=\"more-link\">Continuer la lecture<span class=\"screen-reader-text\"> de &laquo;&nbsp;Colleret&nbsp;&raquo;<\/span><\/a><\/p>\n","protected":false},"author":2,"featured_media":0,"parent":0,"menu_order":0,"comment_status":"closed","ping_status":"closed","template":"","meta":{"footnotes":""},"class_list":["post-43","page","type-page","status-publish","hentry"],"jetpack_sharing_enabled":true,"_links":{"self":[{"href":"https:\/\/patrimoine-avesnois.fr\/moulins-vent\/wp-json\/wp\/v2\/pages\/43","targetHints":{"allow":["GET"]}}],"collection":[{"href":"https:\/\/patrimoine-avesnois.fr\/moulins-vent\/wp-json\/wp\/v2\/pages"}],"about":[{"href":"https:\/\/patrimoine-avesnois.fr\/moulins-vent\/wp-json\/wp\/v2\/types\/page"}],"author":[{"embeddable":true,"href":"https:\/\/patrimoine-avesnois.fr\/moulins-vent\/wp-json\/wp\/v2\/users\/2"}],"replies":[{"embeddable":true,"href":"https:\/\/patrimoine-avesnois.fr\/moulins-vent\/wp-json\/wp\/v2\/comments?post=43"}],"version-history":[{"count":1,"href":"https:\/\/patrimoine-avesnois.fr\/moulins-vent\/wp-json\/wp\/v2\/pages\/43\/revisions"}],"predecessor-version":[{"id":44,"href":"https:\/\/patrimoine-avesnois.fr\/moulins-vent\/wp-json\/wp\/v2\/pages\/43\/revisions\/44"}],"wp:attachment":[{"href":"https:\/\/patrimoine-avesnois.fr\/moulins-vent\/wp-json\/wp\/v2\/media?parent=43"}],"curies":[{"name":"wp","href":"https:\/\/api.w.org\/{rel}","templated":true}]}}