{"id":45,"date":"2021-05-04T11:22:59","date_gmt":"2021-05-04T09:22:59","guid":{"rendered":"http:\/\/patrimoine-avesnois.fr\/moulins-vent\/?page_id=45"},"modified":"2021-05-04T11:22:59","modified_gmt":"2021-05-04T09:22:59","slug":"cousolre","status":"publish","type":"page","link":"https:\/\/patrimoine-avesnois.fr\/moulins-vent\/cousolre\/","title":{"rendered":"Cousolre"},"content":{"rendered":"\n<p class=\"has-bright-red-color has-text-color has-medium-font-size\"><strong>Le Moulin \u00e0 vent de Cousolre :<\/strong><\/p>\n\n\n\n<div class=\"wp-block-image\"><figure class=\"aligncenter\"><img decoding=\"async\" src=\"https:\/\/i2.wp.com\/patrimoine-avesnois.fr\/chemin\/wp-content\/uploads\/2021\/03\/Capture-24.jpg?resize=840%2C630\" alt=\"\" class=\"wp-image-11979\"\/><figcaption>Cadastre Cousolre 1902 ADN P 31 \/ 682&nbsp;<a rel=\"noreferrer noopener\" href=\"https:\/\/archivesdepartementales.lenord.fr\/ark:\/33518\/780pgtwdkrmv\/242264ee-82b5-4691-8854-a29bcbdf6b53\" target=\"_blank\">Vue 32\/39<\/a><\/figcaption><\/figure><\/div>\n\n\n\n<div class=\"wp-block-image\"><figure class=\"aligncenter\"><img decoding=\"async\" src=\"https:\/\/i0.wp.com\/patrimoine-avesnois.fr\/chemin\/wp-content\/uploads\/2021\/03\/Capture-25.jpg?fit=840%2C630\" alt=\"\" class=\"wp-image-11982\"\/><figcaption>L\u2019ancien moulin \u00e0 vent de Cousolre en 1912<\/figcaption><\/figure><\/div>\n\n\n\n<div class=\"wp-block-image\"><figure class=\"aligncenter\"><img decoding=\"async\" src=\"https:\/\/i1.wp.com\/patrimoine-avesnois.fr\/chemin\/wp-content\/uploads\/2019\/04\/image-110.png?fit=840%2C555\" alt=\"\"\/><figcaption>Le moulin \u00e0 vent de Cousolre vers 1925<\/figcaption><\/figure><\/div>\n\n\n\n<div class=\"wp-block-image\"><figure class=\"aligncenter\"><img decoding=\"async\" src=\"https:\/\/i1.wp.com\/patrimoine-avesnois.fr\/chemin\/wp-content\/uploads\/2019\/04\/image-111.png?resize=500%2C366\" alt=\"\"\/><figcaption>Les ruines du moulin \u00e0 vent de Cousolre construit en 1845&nbsp;<a rel=\"noreferrer noopener\" href=\"https:\/\/www.google.fr\/maps\/@50.2372988,4.159496,3a,75y,215.2h,75.22t\/data=!3m6!1e1!3m4!1smcrjmdd5TFUmBeB1GdwuZQ!2e0!7i16384!8i8192\" target=\"_blank\">Rue de Landignies&nbsp;<\/a>en direction de Marsignies<\/figcaption><\/figure><\/div>\n\n\n\n<p>Le moulin \u00e0 vent de Cousolre est construit par Jean HUART suite \u00e0 une autorisation pr\u00e9fectorale du 29 mars 1845 (1). Comme tout moulin \u00e0 vent il doit \u00eatre \u00e9tabli \u00e0 une distance minimale de 70 m\u00e8tres de tout chemin public. Le 30 d\u00e9cembre 1847 les trois quarts du moulin appartenant \u00e0 Jos\u00e9phine et Jean Baptiste HUART et Elie BLANPAIN sont vendus \u00e0 Nicolas Joseph Victorien et Benoit BLAINPAIN,(2 fils d\u2019Elie) propri\u00e9taires du moulin \u00e0 eau sur la Thure et du Cataya (2).<\/p>\n\n\n\n<p>En 1850 le moulin est reconstruit en brique sur un soubassement en moellons de pierre bleue. En 1868 le m\u00eame Benoit BLANPAIN mari\u00e9 \u00e0 Adelle FISSIAUX tente \u00e0 huit reprises de vendre ce moulin comportant 2 paires de meules fran\u00e7aises. (3). Le moulin dut \u00eatre fortement endommag\u00e9 par l\u2019ouragan du 12 mars 1876 car il cesse son activit\u00e9 vers cette date. Sur le cadastre de 1902 l\u2019ancien moulin appartient \u00e0 Nicolas SOLASSE (\u00b0 1839 + 1909) cultivateur \u00e0 Cousolre et \u00e0 son \u00e9pouse Maxellante DASTOT.<\/p>\n\n\n\n<p>(1) : ADN K 100<\/p>\n\n\n\n<p>(2) : ADN 3 Q 495-11 Enregistrements Bureau de Solre-le-Ch\u00e2teau Table des acqu\u00e9reurs 1846-1853<\/p>\n\n\n\n<p>(3) : Le journal L\u2019Observateur de 1868<\/p>\n","protected":false},"excerpt":{"rendered":"<p>Le Moulin \u00e0 vent de Cousolre : Le moulin \u00e0 vent de Cousolre est construit par Jean HUART suite \u00e0 une autorisation pr\u00e9fectorale du 29 mars 1845 (1). Comme tout moulin \u00e0 vent il doit \u00eatre \u00e9tabli \u00e0 une distance minimale de 70 m\u00e8tres de tout chemin public. Le 30 d\u00e9cembre 1847 les trois quarts &hellip; <a href=\"https:\/\/patrimoine-avesnois.fr\/moulins-vent\/cousolre\/\" class=\"more-link\">Continuer la lecture<span class=\"screen-reader-text\"> de &laquo;&nbsp;Cousolre&nbsp;&raquo;<\/span><\/a><\/p>\n","protected":false},"author":2,"featured_media":0,"parent":0,"menu_order":0,"comment_status":"closed","ping_status":"closed","template":"","meta":{"footnotes":""},"class_list":["post-45","page","type-page","status-publish","hentry"],"jetpack_sharing_enabled":true,"_links":{"self":[{"href":"https:\/\/patrimoine-avesnois.fr\/moulins-vent\/wp-json\/wp\/v2\/pages\/45","targetHints":{"allow":["GET"]}}],"collection":[{"href":"https:\/\/patrimoine-avesnois.fr\/moulins-vent\/wp-json\/wp\/v2\/pages"}],"about":[{"href":"https:\/\/patrimoine-avesnois.fr\/moulins-vent\/wp-json\/wp\/v2\/types\/page"}],"author":[{"embeddable":true,"href":"https:\/\/patrimoine-avesnois.fr\/moulins-vent\/wp-json\/wp\/v2\/users\/2"}],"replies":[{"embeddable":true,"href":"https:\/\/patrimoine-avesnois.fr\/moulins-vent\/wp-json\/wp\/v2\/comments?post=45"}],"version-history":[{"count":1,"href":"https:\/\/patrimoine-avesnois.fr\/moulins-vent\/wp-json\/wp\/v2\/pages\/45\/revisions"}],"predecessor-version":[{"id":46,"href":"https:\/\/patrimoine-avesnois.fr\/moulins-vent\/wp-json\/wp\/v2\/pages\/45\/revisions\/46"}],"wp:attachment":[{"href":"https:\/\/patrimoine-avesnois.fr\/moulins-vent\/wp-json\/wp\/v2\/media?parent=45"}],"curies":[{"name":"wp","href":"https:\/\/api.w.org\/{rel}","templated":true}]}}