{"id":51,"date":"2021-05-04T11:30:29","date_gmt":"2021-05-04T09:30:29","guid":{"rendered":"http:\/\/patrimoine-avesnois.fr\/moulins-vent\/?page_id=51"},"modified":"2021-05-04T11:31:06","modified_gmt":"2021-05-04T09:31:06","slug":"englefontaine-poix-du-nord","status":"publish","type":"page","link":"https:\/\/patrimoine-avesnois.fr\/moulins-vent\/englefontaine-poix-du-nord\/","title":{"rendered":"Englefontaine Poix-du-Nord"},"content":{"rendered":"\n<p class=\"has-bright-red-color has-text-color has-medium-font-size\"><strong>Le Moulin \u00e0 vent d\u2019Englefontaine Poix du Nord :<\/strong><\/p>\n\n\n\n<div class=\"wp-block-image\"><figure class=\"aligncenter\"><img decoding=\"async\" src=\"https:\/\/i1.wp.com\/patrimoine-avesnois.fr\/chemin\/wp-content\/uploads\/2021\/03\/Capture-36.jpg?resize=840%2C630\" alt=\"\" class=\"wp-image-12001\"\/><figcaption>Cadastre Englefontaine 1831 ADN P 31 \/ 693 S C 312&nbsp;<a href=\"https:\/\/archivesdepartementales.lenord.fr\/ark:\/33518\/z5wfqkbhn1c4\/e166043e-b0d9-4465-9f31-84d9a8e20fbc\" target=\"_blank\" rel=\"noreferrer noopener\">Vue 1\/13<\/a><\/figcaption><\/figure><\/div>\n\n\n\n<div class=\"wp-block-image\"><figure class=\"aligncenter\"><img decoding=\"async\" src=\"https:\/\/i1.wp.com\/patrimoine-avesnois.fr\/chemin\/wp-content\/uploads\/2021\/03\/Capture-37.jpg?resize=840%2C630\" alt=\"\" class=\"wp-image-12002\"\/><figcaption><em>Position fictive du moulin \u00e0 vent d\u2019Englefontaine au Petit Poix sur une carte actuelle<\/em><\/figcaption><\/figure><\/div>\n\n\n\n<div class=\"wp-block-image\"><figure class=\"aligncenter\"><img decoding=\"async\" src=\"https:\/\/i1.wp.com\/patrimoine-avesnois.fr\/chemin\/wp-content\/uploads\/2021\/03\/Capture-39.jpg?resize=840%2C630\" alt=\"\" class=\"wp-image-12004\"\/><figcaption>Endroit o\u00f9 se dressait le second moulin \u00e0 vent d\u2019Englefontaine&nbsp;<a href=\"https:\/\/www.google.fr\/maps\/@50.1806641,3.6394233,3a,90y,313.96h,70.54t\/data=!3m6!1e1!3m4!1s2NEQO8KxQlt_82UfkZtcwA!2e0!7i13312!8i6656\" target=\"_blank\" rel=\"noreferrer noopener\">Ancien Chemin d\u2019Hecq<\/a><\/figcaption><\/figure><\/div>\n\n\n\n<p>Un autre moulin \u00e0 vent existe sur le cadastre d\u2019Englefontaine de 1831 \u00e0 la section C Petit Poix. A cette date le moulin est sur le territoire de Poix-du-Nord car cette section ne sera r\u00e9unie \u00e0 Englefontaine qu\u2019en 1857. Le cadastre de 1831 indique qu\u2019il appartient \u00e0 DUTEMPLE veuve Pierre-Fran\u00e7ois. Il s\u2019agit apr\u00e8s recherches g\u00e9n\u00e9alogiques de El\u00e9onore MUSEUX (\u00b0 1784 + 1838) mari\u00e9e en 1802 \u00e0 Englefontaine avec Jean Fran\u00e7ois Joseph DUTEMPLE, cultivateur (\u00b0 1772 Bermerain + 1822 Poix). Le moulin ne figure pas sur le cadastre de l\u2019An 13 de Poix-du-Nord. Il a donc \u00e9t\u00e9 construit vers 1810. Il est en 1841 entre les mains de Ferdinand Charles BLANCHET (\u00b0 1809 Robersart + 1890 Ors) (1). Celui-ci est meunier et est mari\u00e9 depuis 1836 avec Marie Catherine LAURENT (\u00b0 1801 +1881). Leur fils Charles Ferdinand est \u00e9galement meunier en 1865 avec ses parents avant d\u2019habiter Hecq d\u00e8s son mariage (2) et (3). Le moulin est d\u00e9moli en 1885.<\/p>\n\n\n\n<p>(1) : ADN 35 P 446 Matrices cadastrales B NB 1833-1912<\/p>\n\n\n\n<p>(2) : ADN Hecq \/ NMD [1837-1870]5 Mi 008 R 007&nbsp;<a rel=\"noreferrer noopener\" href=\"https:\/\/archivesdepartementales.lenord.fr\/ark:\/33518\/xqm28jl63nkb\/791e4234-6743-4b6b-90c8-a568229eac79\" target=\"_blank\">Vue 319\/375<\/a><\/p>\n\n\n\n<p>(3) : ADN Hecq \/ NMD [1837-1870]5 Mi 008 R 007&nbsp;<a rel=\"noreferrer noopener\" href=\"https:\/\/archivesdepartementales.lenord.fr\/ark:\/33518\/xqm28jl63nkb\/ddf0de26-b7db-41d7-a96b-19d1fdd059f3\" target=\"_blank\">Vue 327\/375<\/a><\/p>\n","protected":false},"excerpt":{"rendered":"<p>Le Moulin \u00e0 vent d\u2019Englefontaine Poix du Nord : Un autre moulin \u00e0 vent existe sur le cadastre d\u2019Englefontaine de 1831 \u00e0 la section C Petit Poix. A cette date le moulin est sur le territoire de Poix-du-Nord car cette section ne sera r\u00e9unie \u00e0 Englefontaine qu\u2019en 1857. Le cadastre de 1831 indique qu\u2019il appartient &hellip; <a href=\"https:\/\/patrimoine-avesnois.fr\/moulins-vent\/englefontaine-poix-du-nord\/\" class=\"more-link\">Continuer la lecture<span class=\"screen-reader-text\"> de &laquo;&nbsp;Englefontaine Poix-du-Nord&nbsp;&raquo;<\/span><\/a><\/p>\n","protected":false},"author":2,"featured_media":0,"parent":0,"menu_order":0,"comment_status":"closed","ping_status":"closed","template":"","meta":{"footnotes":""},"class_list":["post-51","page","type-page","status-publish","hentry"],"jetpack_sharing_enabled":true,"_links":{"self":[{"href":"https:\/\/patrimoine-avesnois.fr\/moulins-vent\/wp-json\/wp\/v2\/pages\/51","targetHints":{"allow":["GET"]}}],"collection":[{"href":"https:\/\/patrimoine-avesnois.fr\/moulins-vent\/wp-json\/wp\/v2\/pages"}],"about":[{"href":"https:\/\/patrimoine-avesnois.fr\/moulins-vent\/wp-json\/wp\/v2\/types\/page"}],"author":[{"embeddable":true,"href":"https:\/\/patrimoine-avesnois.fr\/moulins-vent\/wp-json\/wp\/v2\/users\/2"}],"replies":[{"embeddable":true,"href":"https:\/\/patrimoine-avesnois.fr\/moulins-vent\/wp-json\/wp\/v2\/comments?post=51"}],"version-history":[{"count":2,"href":"https:\/\/patrimoine-avesnois.fr\/moulins-vent\/wp-json\/wp\/v2\/pages\/51\/revisions"}],"predecessor-version":[{"id":53,"href":"https:\/\/patrimoine-avesnois.fr\/moulins-vent\/wp-json\/wp\/v2\/pages\/51\/revisions\/53"}],"wp:attachment":[{"href":"https:\/\/patrimoine-avesnois.fr\/moulins-vent\/wp-json\/wp\/v2\/media?parent=51"}],"curies":[{"name":"wp","href":"https:\/\/api.w.org\/{rel}","templated":true}]}}