{"id":54,"date":"2021-05-04T11:35:18","date_gmt":"2021-05-04T09:35:18","guid":{"rendered":"http:\/\/patrimoine-avesnois.fr\/moulins-vent\/?page_id=54"},"modified":"2021-05-04T11:35:18","modified_gmt":"2021-05-04T09:35:18","slug":"feignies","status":"publish","type":"page","link":"https:\/\/patrimoine-avesnois.fr\/moulins-vent\/feignies\/","title":{"rendered":"Feignies"},"content":{"rendered":"\n<p class=\"has-bright-red-color has-text-color has-medium-font-size\"><strong>Les Moulins \u00e0 vent de Feignies :<\/strong><\/p>\n\n\n\n<div class=\"wp-block-image\"><figure class=\"aligncenter\"><img decoding=\"async\" src=\"https:\/\/i1.wp.com\/patrimoine-avesnois.fr\/chemin\/wp-content\/uploads\/2021\/03\/Capture-41.jpg?fit=840%2C600\" alt=\"\" class=\"wp-image-12008\"\/><figcaption>Cadastre Consulaire Feignies 1807 ADN P 30 \/ 130 2 Moulins \u00e0 vent<a href=\"https:\/\/archivesdepartementales.lenord.fr\/ark:\/33518\/x5r06ls9hpkg\/6c7efb5d-9aec-4a8b-8580-87c811fa0c9e\" target=\"_blank\" rel=\"noreferrer noopener\">&nbsp;Vue 1\/2<\/a><\/figcaption><\/figure><\/div>\n\n\n\n<div class=\"wp-block-image\"><figure class=\"aligncenter\"><img decoding=\"async\" src=\"https:\/\/i1.wp.com\/patrimoine-avesnois.fr\/chemin\/wp-content\/uploads\/2021\/03\/Capture-42.jpg?fit=840%2C630\" alt=\"\" class=\"wp-image-12010\"\/><figcaption><em>Position fictive des 2 moulins \u00e0<\/em>&nbsp;vent de Feignies sur une carte actuelle.<\/figcaption><\/figure><\/div>\n\n\n\n<div class=\"wp-block-image\"><figure class=\"aligncenter\"><img decoding=\"async\" src=\"https:\/\/i1.wp.com\/patrimoine-avesnois.fr\/chemin\/wp-content\/uploads\/2021\/03\/Capture1-1.jpg?fit=840%2C631\" alt=\"\" class=\"wp-image-12009\"\/><figcaption>Endroit o\u00f9 se dressait le moulin \u00e0 vent d\u2019A DOTIER&nbsp;<a rel=\"noreferrer noopener\" href=\"https:\/\/www.google.fr\/maps\/@50.3080406,3.9071141,3a,75y,200.09h,86.98t\/data=!3m6!1e1!3m4!1szn4cHweY3yBJPYIWEs7oZw!2e0!7i16384!8i8192\" target=\"_blank\">Rue Arthur Dubois<\/a><\/figcaption><\/figure><\/div>\n\n\n\n<div class=\"wp-block-image\"><figure class=\"aligncenter\"><img decoding=\"async\" src=\"https:\/\/i1.wp.com\/patrimoine-avesnois.fr\/chemin\/wp-content\/uploads\/2021\/03\/Capture-43.jpg?resize=840%2C630\" alt=\"\" class=\"wp-image-12011\"\/><figcaption>Endroit o\u00f9 se dressait le moulin \u00e0 vent des ROUILLIES.&nbsp;<a href=\"https:\/\/www.google.fr\/maps\/@50.2979543,3.9341775,3a,90y,320.06h,73.12t\/data=!3m6!1e1!3m4!1sbKdW4JvmM7K40ZJasQUglg!2e0!7i16384!8i8192\" target=\"_blank\" rel=\"noreferrer noopener\">Rue Pasteur<\/a><\/figcaption><\/figure><\/div>\n\n\n\n<p>Deux moulins \u00e0 vent existent \u00e0 la fin du XVIII e si\u00e8cle \u00e0 Feignies. Le premier situ\u00e9 Chemin des Vents devenu de nos jours la Rue Arthur Dubois appartient \u00e0 Auguste DOTIER \u00e9poux de Robertine GAUDIERE. A son d\u00e9c\u00e8s le 4 juin 1833 il laisse le moulin en h\u00e9ritage \u00e0 ses enfants Casimir, meunier \u00e0 Feignies, Jean Baptiste, Augustine, Domiltide et Florence (1). Casimir n\u00e9 en 1802 et mari\u00e9 avec Eulalie DURANT rach\u00e8te alors les parts \u00e0 ses fr\u00e8res et s\u0153urs (2). En 1863 il loue le moulin \u00e0 un d\u00e9nomm\u00e9 Delsart ou Dussart (3). En 1880 le moulin est d\u00e9tenu par FLAMENT ROUILLIES Casimir D\u00e9sir\u00e9 meunier \u00e0 Feignies (4). Il s\u2019agit de Casimir FLAMENT mari\u00e9 en 1873 \u00e0 Virginie D\u00e9sir\u00e9e ROUILLIE qui d\u00e9c\u00e8de en 1879 et laisse \u00e0 ses deux fils Casimir et D\u00e9sir\u00e9 parmi ses biens le moulin \u00e0 vent lou\u00e9 \u00e0 Parfait Lenglet suivant bail du 28 septembre 1878 devant Maitre Gravis (5). Le moulin s\u2019arr\u00eate de tourner dans les ann\u00e9es 1890 1900.<\/p>\n\n\n\n<p>(1) : ADN 3 Q 71-15 Enregistrements Bureau de Bavay 1833-1835<\/p>\n\n\n\n<p>(2) : ADN 3 Q 71-15 Enregistrements Bureau de Bavay 1835-1837<\/p>\n\n\n\n<p>(3) : ADN 3 Q 73-8 Enregistrements Bureau de Bavay Table des baux 1855-1865 Bail du 02\/08\/1863<\/p>\n\n\n\n<p>(4) : ADN 35 P 498 Matrices cadastrales B NB 1833 1914<\/p>\n\n\n\n<p>(5) : ADN 3 Q 69-50 Enregistrements Bureau de Bavay Successions<\/p>\n\n\n\n<p class=\"has-text-align-center\">***<\/p>\n\n\n\n<p>Quant au second moulin situ\u00e9 le long du chemin du Blanc Pronier (cadastre 1807) devenu le chemin de la Rouillie (cadastre 1831) et de nos jours la rue Pasteur, il appartient aux fr\u00e8res Constantin et Jean-Baptiste ROUILLIES. Constantin n\u00e9 en 1754 \u00e9pouse Marie C\u00e9cile DERKENNE le 27 d\u00e9cembre 1791 et est dit meunier. Cela laisse \u00e0 penser que le moulin est ant\u00e9rieur \u00e0 1791. D\u00e9c\u00e9d\u00e9 en 1813 Constantin laisse la moiti\u00e9 du moulin \u00e0 ses enfants Jean-Baptiste, Alexandre et F\u00e9licit\u00e9 (1). En 1857 le moulin est lou\u00e9 par Alexandre \u00e0 Florent Durieux (2). Alexandre mari\u00e9 ave D\u00e9sir\u00e9e FILLEUR est donc bien \u00e0 cette date l\u2019unique propri\u00e9taire du moulin \u00e0 vent.<\/p>\n\n\n\n<div class=\"wp-block-image\"><figure class=\"aligncenter\"><img decoding=\"async\" src=\"https:\/\/i0.wp.com\/patrimoine-avesnois.fr\/chemin\/wp-content\/uploads\/2021\/03\/image-8.png?w=840\" alt=\"\" class=\"wp-image-12015\"\/><\/figure><\/div>\n\n\n\n<p>Il fait construire un moulin \u00e0 vapeur en 1859 \u00e0 proximit\u00e9 du moulin \u00e0 vent (3). Il d\u00e9c\u00e8de le 29 ao\u00fbt 1872 (4). Sa veuve et ses deux filles Adolphine F\u00e9licit\u00e9 et Virginie D\u00e9sir\u00e9e (celle mari\u00e9e au meunier Casimir Flament) h\u00e9ritent entre autres d\u2019un \u00ab b\u00e2timent jadis moulin \u00bb (5). Le moulin de ROUILLIES a donc cess\u00e9 son activit\u00e9 vers 1870.<\/p>\n\n\n\n<p>(1) : ADN 3 Q 69-10 Enregistrement Bureau de Bavay Successions 17\/12\/1811-24\/09\/1815 Succession du 06\/03\/1813<\/p>\n\n\n\n<p>(2) : ADN 3 Q 73-8 Enregistrement Bureau de Bavay Table des baux 1855-1865 Acte du 05\/04\/1857<\/p>\n\n\n\n<p>(3) : ADN 35 P 498 \u00e0 500 Matrices cadastrales B NB 1833 1914<\/p>\n\n\n\n<p>(4) Etat civil Feignies : Jean Baptiste ( \u00b0 1795 + 1867) mari\u00e9 1830 \u00e0 Obrechies avec Julie Z\u00e9lie CORNET ( \u00b0 1804 + 1879) \u2014 F\u00e9licit\u00e9 (\u00b0 1794 + 1872) mari\u00e9e avec Eug\u00e8ne Fontaine \u2014 Alexandre ( \u00b0 1798 + 1872) mari\u00e9 avec D\u00e9sir\u00e9e Filleur (\u00b0 1801 + 1875) NB : celle-ci d\u00e9c\u00e8de au hameau des 4 vents en la demeure de Casimir Dotier, cit\u00e9 ci-dessus en tant que meunier du premier moulin : les deux familles de meuniers semblent avoir des liens amicaux.&nbsp;<a rel=\"noreferrer noopener\" href=\"https:\/\/archivesdepartementales.lenord.fr\/ark:\/33518\/b26zrp19g4fm\/0e1b0bd2-f74c-4b66-bd36-ffae0074a7a7\" target=\"_blank\">(1 Mi EC 225 R 003)<\/a><\/p>\n\n\n\n<p>(5) : ADN 3 Q 69-47 Enregistrement Bureau de Bavay Successions 1873 1874<\/p>\n","protected":false},"excerpt":{"rendered":"<p>Les Moulins \u00e0 vent de Feignies : Deux moulins \u00e0 vent existent \u00e0 la fin du XVIII e si\u00e8cle \u00e0 Feignies. Le premier situ\u00e9 Chemin des Vents devenu de nos jours la Rue Arthur Dubois appartient \u00e0 Auguste DOTIER \u00e9poux de Robertine GAUDIERE. A son d\u00e9c\u00e8s le 4 juin 1833 il laisse le moulin en &hellip; <a href=\"https:\/\/patrimoine-avesnois.fr\/moulins-vent\/feignies\/\" class=\"more-link\">Continuer la lecture<span class=\"screen-reader-text\"> de &laquo;&nbsp;Feignies&nbsp;&raquo;<\/span><\/a><\/p>\n","protected":false},"author":2,"featured_media":0,"parent":0,"menu_order":0,"comment_status":"closed","ping_status":"closed","template":"","meta":{"footnotes":""},"class_list":["post-54","page","type-page","status-publish","hentry"],"jetpack_sharing_enabled":true,"_links":{"self":[{"href":"https:\/\/patrimoine-avesnois.fr\/moulins-vent\/wp-json\/wp\/v2\/pages\/54","targetHints":{"allow":["GET"]}}],"collection":[{"href":"https:\/\/patrimoine-avesnois.fr\/moulins-vent\/wp-json\/wp\/v2\/pages"}],"about":[{"href":"https:\/\/patrimoine-avesnois.fr\/moulins-vent\/wp-json\/wp\/v2\/types\/page"}],"author":[{"embeddable":true,"href":"https:\/\/patrimoine-avesnois.fr\/moulins-vent\/wp-json\/wp\/v2\/users\/2"}],"replies":[{"embeddable":true,"href":"https:\/\/patrimoine-avesnois.fr\/moulins-vent\/wp-json\/wp\/v2\/comments?post=54"}],"version-history":[{"count":1,"href":"https:\/\/patrimoine-avesnois.fr\/moulins-vent\/wp-json\/wp\/v2\/pages\/54\/revisions"}],"predecessor-version":[{"id":55,"href":"https:\/\/patrimoine-avesnois.fr\/moulins-vent\/wp-json\/wp\/v2\/pages\/54\/revisions\/55"}],"wp:attachment":[{"href":"https:\/\/patrimoine-avesnois.fr\/moulins-vent\/wp-json\/wp\/v2\/media?parent=54"}],"curies":[{"name":"wp","href":"https:\/\/api.w.org\/{rel}","templated":true}]}}