{"id":56,"date":"2021-05-04T11:37:56","date_gmt":"2021-05-04T09:37:56","guid":{"rendered":"http:\/\/patrimoine-avesnois.fr\/moulins-vent\/?page_id=56"},"modified":"2021-05-04T11:37:56","modified_gmt":"2021-05-04T09:37:56","slug":"ferriere-la-grande","status":"publish","type":"page","link":"https:\/\/patrimoine-avesnois.fr\/moulins-vent\/ferriere-la-grande\/","title":{"rendered":"Ferri\u00e8re-la-Grande"},"content":{"rendered":"\n<p class=\"has-bright-red-color has-text-color has-medium-font-size\"><strong>Le Moulin \u00e0 vent de Ferri\u00e8re-la-Grande :<\/strong><\/p>\n\n\n\n<div class=\"wp-block-image\"><figure class=\"aligncenter\"><img decoding=\"async\" src=\"https:\/\/i2.wp.com\/patrimoine-avesnois.fr\/chemin\/wp-content\/uploads\/2021\/03\/Capture-44.jpg?resize=840%2C630\" alt=\"\" class=\"wp-image-12018\"\/><figcaption>Cadastre Ferri\u00e8re-la-Grande 1845 P 30 \/ 130 S A 874&nbsp;<a rel=\"noreferrer noopener\" href=\"https:\/\/archivesdepartementales.lenord.fr\/ark:\/33518\/5pbf2hg04n9t\/30426c36-1023-42f5-8109-b5a89e528798\" target=\"_blank\">Vue 11\/17<\/a><\/figcaption><\/figure><\/div>\n\n\n\n<div class=\"wp-block-image\"><figure class=\"aligncenter\"><img decoding=\"async\" src=\"https:\/\/i1.wp.com\/patrimoine-avesnois.fr\/chemin\/wp-content\/uploads\/2021\/03\/Capture-45.jpg?resize=840%2C628\" alt=\"\" class=\"wp-image-12020\"\/><figcaption><em>Position fictive du moulin \u00e0<\/em>&nbsp;vent de Ferri\u00e8re-la-Grande sur une carte actuelle<\/figcaption><\/figure><\/div>\n\n\n\n<div class=\"wp-block-image\"><figure class=\"aligncenter\"><img decoding=\"async\" src=\"https:\/\/i2.wp.com\/patrimoine-avesnois.fr\/chemin\/wp-content\/uploads\/2021\/03\/Rue-Voltaire-Rue-Sadi-Carnot.jpg?resize=840%2C630\" alt=\"\" class=\"wp-image-12019\"\/><figcaption>Endroit o\u00f9 se dressait le moulin \u00e0 vent de Ferri\u00e8re-la-Grande&nbsp;<a rel=\"noreferrer noopener\" href=\"https:\/\/www.google.fr\/maps\/@50.2575933,4.002193,3a,75y,315.95h,83.92t\/data=!3m6!1e1!3m4!1sKDX4qPyU8P3aafiy96fcYg!2e0!7i13312!8i6656\" target=\"_blank\">Rue Voltaire&nbsp;<\/a>ou Rue Sadi Carnot<\/figcaption><\/figure><\/div>\n\n\n\n<div class=\"wp-block-image\"><figure class=\"aligncenter\"><img decoding=\"async\" src=\"https:\/\/i1.wp.com\/patrimoine-avesnois.fr\/chemin\/wp-content\/uploads\/2021\/04\/image-2.png?resize=840%2C633\" alt=\"\" class=\"wp-image-12276\"\/><figcaption>Endroit o\u00f9 se dressait le moulin \u00e0 vent de Ferri\u00e8re-la-Grande Rue Sadi Carnot pr\u00e8s du terrain de football.<\/figcaption><\/figure><\/div>\n\n\n\n<p>Le moulin de Ferri\u00e8re-la-Grande est un moulin tour en brique \u00e9rig\u00e9 en 1818 en m\u00eame temps qu\u2019une maison au lieu-dit Les Trieux par Nicolas GARCON (1). Il est meunier en 1786 \u00e0 Gommegnies (2). Son p\u00e8re Antoine Fran\u00e7ois est \u00e9galement meunier dans la localit\u00e9. Nicolas d\u00e9c\u00e8de \u00e0 Ferri\u00e8re-la-Grande le 11 janvier 1835 \u00e9poux de Catherine DINOIR.<\/p>\n\n\n\n<div class=\"wp-block-image\"><figure class=\"aligncenter\"><img decoding=\"async\" src=\"https:\/\/i0.wp.com\/patrimoine-avesnois.fr\/chemin\/wp-content\/uploads\/2021\/03\/image-9.png?fit=840%2C349\" alt=\"\" class=\"wp-image-12023\"\/><figcaption>Acte de d\u00e9c\u00e8s de Nicolas GARCON le 11\/01\/1835 ADN NMD [1793-1855]5 Mi 007 R 007&nbsp;<a rel=\"noreferrer noopener\" href=\"https:\/\/archivesdepartementales.lenord.fr\/ark:\/33518\/lmw38dtz6vqk\/1159e96e-c371-4537-99be-132ef9202e21\" target=\"_blank\">Vue 817\/1242<\/a><\/figcaption><\/figure><\/div>\n\n\n\n<p>Il laisse pour h\u00e9ritiers trois fils Pierre qui d\u00e9c\u00e8de le 8 f\u00e9vrier 1841 \u00e0 Franc-Waret en Belgique, Valentin meunier \u00e0 Ferri\u00e8re -la-Grande (\u00b0 1796 + 1868) et Victorien (\u00b0 1813 + 1874) meunier \u00e0 Maubeuge (3). C\u2019est la fille de Victorien, Valentine Rose, qui h\u00e9rite au d\u00e9c\u00e8s de son p\u00e8re du moulin \u00e0 vent qui provient de la succession de son oncle Valentin (4). Le moulin de Ferri\u00e8re-la-Grande est en ruine en 1875.<\/p>\n\n\n\n<p>(1) : ADN 35 P 535 Matrices cadastrales B NB 1817 1821<\/p>\n\n\n\n<p>(2) : ADL \u2013 Gommegnies registre paroisse AM 29 ao\u00fbt 1786<\/p>\n\n\n\n<p>(3) : ADN 3 Q 373-16 Enregistrement Bureau de Maubeuge Successions 24\/12\/1834-09\/10\/1837<\/p>\n\n\n\n<p>(4) : ADN 3 Q 373-46 Enregistrement Bureau de Maubeuge Successions 01\/01\/1874-09\/09\/1874 Succession 17\/08\/1874<\/p>\n","protected":false},"excerpt":{"rendered":"<p>Le Moulin \u00e0 vent de Ferri\u00e8re-la-Grande : Le moulin de Ferri\u00e8re-la-Grande est un moulin tour en brique \u00e9rig\u00e9 en 1818 en m\u00eame temps qu\u2019une maison au lieu-dit Les Trieux par Nicolas GARCON (1). Il est meunier en 1786 \u00e0 Gommegnies (2). Son p\u00e8re Antoine Fran\u00e7ois est \u00e9galement meunier dans la localit\u00e9. Nicolas d\u00e9c\u00e8de \u00e0 Ferri\u00e8re-la-Grande &hellip; <a href=\"https:\/\/patrimoine-avesnois.fr\/moulins-vent\/ferriere-la-grande\/\" class=\"more-link\">Continuer la lecture<span class=\"screen-reader-text\"> de &laquo;&nbsp;Ferri\u00e8re-la-Grande&nbsp;&raquo;<\/span><\/a><\/p>\n","protected":false},"author":2,"featured_media":0,"parent":0,"menu_order":0,"comment_status":"closed","ping_status":"closed","template":"","meta":{"footnotes":""},"class_list":["post-56","page","type-page","status-publish","hentry"],"jetpack_sharing_enabled":true,"_links":{"self":[{"href":"https:\/\/patrimoine-avesnois.fr\/moulins-vent\/wp-json\/wp\/v2\/pages\/56","targetHints":{"allow":["GET"]}}],"collection":[{"href":"https:\/\/patrimoine-avesnois.fr\/moulins-vent\/wp-json\/wp\/v2\/pages"}],"about":[{"href":"https:\/\/patrimoine-avesnois.fr\/moulins-vent\/wp-json\/wp\/v2\/types\/page"}],"author":[{"embeddable":true,"href":"https:\/\/patrimoine-avesnois.fr\/moulins-vent\/wp-json\/wp\/v2\/users\/2"}],"replies":[{"embeddable":true,"href":"https:\/\/patrimoine-avesnois.fr\/moulins-vent\/wp-json\/wp\/v2\/comments?post=56"}],"version-history":[{"count":1,"href":"https:\/\/patrimoine-avesnois.fr\/moulins-vent\/wp-json\/wp\/v2\/pages\/56\/revisions"}],"predecessor-version":[{"id":57,"href":"https:\/\/patrimoine-avesnois.fr\/moulins-vent\/wp-json\/wp\/v2\/pages\/56\/revisions\/57"}],"wp:attachment":[{"href":"https:\/\/patrimoine-avesnois.fr\/moulins-vent\/wp-json\/wp\/v2\/media?parent=56"}],"curies":[{"name":"wp","href":"https:\/\/api.w.org\/{rel}","templated":true}]}}