{"id":68,"date":"2021-05-04T12:03:53","date_gmt":"2021-05-04T10:03:53","guid":{"rendered":"http:\/\/patrimoine-avesnois.fr\/moulins-vent\/?page_id=68"},"modified":"2021-05-04T12:03:53","modified_gmt":"2021-05-04T10:03:53","slug":"gommegnies","status":"publish","type":"page","link":"https:\/\/patrimoine-avesnois.fr\/moulins-vent\/gommegnies\/","title":{"rendered":"Gommegnies"},"content":{"rendered":"\n<p class=\"has-bright-red-color has-text-color has-medium-font-size\"><strong>Les Six Moulins \u00e0 vent de Gommegnies :<\/strong><\/p>\n\n\n\n<div class=\"wp-block-image\"><figure class=\"aligncenter\"><img decoding=\"async\" src=\"https:\/\/i0.wp.com\/patrimoine-avesnois.fr\/chemin\/wp-content\/uploads\/2021\/03\/Capture-80-1.jpg?resize=840%2C599\" alt=\"\" class=\"wp-image-12085\"\/><figcaption>Cadastre Gommegnies 1826 ADN P 31 \/ 712&nbsp;<a href=\"https:\/\/archivesdepartementales.lenord.fr\/ark:\/33518\/mjb2dzp74kng\/7f424277-bbab-4cea-b9af-fb7a529d5b97\" target=\"_blank\" rel=\"noreferrer noopener\">Vue 1\/33<\/a><\/figcaption><\/figure><\/div>\n\n\n\n<div class=\"wp-block-image\"><figure class=\"aligncenter\"><img decoding=\"async\" src=\"https:\/\/i0.wp.com\/patrimoine-avesnois.fr\/chemin\/wp-content\/uploads\/2021\/03\/Capture-84.jpg?fit=840%2C629\" alt=\"\" class=\"wp-image-12089\"\/><figcaption>Position fictive des 6 moulins de Gommegnies sur une carte actuelle<\/figcaption><\/figure><\/div>\n\n\n\n<p>Gommegnies a compt\u00e9 jusqu\u2019\u00e0 six moulins dont trois avant la R\u00e9volution.<\/p>\n\n\n\n<p>1 Le Moulin \u00e0 vent d\u2019Amfroipret (S C 91) :<\/p>\n\n\n\n<div class=\"wp-block-image\"><figure class=\"aligncenter\"><img decoding=\"async\" src=\"https:\/\/i2.wp.com\/patrimoine-avesnois.fr\/chemin\/wp-content\/uploads\/2021\/03\/Capture-81.jpg?resize=840%2C626\" alt=\"\" class=\"wp-image-12083\"\/><figcaption>Carte de Cassini<\/figcaption><\/figure><\/div>\n\n\n\n<div class=\"wp-block-image\"><figure class=\"aligncenter\"><img decoding=\"async\" src=\"https:\/\/i2.wp.com\/patrimoine-avesnois.fr\/chemin\/wp-content\/uploads\/2021\/03\/Capture-82.jpg?resize=840%2C631\" alt=\"\" class=\"wp-image-12084\"\/><figcaption>Carte du dioc\u00e8se de Cambrai<\/figcaption><\/figure><\/div>\n\n\n\n<div class=\"wp-block-image\"><figure class=\"aligncenter\"><img decoding=\"async\" src=\"https:\/\/i1.wp.com\/patrimoine-avesnois.fr\/chemin\/wp-content\/uploads\/2021\/03\/Capture-86.jpg?fit=840%2C630\" alt=\"\" class=\"wp-image-12091\"\/><figcaption>Endroit o\u00f9 se dressait le \u00ab&nbsp;moulin d\u2019Amfroipret&nbsp;\u00bb&nbsp;<a href=\"https:\/\/www.google.com\/maps\/@50.2724759,3.7270207,3a,90y,92.74h,85.83t\/data=!3m6!1e1!3m4!1sxcPkxzjiEtswoTavCUJ-Mg!2e0!7i16384!8i8192\" target=\"_blank\" rel=\"noreferrer noopener\">Rue Cach\u00e9 d\u2019Erpion<\/a><\/figcaption><\/figure><\/div>\n\n\n\n<p>C\u2019est le seul qui figure sur la carte de Cassini et sur la carte du dioc\u00e8se de Cambrai. Il est intitul\u00e9 Moulin d\u2019Anfroidpret. Cela laisse penser qu\u2019il \u00e9tait probablement \u00e0 l\u2019origine sur le territoire d\u2019Amfroipret (il n\u2019est pas sur le cadastre de 1804) et qu\u2019il a ensuite \u00e9t\u00e9 d\u00e9plac\u00e9 \u00e0 Gommegnies car on le retrouve sur les cadastres de cette commune : S E 19 sur le cadastre de l\u2019An 12 et S C 91 sur le cadastre de 1826. Mais alors quand a t-il \u00e9t\u00e9 d\u00e9plac\u00e9 ? Une succession d\u2019un Charles Fran\u00e7ois de MONTMAUR d\u00e9c\u00e9d\u00e9 en 1803 \u00e0 Meymac en Corr\u00e8ze nous apprend que celui-ci avait en 1794 fait un testament en faveur de son \u00e9pouse dans lequel figurait des terres \u00e0 Amfroipret et un moulin \u00e0 vent lou\u00e9 \u00e0 Jean Baptiste Dubois (1). S\u2019il s\u2019agit bien de notre moulin, celui-ci a chang\u00e9 de commune entre 1795 et 1803. En 1816 le moulin est achet\u00e9 par Isidore CARPENTIER (\u00b0 1766 +1853) (2) qui est mari\u00e9 avec Marie Rose Aim\u00e9e HECQUET ( \u00b0 1769 + 1824). Le moulin appartient en 1832 \u00e0 Isidore et \u00e0 une de ses filles Agn\u00e8s Aim\u00e9e mari\u00e9e avec Emmanuel DAZIN. A partir de 1844 le moulin appartient seul au fils Isidore Juv\u00e9nal CARPENTIER (3). Le moulin disparait vers 1875.<\/p>\n\n\n\n<p>(1) : ADN 3 Q 69-6 Enregistrement Bureau de Bavay Successions 18 vendemiaire An 12-12 d\u00e9cembre 1806<\/p>\n\n\n\n<p>(2) : ADN 3 Q 70-9 Enregistrement Bavay Table des vendeurs 1816-1817 Acte du 16\/12\/1816<\/p>\n\n\n\n<p>(3) ADN 35 P 664 665 Matrices cadastrales B NB 1828 1899<\/p>\n\n\n\n<p class=\"has-text-align-center\">*****<\/p>\n\n\n\n<p>2 Le premier Moulin \u00e0 vent du Champ de Corneille (S B 118) :<\/p>\n\n\n\n<div class=\"wp-block-image\"><figure class=\"aligncenter\"><img decoding=\"async\" src=\"https:\/\/i0.wp.com\/patrimoine-avesnois.fr\/chemin\/wp-content\/uploads\/2021\/03\/Capture-80-1.jpg?resize=840%2C599\" alt=\"L\u2019attribut alt de cette image est vide, son nom de fichier est Capture-80-1.jpg.\"\/><figcaption>Cadastre Gommegnies 1826 ADN P 31 \/ 712&nbsp;<a rel=\"noreferrer noopener\" href=\"https:\/\/archivesdepartementales.lenord.fr\/ark:\/33518\/mjb2dzp74kng\/7f424277-bbab-4cea-b9af-fb7a529d5b97\" target=\"_blank\">Vue 1\/33<\/a><\/figcaption><\/figure><\/div>\n\n\n\n<div class=\"wp-block-image\"><figure class=\"aligncenter\"><img decoding=\"async\" src=\"https:\/\/i2.wp.com\/patrimoine-avesnois.fr\/chemin\/wp-content\/uploads\/2021\/03\/Capture-87.jpg?resize=840%2C630\" alt=\"\" class=\"wp-image-12092\"\/><figcaption>Endroit o\u00f9 se dressait le premier moulin \u00e0 vent du Champ de Corneille Rue du Chemineau<\/figcaption><\/figure><\/div>\n\n\n\n<p>Ce moulin \u00e0 vent est \u00e9rig\u00e9 en 1770 suite \u00e0 une r\u00e9ponse favorable du 9 octobre 1769 accord\u00e9e \u00e0 Jean Baptiste BETH (1). Celui-ci (\u00b01729 + 1808), c\u00e9libataire, vend en 1799 le moulin \u00e0 moudre du bl\u00e9 \u00e0 son fr\u00e8re Jean et \u00e0 son beau fr\u00e8re Guillain BOEZ (2). Le moulin appartient en 1826 \u00e0 Victor WILMART (\u00b01775 + 1857), meunier et occupant puis en 1862 \u00e0 son fils Henri, meunier \u00e0 la Cav\u00e9e et en 1879 \u00e0 Marie Fanny AUCLAIRE \u00e9pouse WILMART Henri \u00e0 la Cav\u00e9e (3).<\/p>\n\n\n\n<p>(1) : ADN S\u00e9rie C 17385 Acte trouv\u00e9 gr\u00e2ce \u00e0 l\u2019aimable recherche de M Michel Vangheluwe<\/p>\n\n\n\n<p>(2) : 3 Q 406-3 Enregistrement Bureau Le Quesnoy Table des vendeurs 1793- An 7 Acte du 21 vent\u00f4se An 7<\/p>\n\n\n\n<p>(3) ADN 35 P 664 665 Matrices cadastrales B NB 1828 1899<\/p>\n\n\n\n<p class=\"has-text-align-center\">*****<\/p>\n\n\n\n<p>3 Le Moulin \u00e0 vent du Hyaume (S A 218) :<\/p>\n\n\n\n<div class=\"wp-block-image\"><figure class=\"aligncenter\"><img decoding=\"async\" src=\"https:\/\/i0.wp.com\/patrimoine-avesnois.fr\/chemin\/wp-content\/uploads\/2021\/03\/Capture-80-1.jpg?resize=840%2C599\" alt=\"L\u2019attribut alt de cette image est vide, son nom de fichier est Capture-80-1.jpg.\"\/><\/figure><\/div>\n\n\n\n<div class=\"wp-block-image\"><figure class=\"aligncenter\"><img decoding=\"async\" src=\"https:\/\/i0.wp.com\/patrimoine-avesnois.fr\/chemin\/wp-content\/uploads\/2021\/03\/Capture-88.jpg?fit=840%2C629\" alt=\"\" class=\"wp-image-12095\"\/><figcaption>Endroit o\u00f9 se dressait le moulin \u00e0 vent du Huyaume D 87&nbsp;<a href=\"https:\/\/www.google.com\/maps\/@50.274646,3.6987018,3a,75y,166.04h,79.05t\/data=!3m6!1e1!3m4!1sYcnOmwfH5pEom_Su2yIc3g!2e0!7i13312!8i6656\" target=\"_blank\" rel=\"noreferrer noopener\">Rue de la Raperie<\/a><\/figcaption><\/figure><\/div>\n\n\n\n<p>Ce moulin \u00e0 vent est situ\u00e9 sur le cadastre de l\u2019An 12 \u00e0 la section D 9 et sur le cadastre de 1826 \u00e0 la section A 218 Face du Huyaume le long du chemin de Preux \u00e0 Gommegnies devenu aujourd\u2019hui rue de la Raperie. Il aurait \u00e9t\u00e9 construit aux environs des ann\u00e9es 1770 par le sieur LENGLET. Il pourrait s\u2019agir d\u2019un des trois fils de Philippe LENGLET et de Anne Marie MARTIN, \u00e0 savoir Antoine, Charles-Fran\u00e7ois ou plus probablement Jean Pierre, tous charpentiers. Quoiqu\u2019il en soit le moulin est sur le cadastre de 1826 et il est la propri\u00e9t\u00e9 de Pierre Joseph DELCOURT, meunier, mari\u00e9 \u00e0 Aim\u00e9e P\u00e9lagie BRASSEUR. Il d\u00e9tient certainement le moulin juste avant 1795, date \u00e0 laquelle il est d\u00e9j\u00e0 dit meunier lors de la naissance du fils Henry Paschal (1). Il \u00e9tait marchand de bois en 1790 lors de son mariage. D\u00e9c\u00e9d\u00e9 en 1832, un autre fils Paschal (\u00b01803 + 1885) d\u00e9tient le moulin \u00e0 vent. A son d\u00e9c\u00e8s le moulin revient \u00e0 sa fille Cl\u00e9mence mais le moulin est d\u00e9j\u00e0 dans un tel \u00e9tat qu\u2019il disparait vers 1890.<\/p>\n\n\n\n<p>(1) : ADN BMS Gommegnies [1791-1796] 5 Mi 009 R 006&nbsp;<a rel=\"noreferrer noopener\" href=\"https:\/\/archivesdepartementales.lenord.fr\/ark:\/33518\/mdwrvl74sg1n\/011464f2-42ea-40cf-b5e7-ac0ea1e556f6\" target=\"_blank\">Vue 138\/224<\/a><\/p>\n\n\n\n<p class=\"has-text-align-center\">*****<\/p>\n\n\n\n<p>4 Le Moulin \u00e0 vent du Cheval Blanc (S E 26 ou S B 1035) :<\/p>\n\n\n\n<div class=\"wp-block-image\"><figure class=\"aligncenter\"><img decoding=\"async\" src=\"https:\/\/i1.wp.com\/patrimoine-avesnois.fr\/chemin\/wp-content\/uploads\/2021\/03\/Capture-89.jpg?resize=840%2C630\" alt=\"\" class=\"wp-image-12097\"\/><figcaption>Cadastre Gommegnies An 12 Moulins S E 19 ET S E 26 ADN P 30 \/ 150&nbsp;<a rel=\"noreferrer noopener\" href=\"https:\/\/archivesdepartementales.lenord.fr\/ark:\/33518\/qbkwmpnd6g3j\/75a7c07b-339a-433c-ae82-755557966685\" target=\"_blank\">Vue 2\/6<\/a><\/figcaption><\/figure><\/div>\n\n\n\n<div class=\"wp-block-image\"><figure class=\"aligncenter\"><img decoding=\"async\" src=\"https:\/\/i0.wp.com\/patrimoine-avesnois.fr\/chemin\/wp-content\/uploads\/2021\/03\/Capture-80-1.jpg?resize=840%2C599\" alt=\"L\u2019attribut alt de cette image est vide, son nom de fichier est Capture-80-1.jpg.\"\/><\/figure><\/div>\n\n\n\n<div class=\"wp-block-image\"><figure class=\"aligncenter\"><img decoding=\"async\" src=\"https:\/\/i2.wp.com\/patrimoine-avesnois.fr\/chemin\/wp-content\/uploads\/2021\/03\/Capture-90.jpg?fit=840%2C616\" alt=\"\" class=\"wp-image-12102\"\/><figcaption>Gommegnies Le Moulin du Cheval Blanc Photo ARAM Il s\u2019agit du moulin \u00e0 vent du Champ du Tour (Rue des Saules)<\/figcaption><\/figure><\/div>\n\n\n\n<p>Nous avons signal\u00e9 plus haut que le moulin d\u2019Amfroipret \u00e9tait lou\u00e9 en 1794 \u00e0&nbsp;<a rel=\"noreferrer noopener\" href=\"https:\/\/gw.geneanet.org\/laurianne1?lang=fr&amp;pz=daniel+oscar&amp;nz=dubois&amp;p=jean+baptiste&amp;n=dubois\" target=\"_blank\">Jean Baptiste DUBOIS<\/a>&nbsp;(1). Or en 1806 ce m\u00eame moulin est lou\u00e9 par deux de ses enfants Jean Louis et Caroline (2). On peut en d\u00e9duire que Jean Baptiste n\u2019occupe plus ce moulin. En fait il a fait b\u00e2tir entre 1795 et 1803 \u00e0 un autre endroit son propre moulin. Ceci est confirm\u00e9 par un acte de 1809 dans lequel Jean Baptiste, garde forestier \u00e0 Locquignol fait donation de la moiti\u00e9 d\u2019un moulin \u00e0 son \u00e9pouse Marie Joseph DELATTE (3). L\u2019endroit de l\u2019\u00e9rection de ce moulin d\u2019ailleurs tr\u00e8s proche du moulin d\u2019Amfroipret nous est d\u00e9voil\u00e9 par le cadastre de 1826 dans lequel la section B 1035 Champ du Tour contient un moulin \u00e0 vent \u00e0 farine appartenant \u00e0 DUBOIS Jean Joseph, meunier et occupant \u00e0 Gommegnies. Jean Joseph n\u2019est autre selon moi que Jean (Louis) Joseph le fils de Jean Baptiste. Le moulin est situ\u00e9 le long de la rue des Saules (La Cav\u00e9e-Chasse d\u2019Herpion) prolong\u00e9e par la rue du Cheval Blanc . Jean d\u00e9c\u00e8de le 14 octobre 1840 au lieu-dit Herpion et d\u00e8s 1841 le moulin \u00e0 vent du Cheval Blanc appartient \u00e0 Augustin SENECHAL.<\/p>\n\n\n\n<div class=\"wp-block-image\"><figure class=\"aligncenter is-resized\"><img loading=\"lazy\" decoding=\"async\" src=\"https:\/\/i1.wp.com\/patrimoine-avesnois.fr\/chemin\/wp-content\/uploads\/2021\/03\/Capture-91.jpg?w=840\" alt=\"\" class=\"wp-image-12104\" width=\"401\" height=\"676\"\/><\/figure><\/div>\n\n\n\n<div class=\"wp-block-image\"><figure class=\"aligncenter\"><img decoding=\"async\" src=\"https:\/\/i2.wp.com\/patrimoine-avesnois.fr\/chemin\/wp-content\/uploads\/2021\/03\/Capture-93.jpg?fit=840%2C574\" alt=\"\" class=\"wp-image-12106\"\/><figcaption>Endroit o\u00f9 se dressait le Moulin \u00e0 vent Gros Jean (au niveau du saule se trouvant dans la haie de gauche)&nbsp;<a href=\"https:\/\/www.google.fr\/maps\/@50.2685449,3.7229582,3a,75y,62.07h,90.33t\/data=!3m6!1e1!3m4!1s-60L_TlN_PteKq3uGS2Nwg!2e0!7i16384!8i8192\" target=\"_blank\" rel=\"noreferrer noopener\">Rue des Saules<\/a><\/figcaption><\/figure><\/div>\n\n\n\n<p>Augustin SENECHAL meunier \u00e0 la Cav\u00e9e mari\u00e9 avec Marie Sophie CHOQUET d\u00e9c\u00e8de en 1848. Le moulin est alors d\u00e9tenu par moiti\u00e9 par ses deux fils D\u00e9sir\u00e9 Augustin et Michel Augustin (\u00b01818 + 1867) mari\u00e9 avec Eug\u00e9nie PREVOST. Ce couple a deux enfants D\u00e9sir\u00e9 Michel Augustin (\u00b0 1846 + 1886) meunier de profession et une fille Elise Sidonie mari\u00e9e en 1874 avec Jean Baptiste Ren\u00e9 DUBOIS. Ce dernier apparait le propri\u00e9taire du moulin et meunier aux Caches sur le cadastre de 1875 (4).<\/p>\n\n\n\n<div class=\"wp-block-image\"><figure class=\"aligncenter\"><img decoding=\"async\" src=\"https:\/\/i1.wp.com\/patrimoine-avesnois.fr\/chemin\/wp-content\/uploads\/2021\/03\/Capture-92.jpg?resize=840%2C630\" alt=\"\" class=\"wp-image-12105\"\/><figcaption>Cadastre Gommegnies 1897 ADN P 31 \/ 712 S B 994&nbsp;<a rel=\"noreferrer noopener\" href=\"https:\/\/archivesdepartementales.lenord.fr\/ark:\/33518\/mjb2dzp74kng\/c7ff1d2c-e0ae-4995-8ad8-a1884a83cb6f\" target=\"_blank\">Vue 17\/33<\/a><\/figcaption><\/figure><\/div>\n\n\n\n<p>Le Moulin \u00e0 vent a chang\u00e9 de nom sur le cadastre de 1897 : il s\u2019appelle le moulin Gros Jean. Il appartient encore au couple DUBOIS SENECHAL. En 1932 il a chang\u00e9 de propri\u00e9taire en la personne de Paul CANDAMIN-CROIX qui le d\u00e9molit en 1935.<\/p>\n\n\n\n<p>(1) : ADN 3 Q 69-6 Enregistrement Bureau de Bavay Successions 18 vendemiaire An 12-12 d\u00e9cembre 1806<\/p>\n\n\n\n<p>(2) : ADN 3 Q 73-3 Enregistrement Bureau de Bavay Table des baux An 8-1813 Acte du 28\/06\/1806<\/p>\n\n\n\n<p>(3) : ADN 3 Q 406-9 Enregistrement Bureau Le Quesnoy 1809 Acte du 24\/10\/1809<\/p>\n\n\n\n<p>(4) : ADN 35 P 664 665 Matrices cadastrales B NB 1828 1899<\/p>\n\n\n\n<p class=\"has-text-align-center\">*****<\/p>\n\n\n\n<p>5 Le Moulin \u00e0 vent du Bain des Corbeaux (S A 98) :<\/p>\n\n\n\n<div class=\"wp-block-image\"><figure class=\"aligncenter\"><img decoding=\"async\" src=\"https:\/\/i0.wp.com\/patrimoine-avesnois.fr\/chemin\/wp-content\/uploads\/2021\/03\/Capture-80-1.jpg?resize=840%2C600\" alt=\"L\u2019attribut alt de cette image est vide, son nom de fichier est Capture-80-1.jpg.\"\/><figcaption>Cadastre de 1826<\/figcaption><\/figure><\/div>\n\n\n\n<div class=\"wp-block-image\"><figure class=\"aligncenter\"><img decoding=\"async\" src=\"https:\/\/i1.wp.com\/patrimoine-avesnois.fr\/chemin\/wp-content\/uploads\/2021\/03\/Capture-94.jpg?w=840\" alt=\"\" class=\"wp-image-12108\"\/><figcaption>Endroit o\u00f9 se dressait le Moulin \u00e0 vent du Bain des Corbeaux ( au niveau du bosquet \u00e0 la gauche du poteau \u00e9lectrique)&nbsp;<a href=\"https:\/\/www.google.fr\/maps\/@50.2803489,3.6903345,3a,90y,230.55h,76.45t\/data=!3m6!1e1!3m4!1sQmtihupPOuIhGsWmd9_4IQ!2e0!7i13312!8i6656\" target=\"_blank\" rel=\"noreferrer noopener\">Rue de la Raperie<\/a><\/figcaption><\/figure><\/div>\n\n\n\n<p>Le Moulin \u00e0 vent \u00e0 farine du Bain des Corbeaux \u00e0 Gommegnies \u00e0 la limite de Preux-au-Sart est \u00e9rig\u00e9 entre l\u2019An 12 (1803-1804) et 1826 probablement par Alexis-Fran\u00e7ois JOUGLET mari\u00e9 en 1806 \u00e0 Preux-au-Sart avec Marie Joseph GOSSELIN car sur le cadastre de 1826 il en est le propri\u00e9taire. Toujours selon le cadastre le moulin appartient en 1841 \u00e0 Thomas D\u00e9sir\u00e9 DELCOURT qui est un des fils de Pierre Joseph DELCOURT et de Aim\u00e9e P\u00e9lagie BRASSEUR propri\u00e9taire du moulin \u00e0 vent du Hyaume comme nous l\u2019avons indiqu\u00e9 ci-dessus. Il le vend entre 1843 et 1851 \u00e0 Louis RICHARD mari\u00e9 \u00e0 Ad\u00e8le LEMAITRE, meunier \u00e0 Gommegnies qui le d\u00e9monte en 1888 avec son fils Charles \u00e2g\u00e9 de 36 ans \u00e9galement meunier .<\/p>\n\n\n\n<p class=\"has-text-align-center\">*****<\/p>\n\n\n\n<p>6 Le second Moulin \u00e0 vent du Champ de Corneille (S B 114) :<\/p>\n\n\n\n<div class=\"wp-block-image\"><figure class=\"aligncenter\"><img decoding=\"async\" src=\"https:\/\/i1.wp.com\/patrimoine-avesnois.fr\/chemin\/wp-content\/uploads\/2021\/03\/Capture-95.jpg?resize=840%2C630\" alt=\"L\u2019attribut alt de cette image est vide, son nom de fichier est Capture-95.jpg.\"\/><figcaption>Cadastre Gommegnies 1826 ADN P 31 \/ 712 Moulins S B 114 et 118&nbsp;<a rel=\"noreferrer noopener\" href=\"https:\/\/archivesdepartementales.lenord.fr\/ark:\/33518\/mjb2dzp74kng\/65f129ee-0aa0-4802-b6d6-17da8aa0f6fb\" target=\"_blank\">Vue 3\/33<\/a><\/figcaption><\/figure><\/div>\n\n\n\n<div class=\"wp-block-image\"><figure class=\"aligncenter\"><img decoding=\"async\" src=\"https:\/\/i0.wp.com\/patrimoine-avesnois.fr\/chemin\/wp-content\/uploads\/2021\/03\/Rue-de-la-gare.jpg?resize=840%2C603\" alt=\"\" class=\"wp-image-12109\"\/><figcaption>Position fictive du second moulin \u00e0 vent du Champ de Corneille sur une carte actuelle<\/figcaption><\/figure><\/div>\n\n\n\n<div class=\"wp-block-image\"><figure class=\"aligncenter\"><img decoding=\"async\" src=\"https:\/\/i1.wp.com\/patrimoine-avesnois.fr\/chemin\/wp-content\/uploads\/2021\/03\/Capture2.jpg?resize=840%2C623\" alt=\"\" class=\"wp-image-12110\"\/><figcaption>Endroit o\u00f9 se dressait le second moulin \u00e0 vent du Champ de Corneille&nbsp;<a href=\"https:\/\/www.google.fr\/maps\/@50.264716,3.7069816,3a,75y,72.72h,79.56t\/data=!3m6!1e1!3m4!1s0AE-9c6TpmgY1M1Y7i0xyg!2e0!7i13312!8i6656\" target=\"_blank\" rel=\"noreferrer noopener\">Rue de la Gare<\/a><\/figcaption><\/figure><\/div>\n\n\n\n<p>Le sixi\u00e8me moulin \u00e0 vent de Gommegnies, au Champ de Corneille est \u00e9rig\u00e9 \u00e0 proximit\u00e9 du premier moulin du m\u00eame lieu-dit, rue du Chemineau. Il est l\u2019\u0153uvre de Quentin CUVELIER (\u00b0 1769 + 1838) suite \u00e0 un arr\u00eat\u00e9 du 9 mai 1817 (1). Il est meunier, occupant \u00e0 Gommegnies et mari\u00e9 avec Am\u00e9lie DUPONT. En 1843 les propri\u00e9taires indiqu\u00e9s sur le cadastre sont pour moiti\u00e9 C\u00e9lestin CUVELIER ( fils de Quentin n\u00e9 en 1813) meunier et pour l\u2019autre moiti\u00e9 Philippe Joseph Germain PR\u00c9VOST cordonnier mari\u00e9 \u00e0 Marie Catherine CUVELIER (fille de Quentin) \u00e0 Gommegnies. Pour information un autre fils de Quentin, Fran\u00e7ois Jh Quentin n\u00e9 en 1796 est \u00e9galement meunier au moulin \u00e0 vent avec son fr\u00e8re C\u00e9lestin. En 1848 le moulin dans sa totalit\u00e9 appartient au meunier Louis Joseph BOSSOIS puis en 1875 au fils Raymond BOSSOIS, meunier puis boulanger. Le moulin \u00e0 vent est d\u00e9moli en 1888 (2).<\/p>\n\n\n\n<p>(1) : ADN K 399<\/p>\n\n\n\n<p>(2) : ADN 35 P 664 665 Matrices cadastrales B NB 1828 1899<\/p>\n","protected":false},"excerpt":{"rendered":"<p>Les Six Moulins \u00e0 vent de Gommegnies : Gommegnies a compt\u00e9 jusqu\u2019\u00e0 six moulins dont trois avant la R\u00e9volution. 1 Le Moulin \u00e0 vent d\u2019Amfroipret (S C 91) : C\u2019est le seul qui figure sur la carte de Cassini et sur la carte du dioc\u00e8se de Cambrai. Il est intitul\u00e9 Moulin d\u2019Anfroidpret. Cela laisse penser &hellip; <a href=\"https:\/\/patrimoine-avesnois.fr\/moulins-vent\/gommegnies\/\" class=\"more-link\">Continuer la lecture<span class=\"screen-reader-text\"> de &laquo;&nbsp;Gommegnies&nbsp;&raquo;<\/span><\/a><\/p>\n","protected":false},"author":2,"featured_media":0,"parent":0,"menu_order":0,"comment_status":"closed","ping_status":"closed","template":"","meta":{"footnotes":""},"class_list":["post-68","page","type-page","status-publish","hentry"],"jetpack_sharing_enabled":true,"_links":{"self":[{"href":"https:\/\/patrimoine-avesnois.fr\/moulins-vent\/wp-json\/wp\/v2\/pages\/68","targetHints":{"allow":["GET"]}}],"collection":[{"href":"https:\/\/patrimoine-avesnois.fr\/moulins-vent\/wp-json\/wp\/v2\/pages"}],"about":[{"href":"https:\/\/patrimoine-avesnois.fr\/moulins-vent\/wp-json\/wp\/v2\/types\/page"}],"author":[{"embeddable":true,"href":"https:\/\/patrimoine-avesnois.fr\/moulins-vent\/wp-json\/wp\/v2\/users\/2"}],"replies":[{"embeddable":true,"href":"https:\/\/patrimoine-avesnois.fr\/moulins-vent\/wp-json\/wp\/v2\/comments?post=68"}],"version-history":[{"count":1,"href":"https:\/\/patrimoine-avesnois.fr\/moulins-vent\/wp-json\/wp\/v2\/pages\/68\/revisions"}],"predecessor-version":[{"id":69,"href":"https:\/\/patrimoine-avesnois.fr\/moulins-vent\/wp-json\/wp\/v2\/pages\/68\/revisions\/69"}],"wp:attachment":[{"href":"https:\/\/patrimoine-avesnois.fr\/moulins-vent\/wp-json\/wp\/v2\/media?parent=68"}],"curies":[{"name":"wp","href":"https:\/\/api.w.org\/{rel}","templated":true}]}}