{"id":72,"date":"2021-05-04T12:07:11","date_gmt":"2021-05-04T10:07:11","guid":{"rendered":"http:\/\/patrimoine-avesnois.fr\/moulins-vent\/?page_id=72"},"modified":"2021-05-04T12:07:11","modified_gmt":"2021-05-04T10:07:11","slug":"hecq","status":"publish","type":"page","link":"https:\/\/patrimoine-avesnois.fr\/moulins-vent\/hecq\/","title":{"rendered":"Hecq"},"content":{"rendered":"\n<p class=\"has-bright-red-color has-text-color has-medium-font-size\"><strong>Le Moulin \u00e0 vent de Hecq :<\/strong><\/p>\n\n\n\n<div class=\"wp-block-image\"><figure class=\"aligncenter\"><img decoding=\"async\" src=\"https:\/\/i1.wp.com\/patrimoine-avesnois.fr\/chemin\/wp-content\/uploads\/2021\/03\/Capture-102.jpg?resize=840%2C630\" alt=\"\" class=\"wp-image-12125\"\/><figcaption>Carte de Cassini 1758<\/figcaption><\/figure><\/div>\n\n\n\n<div class=\"wp-block-image\"><figure class=\"aligncenter\"><img decoding=\"async\" src=\"https:\/\/i1.wp.com\/patrimoine-avesnois.fr\/chemin\/wp-content\/uploads\/2021\/03\/Capture-103.jpg?resize=840%2C632\" alt=\"\" class=\"wp-image-12127\"\/><figcaption>Cadastre Hecq l\u2019An 12 ADN P 30 \/ 166 Moulin S A 2&nbsp;<a href=\"https:\/\/archivesdepartementales.lenord.fr\/ark:\/33518\/qck3n618bw9h\/5c339b4f-6375-49a6-a44f-83418e58b3bb\" target=\"_blank\" rel=\"noreferrer noopener\">Vue 1\/2<\/a><\/figcaption><\/figure><\/div>\n\n\n\n<div class=\"wp-block-image\"><figure class=\"aligncenter\"><img decoding=\"async\" src=\"https:\/\/i2.wp.com\/patrimoine-avesnois.fr\/chemin\/wp-content\/uploads\/2021\/03\/Capture-104.jpg?resize=840%2C630\" alt=\"\" class=\"wp-image-12128\"\/><figcaption>Cadastre Hecq l\u2019An 12 ADN P 30 \/ 166 Moulin S A 2&nbsp;<a href=\"https:\/\/archivesdepartementales.lenord.fr\/ark:\/33518\/qck3n618bw9h\/c505f4ad-42d5-4779-aae8-6be314a06745\" target=\"_blank\" rel=\"noreferrer noopener\">Vue 2\/2<\/a><\/figcaption><\/figure><\/div>\n\n\n\n<div class=\"wp-block-image\"><figure class=\"aligncenter\"><img decoding=\"async\" src=\"https:\/\/i0.wp.com\/patrimoine-avesnois.fr\/chemin\/wp-content\/uploads\/2021\/03\/Capture-105.jpg?resize=840%2C630\" alt=\"\" class=\"wp-image-12129\"\/><figcaption>Cadastre Hecq 1831 ADN P 31 \/ 718 Moulin S U 34&nbsp;<a href=\"https:\/\/archivesdepartementales.lenord.fr\/ark:\/33518\/m7hs4cqpdlfb\/fce4228a-0ab3-408b-a1a3-37ee07b34603\" target=\"_blank\" rel=\"noreferrer noopener\">Vue 2\/6<\/a><\/figcaption><\/figure><\/div>\n\n\n\n<div class=\"wp-block-image\"><figure class=\"aligncenter\"><img decoding=\"async\" src=\"https:\/\/i1.wp.com\/patrimoine-avesnois.fr\/chemin\/wp-content\/uploads\/2021\/03\/Capture-106.jpg?resize=840%2C628\" alt=\"\" class=\"wp-image-12130\"\/><figcaption>Position fictive du Moulin \u00e0 vent de Hecq sur une carte actuelle<\/figcaption><\/figure><\/div>\n\n\n\n<div class=\"wp-block-image\"><figure class=\"aligncenter\"><img decoding=\"async\" src=\"https:\/\/i2.wp.com\/patrimoine-avesnois.fr\/chemin\/wp-content\/uploads\/2021\/03\/Capture-108.jpg?fit=840%2C630\" alt=\"\" class=\"wp-image-12132\"\/><figcaption>Endroit o\u00f9 se dressait le moulin \u00e0 vent de Hecq Photo prise de la&nbsp;<a rel=\"noreferrer noopener\" href=\"https:\/\/www.google.fr\/maps\/@50.1758917,3.6443218,3a,75y,26.9h,88.94t\/data=!3m7!1e1!3m5!1sDdpQJivnClz6Sew9BKh3wg!2e0!6shttps:%2F%2Fstreetviewpixels-pa.googleapis.com%2Fv1%2Fthumbnail%3Fpanoid%3DDdpQJivnClz6Sew9BKh3wg%26cb_client%3Dsearch.revgeo_and_fetch.gps%26w%3D96%26h%3D64%26yaw%3D167.46834%26pitch%3D0%26thumbfov%3D100!7i16384!8i8192\" target=\"_blank\">Route de Landrecies<\/a><br>Le moulin se situait derri\u00e8re la haie o\u00f9 passait le Chemin du Moulin aujourd\u2019hui disparu<\/figcaption><\/figure><\/div>\n\n\n\n<p>Le moulin \u00e0 vent de Hecq figure sur la carte de Cassini de 1758. Il a \u00e9t\u00e9 construit quelques ann\u00e9es auparavant. En effet en date du 29 juillet 1732 est pass\u00e9 un contrat de \u00ab d\u00e9sh\u00e9ritance en arrentement de deux mencaud\u00e9es de terre main ferme audit Hecq \u00bb entre Dame Marie Joseph DUBUISSON, Dame du dit Hecq, demeurant \u00e0 Mons, et Nicolas MOUTON, meunier \u00e0 Englefontaine sous r\u00e9serve \u00ab au dit preneur \u00e0 rente de faire \u00e9riger un Moulin \u00e0 vent \u00bb (1). Signalons ici qu\u2019au XV \u00e8 si\u00e8cle la seigneurie de Hecq appartient d\u00e9j\u00e0 \u00e0 un Nicaise DUBUISSON \u00e9poux de Jeanne de Bousies dont Marie Joseph est une descendante (2).Celle-ci mari\u00e9 \u00e0 Charles Bonavanture DUMONT seigneur de GAGES d\u00e9c\u00e8de le 25 juin 1734 et laisse la terre de Hecq \u00e0 son fils Dom Jean Baptiste Dumont de Gages, chevalier, Lieutenant G\u00e9n\u00e9ral et Major des Gardes Wallonnes. Revenons \u00e0 notre moulin : dans ce m\u00eame document de la s\u00e9rie C, Nicolas MOUTON fils voulant s\u2019assurer que le moulin lui appartient bien sollicite un octroi en 1781 aupr\u00e8s du Roi joignant un certificat du mayeur et des \u00e9chevins pr\u00e9cisant que \u00ab le moulin dudit Hecq a \u00e9t\u00e9 \u00e9rig\u00e9 l\u2019an mil sept cent trente trois et qu\u2019\u00e9tant seul il est tr\u00e8s n\u00e9cessaire \u00e0 la communaut\u00e9 \u00bb. Le meunier ne profite gu\u00e8re de son moulin car il d\u00e9c\u00e8de le 11 mai 1737 \u00e0 Englefontaine \u00e0 l\u2019\u00e2ge de 42 ans. Son fils Nicolas MOUTON n\u2019a alors que 7 ans. Il apprend ensuite le m\u00e9tier de meunier et se marie en 1755 \u00e0 Fontaine-au-Bois avec Marie Albertine BRICOUT. Il d\u00e9c\u00e8de le 31 janvier 1811 laissant plusieurs enfants dont trois fils, les trois \u00e9tant meuniers : Jean-Baptiste et Jacques-Alexandre \u00e0 Hecq et Andr\u00e9 \u00e0 Paillancourt. Le moulin \u00e0 vent appartient ensuite \u00e0 Emmanuel MOTTE (\u00b0 1789 + 1865) brasseur et occupant \u00e0 Hecq selon le cadastre de 1831 puis en 1866 \u00e0 son gendre Albert CARLIER (\u00b01811 + 1877), cultivateur \u00e0 Hecq, mari\u00e9 avec Chlotilde Caroline MOTTE (\u00b0 1816 + 1882). Le moulin \u00e0 vent de Hecq apr\u00e8s plus d\u2019un si\u00e8cle de bons et loyaux services est en ruine en 1871 et il est d\u00e9moli l\u2019ann\u00e9e suivante.<\/p>\n\n\n\n<p>(1) : ADN S\u00e9rie C Bureau des Finances Article 62<\/p>\n\n\n\n<p>(2) : J. Baptiste Le CHARPENTIER \u2013 1664 \u2013 \u00ab Histoire de la noblesse des Pa\u00efs Bas ou Histoire de Cambray et du Cambaisis\u00bb<\/p>\n","protected":false},"excerpt":{"rendered":"<p>Le Moulin \u00e0 vent de Hecq : Le moulin \u00e0 vent de Hecq figure sur la carte de Cassini de 1758. Il a \u00e9t\u00e9 construit quelques ann\u00e9es auparavant. En effet en date du 29 juillet 1732 est pass\u00e9 un contrat de \u00ab d\u00e9sh\u00e9ritance en arrentement de deux mencaud\u00e9es de terre main ferme audit Hecq \u00bb &hellip; <a href=\"https:\/\/patrimoine-avesnois.fr\/moulins-vent\/hecq\/\" class=\"more-link\">Continuer la lecture<span class=\"screen-reader-text\"> de &laquo;&nbsp;Hecq&nbsp;&raquo;<\/span><\/a><\/p>\n","protected":false},"author":2,"featured_media":0,"parent":0,"menu_order":0,"comment_status":"closed","ping_status":"closed","template":"","meta":{"footnotes":""},"class_list":["post-72","page","type-page","status-publish","hentry"],"jetpack_sharing_enabled":true,"_links":{"self":[{"href":"https:\/\/patrimoine-avesnois.fr\/moulins-vent\/wp-json\/wp\/v2\/pages\/72","targetHints":{"allow":["GET"]}}],"collection":[{"href":"https:\/\/patrimoine-avesnois.fr\/moulins-vent\/wp-json\/wp\/v2\/pages"}],"about":[{"href":"https:\/\/patrimoine-avesnois.fr\/moulins-vent\/wp-json\/wp\/v2\/types\/page"}],"author":[{"embeddable":true,"href":"https:\/\/patrimoine-avesnois.fr\/moulins-vent\/wp-json\/wp\/v2\/users\/2"}],"replies":[{"embeddable":true,"href":"https:\/\/patrimoine-avesnois.fr\/moulins-vent\/wp-json\/wp\/v2\/comments?post=72"}],"version-history":[{"count":1,"href":"https:\/\/patrimoine-avesnois.fr\/moulins-vent\/wp-json\/wp\/v2\/pages\/72\/revisions"}],"predecessor-version":[{"id":73,"href":"https:\/\/patrimoine-avesnois.fr\/moulins-vent\/wp-json\/wp\/v2\/pages\/72\/revisions\/73"}],"wp:attachment":[{"href":"https:\/\/patrimoine-avesnois.fr\/moulins-vent\/wp-json\/wp\/v2\/media?parent=72"}],"curies":[{"name":"wp","href":"https:\/\/api.w.org\/{rel}","templated":true}]}}